{"id":19090,"date":"2021-09-23T02:40:47","date_gmt":"2021-09-23T02:40:47","guid":{"rendered":"https:\/\/ztsports.com\/?post_type=product&#038;p=19090"},"modified":"2026-02-02T20:13:27","modified_gmt":"2026-02-02T20:13:27","slug":"evo-futuro-short-track","status":"publish","type":"product","link":"https:\/\/ztsports.com\/fr\/store\/evo-futuro-short-track\/","title":{"rendered":"Lame courte EVO FUTURO par Skate-Tec"},"content":{"rendered":"<h1 id=\"tw-target-text\" class=\"tw-data-text tw-text-large tw-ta\" dir=\"ltr\" data-placeholder=\"Translation\"><span class=\"Y2IQFc\" lang=\"en\">Lame EVO FUTURO Short Track<\/span><\/h1>\n<p dir=\"ltr\" data-placeholder=\"Translation\">L&#8217;EVO FUTURO Short Track Blade it <span class=\"Y2IQFc\" lang=\"en\">est la lame d&#8217;entr\u00e9e de gamme d&#8217;EVO. Son tube flexible et sa lame en acier chrom\u00e9 sont parfaits pour les patineurs d\u00e9butants. C&#8217;est une lame parfaite pour les clubs et les nouveaux patineurs. L&#8217;acier 12C27 permet de conserver un tranchant et une qualit\u00e9 d&#8217;ar\u00eate excellents. Il est fabriqu\u00e9 avec les m\u00eames tol\u00e9rances que nos patins PM et bi-m\u00e9tal.<\/span><\/p>\n<p dir=\"ltr\" data-placeholder=\"Translation\"><span class=\"Y2IQFc\" lang=\"en\"> EVO est une entreprise de fabrication de patins de vitesse fond\u00e9e par un Canadien, Derrick Campbell, ancien entra\u00eeneur de l&#8217;\u00e9quipe nationale masculine canadienne de patinage de vitesse, en collaboration avec Johan Bennink, sp\u00e9cialiste des m\u00e9taux, fondateur de Maple et entra\u00eeneur de patinage de vitesse. Gr\u00e2ce \u00e0 leurs lames innovantes (EVO Argon PM et EVO QuarQ), ils ont rapidement gagn\u00e9 une part importante du march\u00e9 des lames pour le short track. Ils sont \u00e9galement tr\u00e8s pr\u00e9sents sur le circuit de la Coupe du monde. <\/span><\/p>\n<p dir=\"ltr\" data-placeholder=\"Translation\"><span class=\"Y2IQFc\" lang=\"en\">EVO propose d\u00e9sormais une gamme compl\u00e8te de produits de patinage de vitesse pour le Short et le Long Track. <\/span><\/p>\n<p dir=\"ltr\" data-placeholder=\"Translation\"><span class=\"Y2IQFc\" lang=\"en\">Stiffness index (1 to 4): 1 <\/span><\/p>\n<p dir=\"ltr\" data-placeholder=\"Translation\"><span class=\"Y2IQFc\" lang=\"en\">Tube: 7000 Aluminum <\/span><\/p>\n<p dir=\"ltr\" data-placeholder=\"Translation\"><span class=\"Y2IQFc\" lang=\"en\">Pre-bent: yes <\/span><\/p>\n<p dir=\"ltr\" data-placeholder=\"Translation\"><span class=\"Y2IQFc\" lang=\"en\">Type de m\u00e9tal : Acier chrom\u00e9 58HRC <\/span><\/p>\n<p dir=\"ltr\" data-placeholder=\"Translation\"><strong><span class=\"Y2IQFc\" lang=\"en\"><a href=\"https:\/\/ztsports.com\/brand\/evo\/\">EVO<\/a> Futuro = <a href=\"https:\/\/ztsports.com\/brand\/skate-tec\/\">Skate-Tec<\/a> Futuro<\/span><\/strong><\/p>\n<p>Pour plus d&#8217;informations sur  <a href=\"http:\/\/www.skate-tec.com\" target=\"_blank\" rel=\"noopener\">Skate-Tec<\/a><\/p>\n<p dir=\"ltr\" data-placeholder=\"Translation\"><a href=\"https:\/\/ztsports.com\/categorie-produit\/courte-piste\/lame\/?lang=fr\"><strong>Enfin, vous pouvez voir toutes nos lames Short Track ici.<\/strong><\/a><\/p>\n<h3 data-rm-block-id=\"block-14\">N&#8217;oubliez pas d&#8217;ajouter la <strong><a href=\"https:\/\/ztsports.com\/produit\/preparation-des-lames-pour-la-piste-courte\/?lang=fr\">Pr\u00e9paration de la lame.<\/a><\/strong><\/h3>\n","protected":false},"excerpt":{"rendered":"<p>Lame EVO FUTURO Short Track L&#8217;EVO FUTURO Short Track Blade it est la lame d&#8217;entr\u00e9e de gamme d&#8217;EVO. Son tube flexible et sa lame en acier chrom\u00e9 sont parfaits pour les patineurs d\u00e9butants. C&#8217;est une lame parfaite pour les clubs et les nouveaux patineurs. L&#8217;acier 12C27 permet de conserver un tranchant et une qualit\u00e9 d&#8217;ar\u00eate [&hellip;]<\/p>\n","protected":false},"featured_media":18534,"comment_status":"open","ping_status":"closed","template":"","meta":{"_acf_changed":false,"_monsterinsights_skip_tracking":false,"_monsterinsights_sitenote_active":false,"_monsterinsights_sitenote_note":"","_monsterinsights_sitenote_category":0,"_uf_show_specific_survey":0,"_uf_disable_surveys":false,"site-sidebar-layout":"default","site-content-layout":"","ast-site-content-layout":"default","site-content-style":"default","site-sidebar-style":"default","ast-global-header-display":"","ast-banner-title-visibility":"","ast-main-header-display":"","ast-hfb-above-header-display":"","ast-hfb-below-header-display":"","ast-hfb-mobile-header-display":"","site-post-title":"","ast-breadcrumbs-content":"","ast-featured-img":"","footer-sml-layout":"","ast-disable-related-posts":"","theme-transparent-header-meta":"default","adv-header-id-meta":"","stick-header-meta":"","header-above-stick-meta":"","header-main-stick-meta":"","header-below-stick-meta":"","astra-migrate-meta-layouts":"set","ast-page-background-enabled":"default","ast-page-background-meta":{"desktop":{"background-color":"","background-image":"","background-repeat":"repeat","background-position":"center center","background-size":"auto","background-attachment":"scroll","background-type":"","background-media":"","overlay-type":"","overlay-color":"","overlay-opacity":"","overlay-gradient":""},"tablet":{"background-color":"","background-image":"","background-repeat":"repeat","background-position":"center center","background-size":"auto","background-attachment":"scroll","background-type":"","background-media":"","overlay-type":"","overlay-color":"","overlay-opacity":"","overlay-gradient":""},"mobile":{"background-color":"","background-image":"","background-repeat":"repeat","background-position":"center center","background-size":"auto","background-attachment":"scroll","background-type":"","background-media":"","overlay-type":"","overlay-color":"","overlay-opacity":"","overlay-gradient":""}},"ast-content-background-meta":{"desktop":{"background-color":"var(--ast-global-color-5)","background-image":"","background-repeat":"repeat","background-position":"center center","background-size":"auto","background-attachment":"scroll","background-type":"","background-media":"","overlay-type":"","overlay-color":"","overlay-opacity":"","overlay-gradient":""},"tablet":{"background-color":"var(--ast-global-color-5)","background-image":"","background-repeat":"repeat","background-position":"center center","background-size":"auto","background-attachment":"scroll","background-type":"","background-media":"","overlay-type":"","overlay-color":"","overlay-opacity":"","overlay-gradient":""},"mobile":{"background-color":"var(--ast-global-color-5)","background-image":"","background-repeat":"repeat","background-position":"center center","background-size":"auto","background-attachment":"scroll","background-type":"","background-media":"","overlay-type":"","overlay-color":"","overlay-opacity":"","overlay-gradient":""}}},"product_brand":[3297,3338],"product_cat":[3395,3508,3620,3489,3467,3626],"product_tag":[1881,2247,3654,3655,1794],"class_list":{"0":"post-19090","1":"product","2":"type-product","3":"status-publish","4":"has-post-thumbnail","6":"product_brand-evo","7":"product_brand-skate-tec","8":"product_cat-courte-piste","9":"product_cat-lame","10":"product_cat-lames-pour-piste-courte","11":"product_cat-offres-de-club","12":"product_cat-patinage-de-vitesse","13":"product_cat-super-vente","14":"product_tag-evo","15":"product_tag-evo-futuro","16":"product_tag-lame-courte-piste","17":"product_tag-lame-de-club","18":"product_tag-speed-skating","19":"desktop-align-left","20":"tablet-align-left","21":"mobile-align-left","23":"first","24":"instock","25":"sale","26":"taxable","27":"shipping-taxable","28":"purchasable","29":"product-type-simple"},"acf":[],"_links":{"self":[{"href":"https:\/\/ztsports.com\/fr\/wp-json\/wp\/v2\/product\/19090","targetHints":{"allow":["GET"]}}],"collection":[{"href":"https:\/\/ztsports.com\/fr\/wp-json\/wp\/v2\/product"}],"about":[{"href":"https:\/\/ztsports.com\/fr\/wp-json\/wp\/v2\/types\/product"}],"replies":[{"embeddable":true,"href":"https:\/\/ztsports.com\/fr\/wp-json\/wp\/v2\/comments?post=19090"}],"version-history":[{"count":1,"href":"https:\/\/ztsports.com\/fr\/wp-json\/wp\/v2\/product\/19090\/revisions"}],"predecessor-version":[{"id":19091,"href":"https:\/\/ztsports.com\/fr\/wp-json\/wp\/v2\/product\/19090\/revisions\/19091"}],"wp:featuredmedia":[{"embeddable":true,"href":"https:\/\/ztsports.com\/fr\/wp-json\/wp\/v2\/media\/18534"}],"wp:attachment":[{"href":"https:\/\/ztsports.com\/fr\/wp-json\/wp\/v2\/media?parent=19090"}],"wp:term":[{"taxonomy":"product_brand","embeddable":true,"href":"https:\/\/ztsports.com\/fr\/wp-json\/wp\/v2\/product_brand?post=19090"},{"taxonomy":"product_cat","embeddable":true,"href":"https:\/\/ztsports.com\/fr\/wp-json\/wp\/v2\/product_cat?post=19090"},{"taxonomy":"product_tag","embeddable":true,"href":"https:\/\/ztsports.com\/fr\/wp-json\/wp\/v2\/product_tag?post=19090"}],"curies":[{"name":"wp","href":"https:\/\/api.w.org\/{rel}","templated":true}]}}