{"id":19088,"date":"2021-09-23T02:40:48","date_gmt":"2021-09-23T02:40:48","guid":{"rendered":"https:\/\/ztsports.com\/?post_type=product&#038;p=19088"},"modified":"2026-02-02T20:13:17","modified_gmt":"2026-02-02T20:13:17","slug":"gants-protecteurs","status":"publish","type":"product","link":"https:\/\/ztsports.com\/fr\/store\/gants-protecteurs\/","title":{"rendered":"#2 GANTS PROTECTEURS Jeunesse Courte Piste"},"content":{"rendered":"<h2 data-rm-block-id=\"block-1\">GANTS PROTECTEURS Jeunes Short Track<\/h2>\n<p data-rm-block-id=\"block-2\">Ces<span class=\"Y2IQFc\" lang=\"en\"> gants de <\/span>protection Youth Short Track en<span class=\"Y2IQFc\" lang=\"en\"> cuir.<br \/>\nDe plus, ils sont chauds et parfaits pour les jeunes patineurs qui d\u00e9butent.<br \/>\nDe plus, ils sont offerts dans la taille restante pour les jeunes. Les <strong>tailles 5<\/strong> <strong>et 6<\/strong> sont propos\u00e9es \u00e0 des <\/span>prix avantageux pour les parents !<\/p>\n<p data-rm-block-id=\"block-3\">&#8211;<strong> Disponible en taille 5 \u00e0 prix r\u00e9duit.<\/strong><\/p>\n<p data-rm-block-id=\"block-4\">En pr\u00e9vision de la prochaine saison, une doublure confortable pour plus de chaleur et des embouts de protection ont \u00e9t\u00e9 ajout\u00e9s \u00e0 l&#8217;int\u00e9rieur de la chaussure. <a href=\"https:\/\/ztsports.com\/produit\/gant-de-patinage-en-cuir-xact\/?lang=fr\"><strong>Version nouvelle et am\u00e9lior\u00e9e avec une \u00e9chelle de taille de 0 \u00e0 10.<br \/>\n(nouveau 0,1,2) <\/strong><\/a><\/p>\n<p class=\"tw-data-text tw-text-large tw-ta\" dir=\"ltr\" data-placeholder=\"Translation\" data-rm-block-id=\"block-5\"><span class=\"Y2IQFc\" lang=\"en\">Enfin voir tous les gants <a href=\"https:\/\/ztsports.com\/categorie-produit\/protection\/gants\/?lang=fr\"><br \/>\n  <strong>gants de piste<\/strong><br \/>\n<\/a> ici.<\/span><\/p>\n","protected":false},"excerpt":{"rendered":"<p>GANTS PROTECTEURS Jeunes Short Track Ces gants de protection Youth Short Track en cuir. De plus, ils sont chauds et parfaits pour les jeunes patineurs qui d\u00e9butent. De plus, ils sont offerts dans la taille restante pour les jeunes. Les tailles 5 et 6 sont propos\u00e9es \u00e0 des prix avantageux pour les parents ! &#8211; [&hellip;]<\/p>\n","protected":false},"featured_media":18531,"comment_status":"open","ping_status":"closed","template":"","meta":{"_acf_changed":false,"_monsterinsights_skip_tracking":false,"_monsterinsights_sitenote_active":false,"_monsterinsights_sitenote_note":"","_monsterinsights_sitenote_category":0,"_uf_show_specific_survey":0,"_uf_disable_surveys":false,"site-sidebar-layout":"default","site-content-layout":"","ast-site-content-layout":"default","site-content-style":"default","site-sidebar-style":"default","ast-global-header-display":"","ast-banner-title-visibility":"","ast-main-header-display":"","ast-hfb-above-header-display":"","ast-hfb-below-header-display":"","ast-hfb-mobile-header-display":"","site-post-title":"","ast-breadcrumbs-content":"","ast-featured-img":"","footer-sml-layout":"","ast-disable-related-posts":"","theme-transparent-header-meta":"default","adv-header-id-meta":"","stick-header-meta":"","header-above-stick-meta":"","header-main-stick-meta":"","header-below-stick-meta":"","astra-migrate-meta-layouts":"set","ast-page-background-enabled":"default","ast-page-background-meta":{"desktop":{"background-color":"","background-image":"","background-repeat":"repeat","background-position":"center center","background-size":"auto","background-attachment":"scroll","background-type":"","background-media":"","overlay-type":"","overlay-color":"","overlay-opacity":"","overlay-gradient":""},"tablet":{"background-color":"","background-image":"","background-repeat":"repeat","background-position":"center center","background-size":"auto","background-attachment":"scroll","background-type":"","background-media":"","overlay-type":"","overlay-color":"","overlay-opacity":"","overlay-gradient":""},"mobile":{"background-color":"","background-image":"","background-repeat":"repeat","background-position":"center center","background-size":"auto","background-attachment":"scroll","background-type":"","background-media":"","overlay-type":"","overlay-color":"","overlay-opacity":"","overlay-gradient":""}},"ast-content-background-meta":{"desktop":{"background-color":"var(--ast-global-color-5)","background-image":"","background-repeat":"repeat","background-position":"center center","background-size":"auto","background-attachment":"scroll","background-type":"","background-media":"","overlay-type":"","overlay-color":"","overlay-opacity":"","overlay-gradient":""},"tablet":{"background-color":"var(--ast-global-color-5)","background-image":"","background-repeat":"repeat","background-position":"center center","background-size":"auto","background-attachment":"scroll","background-type":"","background-media":"","overlay-type":"","overlay-color":"","overlay-opacity":"","overlay-gradient":""},"mobile":{"background-color":"var(--ast-global-color-5)","background-image":"","background-repeat":"repeat","background-position":"center center","background-size":"auto","background-attachment":"scroll","background-type":"","background-media":"","overlay-type":"","overlay-color":"","overlay-opacity":"","overlay-gradient":""}}},"product_brand":[3360],"product_cat":[3483,3480,3481,3467],"product_tag":[3485,3652,3653,2248,2249],"class_list":{"0":"post-19088","1":"product","2":"type-product","3":"status-publish","4":"has-post-thumbnail","6":"product_brand-xact","7":"product_cat-gants","8":"product_cat-gants-blancs","9":"product_cat-gants-pour-short-track","10":"product_cat-patinage-de-vitesse","11":"product_tag-gant-de-patinage-de-vitesse","12":"product_tag-gants-de-protection-pour-jeunes-short-track","13":"product_tag-gants-pour-jeunes","14":"product_tag-gants-pour-short-track","15":"product_tag-leather-gloves","16":"desktop-align-left","17":"tablet-align-left","18":"mobile-align-left","20":"first","21":"instock","22":"sale","23":"taxable","24":"shipping-taxable","25":"purchasable","26":"product-type-simple"},"acf":[],"_links":{"self":[{"href":"https:\/\/ztsports.com\/fr\/wp-json\/wp\/v2\/product\/19088","targetHints":{"allow":["GET"]}}],"collection":[{"href":"https:\/\/ztsports.com\/fr\/wp-json\/wp\/v2\/product"}],"about":[{"href":"https:\/\/ztsports.com\/fr\/wp-json\/wp\/v2\/types\/product"}],"replies":[{"embeddable":true,"href":"https:\/\/ztsports.com\/fr\/wp-json\/wp\/v2\/comments?post=19088"}],"version-history":[{"count":1,"href":"https:\/\/ztsports.com\/fr\/wp-json\/wp\/v2\/product\/19088\/revisions"}],"predecessor-version":[{"id":19089,"href":"https:\/\/ztsports.com\/fr\/wp-json\/wp\/v2\/product\/19088\/revisions\/19089"}],"wp:featuredmedia":[{"embeddable":true,"href":"https:\/\/ztsports.com\/fr\/wp-json\/wp\/v2\/media\/18531"}],"wp:attachment":[{"href":"https:\/\/ztsports.com\/fr\/wp-json\/wp\/v2\/media?parent=19088"}],"wp:term":[{"taxonomy":"product_brand","embeddable":true,"href":"https:\/\/ztsports.com\/fr\/wp-json\/wp\/v2\/product_brand?post=19088"},{"taxonomy":"product_cat","embeddable":true,"href":"https:\/\/ztsports.com\/fr\/wp-json\/wp\/v2\/product_cat?post=19088"},{"taxonomy":"product_tag","embeddable":true,"href":"https:\/\/ztsports.com\/fr\/wp-json\/wp\/v2\/product_tag?post=19088"}],"curies":[{"name":"wp","href":"https:\/\/api.w.org\/{rel}","templated":true}]}}