{"id":19080,"date":"2021-09-23T02:40:51","date_gmt":"2021-09-23T02:40:51","guid":{"rendered":"https:\/\/ztsports.com\/?post_type=product&#038;p=19080"},"modified":"2026-02-02T20:12:51","modified_gmt":"2026-02-02T20:12:51","slug":"templates-for-golden-rocker","status":"publish","type":"product","link":"https:\/\/ztsports.com\/fr\/store\/templates-for-golden-rocker\/","title":{"rendered":"TEMPLATES POUR LA MACHINE GOLDEN ROCKER"},"content":{"rendered":"<h1 dir=\"ltr\" data-placeholder=\"Translation\">TEMPLATES FOR GOLDEN ROCKER<\/h1>\n<p>Mod\u00e8les pour Golden Rocker al<span class=\"Y2IQFc\" lang=\"en\">Les patineurs de courte et de longue piste ont un basculement faible et c&#8217;est un outil qui convient \u00e0 tous les niveaux de patineurs. Offrant des gabarits d&#8217;une pr\u00e9cision in\u00e9gal\u00e9e avec des courbes exclusives \u00e0 Nagano Skate, cet outil a gagn\u00e9 une popularit\u00e9 instantan\u00e9e. Nagano Skate est fier de vous offrir la possibilit\u00e9 de personnaliser vos mod\u00e8les. Les mod\u00e8les ont \u00e9t\u00e9 con\u00e7us pour le Nagano Skate Golden Rocker.<\/span><\/p>\n<h4 class=\"tw-data-text tw-text-large tw-ta\" dir=\"ltr\" data-placeholder=\"Translation\"><span class=\"Y2IQFc\" lang=\"en\">DESCRIPTION :<\/span><\/h4>\n<p class=\"tw-data-text tw-text-large tw-ta\" dir=\"ltr\" data-placeholder=\"Translation\"><span class=\"Y2IQFc\" lang=\"en\">La nouvelle machine Golden Rocker rend les courbes de pr\u00e9cision et de performance (cradles) accessibles \u00e0 tous les patineurs de vitesse. Une innovation de la soci\u00e9t\u00e9 Nagano Skate. Mont\u00e9e sur un support d&#8217;aff\u00fbtage Nagano Skate Gold (Jig), cette machine est l\u00e9g\u00e8re et portable en plus de donner des courbes tr\u00e8s pr\u00e9cises. D\u00e9j\u00e0, plusieurs clubs et \u00e9quipes nationales du Qu\u00e9bec utilisent le Golden Rocker.<\/span><\/p>\n<p dir=\"ltr\" data-placeholder=\"Translation\">Enfin, voici la <a href=\"https:\/\/ztsports.com\/product\/golden-rocker-1-1-rockering-machine\/\"><strong>Machine \u00e0 bascule en or<\/strong><\/a> complet.<\/p>\n<p><strong>Enfin une vid\u00e9o en anglais du <a href=\"https:\/\/www.youtube.com\/watch?v=js3WqbG8Eic&amp;t=30s\" target=\"_blank\" rel=\"noopener\">Golden Rocker en action<\/a>.<\/strong><\/p>\n<p><strong>En outre, vous pouvez voir toutes nos <a href=\"https:\/\/ztsports.com\/categorie-produit\/aiguisage\/machine-a-bascule\/?lang=fr\">machines \u00e0 bascule ici<\/a>.<\/strong><\/p>\n","protected":false},"excerpt":{"rendered":"<p>TEMPLATES FOR GOLDEN ROCKER Mod\u00e8les pour Golden Rocker alLes patineurs de courte et de longue piste ont un basculement faible et c&#8217;est un outil qui convient \u00e0 tous les niveaux de patineurs. Offrant des gabarits d&#8217;une pr\u00e9cision in\u00e9gal\u00e9e avec des courbes exclusives \u00e0 Nagano Skate, cet outil a gagn\u00e9 une popularit\u00e9 instantan\u00e9e. Nagano Skate est [&hellip;]<\/p>\n","protected":false},"featured_media":19082,"comment_status":"open","ping_status":"closed","template":"","meta":{"_acf_changed":false,"_monsterinsights_skip_tracking":false,"_monsterinsights_sitenote_active":false,"_monsterinsights_sitenote_note":"","_monsterinsights_sitenote_category":0,"_uf_show_specific_survey":0,"_uf_disable_surveys":false,"site-sidebar-layout":"default","site-content-layout":"","ast-site-content-layout":"default","site-content-style":"default","site-sidebar-style":"default","ast-global-header-display":"","ast-banner-title-visibility":"","ast-main-header-display":"","ast-hfb-above-header-display":"","ast-hfb-below-header-display":"","ast-hfb-mobile-header-display":"","site-post-title":"","ast-breadcrumbs-content":"","ast-featured-img":"","footer-sml-layout":"","ast-disable-related-posts":"","theme-transparent-header-meta":"default","adv-header-id-meta":"","stick-header-meta":"","header-above-stick-meta":"","header-main-stick-meta":"","header-below-stick-meta":"","astra-migrate-meta-layouts":"set","ast-page-background-enabled":"default","ast-page-background-meta":{"desktop":{"background-color":"","background-image":"","background-repeat":"repeat","background-position":"center center","background-size":"auto","background-attachment":"scroll","background-type":"","background-media":"","overlay-type":"","overlay-color":"","overlay-opacity":"","overlay-gradient":""},"tablet":{"background-color":"","background-image":"","background-repeat":"repeat","background-position":"center center","background-size":"auto","background-attachment":"scroll","background-type":"","background-media":"","overlay-type":"","overlay-color":"","overlay-opacity":"","overlay-gradient":""},"mobile":{"background-color":"","background-image":"","background-repeat":"repeat","background-position":"center center","background-size":"auto","background-attachment":"scroll","background-type":"","background-media":"","overlay-type":"","overlay-color":"","overlay-opacity":"","overlay-gradient":""}},"ast-content-background-meta":{"desktop":{"background-color":"var(--ast-global-color-5)","background-image":"","background-repeat":"repeat","background-position":"center center","background-size":"auto","background-attachment":"scroll","background-type":"","background-media":"","overlay-type":"","overlay-color":"","overlay-opacity":"","overlay-gradient":""},"tablet":{"background-color":"var(--ast-global-color-5)","background-image":"","background-repeat":"repeat","background-position":"center center","background-size":"auto","background-attachment":"scroll","background-type":"","background-media":"","overlay-type":"","overlay-color":"","overlay-opacity":"","overlay-gradient":""},"mobile":{"background-color":"var(--ast-global-color-5)","background-image":"","background-repeat":"repeat","background-position":"center center","background-size":"auto","background-attachment":"scroll","background-type":"","background-media":"","overlay-type":"","overlay-color":"","overlay-opacity":"","overlay-gradient":""}}},"product_brand":[3326,3352],"product_cat":[3542,3398],"product_tag":[3881,3882,3883,3884,3885,3886,3887,3888,3889],"class_list":{"0":"post-19080","1":"product","2":"type-product","3":"status-publish","4":"has-post-thumbnail","6":"product_brand-nagano","7":"product_brand-twin","8":"product_cat-machine-a-bascule","9":"product_cat-parts-tools","10":"product_tag-bascule-dor","11":"product_tag-gabarits-a-long-manche","12":"product_tag-modeles","13":"product_tag-modeles-de-bascules","14":"product_tag-modeles-de-bascules-a-courte-voie","15":"product_tag-modeles-de-bascules-dorees","16":"product_tag-modeles-jumeles","17":"product_tag-modeles-personnalises","18":"product_tag-modeles-twin-rocker","19":"desktop-align-left","20":"tablet-align-left","21":"mobile-align-left","23":"first","24":"instock","25":"taxable","26":"shipping-taxable","27":"purchasable","28":"product-type-simple"},"acf":[],"_links":{"self":[{"href":"https:\/\/ztsports.com\/fr\/wp-json\/wp\/v2\/product\/19080","targetHints":{"allow":["GET"]}}],"collection":[{"href":"https:\/\/ztsports.com\/fr\/wp-json\/wp\/v2\/product"}],"about":[{"href":"https:\/\/ztsports.com\/fr\/wp-json\/wp\/v2\/types\/product"}],"replies":[{"embeddable":true,"href":"https:\/\/ztsports.com\/fr\/wp-json\/wp\/v2\/comments?post=19080"}],"version-history":[{"count":1,"href":"https:\/\/ztsports.com\/fr\/wp-json\/wp\/v2\/product\/19080\/revisions"}],"predecessor-version":[{"id":19081,"href":"https:\/\/ztsports.com\/fr\/wp-json\/wp\/v2\/product\/19080\/revisions\/19081"}],"wp:featuredmedia":[{"embeddable":true,"href":"https:\/\/ztsports.com\/fr\/wp-json\/wp\/v2\/media\/19082"}],"wp:attachment":[{"href":"https:\/\/ztsports.com\/fr\/wp-json\/wp\/v2\/media?parent=19080"}],"wp:term":[{"taxonomy":"product_brand","embeddable":true,"href":"https:\/\/ztsports.com\/fr\/wp-json\/wp\/v2\/product_brand?post=19080"},{"taxonomy":"product_cat","embeddable":true,"href":"https:\/\/ztsports.com\/fr\/wp-json\/wp\/v2\/product_cat?post=19080"},{"taxonomy":"product_tag","embeddable":true,"href":"https:\/\/ztsports.com\/fr\/wp-json\/wp\/v2\/product_tag?post=19080"}],"curies":[{"name":"wp","href":"https:\/\/api.w.org\/{rel}","templated":true}]}}