{"id":19078,"date":"2021-09-23T02:40:51","date_gmt":"2021-09-23T02:40:51","guid":{"rendered":"https:\/\/ztsports.com\/?post_type=product&#038;p=19078"},"modified":"2026-02-02T20:12:40","modified_gmt":"2026-02-02T20:12:40","slug":"borazon-grinding-wheel","status":"publish","type":"product","link":"https:\/\/ztsports.com\/fr\/store\/borazon-grinding-wheel\/","title":{"rendered":"BORAZON GRINDING WHEEL\/ROULEAU DE FRAISAGE BORAZON pour machines \u00e0 bascule"},"content":{"rendered":"<h1 id=\"tw-target-text\" class=\"tw-data-text tw-text-large tw-ta\" dir=\"ltr\" data-placeholder=\"Translation\"><span class=\"Y2IQFc\" lang=\"en\">BORAZON GRINDING WHEEL<\/span><\/h1>\n<p class=\"tw-data-text tw-text-large tw-ta\" dir=\"ltr\" data-placeholder=\"Translation\"><span class=\"Y2IQFc\" lang=\"en\">La meule BORAZON ou t\u00eate de coupe Borazon est la t\u00eate de coupe\/meule de remplacement. Pour les deux<\/span><span class=\"Y2IQFc\" lang=\"en\"> <strong><a href=\"https:\/\/ztsports.com\/product\/golden-rocker-1-1-rockering-machine\/\">Golden Rocker<\/a> et <a href=\"https:\/\/ztsports.com\/produit\/machine-a-bascule-twin\/?lang=fr\">TWIN Rockering Machine<\/a>.<\/strong><\/span><\/p>\n<div>\n<div class=\"dnXCYb\" tabindex=\"0\" role=\"button\" aria-controls=\"_7SSkZLP4C_mgptQP0JG_4Ag_52\" aria-expanded=\"true\" data-hveid=\"CDkQAQ\">\n<h3 class=\"JlqpRe\"><span class=\"JCzEY ZwRhJd\"><span class=\"CSkcDe\">Qu&#8217;est-ce qu&#8217;une meule en borazon ?<\/span><\/span><\/h3>\n<p class=\"JlqpRe\">Les meules <b>rev\u00eatues de CBN<\/b>, appel\u00e9es Borazon, sont couramment utilis\u00e9es dans l&#8217;usinage des m\u00e9taux ferreux durs. En outre, il fonctionne bien sur les lames de patins de vitesse, les fontes, les superalliages \u00e0 base de nickel et de cobalt. Ils peuvent meuler plus de mati\u00e8re, avec une plus grande pr\u00e9cision, que n&#8217;importe quel autre abrasif.<\/p>\n<h3>Borazon vs Dimond<\/h3>\n<p>Le borazon est utilis\u00e9 dans les applications industrielles pour fa\u00e7onner les outils. En outre, il peut r\u00e9sister \u00e0 des temp\u00e9ratures sup\u00e9rieures \u00e0 2000 \u00b0C (3632 \u00b0F), <b>bien plus \u00e9lev\u00e9es que celles d&#8217;un diamant pur \u00e0 871 \u00b0C (1600 \u00b0F<\/b>).<\/p>\n<\/div>\n<\/div>\n<p class=\"tw-data-text tw-text-large tw-ta\" dir=\"ltr\" data-placeholder=\"Translation\"><span class=\"Y2IQFc\" lang=\"en\">Fabriqu\u00e9 au Canada.<\/span><\/p>\n","protected":false},"excerpt":{"rendered":"<p>BORAZON GRINDING WHEEL La meule BORAZON ou t\u00eate de coupe Borazon est la t\u00eate de coupe\/meule de remplacement. Pour les deux Golden Rocker et TWIN Rockering Machine. Qu&#8217;est-ce qu&#8217;une meule en borazon ? Les meules rev\u00eatues de CBN, appel\u00e9es Borazon, sont couramment utilis\u00e9es dans l&#8217;usinage des m\u00e9taux ferreux durs. En outre, il fonctionne bien sur [&hellip;]<\/p>\n","protected":false},"featured_media":18518,"comment_status":"open","ping_status":"closed","template":"","meta":{"_acf_changed":false,"_monsterinsights_skip_tracking":false,"_monsterinsights_sitenote_active":false,"_monsterinsights_sitenote_note":"","_monsterinsights_sitenote_category":0,"_uf_show_specific_survey":0,"_uf_disable_surveys":false,"site-sidebar-layout":"default","site-content-layout":"","ast-site-content-layout":"default","site-content-style":"default","site-sidebar-style":"default","ast-global-header-display":"","ast-banner-title-visibility":"","ast-main-header-display":"","ast-hfb-above-header-display":"","ast-hfb-below-header-display":"","ast-hfb-mobile-header-display":"","site-post-title":"","ast-breadcrumbs-content":"","ast-featured-img":"","footer-sml-layout":"","ast-disable-related-posts":"","theme-transparent-header-meta":"default","adv-header-id-meta":"","stick-header-meta":"","header-above-stick-meta":"","header-main-stick-meta":"","header-below-stick-meta":"","astra-migrate-meta-layouts":"set","ast-page-background-enabled":"default","ast-page-background-meta":{"desktop":{"background-color":"","background-image":"","background-repeat":"repeat","background-position":"center center","background-size":"auto","background-attachment":"scroll","background-type":"","background-media":"","overlay-type":"","overlay-color":"","overlay-opacity":"","overlay-gradient":""},"tablet":{"background-color":"","background-image":"","background-repeat":"repeat","background-position":"center center","background-size":"auto","background-attachment":"scroll","background-type":"","background-media":"","overlay-type":"","overlay-color":"","overlay-opacity":"","overlay-gradient":""},"mobile":{"background-color":"","background-image":"","background-repeat":"repeat","background-position":"center center","background-size":"auto","background-attachment":"scroll","background-type":"","background-media":"","overlay-type":"","overlay-color":"","overlay-opacity":"","overlay-gradient":""}},"ast-content-background-meta":{"desktop":{"background-color":"var(--ast-global-color-5)","background-image":"","background-repeat":"repeat","background-position":"center center","background-size":"auto","background-attachment":"scroll","background-type":"","background-media":"","overlay-type":"","overlay-color":"","overlay-opacity":"","overlay-gradient":""},"tablet":{"background-color":"var(--ast-global-color-5)","background-image":"","background-repeat":"repeat","background-position":"center center","background-size":"auto","background-attachment":"scroll","background-type":"","background-media":"","overlay-type":"","overlay-color":"","overlay-opacity":"","overlay-gradient":""},"mobile":{"background-color":"var(--ast-global-color-5)","background-image":"","background-repeat":"repeat","background-position":"center center","background-size":"auto","background-attachment":"scroll","background-type":"","background-media":"","overlay-type":"","overlay-color":"","overlay-opacity":"","overlay-gradient":""}}},"product_brand":[3326,3352],"product_cat":[3393,3542,3398],"product_tag":[2264,3640,3641,3642],"class_list":{"0":"post-19078","1":"product","2":"type-product","3":"status-publish","4":"has-post-thumbnail","6":"product_brand-nagano","7":"product_brand-twin","8":"product_cat-aiguisage","9":"product_cat-machine-a-bascule","10":"product_cat-parts-tools","11":"product_tag-borazon-grinding-wheel","12":"product_tag-remplacement-borazon-rouleau-de-broyage","13":"product_tag-remplacement-des-bascules-dorees","14":"product_tag-roue-de-broyage-a-deux-bascules","15":"desktop-align-left","16":"tablet-align-left","17":"mobile-align-left","19":"first","20":"instock","21":"taxable","22":"shipping-taxable","23":"purchasable","24":"product-type-simple"},"acf":[],"_links":{"self":[{"href":"https:\/\/ztsports.com\/fr\/wp-json\/wp\/v2\/product\/19078","targetHints":{"allow":["GET"]}}],"collection":[{"href":"https:\/\/ztsports.com\/fr\/wp-json\/wp\/v2\/product"}],"about":[{"href":"https:\/\/ztsports.com\/fr\/wp-json\/wp\/v2\/types\/product"}],"replies":[{"embeddable":true,"href":"https:\/\/ztsports.com\/fr\/wp-json\/wp\/v2\/comments?post=19078"}],"version-history":[{"count":1,"href":"https:\/\/ztsports.com\/fr\/wp-json\/wp\/v2\/product\/19078\/revisions"}],"predecessor-version":[{"id":19079,"href":"https:\/\/ztsports.com\/fr\/wp-json\/wp\/v2\/product\/19078\/revisions\/19079"}],"wp:featuredmedia":[{"embeddable":true,"href":"https:\/\/ztsports.com\/fr\/wp-json\/wp\/v2\/media\/18518"}],"wp:attachment":[{"href":"https:\/\/ztsports.com\/fr\/wp-json\/wp\/v2\/media?parent=19078"}],"wp:term":[{"taxonomy":"product_brand","embeddable":true,"href":"https:\/\/ztsports.com\/fr\/wp-json\/wp\/v2\/product_brand?post=19078"},{"taxonomy":"product_cat","embeddable":true,"href":"https:\/\/ztsports.com\/fr\/wp-json\/wp\/v2\/product_cat?post=19078"},{"taxonomy":"product_tag","embeddable":true,"href":"https:\/\/ztsports.com\/fr\/wp-json\/wp\/v2\/product_tag?post=19078"}],"curies":[{"name":"wp","href":"https:\/\/api.w.org\/{rel}","templated":true}]}}