{"id":19070,"date":"2021-09-23T02:43:15","date_gmt":"2021-09-23T02:43:15","guid":{"rendered":"https:\/\/ztsports.com\/?post_type=product&#038;p=19070"},"modified":"2026-02-02T20:09:30","modified_gmt":"2026-02-02T20:09:30","slug":"ehs-acs-short-track-blade","status":"publish","type":"product","link":"https:\/\/ztsports.com\/fr\/store\/ehs-acs-short-track-blade\/","title":{"rendered":"EHS ACS Short Track Blade MFD Pays-Bas"},"content":{"rendered":"<h1 style=\"text-align: justify;\">Lame EHS ACS Short Track<\/h1>\n<p>La lame EHS ACS Short Track est \u00e9quivalente \u00e0 la lame Argon d&#8217;Evo.<\/p>\n<p style=\"text-align: justify;\">DESCRIPTION :<\/p>\n<p style=\"text-align: justify;\">La lame EHS ACS est \u00e9quivalente \u00e0 la lame Argon d&#8217;Evo. L&#8217;AEC offre le tube le plus rigide \u00e0 l&#8217;EHS. Convient aux patineurs avanc\u00e9s qui cherchent \u00e0 transmettre le maximum d&#8217;\u00e9nergie sur la glace. Avec une pr\u00e9-courbe qui a fait la r\u00e9putation du designer Edward Hagen. La lame est faite d&#8217;une poudre m\u00e9tallique de tr\u00e8s haute qualit\u00e9.<\/p>\n<h4>EHS est une entreprise n\u00e9erlandaise<\/h4>\n<p style=\"text-align: justify;\">EHS is a Dutch company formed in 2019 by three former partners of Evo skates. Edward Hagen est charg\u00e9 de la cr\u00e9ation et de la production des produits, ainsi que de l&#8217;approvisionnement en acier. Enfin, Derrick Campbell a particip\u00e9 au d\u00e9veloppement et \u00e0 la conception des produits, ainsi qu&#8217;\u00e0 leur promotion. EHS a fait ses preuves dans le monde du patinage de vitesse et leur expertise se refl\u00e8te dans la qualit\u00e9 de leurs produits. <\/p>\n<p style=\"text-align: justify;\">Rigidity index (1 to 4): 4<\/p>\n<p style=\"text-align: justify;\">Pre-curved: Yes<\/p>\n<p style=\"text-align: justify;\">Tube : Aluminium Acier : PM<\/p>\n<h4 style=\"text-align: justify;\"><strong>Am\u00e9liorez vos performances de patinage avec les lames courbes EHS ACS PM.<\/strong><\/h4>\n<p style=\"text-align: justify;\">Avoir le bon \u00e9quipement est crucial pour le patinage de vitesse en ligne et investir dans des lames de haute qualit\u00e9 comme les EHS ACS PM CURVE BLADES est essentiel pour tout patineur s\u00e9rieux. Le mat\u00e9riau EHS ACS PM offre une meilleure adh\u00e9rence, un meilleur contr\u00f4le et un meilleur retour d&#8217;information, ce qui est essentiel pour effectuer des virages rapides et pr\u00e9cis sur la glace.<\/p>\n<p style=\"text-align: justify;\">Le rayon de courbure d&#8217;usine sur un tube en aluminium ACS de haute qualit\u00e9 assure une stabilit\u00e9 remarquable. Tout cela sans compromettre le retour d&#8217;information. Ces lames sont con\u00e7ues pour offrir des qualit\u00e9s de glisse sup\u00e9rieures et sont tr\u00e8s durables. Elles sont fabriqu\u00e9es \u00e0 partir d&#8217;aluminium et d&#8217;acier PM de premi\u00e8re qualit\u00e9 provenant des Pays-Bas.<\/p>\n<p style=\"text-align: justify;\">Outre l&#8217;am\u00e9lioration de l&#8217;adh\u00e9rence, du contr\u00f4le et du retour d&#8217;information, la lame EHS ACS PM CURVE BLADE offre \u00e9galement une stabilit\u00e9 et des qualit\u00e9s de glisse exceptionnelles. Le syst\u00e8me de potence innovant d&#8217;EHS permet un montage et un r\u00e9glage faciles et efficaces sur la botte. Ces lames ont \u00e9t\u00e9 con\u00e7ues au Canada et sont fabriqu\u00e9es en Hollande, ce qui garantit que vous obtenez un produit de haute qualit\u00e9 qui b\u00e9n\u00e9ficie de l&#8217;expertise d&#8217;un artisan qualifi\u00e9.<\/p>\n<p style=\"text-align: justify;\">Si vous cherchez \u00e0 moderniser votre \u00e9quipement et \u00e0 am\u00e9liorer vos performances, pensez aux lames courbes EHS ACS PM. Ils constituent une option haut de gamme pour les patineurs s\u00e9rieux sur piste courte. Alors, n&#8217;attendez pas, <strong>achetez les lames courbes EHS ACS PM en ligne<\/strong> dans notre magasin.<\/p>\n<h4 style=\"text-align: justify;\"><strong>Zt Sports &#8211; Votre magasin n\u00b01 pour l&#8217;\u00e9quipement de patinage de vitesse en ligne<\/strong><\/h4>\n<p style=\"text-align: justify;\">Zt Sports est votre magasin n\u00b01 pour l&#8217;\u00e9quipement de patinage de vitesse en ligne. Nous comprenons que trouver le bon \u00e9quipement peut \u00eatre difficile, surtout pour les patineurs d\u00e9butants. C&#8217;est pourquoi nous proposons une large gamme de produits adapt\u00e9s \u00e0 tous les besoins et \u00e0 tous les budgets, des patins \u00e0 roues align\u00e9es aux casques en passant par les gants, les protections et les v\u00eatements.<\/p>\n<p style=\"text-align: justify;\">Notre engagement est de vous fournir des produits de qualit\u00e9 sup\u00e9rieure et une satisfaction client in\u00e9gal\u00e9e. Nous sommes fiers de ne proposer que les meilleurs produits, comme les lames EHS ACS PM CURVE BLADES, qui constituent une option haut de gamme pour les patineurs de short-track s\u00e9rieux. Nous partageons notre expertise et sommes toujours disponibles pour vous aider \u00e0 trouver les produits qui r\u00e9pondent \u00e0 vos besoins en vous donnant des conseils sur la taille, l&#8217;ajustement et la performance.<\/p>\n<p style=\"text-align: justify;\">Nous comprenons \u00e9galement l&#8217;importance de la commodit\u00e9, c&#8217;est pourquoi nous proposons des options d&#8217;exp\u00e9dition rapides et fiables pour que votre nouvel \u00e9quipement vous parvienne le plus rapidement possible. De plus, notre boutique en ligne accepte les paiements s\u00e9curis\u00e9s, ce qui garantit la protection de vos informations personnelles et de paiement.<\/p>\n<p style=\"text-align: justify;\">Chez Zt Sports, nous avons une large gamme d&#8217;\u00e9quipements et d&#8217;accessoires de patinage de vitesse en ligne pour r\u00e9pondre \u00e0 tous les besoins et tous les budgets. Des patins \u00e0 roues align\u00e9es aux casques en passant par les gants, les protections et les v\u00eatements, nous avons tout ce qu&#8217;il vous faut. Nos prix comp\u00e9titifs permettent aux patineurs de tous niveaux de s&#8217;offrir cet \u00e9quipement de qualit\u00e9 sup\u00e9rieure.<\/p>\n<p style=\"text-align: justify;\">En outre, vous pouvez am\u00e9liorer votre exp\u00e9rience du patinage de vitesse en ligne. Parcourez notre s\u00e9lection d&#8217;\u00e9quipements et soyez pr\u00eats \u00e0 vous entra\u00eener pendant l&#8217;intersaison. Que vous soyez un d\u00e9butant ou un patineur exp\u00e9riment\u00e9, Zt Sports dispose de tout ce dont vous avez besoin pour passer au niveau sup\u00e9rieur, toujours pr\u00eat \u00e0 vous aider.<\/p>\n<p><strong>Kim Boutin<\/strong> et les dames du CDN 500m 1\/4 de finale P\u00e9kin 2022 <a href=\"https:\/\/www.youtube.com\/watch?v=8y_VvHYY7vY&amp;list=RDCMUCOGxnF5dWQtoEz6E-msabZA&amp;index=4\" target=\"_blank\" rel=\"noopener\"><strong>sur EHS Blades <\/strong><\/a> <\/p>\n<p>Finely Voir tous nos <a href=\"https:\/\/ztsports.com\/categorie-produit\/courte-piste\/lame\/?lang=fr\"><strong>lames courtes<\/strong><\/a> Ici.<\/p>\n<p>Consultez tous les <a href=\"https:\/\/ztsports.com\/brand\/staybent-by-ehs\/ehs\/\"><strong>produits EHS<\/strong><\/a> ici.<\/p>\n<h3>N&#8217;oubliez pas d&#8217;ajouter la <strong><a href=\"https:\/\/ztsports.com\/produit\/preparation-des-lames-pour-la-piste-courte\/?lang=fr\">Pr\u00e9paration de la lame.<\/a><\/strong><\/h3>\n","protected":false},"excerpt":{"rendered":"<p>Lame EHS ACS Short Track La lame EHS ACS Short Track est \u00e9quivalente \u00e0 la lame Argon d&#8217;Evo. DESCRIPTION : La lame EHS ACS est \u00e9quivalente \u00e0 la lame Argon d&#8217;Evo. L&#8217;AEC offre le tube le plus rigide \u00e0 l&#8217;EHS. Convient aux patineurs avanc\u00e9s qui cherchent \u00e0 transmettre le maximum d&#8217;\u00e9nergie sur la glace. Avec [&hellip;]<\/p>\n","protected":false},"featured_media":18498,"comment_status":"open","ping_status":"closed","template":"","meta":{"_acf_changed":false,"_monsterinsights_skip_tracking":false,"_monsterinsights_sitenote_active":false,"_monsterinsights_sitenote_note":"","_monsterinsights_sitenote_category":0,"_uf_show_specific_survey":0,"_uf_disable_surveys":false,"site-sidebar-layout":"default","site-content-layout":"","ast-site-content-layout":"default","site-content-style":"default","site-sidebar-style":"default","ast-global-header-display":"","ast-banner-title-visibility":"","ast-main-header-display":"","ast-hfb-above-header-display":"","ast-hfb-below-header-display":"","ast-hfb-mobile-header-display":"","site-post-title":"","ast-breadcrumbs-content":"","ast-featured-img":"","footer-sml-layout":"","ast-disable-related-posts":"","theme-transparent-header-meta":"default","adv-header-id-meta":"","stick-header-meta":"","header-above-stick-meta":"","header-main-stick-meta":"","header-below-stick-meta":"","astra-migrate-meta-layouts":"set","ast-page-background-enabled":"default","ast-page-background-meta":{"desktop":{"background-color":"","background-image":"","background-repeat":"repeat","background-position":"center center","background-size":"auto","background-attachment":"scroll","background-type":"","background-media":"","overlay-type":"","overlay-color":"","overlay-opacity":"","overlay-gradient":""},"tablet":{"background-color":"","background-image":"","background-repeat":"repeat","background-position":"center center","background-size":"auto","background-attachment":"scroll","background-type":"","background-media":"","overlay-type":"","overlay-color":"","overlay-opacity":"","overlay-gradient":""},"mobile":{"background-color":"","background-image":"","background-repeat":"repeat","background-position":"center center","background-size":"auto","background-attachment":"scroll","background-type":"","background-media":"","overlay-type":"","overlay-color":"","overlay-opacity":"","overlay-gradient":""}},"ast-content-background-meta":{"desktop":{"background-color":"var(--ast-global-color-5)","background-image":"","background-repeat":"repeat","background-position":"center center","background-size":"auto","background-attachment":"scroll","background-type":"","background-media":"","overlay-type":"","overlay-color":"","overlay-opacity":"","overlay-gradient":""},"tablet":{"background-color":"var(--ast-global-color-5)","background-image":"","background-repeat":"repeat","background-position":"center center","background-size":"auto","background-attachment":"scroll","background-type":"","background-media":"","overlay-type":"","overlay-color":"","overlay-opacity":"","overlay-gradient":""},"mobile":{"background-color":"var(--ast-global-color-5)","background-image":"","background-repeat":"repeat","background-position":"center center","background-size":"auto","background-attachment":"scroll","background-type":"","background-media":"","overlay-type":"","overlay-color":"","overlay-opacity":"","overlay-gradient":""}}},"product_brand":[3296],"product_cat":[3395,3508,3619,3620,3621,3467],"product_tag":[2281,2282,3635,3623,1794],"class_list":{"0":"post-19070","1":"product","2":"type-product","3":"status-publish","4":"has-post-thumbnail","6":"product_brand-ehs-2","7":"product_cat-courte-piste","8":"product_cat-lame","9":"product_cat-lames-ehs","10":"product_cat-lames-pour-piste-courte","11":"product_cat-lames-stay-bent-ehs","12":"product_cat-patinage-de-vitesse","13":"product_tag-edward-hagan","14":"product_tag-ehs-acs","15":"product_tag-lames-acs-pm","16":"product_tag-lames-pour-piste-courte","17":"product_tag-speed-skating","18":"desktop-align-left","19":"tablet-align-left","20":"mobile-align-left","22":"first","23":"instock","24":"featured","25":"taxable","26":"shipping-taxable","27":"purchasable","28":"product-type-simple"},"acf":[],"_links":{"self":[{"href":"https:\/\/ztsports.com\/fr\/wp-json\/wp\/v2\/product\/19070","targetHints":{"allow":["GET"]}}],"collection":[{"href":"https:\/\/ztsports.com\/fr\/wp-json\/wp\/v2\/product"}],"about":[{"href":"https:\/\/ztsports.com\/fr\/wp-json\/wp\/v2\/types\/product"}],"replies":[{"embeddable":true,"href":"https:\/\/ztsports.com\/fr\/wp-json\/wp\/v2\/comments?post=19070"}],"version-history":[{"count":1,"href":"https:\/\/ztsports.com\/fr\/wp-json\/wp\/v2\/product\/19070\/revisions"}],"predecessor-version":[{"id":19071,"href":"https:\/\/ztsports.com\/fr\/wp-json\/wp\/v2\/product\/19070\/revisions\/19071"}],"wp:featuredmedia":[{"embeddable":true,"href":"https:\/\/ztsports.com\/fr\/wp-json\/wp\/v2\/media\/18498"}],"wp:attachment":[{"href":"https:\/\/ztsports.com\/fr\/wp-json\/wp\/v2\/media?parent=19070"}],"wp:term":[{"taxonomy":"product_brand","embeddable":true,"href":"https:\/\/ztsports.com\/fr\/wp-json\/wp\/v2\/product_brand?post=19070"},{"taxonomy":"product_cat","embeddable":true,"href":"https:\/\/ztsports.com\/fr\/wp-json\/wp\/v2\/product_cat?post=19070"},{"taxonomy":"product_tag","embeddable":true,"href":"https:\/\/ztsports.com\/fr\/wp-json\/wp\/v2\/product_tag?post=19070"}],"curies":[{"name":"wp","href":"https:\/\/api.w.org\/{rel}","templated":true}]}}