{"id":19068,"date":"2021-09-23T02:43:16","date_gmt":"2021-09-23T02:43:16","guid":{"rendered":"https:\/\/ztsports.com\/?post_type=product&#038;p=19068"},"modified":"2026-02-02T20:09:07","modified_gmt":"2026-02-02T20:09:07","slug":"bont-club-silver-package","status":"publish","type":"product","link":"https:\/\/ztsports.com\/fr\/store\/bont-club-silver-package\/","title":{"rendered":"Bont Club Silver Package Patriot Club Skate"},"content":{"rendered":"<h1>Bont Club Silver Package Patriot Club Skate<\/h1>\n<p><span data-sheets-value=\"{\" data-sheets-userformat=\"{\">Lesbottes Bont Club Silver Package<\/span> sont des bottes Patriots nouvellement con\u00e7ues. Version Club argent\u00e9e pour la distinguer de la Patriots noire classique. Il est thermo-moulable et pr\u00e9sente la m\u00eame qualit\u00e9 \u00e9prouv\u00e9e que les clubs et les patineurs ont appris \u00e0 appr\u00e9cier.<\/p>\n<p>L&#8217;offre de patinage du club de Bont est con\u00e7ue pour inciter les enfants \u00e0 pratiquer ce sport sans qu&#8217;ils aient \u00e0 d\u00e9bourser de l&#8217;argent.<\/p>\n<p>Votre club peut acheter 5 paires et les laisser dans l&#8217;armoire de la patinoire pour que les patineurs puissent venir essayer le patinage.<\/p>\n<p>This package is for clubs only, if you would like boots and blades for yourself, please purchase a Patriot boot with a Ultrasprint blade from one of our many outlets.<\/p>\n<p>This package is not for purchase by the public it is for clubs only.<\/p>\n<p>New Ultrasprint blades<\/p>\n<p>Tube: 6005 aluminum alloy, Pre-bent<\/p>\n<p>Runner: Japan steel 440A HRC 58<\/p>\n<p>Cups: T-Shape multi positions 6000 aluminum alloy<\/p>\n<p>Sizes: 12.0,13.0,13.5,14.0,14.5,15.0,15.5,16.0,16.5,17.0<\/p>\n<h6><strong>****** VOUS DEVEZ ACHETER UN MINIMUM DE 5 PAQUETS POUR OBTENIR CE PRIX (AUCUNE R\u00c9DUCTION SUPPL\u00c9MENTAIRE NE SERA APPLIQU\u00c9E).<\/strong><\/h6>\n<p>Finley si le Club commande 5 paires ou plus $399.99<\/p>\n<h5 class=\"tw-data-text tw-text-large tw-ta\" dir=\"ltr\" data-placeholder=\"Translation\">Vid\u00e9o sur le moulage \u00e0 chaud des bottes <a href=\"https:\/\/www.youtube.com\/watch?v=2AfKfzVSCWk\" target=\"_blank\" rel=\"noopener\"><strong>Heat Molding you Bont Boots.<\/strong><\/a><\/h5>\n<p>Enfin, consultez toutes nos <a href=\"https:\/\/ztsports.com\/product-category\/short-track\/club-deals\/\">Cl<strong>u<\/strong>b ici<\/a>.<\/p>\n","protected":false},"excerpt":{"rendered":"<p>Bont Club Silver Package Patriot Club Skate Lesbottes Bont Club Silver Package sont des bottes Patriots nouvellement con\u00e7ues. Version Club argent\u00e9e pour la distinguer de la Patriots noire classique. Il est thermo-moulable et pr\u00e9sente la m\u00eame qualit\u00e9 \u00e9prouv\u00e9e que les clubs et les patineurs ont appris \u00e0 appr\u00e9cier. L&#8217;offre de patinage du club de Bont [&hellip;]<\/p>\n","protected":false},"featured_media":18495,"comment_status":"open","ping_status":"closed","template":"","meta":{"_acf_changed":false,"_monsterinsights_skip_tracking":false,"_monsterinsights_sitenote_active":false,"_monsterinsights_sitenote_note":"","_monsterinsights_sitenote_category":0,"_uf_show_specific_survey":0,"_uf_disable_surveys":false,"site-sidebar-layout":"default","site-content-layout":"","ast-site-content-layout":"default","site-content-style":"default","site-sidebar-style":"default","ast-global-header-display":"","ast-banner-title-visibility":"","ast-main-header-display":"","ast-hfb-above-header-display":"","ast-hfb-below-header-display":"","ast-hfb-mobile-header-display":"","site-post-title":"","ast-breadcrumbs-content":"","ast-featured-img":"","footer-sml-layout":"","ast-disable-related-posts":"","theme-transparent-header-meta":"default","adv-header-id-meta":"","stick-header-meta":"","header-above-stick-meta":"","header-main-stick-meta":"","header-below-stick-meta":"","astra-migrate-meta-layouts":"set","ast-page-background-enabled":"default","ast-page-background-meta":{"desktop":{"background-color":"","background-image":"","background-repeat":"repeat","background-position":"center center","background-size":"auto","background-attachment":"scroll","background-type":"","background-media":"","overlay-type":"","overlay-color":"","overlay-opacity":"","overlay-gradient":""},"tablet":{"background-color":"","background-image":"","background-repeat":"repeat","background-position":"center center","background-size":"auto","background-attachment":"scroll","background-type":"","background-media":"","overlay-type":"","overlay-color":"","overlay-opacity":"","overlay-gradient":""},"mobile":{"background-color":"","background-image":"","background-repeat":"repeat","background-position":"center center","background-size":"auto","background-attachment":"scroll","background-type":"","background-media":"","overlay-type":"","overlay-color":"","overlay-opacity":"","overlay-gradient":""}},"ast-content-background-meta":{"desktop":{"background-color":"var(--ast-global-color-5)","background-image":"","background-repeat":"repeat","background-position":"center center","background-size":"auto","background-attachment":"scroll","background-type":"","background-media":"","overlay-type":"","overlay-color":"","overlay-opacity":"","overlay-gradient":""},"tablet":{"background-color":"var(--ast-global-color-5)","background-image":"","background-repeat":"repeat","background-position":"center center","background-size":"auto","background-attachment":"scroll","background-type":"","background-media":"","overlay-type":"","overlay-color":"","overlay-opacity":"","overlay-gradient":""},"mobile":{"background-color":"var(--ast-global-color-5)","background-image":"","background-repeat":"repeat","background-position":"center center","background-size":"auto","background-attachment":"scroll","background-type":"","background-media":"","overlay-type":"","overlay-color":"","overlay-opacity":"","overlay-gradient":""}}},"product_brand":[3285],"product_cat":[3489,3838,3627],"product_tag":[2285,3633,3630,3634,2287],"class_list":{"0":"post-19068","1":"product","2":"type-product","3":"status-publish","4":"has-post-thumbnail","6":"product_brand-bont","7":"product_cat-offres-de-club","9":"product_cat-packages","10":"product_tag-bont-club-silver-package","11":"product_tag-forfait-bontclub","12":"product_tag-forfait-courte-piste","13":"product_tag-patins-de-vitesse-sur-piste-courte","14":"product_tag-patriot-club-skate","15":"desktop-align-left","16":"tablet-align-left","17":"mobile-align-left","19":"first","20":"instock","21":"taxable","22":"shipping-taxable","23":"purchasable","24":"product-type-simple"},"acf":[],"_links":{"self":[{"href":"https:\/\/ztsports.com\/fr\/wp-json\/wp\/v2\/product\/19068","targetHints":{"allow":["GET"]}}],"collection":[{"href":"https:\/\/ztsports.com\/fr\/wp-json\/wp\/v2\/product"}],"about":[{"href":"https:\/\/ztsports.com\/fr\/wp-json\/wp\/v2\/types\/product"}],"replies":[{"embeddable":true,"href":"https:\/\/ztsports.com\/fr\/wp-json\/wp\/v2\/comments?post=19068"}],"version-history":[{"count":2,"href":"https:\/\/ztsports.com\/fr\/wp-json\/wp\/v2\/product\/19068\/revisions"}],"predecessor-version":[{"id":22093,"href":"https:\/\/ztsports.com\/fr\/wp-json\/wp\/v2\/product\/19068\/revisions\/22093"}],"wp:featuredmedia":[{"embeddable":true,"href":"https:\/\/ztsports.com\/fr\/wp-json\/wp\/v2\/media\/18495"}],"wp:attachment":[{"href":"https:\/\/ztsports.com\/fr\/wp-json\/wp\/v2\/media?parent=19068"}],"wp:term":[{"taxonomy":"product_brand","embeddable":true,"href":"https:\/\/ztsports.com\/fr\/wp-json\/wp\/v2\/product_brand?post=19068"},{"taxonomy":"product_cat","embeddable":true,"href":"https:\/\/ztsports.com\/fr\/wp-json\/wp\/v2\/product_cat?post=19068"},{"taxonomy":"product_tag","embeddable":true,"href":"https:\/\/ztsports.com\/fr\/wp-json\/wp\/v2\/product_tag?post=19068"}],"curies":[{"name":"wp","href":"https:\/\/api.w.org\/{rel}","templated":true}]}}