{"id":19066,"date":"2021-09-23T02:43:33","date_gmt":"2021-09-23T02:43:33","guid":{"rendered":"https:\/\/ztsports.com\/?post_type=product&#038;p=19066"},"modified":"2026-02-02T20:08:46","modified_gmt":"2026-02-02T20:08:46","slug":"bont-patriot-carbon-gt3-package","status":"publish","type":"product","link":"https:\/\/ztsports.com\/fr\/store\/bont-patriot-carbon-gt3-package\/","title":{"rendered":"Patriot Carbon GT3 Package by Bont Super Sale"},"content":{"rendered":"<h1 class=\"tw-data-text tw-text-large tw-ta\" dir=\"ltr\" data-placeholder=\"Translation\"><span class=\"Y2IQFc\" lang=\"en\"><strong>PATRIOT CARBON GT3 PACKAGE By Bont Super Sale<\/strong><\/span><\/h1>\n<p>Le PATRIOT CARBON GT3 PACKAGE de Bont comprend <span class=\"Y2IQFc\" lang=\"en\">des bottes Patriot Carbon et des lames GT3. Gr\u00e2ce \u00e0 la base des bottes en carbone, il est plus l\u00e9ger et plus rigide que le mod\u00e8le standard. Les bottes sont 100% thermoformables, vous trouverez certainement votre confort. Fabriqu\u00e9 \u00e0 partir du propre moule de Bont, il offre un excellent soutien aux patineurs d\u00e9butants et interm\u00e9diaires. <\/span><\/p>\n<h4><strong><span class=\"Y2IQFc\" lang=\"en\">BLADES : GT3 <\/span><\/strong><\/h4>\n<p><span class=\"Y2IQFc\" lang=\"en\">Les lames sont les lames interm\u00e9diaires de l&#8217;Australie. Ils offrent une rigidit\u00e9 parfaite pour les patineurs de niveau interm\u00e9diaire. De plus, ils sont pr\u00e9-courb\u00e9s, ce qui permet de conserver cette rigidit\u00e9 tout au long de leur dur\u00e9e de vie. Un rapport qualit\u00e9-prix difficile \u00e0 battre !<\/span><\/p>\n<p>Enfin, le GT3 est fabriqu\u00e9 avec le meilleur acier \u00e0 couteau japonais. It also benefits from all the technology, research and development of the new Platinum blade. Il est tout aussi important que cette lame soit fabriqu\u00e9e avec les m\u00eames mat\u00e9riaux que la Platinum, \u00e0 l&#8217;exception de l&#8217;acier. L&#8217;acier du GT3 est tremp\u00e9 gr\u00e2ce \u00e0 notre expertise de plus de 20 ans dans la fabrication de lames pour les circuits courts.<\/p>\n<h4><strong><span class=\"Y2IQFc\" lang=\"en\">Bas\u00e9 en Australie<\/span><\/strong><\/h4>\n<p><span class=\"Y2IQFc\" lang=\"en\">Bont est une entreprise australienne qui fabrique des produits de patinage de vitesse. Ils sont leaders dans la fabrication de bottes pour le short track, le long track et l&#8217;inline. Offrir des produits de qualit\u00e9 qui se distinguent notamment par la qualit\u00e9 des mat\u00e9riaux utilis\u00e9s, comme le cuir de kangourou.<\/span><\/p>\n<h4><strong><span class=\"Y2IQFc\" lang=\"en\">Patineurs sur piste courte<\/span><\/strong><\/h4>\n<p><span class=\"Y2IQFc\" lang=\"en\">Les patineurs de courte piste se sentent indestructibles. C&#8217;est une attitude qui leur permet de repousser toutes les limites. Voici la botte en carbone Patriot pour les pistes courtes. Regardez de pr\u00e8s. \u00c9coutez. Il n&#8217;est pas difficile de retrouver la riche tradition de Bonts en mati\u00e8re de lignes \u00e9pur\u00e9es et d&#8217;attitude franche dans son dernier mod\u00e8le de piste courte. <\/span><\/p>\n<p><span class=\"Y2IQFc\" lang=\"en\">Bont est une marque qui continue \u00e0 refuser la pens\u00e9e conventionnelle tout en poussant nos propres designs classiques au moins un peu plus loin \u00e0 chaque fois. La Patriot est une chaussure qui devrait co\u00fbter plus de 1000 dollars, avec des fibres de carbone pos\u00e9es \u00e0 la main et le syst\u00e8me unique d&#8217;enveloppement par pression de Bonts qui \u00e9limine plus d&#8217;exc\u00e8s de r\u00e9sine que n&#8217;importe quelle autre technique de pose de carbone. <\/span><\/p>\n<p><b>Caract\u00e9ristiques :<\/b><\/p>\n<div>\n<div>\n<div>\n<ul>\n<li><strong>Base :<\/strong> Base en composite de carbone pos\u00e9e \u00e0 la main<\/li>\n<li><strong>Rev\u00eatement ext\u00e9rieur :<\/strong> Microfibre \/ micro mat<\/li>\n<li><strong>Doublure :<\/strong> Microfibre<\/li>\n<li><strong>Innersole:<\/strong> Leather<\/li>\n<li><strong>Heat moldable:<\/strong> Fully heat moldable base utilizing epoxy thermoset resin<\/li>\n<li><strong>Padding:<\/strong> High density memory foam<\/li>\n<li><strong>Options de fermeture<\/strong>: Lacets cir\u00e9s, cache-lacets et deux bandes velcro.<\/li>\n<li><strong>Options d&#8217;ajustement :<\/strong> Standard, \u00e9troite et large<\/li>\n<li><strong>Monture : <\/strong>165mm<\/li>\n<\/ul>\n<\/div>\n<\/div>\n<\/div>\n<p><strong>Les Lames :<\/strong><\/p>\n<p>La lame du GT3 est fabriqu\u00e9e avec le meilleur acier \u00e0 couteau japonais. En outre, elle b\u00e9n\u00e9ficie de toute la technologie, de la recherche et du d\u00e9veloppement de la nouvelle lame Platinum. De plus, la lame est compos\u00e9e des m\u00eames mat\u00e9riaux que le Platinum, \u00e0 l&#8217;exception de l&#8217;acier. L&#8217;acier de la GT3 est tremp\u00e9 gr\u00e2ce \u00e0 notre expertise de plus de 20 ans dans la fabrication de lames pour circuits courts.<\/p>\n<p><strong>\u200bSpecifications:<\/strong><\/p>\n<p>Cup Material Aluminum 7075 T6<\/p>\n<p>Radius 8m<\/p>\n<p>Longueur 14\u2033, 14.5\u2033, 15\u2033, 15.5\u2033, 16\u2033, 16.5\u2033, 17\u2033, 17.5\u2033.<\/p>\n<p>Blade Thickness 1.1mm<\/p>\n<p>Hardness 62 Rockwell<\/p>\n<p>Bend Machine bent<\/p>\n<h5 class=\"tw-data-text tw-text-large tw-ta\" dir=\"ltr\" data-placeholder=\"Translation\">Maintenant une vid\u00e9o sur <a href=\"https:\/\/www.youtube.com\/watch?v=2AfKfzVSCWk\" target=\"_blank\" rel=\"noopener\"><strong>Le moulage \u00e0 chaud de vos bottes Bont. <\/strong><\/a> <\/h5>\n<h3>N&#8217;oubliez pas d&#8217;ajouter la <strong><a href=\"https:\/\/ztsports.com\/produit\/preparation-des-lames-pour-la-piste-courte\/?lang=fr\">Pr\u00e9paration de la lame.<\/a><\/strong><\/h3>\n<p>Enfin, consultez tous nos <a href=\"\/?product_cat=boots\"><strong>Bottes Short Track ici<\/strong><\/a><\/p>\n","protected":false},"excerpt":{"rendered":"<p>PATRIOT CARBON GT3 PACKAGE By Bont Super Sale Le PATRIOT CARBON GT3 PACKAGE de Bont comprend des bottes Patriot Carbon et des lames GT3. Gr\u00e2ce \u00e0 la base des bottes en carbone, il est plus l\u00e9ger et plus rigide que le mod\u00e8le standard. Les bottes sont 100% thermoformables, vous trouverez certainement votre confort. Fabriqu\u00e9 \u00e0 [&hellip;]<\/p>\n","protected":false},"featured_media":18485,"comment_status":"open","ping_status":"closed","template":"","meta":{"_acf_changed":false,"_monsterinsights_skip_tracking":false,"_monsterinsights_sitenote_active":false,"_monsterinsights_sitenote_note":"","_monsterinsights_sitenote_category":0,"_uf_show_specific_survey":0,"_uf_disable_surveys":false,"site-sidebar-layout":"default","site-content-layout":"","ast-site-content-layout":"default","site-content-style":"default","site-sidebar-style":"default","ast-global-header-display":"","ast-banner-title-visibility":"","ast-main-header-display":"","ast-hfb-above-header-display":"","ast-hfb-below-header-display":"","ast-hfb-mobile-header-display":"","site-post-title":"","ast-breadcrumbs-content":"","ast-featured-img":"","footer-sml-layout":"","ast-disable-related-posts":"","theme-transparent-header-meta":"default","adv-header-id-meta":"","stick-header-meta":"","header-above-stick-meta":"","header-main-stick-meta":"","header-below-stick-meta":"","astra-migrate-meta-layouts":"set","ast-page-background-enabled":"default","ast-page-background-meta":{"desktop":{"background-color":"","background-image":"","background-repeat":"repeat","background-position":"center center","background-size":"auto","background-attachment":"scroll","background-type":"","background-media":"","overlay-type":"","overlay-color":"","overlay-opacity":"","overlay-gradient":""},"tablet":{"background-color":"","background-image":"","background-repeat":"repeat","background-position":"center center","background-size":"auto","background-attachment":"scroll","background-type":"","background-media":"","overlay-type":"","overlay-color":"","overlay-opacity":"","overlay-gradient":""},"mobile":{"background-color":"","background-image":"","background-repeat":"repeat","background-position":"center center","background-size":"auto","background-attachment":"scroll","background-type":"","background-media":"","overlay-type":"","overlay-color":"","overlay-opacity":"","overlay-gradient":""}},"ast-content-background-meta":{"desktop":{"background-color":"var(--ast-global-color-5)","background-image":"","background-repeat":"repeat","background-position":"center center","background-size":"auto","background-attachment":"scroll","background-type":"","background-media":"","overlay-type":"","overlay-color":"","overlay-opacity":"","overlay-gradient":""},"tablet":{"background-color":"var(--ast-global-color-5)","background-image":"","background-repeat":"repeat","background-position":"center center","background-size":"auto","background-attachment":"scroll","background-type":"","background-media":"","overlay-type":"","overlay-color":"","overlay-opacity":"","overlay-gradient":""},"mobile":{"background-color":"var(--ast-global-color-5)","background-image":"","background-repeat":"repeat","background-position":"center center","background-size":"auto","background-attachment":"scroll","background-type":"","background-media":"","overlay-type":"","overlay-color":"","overlay-opacity":"","overlay-gradient":""}}},"product_brand":[3285],"product_cat":[3395,3624,3627,3467,3625,3626],"product_tag":[2291,2292,3628,3629,3630,3631,3632],"class_list":{"0":"post-19066","1":"product","2":"type-product","3":"status-publish","4":"has-post-thumbnail","6":"product_brand-bont","7":"product_cat-courte-piste","8":"product_cat-forfait-courte-piste","9":"product_cat-packages","10":"product_cat-patinage-de-vitesse","11":"product_cat-patins-de-vitesse","12":"product_cat-super-vente","13":"product_tag-bont-gt3","14":"product_tag-bont-patriot-carbon","15":"product_tag-carbone-patriote","16":"product_tag-ensemble-patriot-carbon-gt3","17":"product_tag-forfait-courte-piste","18":"product_tag-groupe-gt3","19":"product_tag-patins-de-vitesse","20":"desktop-align-left","21":"tablet-align-left","22":"mobile-align-left","24":"first","25":"instock","26":"sale","27":"taxable","28":"shipping-taxable","29":"purchasable","30":"product-type-simple"},"acf":[],"_links":{"self":[{"href":"https:\/\/ztsports.com\/fr\/wp-json\/wp\/v2\/product\/19066","targetHints":{"allow":["GET"]}}],"collection":[{"href":"https:\/\/ztsports.com\/fr\/wp-json\/wp\/v2\/product"}],"about":[{"href":"https:\/\/ztsports.com\/fr\/wp-json\/wp\/v2\/types\/product"}],"replies":[{"embeddable":true,"href":"https:\/\/ztsports.com\/fr\/wp-json\/wp\/v2\/comments?post=19066"}],"version-history":[{"count":1,"href":"https:\/\/ztsports.com\/fr\/wp-json\/wp\/v2\/product\/19066\/revisions"}],"predecessor-version":[{"id":19067,"href":"https:\/\/ztsports.com\/fr\/wp-json\/wp\/v2\/product\/19066\/revisions\/19067"}],"wp:featuredmedia":[{"embeddable":true,"href":"https:\/\/ztsports.com\/fr\/wp-json\/wp\/v2\/media\/18485"}],"wp:attachment":[{"href":"https:\/\/ztsports.com\/fr\/wp-json\/wp\/v2\/media?parent=19066"}],"wp:term":[{"taxonomy":"product_brand","embeddable":true,"href":"https:\/\/ztsports.com\/fr\/wp-json\/wp\/v2\/product_brand?post=19066"},{"taxonomy":"product_cat","embeddable":true,"href":"https:\/\/ztsports.com\/fr\/wp-json\/wp\/v2\/product_cat?post=19066"},{"taxonomy":"product_tag","embeddable":true,"href":"https:\/\/ztsports.com\/fr\/wp-json\/wp\/v2\/product_tag?post=19066"}],"curies":[{"name":"wp","href":"https:\/\/api.w.org\/{rel}","templated":true}]}}