{"id":19064,"date":"2021-09-23T02:44:54","date_gmt":"2021-09-23T02:44:54","guid":{"rendered":"https:\/\/ztsports.com\/?post_type=product&#038;p=19064"},"modified":"2026-04-16T21:14:50","modified_gmt":"2026-04-16T21:14:50","slug":"ehs-qcs-short-track-blade","status":"publish","type":"product","link":"https:\/\/ztsports.com\/fr\/store\/ehs-qcs-short-track-blade\/","title":{"rendered":"EHS QCS Short Track Blade MFD Pays-Bas"},"content":{"rendered":"<p><span data-sheets-value=\"{\" data-sheets-userformat=\"{\">EHS QCS Short Track Blade <a href=\"https:\/\/www.ehskates.com\/technology\" target=\"_blank\" rel=\"noopener\">MFD Pays-Bas<\/a><\/span><\/p>\n<p>Flexibilit\u00e9 et sensation accrues : Notre mod\u00e8le EHS QCS Short Track Blade pre-bend offre une flexibilit\u00e9 et une sensation accrues qui sont parfaites pour ceux qui veulent un peu plus dans leurs lames. Gr\u00e2ce \u00e0 ce mod\u00e8le, vous prendrez des virages en douceur avec beaucoup d&#8217;adh\u00e9rence, ce qui vous permettra de profiter de toute la gamme de mouvements pendant que vous patinez dans les virages.<\/p>\n<p>Conception l\u00e9g\u00e8re : Ce produit est fabriqu\u00e9 \u00e0 partir d&#8217;aluminium de la plus haute qualit\u00e9 provenant des Pays-Bas. EHS QCS est l&#8217;un des produits les plus l\u00e9gers du march\u00e9. En outre, sa conception l\u00e9g\u00e8re facilite la man\u0153uvre et le transport.<\/p>\n<ul class=\"ul1\">\n<li>Mod\u00e8le pr\u00e9-courb\u00e9 qui offre un peu plus de souplesse et de sensations que l&#8217;ACS, tout en conservant une bonne adh\u00e9rence dans les virages.<\/li>\n<li>Fabriqu\u00e9 \u00e0 partir d&#8217;aluminium de la plus haute qualit\u00e9 en provenance des Pays-Bas<\/li>\n<li>Premium Austrian sourced PM or Bi-metal steel runners prepared to the industry\u2019s highest tolerances<\/li>\n<li>Re-enforcement beams at the cup mounts to increase stability and control<\/li>\n<li>Assembled in house by the craftsmen at Hagen Techniek<\/li>\n<li>Enfin, les coupelles sont fabriqu\u00e9es en aluminium plus l\u00e9ger et plus r\u00e9sistant pour une rigidit\u00e9 et une durabilit\u00e9 accrues.<\/li>\n<\/ul>\n<p><a href=\"https:\/\/ztsports.com\/brand\/staybent-by-ehs\/ehs\/?lang=fr\">Vous pouvez voir tous les produits ESH ici.<\/a><\/p>\n<p><a href=\"https:\/\/ztsports.com\/categorie-produit\/courte-piste\/lame\/?lang=fr\">Pour conna\u00eetre toutes nos lames de short track, cliquez ici.<\/a><\/p>\n","protected":false},"excerpt":{"rendered":"<p>EHS QCS Short Track Blade MFD Pays-Bas Flexibilit\u00e9 et sensation accrues : Notre mod\u00e8le EHS QCS Short Track Blade pre-bend offre une flexibilit\u00e9 et une sensation accrues qui sont parfaites pour ceux qui veulent un peu plus dans leurs lames. Gr\u00e2ce \u00e0 ce mod\u00e8le, vous prendrez des virages en douceur avec beaucoup d&#8217;adh\u00e9rence, ce qui [&hellip;]<\/p>\n","protected":false},"featured_media":18482,"comment_status":"open","ping_status":"closed","template":"","meta":{"_acf_changed":false,"_monsterinsights_skip_tracking":false,"_monsterinsights_sitenote_active":false,"_monsterinsights_sitenote_note":"","_monsterinsights_sitenote_category":0,"_uf_show_specific_survey":0,"_uf_disable_surveys":false,"site-sidebar-layout":"default","site-content-layout":"","ast-site-content-layout":"default","site-content-style":"default","site-sidebar-style":"default","ast-global-header-display":"","ast-banner-title-visibility":"","ast-main-header-display":"","ast-hfb-above-header-display":"","ast-hfb-below-header-display":"","ast-hfb-mobile-header-display":"","site-post-title":"","ast-breadcrumbs-content":"","ast-featured-img":"","footer-sml-layout":"","ast-disable-related-posts":"","theme-transparent-header-meta":"default","adv-header-id-meta":"","stick-header-meta":"","header-above-stick-meta":"","header-main-stick-meta":"","header-below-stick-meta":"","astra-migrate-meta-layouts":"set","ast-page-background-enabled":"default","ast-page-background-meta":{"desktop":{"background-color":"","background-image":"","background-repeat":"repeat","background-position":"center center","background-size":"auto","background-attachment":"scroll","background-type":"","background-media":"","overlay-type":"","overlay-color":"","overlay-opacity":"","overlay-gradient":""},"tablet":{"background-color":"","background-image":"","background-repeat":"repeat","background-position":"center center","background-size":"auto","background-attachment":"scroll","background-type":"","background-media":"","overlay-type":"","overlay-color":"","overlay-opacity":"","overlay-gradient":""},"mobile":{"background-color":"","background-image":"","background-repeat":"repeat","background-position":"center center","background-size":"auto","background-attachment":"scroll","background-type":"","background-media":"","overlay-type":"","overlay-color":"","overlay-opacity":"","overlay-gradient":""}},"ast-content-background-meta":{"desktop":{"background-color":"var(--ast-global-color-5)","background-image":"","background-repeat":"repeat","background-position":"center center","background-size":"auto","background-attachment":"scroll","background-type":"","background-media":"","overlay-type":"","overlay-color":"","overlay-opacity":"","overlay-gradient":""},"tablet":{"background-color":"var(--ast-global-color-5)","background-image":"","background-repeat":"repeat","background-position":"center center","background-size":"auto","background-attachment":"scroll","background-type":"","background-media":"","overlay-type":"","overlay-color":"","overlay-opacity":"","overlay-gradient":""},"mobile":{"background-color":"var(--ast-global-color-5)","background-image":"","background-repeat":"repeat","background-position":"center center","background-size":"auto","background-attachment":"scroll","background-type":"","background-media":"","overlay-type":"","overlay-color":"","overlay-opacity":"","overlay-gradient":""}}},"product_brand":[3347,3344,3346],"product_cat":[3395,3508,3619,3620,3621,3467],"product_tag":[2299,3622,3623,2005,2302],"class_list":{"0":"post-19064","1":"product","2":"type-product","3":"status-publish","4":"has-post-thumbnail","6":"product_brand-ehs","7":"product_brand-stay-bent","8":"product_brand-staybent-by-ehs","9":"product_cat-courte-piste","10":"product_cat-lame","11":"product_cat-lames-ehs","12":"product_cat-lames-pour-piste-courte","13":"product_cat-lames-stay-bent-ehs","14":"product_cat-patinage-de-vitesse","15":"product_tag-ehs-qcs","16":"product_tag-lame-staybent-by-ehs-qcs-st","17":"product_tag-lames-pour-piste-courte","18":"product_tag-quarq","19":"product_tag-staybent-by-ehs-qcs-st-blade-zt-sports","20":"desktop-align-left","21":"tablet-align-left","22":"mobile-align-left","24":"first","25":"instock","26":"featured","27":"taxable","28":"shipping-taxable","29":"purchasable","30":"product-type-simple"},"acf":[],"_links":{"self":[{"href":"https:\/\/ztsports.com\/fr\/wp-json\/wp\/v2\/product\/19064","targetHints":{"allow":["GET"]}}],"collection":[{"href":"https:\/\/ztsports.com\/fr\/wp-json\/wp\/v2\/product"}],"about":[{"href":"https:\/\/ztsports.com\/fr\/wp-json\/wp\/v2\/types\/product"}],"replies":[{"embeddable":true,"href":"https:\/\/ztsports.com\/fr\/wp-json\/wp\/v2\/comments?post=19064"}],"version-history":[{"count":2,"href":"https:\/\/ztsports.com\/fr\/wp-json\/wp\/v2\/product\/19064\/revisions"}],"predecessor-version":[{"id":25574,"href":"https:\/\/ztsports.com\/fr\/wp-json\/wp\/v2\/product\/19064\/revisions\/25574"}],"wp:featuredmedia":[{"embeddable":true,"href":"https:\/\/ztsports.com\/fr\/wp-json\/wp\/v2\/media\/18482"}],"wp:attachment":[{"href":"https:\/\/ztsports.com\/fr\/wp-json\/wp\/v2\/media?parent=19064"}],"wp:term":[{"taxonomy":"product_brand","embeddable":true,"href":"https:\/\/ztsports.com\/fr\/wp-json\/wp\/v2\/product_brand?post=19064"},{"taxonomy":"product_cat","embeddable":true,"href":"https:\/\/ztsports.com\/fr\/wp-json\/wp\/v2\/product_cat?post=19064"},{"taxonomy":"product_tag","embeddable":true,"href":"https:\/\/ztsports.com\/fr\/wp-json\/wp\/v2\/product_tag?post=19064"}],"curies":[{"name":"wp","href":"https:\/\/api.w.org\/{rel}","templated":true}]}}