{"id":19062,"date":"2021-09-23T02:47:02","date_gmt":"2021-09-23T02:47:02","guid":{"rendered":"https:\/\/ztsports.com\/?post_type=product&#038;p=19062"},"modified":"2026-04-17T02:13:27","modified_gmt":"2026-04-17T02:13:27","slug":"erable-lt-crochet-de-ressort-arriere","status":"publish","type":"product","link":"https:\/\/ztsports.com\/fr\/store\/erable-lt-crochet-de-ressort-arriere\/","title":{"rendered":"\u00c9RABLE LT CROCHET DE RESSORT ARRI\u00c8RE"},"content":{"rendered":"<h1 id=\"tw-target-text\" class=\"tw-data-text tw-text-large tw-ta\" dir=\"ltr\" data-placeholder=\"Translation\"><span class=\"Y2IQFc\" lang=\"en\">\u00c9RABLE LT CROCHET DE RESSORT ARRI\u00c8RE<\/span><\/h1>\n<p>Le MAPLE <span class=\"Y2IQFc\" lang=\"en\">LT REAR SPRING HOOK est le crochet arri\u00e8re de vos patins MapleZ ou Maple Clap <\/span>.<\/p>\n<p><span class=\"Y2IQFc\" lang=\"en\">Gardez ce produit et d&#8217;autres pi\u00e8ces de MapleZ et de Maple \u00e0 port\u00e9e de main et soyez pr\u00eat \u00e0 faire face \u00e0 l&#8217;impr\u00e9vu.<\/span><\/p>\n<p>un outil indispensable pour les entra\u00eeneurs et les athl\u00e8tes de longue haleine.<\/p>\n<p><span class=\"Y2IQFc\" lang=\"en\"> Vendu \u00e0 l&#8217;unit\u00e9.<\/span><\/p>\n<p><strong>Compatible with the following:<\/strong><\/p>\n<ul>\n<li>Blizzard, T-Bone Bridge<\/li>\n<li>Comet Aluminium, T-Bone Bridge<\/li>\n<li>Comet Laser, T-Bone Bridge<\/li>\n<li>Twin Laser, T-Bone Bridge<\/li>\n<\/ul>\n<p>Enfin, consultez toutes nos <a href=\"https:\/\/ztsports.com\/product-category\/long-track\/long-track-parts\/\"><strong>pi\u00e8ces et outils LT ici<\/strong><\/a>.<\/p>\n","protected":false},"excerpt":{"rendered":"<p>\u00c9RABLE LT CROCHET DE RESSORT ARRI\u00c8RE Le MAPLE LT REAR SPRING HOOK est le crochet arri\u00e8re de vos patins MapleZ ou Maple Clap . Gardez ce produit et d&#8217;autres pi\u00e8ces de MapleZ et de Maple \u00e0 port\u00e9e de main et soyez pr\u00eat \u00e0 faire face \u00e0 l&#8217;impr\u00e9vu. un outil indispensable pour les entra\u00eeneurs et les [&hellip;]<\/p>\n","protected":false},"featured_media":18477,"comment_status":"open","ping_status":"closed","template":"","meta":{"_acf_changed":false,"_monsterinsights_skip_tracking":false,"_monsterinsights_sitenote_active":false,"_monsterinsights_sitenote_note":"","_monsterinsights_sitenote_category":0,"_uf_show_specific_survey":0,"_uf_disable_surveys":false,"site-sidebar-layout":"default","site-content-layout":"","ast-site-content-layout":"default","site-content-style":"default","site-sidebar-style":"default","ast-global-header-display":"","ast-banner-title-visibility":"","ast-main-header-display":"","ast-hfb-above-header-display":"","ast-hfb-below-header-display":"","ast-hfb-mobile-header-display":"","site-post-title":"","ast-breadcrumbs-content":"","ast-featured-img":"","footer-sml-layout":"","ast-disable-related-posts":"","theme-transparent-header-meta":"default","adv-header-id-meta":"","stick-header-meta":"","header-above-stick-meta":"","header-main-stick-meta":"","header-below-stick-meta":"","astra-migrate-meta-layouts":"set","ast-page-background-enabled":"default","ast-page-background-meta":{"desktop":{"background-color":"","background-image":"","background-repeat":"repeat","background-position":"center center","background-size":"auto","background-attachment":"scroll","background-type":"","background-media":"","overlay-type":"","overlay-color":"","overlay-opacity":"","overlay-gradient":""},"tablet":{"background-color":"","background-image":"","background-repeat":"repeat","background-position":"center center","background-size":"auto","background-attachment":"scroll","background-type":"","background-media":"","overlay-type":"","overlay-color":"","overlay-opacity":"","overlay-gradient":""},"mobile":{"background-color":"","background-image":"","background-repeat":"repeat","background-position":"center center","background-size":"auto","background-attachment":"scroll","background-type":"","background-media":"","overlay-type":"","overlay-color":"","overlay-opacity":"","overlay-gradient":""}},"ast-content-background-meta":{"desktop":{"background-color":"var(--ast-global-color-5)","background-image":"","background-repeat":"repeat","background-position":"center center","background-size":"auto","background-attachment":"scroll","background-type":"","background-media":"","overlay-type":"","overlay-color":"","overlay-opacity":"","overlay-gradient":""},"tablet":{"background-color":"var(--ast-global-color-5)","background-image":"","background-repeat":"repeat","background-position":"center center","background-size":"auto","background-attachment":"scroll","background-type":"","background-media":"","overlay-type":"","overlay-color":"","overlay-opacity":"","overlay-gradient":""},"mobile":{"background-color":"var(--ast-global-color-5)","background-image":"","background-repeat":"repeat","background-position":"center center","background-size":"auto","background-attachment":"scroll","background-type":"","background-media":"","overlay-type":"","overlay-color":"","overlay-opacity":"","overlay-gradient":""}}},"product_brand":[3318,3319],"product_cat":[3389,3391,3526,3559,3875],"product_tag":[3617,3427,2314,2315,3497,3568,3618],"class_list":{"0":"post-19062","1":"product","2":"type-product","3":"status-publish","4":"has-post-thumbnail","6":"product_brand-maple","7":"product_brand-maplez","8":"product_cat-accessoires-longue-piste","9":"product_cat-accessoires-pour-la-longue-piste","10":"product_cat-blades","11":"product_cat-pieces-detachees-pour-voies-longues","12":"product_cat-pieces-et-outils","13":"product_tag-crochet-de-ressort-arriere-gauche","14":"product_tag-equipement-de-patinage-de-vitesse","15":"product_tag-maple-clap-parts","16":"product_tag-maplezparts","17":"product_tag-patinage-de-vitesse","18":"product_tag-pieces-de-clapet","19":"product_tag-piste-longue","20":"desktop-align-left","21":"tablet-align-left","22":"mobile-align-left","24":"first","25":"instock","26":"taxable","27":"shipping-taxable","28":"purchasable","29":"product-type-simple"},"acf":[],"_links":{"self":[{"href":"https:\/\/ztsports.com\/fr\/wp-json\/wp\/v2\/product\/19062","targetHints":{"allow":["GET"]}}],"collection":[{"href":"https:\/\/ztsports.com\/fr\/wp-json\/wp\/v2\/product"}],"about":[{"href":"https:\/\/ztsports.com\/fr\/wp-json\/wp\/v2\/types\/product"}],"replies":[{"embeddable":true,"href":"https:\/\/ztsports.com\/fr\/wp-json\/wp\/v2\/comments?post=19062"}],"version-history":[{"count":1,"href":"https:\/\/ztsports.com\/fr\/wp-json\/wp\/v2\/product\/19062\/revisions"}],"predecessor-version":[{"id":19063,"href":"https:\/\/ztsports.com\/fr\/wp-json\/wp\/v2\/product\/19062\/revisions\/19063"}],"wp:featuredmedia":[{"embeddable":true,"href":"https:\/\/ztsports.com\/fr\/wp-json\/wp\/v2\/media\/18477"}],"wp:attachment":[{"href":"https:\/\/ztsports.com\/fr\/wp-json\/wp\/v2\/media?parent=19062"}],"wp:term":[{"taxonomy":"product_brand","embeddable":true,"href":"https:\/\/ztsports.com\/fr\/wp-json\/wp\/v2\/product_brand?post=19062"},{"taxonomy":"product_cat","embeddable":true,"href":"https:\/\/ztsports.com\/fr\/wp-json\/wp\/v2\/product_cat?post=19062"},{"taxonomy":"product_tag","embeddable":true,"href":"https:\/\/ztsports.com\/fr\/wp-json\/wp\/v2\/product_tag?post=19062"}],"curies":[{"name":"wp","href":"https:\/\/api.w.org\/{rel}","templated":true}]}}