{"id":19060,"date":"2021-09-23T02:47:07","date_gmt":"2021-09-23T02:47:07","guid":{"rendered":"https:\/\/ztsports.com\/?post_type=product&#038;p=19060"},"modified":"2026-04-16T21:27:34","modified_gmt":"2026-04-16T21:27:34","slug":"sac-a-dos-cadomotus","status":"publish","type":"product","link":"https:\/\/ztsports.com\/fr\/store\/sac-a-dos-cadomotus\/","title":{"rendered":"SAC \u00c0 DOS CADOMOTUS AIRFLOW NOUVELLES COULEURS"},"content":{"rendered":"<h2>SAC \u00c0 DOS CADOMOTUS AIRFLOW NOUVELLES COULEURS<\/h2>\n<ul>\n<li>\n<h3><strong>Il reste 9 couleurs en stock\u00a0<\/strong><\/h3>\n<\/li>\n<li><strong>COULEURS EN STOCK<\/strong><strong>ROSE, CYRAN, ORANGE, BLEU, VERT, VERT LIME, ROUGE, VERT CHASSEUR<\/strong><\/li>\n<\/ul>\n<p>Voici le sac \u00e0 dos CADOMOTUS AIRFLOW dans de nouvelles couleurs ! Pr\u00e9parez-vous \u00e0 \u00eatre \u00e9poustoufl\u00e9 par notre sac \u00e0 dos le plus populaire \u00e0 ce jour.<\/p>\n<p>Dot\u00e9 d&#8217;un grand espace pour ranger tous vos accessoires de patinage, ce compagnon \u00e9l\u00e9gant est disponible dans une gamme de couleurs accrocheuses qui ne manqueront pas de faire tourner les t\u00eates.<\/p>\n<h5>AIRFLOW NOUVELLES COULEURS<\/h5>\n<p>Mais ce n&#8217;est pas qu&#8217;une question d&#8217;apparence : ce sac \u00e0 dos a \u00e9t\u00e9 con\u00e7u pour votre confort.<\/p>\n<p>Sa construction l\u00e9g\u00e8re et son design ergonomique s&#8217;adaptent parfaitement \u00e0 votre dos, offrant un niveau de confort que vous ne croirez pas avant d&#8217;en faire l&#8217;exp\u00e9rience. Il est si confortable que vous oublierez que vous le portez !<\/p>\n<h5>Compartiments d\u00e9di\u00e9s<\/h5>\n<p>Mais ce n&#8217;est pas tout ! Le sac \u00e0 dos CADOMOTUS &#8211; AIRFLOW NEW COLORS n&#8217;est pas seulement un \u00e9l\u00e9ment de mode, mais aussi un choix pratique pour les patineurs en d\u00e9placement.<\/p>\n<p>Fini de fouiller dans des sacs encombrants pour trouver votre \u00e9quipement &#8211; ce sac \u00e0 dos spacieux comporte des compartiments d\u00e9di\u00e9s \u00e0 tout, des roues de skate aux outils en passant par les casques et les protections.<\/p>\n<p>Vous n&#8217;aurez plus jamais \u00e0 vous soucier de transporter plusieurs sacs.<\/p>\n<p>Alors pourquoi se contenter de l&#8217;ordinaire quand on peut avoir de l&#8217;extraordinaire ? Am\u00e9liorez votre exp\u00e9rience de patinage avec le sac \u00e0 dos CADOMOTUS &#8211; AIRFLOW NEW COLORS aujourd&#8217;hui et profitez du style et de la fonctionnalit\u00e9 comme jamais auparavant !<\/p>\n<p>Notre sac \u00e0 dos le plus populaire. Beaucoup de place pour tout votre \u00e9quipement de patinage et beaucoup de couleurs cool. L\u00e9ger et ergonomique, il \u00e9pouse les contours de votre dos. Si confortable que vous oublierez que vous le portez.<\/p>\n<p>L\u00e9ger et ergonomique, il a \u00e9t\u00e9 con\u00e7u par CadoMotus pour \u00e9pouser les contours de votre dos. Si confortable que vous oublierez que vous le portez.<\/p>\n<p>Caract\u00e9ristiques :<br \/>\n&#8211; Les bretelles anatomiques rembourr\u00e9es facilitent le transport<br \/>\n&#8211; Construction ergonomique pour une utilisation active sans douleur<br \/>\n&#8211; La ventilation hygi\u00e9nique combat les bact\u00e9ries et les odeurs g\u00eanantes<br \/>\n&#8211; La capacit\u00e9 de transport importante et fonctionnelle permet de ranger plus de choses que n&#8217;importe quelle autre<br \/>\n&#8211; La double fermeture \u00e0 glissi\u00e8re et la poign\u00e9e sup\u00e9rieure facilitent l&#8217;acc\u00e8s<br \/>\n&#8211; La poche pour casque s\u00e9curise et prot\u00e8ge l&#8217;int\u00e9grit\u00e9 de votre \u00e9quipement<br \/>\n&#8211; Les sangles et boucles externes pour patins maintiennent vos patins en place<\/p>\n<p>couleurs en stock \u00e0 demander dans la section commentaire au moment de la commande.<\/p>\n<p>COULEURS EN STOCK<\/p>\n<p>ROSE, CYAN, ORANGE, BLEU, VERT, VERT LIME, ROUGE, VERT CHASSEUR<\/p>\n<p>Finely Nous sommes en train d&#8217;enregistrer les commandes pour le <span style=\"color: #0000ff;\"><br \/>\n<strong>OCEAN BLUE <\/strong><br \/>\n<\/span> en stock.<\/p>\n<p>En outre, consultez la vid\u00e9o <a href=\"https:\/\/www.youtube.com\/watch?v=sATOecnAzq4\" target=\"_blank\" rel=\"noopener\"><strong>vid\u00e9o des caract\u00e9ristiques de l&#8217;Airflow 2.<\/strong><\/a><\/p>\n<p>Enfin, vous pouvez consulter <a href=\"https:\/\/ztsports.com\/categorie-produit\/accessories\/sacs-a-dos-et-sacs\/?lang=fr\"><strong>tous nos sacs \u00e0 dos<\/strong><\/a> ici.<\/p>\n","protected":false},"excerpt":{"rendered":"<p>SAC \u00c0 DOS CADOMOTUS AIRFLOW NOUVELLES COULEURS Il reste 9 couleurs en stock\u00a0 COULEURS EN STOCKROSE, CYRAN, ORANGE, BLEU, VERT, VERT LIME, ROUGE, VERT CHASSEUR Voici le sac \u00e0 dos CADOMOTUS AIRFLOW dans de nouvelles couleurs ! Pr\u00e9parez-vous \u00e0 \u00eatre \u00e9poustoufl\u00e9 par notre sac \u00e0 dos le plus populaire \u00e0 ce jour. Dot\u00e9 d&#8217;un grand [&hellip;]<\/p>\n","protected":false},"featured_media":18464,"comment_status":"open","ping_status":"closed","template":"","meta":{"_acf_changed":false,"_monsterinsights_skip_tracking":false,"_monsterinsights_sitenote_active":false,"_monsterinsights_sitenote_note":"","_monsterinsights_sitenote_category":0,"_uf_show_specific_survey":0,"_uf_disable_surveys":false,"site-sidebar-layout":"default","site-content-layout":"","ast-site-content-layout":"default","site-content-style":"default","site-sidebar-style":"default","ast-global-header-display":"","ast-banner-title-visibility":"","ast-main-header-display":"","ast-hfb-above-header-display":"","ast-hfb-below-header-display":"","ast-hfb-mobile-header-display":"","site-post-title":"","ast-breadcrumbs-content":"","ast-featured-img":"","footer-sml-layout":"","ast-disable-related-posts":"","theme-transparent-header-meta":"default","adv-header-id-meta":"","stick-header-meta":"","header-above-stick-meta":"","header-main-stick-meta":"","header-below-stick-meta":"","astra-migrate-meta-layouts":"set","ast-page-background-enabled":"default","ast-page-background-meta":{"desktop":{"background-color":"","background-image":"","background-repeat":"repeat","background-position":"center center","background-size":"auto","background-attachment":"scroll","background-type":"","background-media":"","overlay-type":"","overlay-color":"","overlay-opacity":"","overlay-gradient":""},"tablet":{"background-color":"","background-image":"","background-repeat":"repeat","background-position":"center center","background-size":"auto","background-attachment":"scroll","background-type":"","background-media":"","overlay-type":"","overlay-color":"","overlay-opacity":"","overlay-gradient":""},"mobile":{"background-color":"","background-image":"","background-repeat":"repeat","background-position":"center center","background-size":"auto","background-attachment":"scroll","background-type":"","background-media":"","overlay-type":"","overlay-color":"","overlay-opacity":"","overlay-gradient":""}},"ast-content-background-meta":{"desktop":{"background-color":"var(--ast-global-color-5)","background-image":"","background-repeat":"repeat","background-position":"center center","background-size":"auto","background-attachment":"scroll","background-type":"","background-media":"","overlay-type":"","overlay-color":"","overlay-opacity":"","overlay-gradient":""},"tablet":{"background-color":"var(--ast-global-color-5)","background-image":"","background-repeat":"repeat","background-position":"center center","background-size":"auto","background-attachment":"scroll","background-type":"","background-media":"","overlay-type":"","overlay-color":"","overlay-opacity":"","overlay-gradient":""},"mobile":{"background-color":"var(--ast-global-color-5)","background-image":"","background-repeat":"repeat","background-position":"center center","background-size":"auto","background-attachment":"scroll","background-type":"","background-media":"","overlay-type":"","overlay-color":"","overlay-opacity":"","overlay-gradient":""}}},"product_brand":[],"product_cat":[3422,3389,3391,3479,3392,3396,3433,3878,3395,3381,3880],"product_tag":[2029,3613,3583,3614,3615,3616,1752],"class_list":{"0":"post-19060","1":"product","2":"type-product","3":"status-publish","4":"has-post-thumbnail","6":"product_cat-accessoires","7":"product_cat-accessoires-longue-piste","8":"product_cat-accessoires-pour-la-longue-piste","9":"product_cat-accessoires-pour-le-short-track","10":"product_cat-accessoires-short-track","11":"product_cat-accessories","13":"product_cat-cadeaux","14":"product_cat-courte-piste","15":"product_cat-patinage-de-vitesse-en-ligne","16":"product_cat-sacs-a-dos-et-sacs","17":"product_tag-cadomotus","18":"product_tag-sac-a-dos","19":"product_tag-sac-a-dos-cado-motus","20":"product_tag-sac-a-dos-cadomotus","21":"product_tag-sac-a-dos-de-sport","22":"product_tag-sac-a-dos-skate","23":"product_tag-speed-skating-equipment","24":"desktop-align-left","25":"tablet-align-left","26":"mobile-align-left","28":"first","29":"instock","30":"sale","31":"featured","32":"taxable","33":"shipping-taxable","34":"purchasable","35":"product-type-simple"},"acf":[],"_links":{"self":[{"href":"https:\/\/ztsports.com\/fr\/wp-json\/wp\/v2\/product\/19060","targetHints":{"allow":["GET"]}}],"collection":[{"href":"https:\/\/ztsports.com\/fr\/wp-json\/wp\/v2\/product"}],"about":[{"href":"https:\/\/ztsports.com\/fr\/wp-json\/wp\/v2\/types\/product"}],"replies":[{"embeddable":true,"href":"https:\/\/ztsports.com\/fr\/wp-json\/wp\/v2\/comments?post=19060"}],"version-history":[{"count":3,"href":"https:\/\/ztsports.com\/fr\/wp-json\/wp\/v2\/product\/19060\/revisions"}],"predecessor-version":[{"id":25578,"href":"https:\/\/ztsports.com\/fr\/wp-json\/wp\/v2\/product\/19060\/revisions\/25578"}],"wp:featuredmedia":[{"embeddable":true,"href":"https:\/\/ztsports.com\/fr\/wp-json\/wp\/v2\/media\/18464"}],"wp:attachment":[{"href":"https:\/\/ztsports.com\/fr\/wp-json\/wp\/v2\/media?parent=19060"}],"wp:term":[{"taxonomy":"product_brand","embeddable":true,"href":"https:\/\/ztsports.com\/fr\/wp-json\/wp\/v2\/product_brand?post=19060"},{"taxonomy":"product_cat","embeddable":true,"href":"https:\/\/ztsports.com\/fr\/wp-json\/wp\/v2\/product_cat?post=19060"},{"taxonomy":"product_tag","embeddable":true,"href":"https:\/\/ztsports.com\/fr\/wp-json\/wp\/v2\/product_tag?post=19060"}],"curies":[{"name":"wp","href":"https:\/\/api.w.org\/{rel}","templated":true}]}}