{"id":19058,"date":"2021-09-23T02:48:38","date_gmt":"2021-09-23T02:48:38","guid":{"rendered":"https:\/\/ztsports.com\/?post_type=product&#038;p=19058"},"modified":"2026-04-16T22:14:44","modified_gmt":"2026-04-16T22:14:44","slug":"gabarit-daffutage-exacta-parabolica","status":"publish","type":"product","link":"https:\/\/ztsports.com\/fr\/store\/gabarit-daffutage-exacta-parabolica\/","title":{"rendered":"Exacta Parabolica Gabarit d&#8217;aff\u00fbtage"},"content":{"rendered":"<h2><strong>Exacta PARABOLICA Gabarit d&#8217;aff\u00fbtage<\/strong><\/h2>\n<p>Exacta <span data-sheets-value=\"{\" data-sheets-userformat=\"{\">PARABOLICA<\/span> Sharpening Jig MADE IN USA, est le gabarit d&#8217;aff\u00fbtage de patins haut de gamme qui \u00e9tablit la norme en mati\u00e8re de pr\u00e9cision, de r\u00e9p\u00e9tabilit\u00e9 et de facilit\u00e9 d&#8217;utilisation.<\/p>\n<p>CNC machined from thick solid aircraft grade alloy plate in a design that minimizes the dimensional distortions of the jig body caused by clamp pressures.<\/p>\n<p>Il <strong>ne fait pas appel \u00e0 des gadgets tels que des faces de serrage mobiles<\/strong> qui ajoutent une erreur \u00e0 la pr\u00e9cision du positionnement vertical et du parall\u00e9lisme des lames.<\/p>\n<p>It is solid well engineered and quality built to give the most repeatable results obtainable. It does this all while still being light and easy enough to travel with setup and use.<\/p>\n<p>Parmi les avantages par rapport \u00e0 d&#8217;autres conceptions, les faces des pinces usin\u00e9es avec une grande pr\u00e9cision permettent d&#8217;obtenir une pression de contact plus \u00e9lev\u00e9e que les autres conceptions. Cela permet d&#8217;\u00e9liminer les d\u00e9formations de courbure de la lame sans les erreurs suppl\u00e9mentaires caus\u00e9es par les faces mobiles.<\/p>\n<p>La forme parabolique permet d&#8217;atteindre des niveaux in\u00e9gal\u00e9s de s\u00e9curit\u00e9 de la lame et de pr\u00e9cision de serrage.<\/p>\n<p>Clamp knobs our custom large comfortable composite construction with custom brass tread inserts and run on fine threaded replaceable stainless studs. Clamp forces are held with simple tension in these studs. Clamps pivot on sturdy oversized precision ground hardened pins.<\/p>\n<p>Nous avons ajout\u00e9 un espace de poche suppl\u00e9mentaire pour faciliter l&#8217;installation de tubes de lame surdimensionn\u00e9s. En outre, la barre transversale surdimensionn\u00e9e enti\u00e8rement usin\u00e9e et les tours de serrage s&#8217;accouplent sur une grande surface, ce qui accro\u00eet la s\u00e9curit\u00e9 de l&#8217;assemblage et la r\u00e9p\u00e9tabilit\u00e9 de l&#8217;espacement choisi par l&#8217;utilisateur.<\/p>\n<p>Cross tube also has machined bottom detents so you can quickly and easily get back to the exact same spacing.<\/p>\n<p>Lengths are permanently marked on these critical top surface with a fine laser engravings, eliminating any raised surfaces most other types of machining cause. Nice wide platform with a sturdy end stop and stable high damping rubber feet.<\/p>\n<p><strong>Nothing comes close, at any price point.<\/strong><\/p>\n<p><strong>Le gabarit Exacta <span data-sheets-value=\"{\" data-sheets-userformat=\"{\">PARABOLICA<\/span> est celui que nous avons choisi pour notre atelier chez Zt Sports !<\/strong><\/p>\n<p>Top stops available at additional cost.<\/p>\n<p><a href=\"https:\/\/ztsports.com\/categorie-produit\/aiguisage\/support\/?lang=fr\"><strong> Vous pouvez trouver tous nos gabarits et kits d&#8217;aff\u00fbtage ici.<\/strong><\/a><\/p>\n<h4 class=\"style-scope ytd-watch-metadata\"><a href=\"https:\/\/www.youtube.com\/watch?v=6mu5w7rdrL0\" target=\"_blank\" rel=\"noopener\">Tutoriel d&#8217;aff\u00fbtage des patins.<\/a><\/h4>\n","protected":false},"excerpt":{"rendered":"<p>Exacta PARABOLICA Gabarit d&#8217;aff\u00fbtage Exacta PARABOLICA Sharpening Jig MADE IN USA, est le gabarit d&#8217;aff\u00fbtage de patins haut de gamme qui \u00e9tablit la norme en mati\u00e8re de pr\u00e9cision, de r\u00e9p\u00e9tabilit\u00e9 et de facilit\u00e9 d&#8217;utilisation. CNC machined from thick solid aircraft grade alloy plate in a design that minimizes the dimensional distortions of the jig body [&hellip;]<\/p>\n","protected":false},"featured_media":18460,"comment_status":"open","ping_status":"closed","template":"","meta":{"_acf_changed":false,"_monsterinsights_skip_tracking":false,"_monsterinsights_sitenote_active":false,"_monsterinsights_sitenote_note":"","_monsterinsights_sitenote_category":0,"_uf_show_specific_survey":0,"_uf_disable_surveys":false,"site-sidebar-layout":"default","site-content-layout":"","ast-site-content-layout":"default","site-content-style":"default","site-sidebar-style":"default","ast-global-header-display":"","ast-banner-title-visibility":"","ast-main-header-display":"","ast-hfb-above-header-display":"","ast-hfb-below-header-display":"","ast-hfb-mobile-header-display":"","site-post-title":"","ast-breadcrumbs-content":"","ast-featured-img":"","footer-sml-layout":"","ast-disable-related-posts":"","theme-transparent-header-meta":"default","adv-header-id-meta":"","stick-header-meta":"","header-above-stick-meta":"","header-main-stick-meta":"","header-below-stick-meta":"","astra-migrate-meta-layouts":"set","ast-page-background-enabled":"default","ast-page-background-meta":{"desktop":{"background-color":"","background-image":"","background-repeat":"repeat","background-position":"center center","background-size":"auto","background-attachment":"scroll","background-type":"","background-media":"","overlay-type":"","overlay-color":"","overlay-opacity":"","overlay-gradient":""},"tablet":{"background-color":"","background-image":"","background-repeat":"repeat","background-position":"center center","background-size":"auto","background-attachment":"scroll","background-type":"","background-media":"","overlay-type":"","overlay-color":"","overlay-opacity":"","overlay-gradient":""},"mobile":{"background-color":"","background-image":"","background-repeat":"repeat","background-position":"center center","background-size":"auto","background-attachment":"scroll","background-type":"","background-media":"","overlay-type":"","overlay-color":"","overlay-opacity":"","overlay-gradient":""}},"ast-content-background-meta":{"desktop":{"background-color":"var(--ast-global-color-5)","background-image":"","background-repeat":"repeat","background-position":"center center","background-size":"auto","background-attachment":"scroll","background-type":"","background-media":"","overlay-type":"","overlay-color":"","overlay-opacity":"","overlay-gradient":""},"tablet":{"background-color":"var(--ast-global-color-5)","background-image":"","background-repeat":"repeat","background-position":"center center","background-size":"auto","background-attachment":"scroll","background-type":"","background-media":"","overlay-type":"","overlay-color":"","overlay-opacity":"","overlay-gradient":""},"mobile":{"background-color":"var(--ast-global-color-5)","background-image":"","background-repeat":"repeat","background-position":"center center","background-size":"auto","background-attachment":"scroll","background-type":"","background-media":"","overlay-type":"","overlay-color":"","overlay-opacity":"","overlay-gradient":""}}},"product_brand":[],"product_cat":[3397],"product_tag":[3610,2341,3611,3612,1752],"class_list":{"0":"post-19058","1":"product","2":"type-product","3":"status-publish","4":"has-post-thumbnail","6":"product_cat-support","7":"product_tag-cadre-daffutage","8":"product_tag-exacta-parabolica","9":"product_tag-gabarit-daffutage","10":"product_tag-meilleur-gabarit-daffutage","11":"product_tag-speed-skating-equipment","12":"desktop-align-left","13":"tablet-align-left","14":"mobile-align-left","16":"first","17":"onbackorder","18":"taxable","19":"shipping-taxable","20":"purchasable","21":"product-type-simple"},"acf":[],"_links":{"self":[{"href":"https:\/\/ztsports.com\/fr\/wp-json\/wp\/v2\/product\/19058","targetHints":{"allow":["GET"]}}],"collection":[{"href":"https:\/\/ztsports.com\/fr\/wp-json\/wp\/v2\/product"}],"about":[{"href":"https:\/\/ztsports.com\/fr\/wp-json\/wp\/v2\/types\/product"}],"replies":[{"embeddable":true,"href":"https:\/\/ztsports.com\/fr\/wp-json\/wp\/v2\/comments?post=19058"}],"version-history":[{"count":2,"href":"https:\/\/ztsports.com\/fr\/wp-json\/wp\/v2\/product\/19058\/revisions"}],"predecessor-version":[{"id":25580,"href":"https:\/\/ztsports.com\/fr\/wp-json\/wp\/v2\/product\/19058\/revisions\/25580"}],"wp:featuredmedia":[{"embeddable":true,"href":"https:\/\/ztsports.com\/fr\/wp-json\/wp\/v2\/media\/18460"}],"wp:attachment":[{"href":"https:\/\/ztsports.com\/fr\/wp-json\/wp\/v2\/media?parent=19058"}],"wp:term":[{"taxonomy":"product_brand","embeddable":true,"href":"https:\/\/ztsports.com\/fr\/wp-json\/wp\/v2\/product_brand?post=19058"},{"taxonomy":"product_cat","embeddable":true,"href":"https:\/\/ztsports.com\/fr\/wp-json\/wp\/v2\/product_cat?post=19058"},{"taxonomy":"product_tag","embeddable":true,"href":"https:\/\/ztsports.com\/fr\/wp-json\/wp\/v2\/product_tag?post=19058"}],"curies":[{"name":"wp","href":"https:\/\/api.w.org\/{rel}","templated":true}]}}