{"id":19056,"date":"2021-09-23T02:48:40","date_gmt":"2021-09-23T02:48:40","guid":{"rendered":"https:\/\/ztsports.com\/?post_type=product&#038;p=19056"},"modified":"2026-04-16T19:51:07","modified_gmt":"2026-04-16T19:51:07","slug":"jauge-de-rayon-evo","status":"publish","type":"product","link":"https:\/\/ztsports.com\/fr\/store\/jauge-de-rayon-evo\/","title":{"rendered":"Jauge de rayon EVO Blade avec \u00e9tui"},"content":{"rendered":"<h1><strong>Jauge de rayon EVO Blade avec \u00e9tui rigide<\/strong><\/h1>\n<p>La jauge de rayon de lame EVO a une base en aluminium CNC avec une pr\u00e9cision de 0,0001. Cette jauge de rayon pour patins de vitesse est livr\u00e9e avec une <strong>mallette \u00e0 coque dure.<\/strong><\/p>\n<p>Avec des inserts en mousse pour une protection suppl\u00e9mentaire, une r\u00e8gle pour assurer une r\u00e9p\u00e9tabilit\u00e9 pr\u00e9cise et un tableau de mesure de rayon imprim\u00e9 sur la base pour une r\u00e9f\u00e9rence pratique. Ce gabarit de rayon de lame<\/p>\n<p>EVO est le m\u00eame que le gabarit de rayon de lame Skate-Tec. <a href=\"https:\/\/ztsports.com\/produit\/skate-tec-gauge\/?lang=fr\"><strong>Radius Gage de Skate-Tec<\/strong><\/a>mais en noir.<\/p>\n<p>Vid\u00e9o de v\u00e9rification de la courbure et de l&#8217;inclinaison \u00e0 l&#8217;aide d&#8217;une<strong> <a href=\"https:\/\/ztsports.com\/product-category\/sharpening\/benders-and-gages-sharpening\/\">jauge<\/a><\/strong><strong> <a href=\"https:\/\/www.youtube.com\/watch?v=Wcjvgt_6sKg\" target=\"_blank\" rel=\"noopener\">de rayon (YouTube clip)<\/a>.<\/strong><\/p>\n","protected":false},"excerpt":{"rendered":"<p>Jauge de rayon EVO Blade avec \u00e9tui rigide La jauge de rayon de lame EVO a une base en aluminium CNC avec une pr\u00e9cision de 0,0001. Cette jauge de rayon pour patins de vitesse est livr\u00e9e avec une mallette \u00e0 coque dure. Avec des inserts en mousse pour une protection suppl\u00e9mentaire, une r\u00e8gle pour assurer [&hellip;]<\/p>\n","protected":false},"featured_media":18454,"comment_status":"open","ping_status":"closed","template":"","meta":{"_acf_changed":false,"_monsterinsights_skip_tracking":false,"_monsterinsights_sitenote_active":false,"_monsterinsights_sitenote_note":"","_monsterinsights_sitenote_category":0,"_uf_show_specific_survey":0,"_uf_disable_surveys":false,"site-sidebar-layout":"default","site-content-layout":"","ast-site-content-layout":"default","site-content-style":"default","site-sidebar-style":"default","ast-global-header-display":"","ast-banner-title-visibility":"","ast-main-header-display":"","ast-hfb-above-header-display":"","ast-hfb-below-header-display":"","ast-hfb-mobile-header-display":"","site-post-title":"","ast-breadcrumbs-content":"","ast-featured-img":"","footer-sml-layout":"","ast-disable-related-posts":"","theme-transparent-header-meta":"default","adv-header-id-meta":"","stick-header-meta":"","header-above-stick-meta":"","header-main-stick-meta":"","header-below-stick-meta":"","astra-migrate-meta-layouts":"set","ast-page-background-enabled":"default","ast-page-background-meta":{"desktop":{"background-color":"","background-image":"","background-repeat":"repeat","background-position":"center center","background-size":"auto","background-attachment":"scroll","background-type":"","background-media":"","overlay-type":"","overlay-color":"","overlay-opacity":"","overlay-gradient":""},"tablet":{"background-color":"","background-image":"","background-repeat":"repeat","background-position":"center center","background-size":"auto","background-attachment":"scroll","background-type":"","background-media":"","overlay-type":"","overlay-color":"","overlay-opacity":"","overlay-gradient":""},"mobile":{"background-color":"","background-image":"","background-repeat":"repeat","background-position":"center center","background-size":"auto","background-attachment":"scroll","background-type":"","background-media":"","overlay-type":"","overlay-color":"","overlay-opacity":"","overlay-gradient":""}},"ast-content-background-meta":{"desktop":{"background-color":"var(--ast-global-color-5)","background-image":"","background-repeat":"repeat","background-position":"center center","background-size":"auto","background-attachment":"scroll","background-type":"","background-media":"","overlay-type":"","overlay-color":"","overlay-opacity":"","overlay-gradient":""},"tablet":{"background-color":"var(--ast-global-color-5)","background-image":"","background-repeat":"repeat","background-position":"center center","background-size":"auto","background-attachment":"scroll","background-type":"","background-media":"","overlay-type":"","overlay-color":"","overlay-opacity":"","overlay-gradient":""},"mobile":{"background-color":"var(--ast-global-color-5)","background-image":"","background-repeat":"repeat","background-position":"center center","background-size":"auto","background-attachment":"scroll","background-type":"","background-media":"","overlay-type":"","overlay-color":"","overlay-opacity":"","overlay-gradient":""}}},"product_brand":[3297,3338],"product_cat":[3553,3393,3600,3514,3603],"product_tag":[1881,3604,3605,3606,3607,3608,3609,3602],"class_list":{"0":"post-19056","1":"product","2":"type-product","3":"status-publish","4":"has-post-thumbnail","6":"product_brand-evo","7":"product_brand-skate-tec","8":"product_cat-aides-a-lentrainement-et-a-la-formation","9":"product_cat-aiguisage","10":"product_cat-cintreuses-et-jauges","11":"product_cat-entretien-des-lames","12":"product_cat-jauges","13":"product_tag-evo","14":"product_tag-jauge-de-rayon","15":"product_tag-jauge-de-rayon-alpha","16":"product_tag-jauge-de-rayon-de-lame","17":"product_tag-jauge-de-rayon-evo","18":"product_tag-jauge-de-rayon-skate-tec","19":"product_tag-jauge-de-rayon-skate-tecblade","20":"product_tag-lame-matinence","21":"desktop-align-left","22":"tablet-align-left","23":"mobile-align-left","25":"first","26":"instock","27":"taxable","28":"shipping-taxable","29":"purchasable","30":"product-type-simple"},"acf":[],"_links":{"self":[{"href":"https:\/\/ztsports.com\/fr\/wp-json\/wp\/v2\/product\/19056","targetHints":{"allow":["GET"]}}],"collection":[{"href":"https:\/\/ztsports.com\/fr\/wp-json\/wp\/v2\/product"}],"about":[{"href":"https:\/\/ztsports.com\/fr\/wp-json\/wp\/v2\/types\/product"}],"replies":[{"embeddable":true,"href":"https:\/\/ztsports.com\/fr\/wp-json\/wp\/v2\/comments?post=19056"}],"version-history":[{"count":1,"href":"https:\/\/ztsports.com\/fr\/wp-json\/wp\/v2\/product\/19056\/revisions"}],"predecessor-version":[{"id":19057,"href":"https:\/\/ztsports.com\/fr\/wp-json\/wp\/v2\/product\/19056\/revisions\/19057"}],"wp:featuredmedia":[{"embeddable":true,"href":"https:\/\/ztsports.com\/fr\/wp-json\/wp\/v2\/media\/18454"}],"wp:attachment":[{"href":"https:\/\/ztsports.com\/fr\/wp-json\/wp\/v2\/media?parent=19056"}],"wp:term":[{"taxonomy":"product_brand","embeddable":true,"href":"https:\/\/ztsports.com\/fr\/wp-json\/wp\/v2\/product_brand?post=19056"},{"taxonomy":"product_cat","embeddable":true,"href":"https:\/\/ztsports.com\/fr\/wp-json\/wp\/v2\/product_cat?post=19056"},{"taxonomy":"product_tag","embeddable":true,"href":"https:\/\/ztsports.com\/fr\/wp-json\/wp\/v2\/product_tag?post=19056"}],"curies":[{"name":"wp","href":"https:\/\/api.w.org\/{rel}","templated":true}]}}