{"id":19054,"date":"2021-09-23T02:49:51","date_gmt":"2021-09-23T02:49:51","guid":{"rendered":"https:\/\/ztsports.com\/?post_type=product&#038;p=19054"},"modified":"2026-04-15T23:07:41","modified_gmt":"2026-04-15T23:07:41","slug":"maplez-mi-bender","status":"publish","type":"product","link":"https:\/\/ztsports.com\/fr\/store\/maplez-mi-bender\/","title":{"rendered":"MapleZ Mi-Bender pour les lames Short Track"},"content":{"rendered":"<h1>MapleZ Mi-Bender pour lame courte piste<\/h1>\n<p>MapleZ Mi-Bender, le Mi signifie <strong>Maple Intelligent<\/strong>. Une nouvelle norme de qualit\u00e9 qui repr\u00e9sente une s\u00e9rie de nouveaux produits pens\u00e9s par des esprits intelligents et cr\u00e9atifs. Plus encore avec l&#8217;id\u00e9e de changer l&#8217;avenir du patinage sur glace pour le meilleur.<\/p>\n<h3><strong>Pression directe :<\/strong><\/h3>\n<p>Mi-Bender n&#8217;a pas de roue. qui tendait toujours vers le c\u00f4t\u00e9 gauche lorsqu&#8217;elle exer\u00e7ait une pression. Mi-Bender fonctionne avec un nouveau syst\u00e8me r\u00e9volutionnaire qui permet de pousser directement vers le bas. La pression est ainsi exerc\u00e9e exactement l\u00e0 o\u00f9 elle est n\u00e9cessaire. De plus, gr\u00e2ce \u00e0 ce syst\u00e8me de pression, il est tr\u00e8s facile de r\u00e9gler parfaitement la quantit\u00e9 de pression. Ce syst\u00e8me permet de travailler tr\u00e8s facilement avec le Mi-Bender et de r\u00e9duire consid\u00e9rablement la puissance n\u00e9cessaire pour plier la lame.<\/p>\n<p>The pressure \u2018block\u2019 is made out of aluminum and has a wider contact with the blade so that no dents are being made in the tube. En revanche, les bosses s&#8217;\u00e9liminent plus facilement en raison de la forme du bloc de pression. And of course the aluminum block is more solid and will not wear out as easy as the plastic wheels from the past.<\/p>\n<p>You can use the Mi-Bender on all types of short track blades, since it has the possibility of turning around the place holders and the pressure block, making it compatible for whatever tube you want to bend, without damaging it because of an imperfect fit. So we can easily say it is the most universal bender on the market.<\/p>\n<p>Travailler avec le Mi-Bender est un jeu d&#8217;enfant. Il est aussi stable qu&#8217;un roc, m\u00eame s&#8217;il est tr\u00e8s l\u00e9ger (pour une cintreuse), c&#8217;est une machine tr\u00e8s solide. Le Maple Mi-Bender p\u00e8se moins de 3 kg, ce qui est tr\u00e8s pratique pour se rendre en avion \u00e0 des \u00e9v\u00e9nements.<\/p>\n<pre id=\"tw-target-text\" class=\"tw-data-text tw-text-large tw-ta\" dir=\"ltr\" data-placeholder=\"Translation\"><span class=\"Y2IQFc\" lang=\"en\">In Addition a video on <strong><a href=\"https:\/\/www.youtube.com\/watch?v=Wcjvgt_6sKg\" target=\"_blank\" rel=\"noopener\">Bending and checking blades rocker<\/a>.<\/strong>\r\n\r\nLastly check out al our <a href=\"https:\/\/ztsports.com\/product-category\/sharpening\/benders-and-gages-sharpening\/\"><strong>Benders Blade Maintenance tools<\/strong>.<\/a><\/span><\/pre>\n","protected":false},"excerpt":{"rendered":"<p>MapleZ Mi-Bender pour lame courte piste MapleZ Mi-Bender, le Mi signifie Maple Intelligent. Une nouvelle norme de qualit\u00e9 qui repr\u00e9sente une s\u00e9rie de nouveaux produits pens\u00e9s par des esprits intelligents et cr\u00e9atifs. Plus encore avec l&#8217;id\u00e9e de changer l&#8217;avenir du patinage sur glace pour le meilleur. Pression directe : Mi-Bender n&#8217;a pas de roue. qui [&hellip;]<\/p>\n","protected":false},"featured_media":18452,"comment_status":"open","ping_status":"closed","template":"","meta":{"_acf_changed":false,"_monsterinsights_skip_tracking":false,"_monsterinsights_sitenote_active":false,"_monsterinsights_sitenote_note":"","_monsterinsights_sitenote_category":0,"_uf_show_specific_survey":0,"_uf_disable_surveys":false,"site-sidebar-layout":"default","site-content-layout":"","ast-site-content-layout":"default","site-content-style":"default","site-sidebar-style":"default","ast-global-header-display":"","ast-banner-title-visibility":"","ast-main-header-display":"","ast-hfb-above-header-display":"","ast-hfb-below-header-display":"","ast-hfb-mobile-header-display":"","site-post-title":"","ast-breadcrumbs-content":"","ast-featured-img":"","footer-sml-layout":"","ast-disable-related-posts":"","theme-transparent-header-meta":"default","adv-header-id-meta":"","stick-header-meta":"","header-above-stick-meta":"","header-main-stick-meta":"","header-below-stick-meta":"","astra-migrate-meta-layouts":"set","ast-page-background-enabled":"default","ast-page-background-meta":{"desktop":{"background-color":"","background-image":"","background-repeat":"repeat","background-position":"center center","background-size":"auto","background-attachment":"scroll","background-type":"","background-media":"","overlay-type":"","overlay-color":"","overlay-opacity":"","overlay-gradient":""},"tablet":{"background-color":"","background-image":"","background-repeat":"repeat","background-position":"center center","background-size":"auto","background-attachment":"scroll","background-type":"","background-media":"","overlay-type":"","overlay-color":"","overlay-opacity":"","overlay-gradient":""},"mobile":{"background-color":"","background-image":"","background-repeat":"repeat","background-position":"center center","background-size":"auto","background-attachment":"scroll","background-type":"","background-media":"","overlay-type":"","overlay-color":"","overlay-opacity":"","overlay-gradient":""}},"ast-content-background-meta":{"desktop":{"background-color":"var(--ast-global-color-5)","background-image":"","background-repeat":"repeat","background-position":"center center","background-size":"auto","background-attachment":"scroll","background-type":"","background-media":"","overlay-type":"","overlay-color":"","overlay-opacity":"","overlay-gradient":""},"tablet":{"background-color":"var(--ast-global-color-5)","background-image":"","background-repeat":"repeat","background-position":"center center","background-size":"auto","background-attachment":"scroll","background-type":"","background-media":"","overlay-type":"","overlay-color":"","overlay-opacity":"","overlay-gradient":""},"mobile":{"background-color":"var(--ast-global-color-5)","background-image":"","background-repeat":"repeat","background-position":"center center","background-size":"auto","background-attachment":"scroll","background-type":"","background-media":"","overlay-type":"","overlay-color":"","overlay-opacity":"","overlay-gradient":""}}},"product_brand":[],"product_cat":[3600],"product_tag":[3601,3565,3602],"class_list":{"0":"post-19054","1":"product","2":"type-product","3":"status-publish","4":"has-post-thumbnail","6":"product_cat-cintreuses-et-jauges","7":"product_tag-cintreuse-de-lames","8":"product_tag-erablez","9":"product_tag-lame-matinence","10":"desktop-align-left","11":"tablet-align-left","12":"mobile-align-left","14":"first","15":"instock","16":"sale","17":"taxable","18":"shipping-taxable","19":"purchasable","20":"product-type-simple"},"acf":[],"_links":{"self":[{"href":"https:\/\/ztsports.com\/fr\/wp-json\/wp\/v2\/product\/19054","targetHints":{"allow":["GET"]}}],"collection":[{"href":"https:\/\/ztsports.com\/fr\/wp-json\/wp\/v2\/product"}],"about":[{"href":"https:\/\/ztsports.com\/fr\/wp-json\/wp\/v2\/types\/product"}],"replies":[{"embeddable":true,"href":"https:\/\/ztsports.com\/fr\/wp-json\/wp\/v2\/comments?post=19054"}],"version-history":[{"count":1,"href":"https:\/\/ztsports.com\/fr\/wp-json\/wp\/v2\/product\/19054\/revisions"}],"predecessor-version":[{"id":19055,"href":"https:\/\/ztsports.com\/fr\/wp-json\/wp\/v2\/product\/19054\/revisions\/19055"}],"wp:featuredmedia":[{"embeddable":true,"href":"https:\/\/ztsports.com\/fr\/wp-json\/wp\/v2\/media\/18452"}],"wp:attachment":[{"href":"https:\/\/ztsports.com\/fr\/wp-json\/wp\/v2\/media?parent=19054"}],"wp:term":[{"taxonomy":"product_brand","embeddable":true,"href":"https:\/\/ztsports.com\/fr\/wp-json\/wp\/v2\/product_brand?post=19054"},{"taxonomy":"product_cat","embeddable":true,"href":"https:\/\/ztsports.com\/fr\/wp-json\/wp\/v2\/product_cat?post=19054"},{"taxonomy":"product_tag","embeddable":true,"href":"https:\/\/ztsports.com\/fr\/wp-json\/wp\/v2\/product_tag?post=19054"}],"curies":[{"name":"wp","href":"https:\/\/api.w.org\/{rel}","templated":true}]}}