{"id":19052,"date":"2021-09-23T02:49:52","date_gmt":"2021-09-23T02:49:52","guid":{"rendered":"https:\/\/ztsports.com\/?post_type=product&#038;p=19052"},"modified":"2026-04-16T02:38:44","modified_gmt":"2026-04-16T02:38:44","slug":"speedskating-training-belts","status":"publish","type":"product","link":"https:\/\/ztsports.com\/fr\/store\/speedskating-training-belts\/","title":{"rendered":"TECHNICORDS SPEEDSKATING TRAINING BELTS"},"content":{"rendered":"<h1>TECHNICORDS SPEEDSKATING TRAINING BELTS<\/h1>\n<p>Les ceintures d&#8217;entra\u00eenement TECHNICORDS SPEEDSKATING vous aideront \u00e0 am\u00e9liorer votre position corporelle, votre stabilit\u00e9 et votre puissance. Notre ceinture est suffisamment petite pour \u00eatre gliss\u00e9e dans votre sac de patinage de vitesse et vous accompagner dans tous vos d\u00e9placements. Pour vous aider \u00e0 am\u00e9liorer vos performances, faites confiance aux ceintures d&#8217;entra\u00eenement de patinage de vitesse TECHNICORDS&#8230;. Le mat\u00e9riel d&#8217;entra\u00eenement recommand\u00e9 par le champion du monde 2018, <a href=\"https:\/\/olympic.ca\/team-canada\/charles-hamelin\/\" target=\"_blank\" rel=\"noopener\">Charles Hamelin <\/a><\/p>\n<h2>TECHNICORDS SPEEDSKATING TRAINING BELTS<\/h2>\n<p>Que vous travailliez les croisements ou les mont\u00e9es-descentes, les Technicordes vous aideront \u00e0 perfectionner la position de votre corps. En outre, ils veillent \u00e0 ce que vous exerciez une plus grande pression sur la glace. Sans oublier qu&#8217;ils sont suffisamment petits pour tenir dans votre sac de patinage de vitesse et vous accompagner partout, tout en \u00e9tant suffisamment puissants pour vous aider \u00e0 passer au niveau sup\u00e9rieur.<\/p>\n<p>Dimensions : 118&#8243; X 2&#8243; (300 cm X 5 cm)\u00a0TECHNICORDS SPEEDSKATING TRAINING BELTS<\/p>\n<p>D\u00e9couvrez ces exercices g\u00e9niaux que vous pouvez faire avec une ceinture et une barre.<\/p>\n<p><a href=\"https:\/\/www.youtube.com\/watch?v=lLMWAMaCTKs&amp;t=24s\" target=\"_blank\" rel=\"noopener\"><strong>exercices g\u00e9niaux que vous pouvez faire avec juste une ceinture et une barre !<\/strong><\/a><\/p>\n<p>Retrouvez-nous sur Instagram @Elite_Performance_Training pour une tonne d&#8217;autres s\u00e9ances d&#8217;entra\u00eenement et d&#8217;exercices !<\/p>\n<p>Enfin, vous pouvez consulter tous nos <a href=\"https:\/\/ztsports.com\/product-category\/coaching-training-aids\/\"><strong>aides au coaching et \u00e0 l&#8217;entra\u00eenement ici<\/strong><\/a>.<\/p>\n","protected":false},"excerpt":{"rendered":"<p>TECHNICORDS SPEEDSKATING TRAINING BELTS Les ceintures d&#8217;entra\u00eenement TECHNICORDS SPEEDSKATING vous aideront \u00e0 am\u00e9liorer votre position corporelle, votre stabilit\u00e9 et votre puissance. Notre ceinture est suffisamment petite pour \u00eatre gliss\u00e9e dans votre sac de patinage de vitesse et vous accompagner dans tous vos d\u00e9placements. Pour vous aider \u00e0 am\u00e9liorer vos performances, faites confiance aux ceintures d&#8217;entra\u00eenement [&hellip;]<\/p>\n","protected":false},"featured_media":18449,"comment_status":"open","ping_status":"closed","template":"","meta":{"_acf_changed":false,"_monsterinsights_skip_tracking":false,"_monsterinsights_sitenote_active":false,"_monsterinsights_sitenote_note":"","_monsterinsights_sitenote_category":0,"_uf_show_specific_survey":0,"_uf_disable_surveys":false,"site-sidebar-layout":"default","site-content-layout":"","ast-site-content-layout":"default","site-content-style":"default","site-sidebar-style":"default","ast-global-header-display":"","ast-banner-title-visibility":"","ast-main-header-display":"","ast-hfb-above-header-display":"","ast-hfb-below-header-display":"","ast-hfb-mobile-header-display":"","site-post-title":"","ast-breadcrumbs-content":"","ast-featured-img":"","footer-sml-layout":"","ast-disable-related-posts":"","theme-transparent-header-meta":"default","adv-header-id-meta":"","stick-header-meta":"","header-above-stick-meta":"","header-main-stick-meta":"","header-below-stick-meta":"","astra-migrate-meta-layouts":"set","ast-page-background-enabled":"default","ast-page-background-meta":{"desktop":{"background-color":"","background-image":"","background-repeat":"repeat","background-position":"center center","background-size":"auto","background-attachment":"scroll","background-type":"","background-media":"","overlay-type":"","overlay-color":"","overlay-opacity":"","overlay-gradient":""},"tablet":{"background-color":"","background-image":"","background-repeat":"repeat","background-position":"center center","background-size":"auto","background-attachment":"scroll","background-type":"","background-media":"","overlay-type":"","overlay-color":"","overlay-opacity":"","overlay-gradient":""},"mobile":{"background-color":"","background-image":"","background-repeat":"repeat","background-position":"center center","background-size":"auto","background-attachment":"scroll","background-type":"","background-media":"","overlay-type":"","overlay-color":"","overlay-opacity":"","overlay-gradient":""}},"ast-content-background-meta":{"desktop":{"background-color":"var(--ast-global-color-5)","background-image":"","background-repeat":"repeat","background-position":"center center","background-size":"auto","background-attachment":"scroll","background-type":"","background-media":"","overlay-type":"","overlay-color":"","overlay-opacity":"","overlay-gradient":""},"tablet":{"background-color":"var(--ast-global-color-5)","background-image":"","background-repeat":"repeat","background-position":"center center","background-size":"auto","background-attachment":"scroll","background-type":"","background-media":"","overlay-type":"","overlay-color":"","overlay-opacity":"","overlay-gradient":""},"mobile":{"background-color":"var(--ast-global-color-5)","background-image":"","background-repeat":"repeat","background-position":"center center","background-size":"auto","background-attachment":"scroll","background-type":"","background-media":"","overlay-type":"","overlay-color":"","overlay-opacity":"","overlay-gradient":""}}},"product_brand":[3348],"product_cat":[3389,3392,3553,3489],"product_tag":[3598,3599,2356,2357],"class_list":{"0":"post-19052","1":"product","2":"type-product","3":"status-publish","4":"has-post-thumbnail","6":"product_brand-technicords","7":"product_cat-accessoires-longue-piste","8":"product_cat-accessoires-short-track","9":"product_cat-aides-a-lentrainement-et-a-la-formation","10":"product_cat-offres-de-club","11":"product_tag-aide-a-la-formation","12":"product_tag-ceintures-de-coner","13":"product_tag-technicords-speedskating","14":"product_tag-training-belts","15":"desktop-align-left","16":"tablet-align-left","17":"mobile-align-left","19":"first","20":"instock","21":"taxable","22":"shipping-taxable","23":"purchasable","24":"product-type-simple"},"acf":[],"_links":{"self":[{"href":"https:\/\/ztsports.com\/fr\/wp-json\/wp\/v2\/product\/19052","targetHints":{"allow":["GET"]}}],"collection":[{"href":"https:\/\/ztsports.com\/fr\/wp-json\/wp\/v2\/product"}],"about":[{"href":"https:\/\/ztsports.com\/fr\/wp-json\/wp\/v2\/types\/product"}],"replies":[{"embeddable":true,"href":"https:\/\/ztsports.com\/fr\/wp-json\/wp\/v2\/comments?post=19052"}],"version-history":[{"count":3,"href":"https:\/\/ztsports.com\/fr\/wp-json\/wp\/v2\/product\/19052\/revisions"}],"predecessor-version":[{"id":25524,"href":"https:\/\/ztsports.com\/fr\/wp-json\/wp\/v2\/product\/19052\/revisions\/25524"}],"wp:featuredmedia":[{"embeddable":true,"href":"https:\/\/ztsports.com\/fr\/wp-json\/wp\/v2\/media\/18449"}],"wp:attachment":[{"href":"https:\/\/ztsports.com\/fr\/wp-json\/wp\/v2\/media?parent=19052"}],"wp:term":[{"taxonomy":"product_brand","embeddable":true,"href":"https:\/\/ztsports.com\/fr\/wp-json\/wp\/v2\/product_brand?post=19052"},{"taxonomy":"product_cat","embeddable":true,"href":"https:\/\/ztsports.com\/fr\/wp-json\/wp\/v2\/product_cat?post=19052"},{"taxonomy":"product_tag","embeddable":true,"href":"https:\/\/ztsports.com\/fr\/wp-json\/wp\/v2\/product_tag?post=19052"}],"curies":[{"name":"wp","href":"https:\/\/api.w.org\/{rel}","templated":true}]}}