{"id":19050,"date":"2021-09-23T02:51:02","date_gmt":"2021-09-23T02:51:02","guid":{"rendered":"https:\/\/ztsports.com\/?post_type=product&#038;p=19050"},"modified":"2026-02-02T20:00:12","modified_gmt":"2026-02-02T20:00:12","slug":"protection-des-poignets","status":"publish","type":"product","link":"https:\/\/ztsports.com\/fr\/store\/protection-des-poignets\/","title":{"rendered":"Protection des poignets contre les coupures"},"content":{"rendered":"<h1 id=\"tw-target-text\" class=\"tw-data-text tw-text-large tw-ta\" dir=\"ltr\" data-placeholder=\"Translation\">Protection des poignets contre les coupures<\/h1>\n<p>La protection du poignet contre les coupures est fabriqu\u00e9e en dyneema.<\/p>\n<p>L&#8217;ultime d\u00e9fense pour vos poignets sur la glace. Aidez \u00e0 pr\u00e9venir les blessures au poignet en choisissant le meilleur. Profitez d&#8217;une protection maximale avec la protection de poignet Apogee en dyneema. Id\u00e9al pour le patineur qui a grandi, exposant la peau entre la combinaison et le gant.<\/p>\n<p>En outre Fabriqu\u00e9 au Canada.<\/p>\n<p>Il s&#8217;agit d&#8217;un \u00e9l\u00e9ment optionnel pour le Short Track mais fortement recommand\u00e9.<\/p>\n<p><strong><span class=\"Y2IQFc\" lang=\"en\">FPVQ ET <a href=\"https:\/\/www.ontariospeedskating.ca\/safety-equipment\" target=\"_blank\" rel=\"noopener\">OSSA : Accessoire obligatoire<\/a> en comp\u00e9tition.<\/span><\/strong><\/p>\n<p>Enfin, v\u00e9rifiez tout ce qui suit <a href=\"https:\/\/ztsports.com\/product-category\/speed-skating-protection-equipment\/cut-resistant-protection\/\"><strong>Protection contre les coupures<\/strong><\/a>ici.<\/p>\n","protected":false},"excerpt":{"rendered":"<p>Protection des poignets contre les coupures La protection du poignet contre les coupures est fabriqu\u00e9e en dyneema. L&#8217;ultime d\u00e9fense pour vos poignets sur la glace. Aidez \u00e0 pr\u00e9venir les blessures au poignet en choisissant le meilleur. Profitez d&#8217;une protection maximale avec la protection de poignet Apogee en dyneema. Id\u00e9al pour le patineur qui a grandi, [&hellip;]<\/p>\n","protected":false},"featured_media":18446,"comment_status":"open","ping_status":"closed","template":"","meta":{"_acf_changed":false,"_monsterinsights_skip_tracking":false,"_monsterinsights_sitenote_active":false,"_monsterinsights_sitenote_note":"","_monsterinsights_sitenote_category":0,"_uf_show_specific_survey":0,"_uf_disable_surveys":false,"site-sidebar-layout":"default","site-content-layout":"","ast-site-content-layout":"default","site-content-style":"default","site-sidebar-style":"default","ast-global-header-display":"","ast-banner-title-visibility":"","ast-main-header-display":"","ast-hfb-above-header-display":"","ast-hfb-below-header-display":"","ast-hfb-mobile-header-display":"","site-post-title":"","ast-breadcrumbs-content":"","ast-featured-img":"","footer-sml-layout":"","ast-disable-related-posts":"","theme-transparent-header-meta":"default","adv-header-id-meta":"","stick-header-meta":"","header-above-stick-meta":"","header-main-stick-meta":"","header-below-stick-meta":"","astra-migrate-meta-layouts":"set","ast-page-background-enabled":"default","ast-page-background-meta":{"desktop":{"background-color":"","background-image":"","background-repeat":"repeat","background-position":"center center","background-size":"auto","background-attachment":"scroll","background-type":"","background-media":"","overlay-type":"","overlay-color":"","overlay-opacity":"","overlay-gradient":""},"tablet":{"background-color":"","background-image":"","background-repeat":"repeat","background-position":"center center","background-size":"auto","background-attachment":"scroll","background-type":"","background-media":"","overlay-type":"","overlay-color":"","overlay-opacity":"","overlay-gradient":""},"mobile":{"background-color":"","background-image":"","background-repeat":"repeat","background-position":"center center","background-size":"auto","background-attachment":"scroll","background-type":"","background-media":"","overlay-type":"","overlay-color":"","overlay-opacity":"","overlay-gradient":""}},"ast-content-background-meta":{"desktop":{"background-color":"var(--ast-global-color-5)","background-image":"","background-repeat":"repeat","background-position":"center center","background-size":"auto","background-attachment":"scroll","background-type":"","background-media":"","overlay-type":"","overlay-color":"","overlay-opacity":"","overlay-gradient":""},"tablet":{"background-color":"var(--ast-global-color-5)","background-image":"","background-repeat":"repeat","background-position":"center center","background-size":"auto","background-attachment":"scroll","background-type":"","background-media":"","overlay-type":"","overlay-color":"","overlay-opacity":"","overlay-gradient":""},"mobile":{"background-color":"var(--ast-global-color-5)","background-image":"","background-repeat":"repeat","background-position":"center center","background-size":"auto","background-attachment":"scroll","background-type":"","background-media":"","overlay-type":"","overlay-color":"","overlay-opacity":"","overlay-gradient":""}}},"product_brand":[],"product_cat":[3596,3483,3421,3482],"product_tag":[3597],"class_list":{"0":"post-19050","1":"product","2":"type-product","3":"status-publish","4":"has-post-thumbnail","6":"product_cat-costumes-resistants-aux-coupures","7":"product_cat-gants","8":"product_cat-protection-bebe-inferieure","9":"product_cat-protection-contre-les-coupures","10":"product_tag-protection-contre-les-lacerations","11":"desktop-align-left","12":"tablet-align-left","13":"mobile-align-left","15":"first","16":"instock","17":"taxable","18":"shipping-taxable","19":"purchasable","20":"product-type-simple"},"acf":[],"_links":{"self":[{"href":"https:\/\/ztsports.com\/fr\/wp-json\/wp\/v2\/product\/19050","targetHints":{"allow":["GET"]}}],"collection":[{"href":"https:\/\/ztsports.com\/fr\/wp-json\/wp\/v2\/product"}],"about":[{"href":"https:\/\/ztsports.com\/fr\/wp-json\/wp\/v2\/types\/product"}],"replies":[{"embeddable":true,"href":"https:\/\/ztsports.com\/fr\/wp-json\/wp\/v2\/comments?post=19050"}],"version-history":[{"count":1,"href":"https:\/\/ztsports.com\/fr\/wp-json\/wp\/v2\/product\/19050\/revisions"}],"predecessor-version":[{"id":19051,"href":"https:\/\/ztsports.com\/fr\/wp-json\/wp\/v2\/product\/19050\/revisions\/19051"}],"wp:featuredmedia":[{"embeddable":true,"href":"https:\/\/ztsports.com\/fr\/wp-json\/wp\/v2\/media\/18446"}],"wp:attachment":[{"href":"https:\/\/ztsports.com\/fr\/wp-json\/wp\/v2\/media?parent=19050"}],"wp:term":[{"taxonomy":"product_brand","embeddable":true,"href":"https:\/\/ztsports.com\/fr\/wp-json\/wp\/v2\/product_brand?post=19050"},{"taxonomy":"product_cat","embeddable":true,"href":"https:\/\/ztsports.com\/fr\/wp-json\/wp\/v2\/product_cat?post=19050"},{"taxonomy":"product_tag","embeddable":true,"href":"https:\/\/ztsports.com\/fr\/wp-json\/wp\/v2\/product_tag?post=19050"}],"curies":[{"name":"wp","href":"https:\/\/api.w.org\/{rel}","templated":true}]}}