{"id":19048,"date":"2021-09-23T02:51:04","date_gmt":"2021-09-23T02:51:04","guid":{"rendered":"https:\/\/ztsports.com\/?post_type=product&#038;p=19048"},"modified":"2026-04-15T23:01:30","modified_gmt":"2026-04-15T23:01:30","slug":"casque-de-patinage-de-vitesse-bont","status":"publish","type":"product","link":"https:\/\/ztsports.com\/fr\/store\/casque-de-patinage-de-vitesse-bont\/","title":{"rendered":"CASQUE DE PATINAGE DE VITESSE BONT NOIR"},"content":{"rendered":"<h2 id=\"tw-target-text\" class=\"tw-data-text tw-text-large tw-ta\" dir=\"ltr\" data-placeholder=\"Translation\">CASQUE DE PATINAGE DE VITESSE BONT NOIR<\/h2>\n<p>Le casque de patinage de vitesse Bont noir est sp\u00e9cialement con\u00e7u pour le patinage de vitesse. <span class=\"Y2IQFc\" lang=\"en\">Il adopte une forme arrondie pour une meilleure protection en cas d&#8217;impact. Ce <em>casque<\/em> convient \u00e0 tous les niveaux de <em>patinage de vitesse<\/em> sur courte et longue piste, du niveau d\u00e9butant au niveau avanc\u00e9. <\/span><\/p>\n<p><span class=\"Y2IQFc\" lang=\"en\">L\u00e9ger et confortable. Tr\u00e8s bonne tenue. Serrage de l&#8217;araign\u00e9e \u00e0 l&#8217;arri\u00e8re. Conforme aux r\u00e9glementations de l&#8217;ISU. <\/span><\/p>\n<p><span class=\"Y2IQFc\" lang=\"en\">Disponible en <strong>noir mat<\/strong> avec logo argent\u00e9 et en trois tailles. En outre, la molette de confort permet d&#8217;ajuster l&#8217;arri\u00e8re de la t\u00eate pour un ajustement parfait. Le pr\u00e9sent<\/span> Le casque de patinage de vitesse sur piste courte est disponible en trois tailles et trois couleurs.<\/p>\n<h4><span class=\"Y2IQFc\" lang=\"en\">Disponible en <strong>3<\/strong> tailles <\/span><\/h4>\n<p><span class=\"Y2IQFc\" lang=\"en\">XS-48-54cm <\/span><\/p>\n<p><span class=\"Y2IQFc\" lang=\"en\">S\/M-54-58cm <\/span><\/p>\n<p><span class=\"Y2IQFc\" lang=\"en\">L\/XL-58-62cm<\/span><\/p>\n<p>Enfin, beaucoup d&#8217;autres <a href=\"https:\/\/ztsports.com\/product-category\/protection\/helmets\/\"><strong>Casques Short Track ici<\/strong><\/a>.<\/p>\n","protected":false},"excerpt":{"rendered":"<p>CASQUE DE PATINAGE DE VITESSE BONT NOIR Le casque de patinage de vitesse Bont noir est sp\u00e9cialement con\u00e7u pour le patinage de vitesse. Il adopte une forme arrondie pour une meilleure protection en cas d&#8217;impact. Ce casque convient \u00e0 tous les niveaux de patinage de vitesse sur courte et longue piste, du niveau d\u00e9butant au [&hellip;]<\/p>\n","protected":false},"featured_media":18440,"comment_status":"open","ping_status":"closed","template":"","meta":{"_acf_changed":false,"_monsterinsights_skip_tracking":false,"_monsterinsights_sitenote_active":false,"_monsterinsights_sitenote_note":"","_monsterinsights_sitenote_category":0,"_uf_show_specific_survey":0,"_uf_disable_surveys":false,"site-sidebar-layout":"default","site-content-layout":"","ast-site-content-layout":"default","site-content-style":"default","site-sidebar-style":"default","ast-global-header-display":"","ast-banner-title-visibility":"","ast-main-header-display":"","ast-hfb-above-header-display":"","ast-hfb-below-header-display":"","ast-hfb-mobile-header-display":"","site-post-title":"","ast-breadcrumbs-content":"","ast-featured-img":"","footer-sml-layout":"","ast-disable-related-posts":"","theme-transparent-header-meta":"default","adv-header-id-meta":"","stick-header-meta":"","header-above-stick-meta":"","header-main-stick-meta":"","header-below-stick-meta":"","astra-migrate-meta-layouts":"set","ast-page-background-enabled":"default","ast-page-background-meta":{"desktop":{"background-color":"","background-image":"","background-repeat":"repeat","background-position":"center center","background-size":"auto","background-attachment":"scroll","background-type":"","background-media":"","overlay-type":"","overlay-color":"","overlay-opacity":"","overlay-gradient":""},"tablet":{"background-color":"","background-image":"","background-repeat":"repeat","background-position":"center center","background-size":"auto","background-attachment":"scroll","background-type":"","background-media":"","overlay-type":"","overlay-color":"","overlay-opacity":"","overlay-gradient":""},"mobile":{"background-color":"","background-image":"","background-repeat":"repeat","background-position":"center center","background-size":"auto","background-attachment":"scroll","background-type":"","background-media":"","overlay-type":"","overlay-color":"","overlay-opacity":"","overlay-gradient":""}},"ast-content-background-meta":{"desktop":{"background-color":"var(--ast-global-color-5)","background-image":"","background-repeat":"repeat","background-position":"center center","background-size":"auto","background-attachment":"scroll","background-type":"","background-media":"","overlay-type":"","overlay-color":"","overlay-opacity":"","overlay-gradient":""},"tablet":{"background-color":"var(--ast-global-color-5)","background-image":"","background-repeat":"repeat","background-position":"center center","background-size":"auto","background-attachment":"scroll","background-type":"","background-media":"","overlay-type":"","overlay-color":"","overlay-opacity":"","overlay-gradient":""},"mobile":{"background-color":"var(--ast-global-color-5)","background-image":"","background-repeat":"repeat","background-position":"center center","background-size":"auto","background-attachment":"scroll","background-type":"","background-media":"","overlay-type":"","overlay-color":"","overlay-opacity":"","overlay-gradient":""}}},"product_brand":[],"product_cat":[3589,3395,3467],"product_tag":[3591,3594,3595,3593,3497],"class_list":{"0":"post-19048","1":"product","2":"type-product","3":"status-publish","4":"has-post-thumbnail","6":"product_cat-casques","7":"product_cat-courte-piste","8":"product_cat-patinage-de-vitesse","9":"product_tag-casque-de-patinage-de-vitesse-bont","10":"product_tag-casque-de-patinage-de-vitesse-bont-noir","11":"product_tag-casque-de-patinage-de-vitesse-noir","12":"product_tag-casque-short-track","13":"product_tag-patinage-de-vitesse","14":"desktop-align-left","15":"tablet-align-left","16":"mobile-align-left","18":"first","19":"instock","20":"taxable","21":"shipping-taxable","22":"purchasable","23":"product-type-simple"},"acf":[],"_links":{"self":[{"href":"https:\/\/ztsports.com\/fr\/wp-json\/wp\/v2\/product\/19048","targetHints":{"allow":["GET"]}}],"collection":[{"href":"https:\/\/ztsports.com\/fr\/wp-json\/wp\/v2\/product"}],"about":[{"href":"https:\/\/ztsports.com\/fr\/wp-json\/wp\/v2\/types\/product"}],"replies":[{"embeddable":true,"href":"https:\/\/ztsports.com\/fr\/wp-json\/wp\/v2\/comments?post=19048"}],"version-history":[{"count":1,"href":"https:\/\/ztsports.com\/fr\/wp-json\/wp\/v2\/product\/19048\/revisions"}],"predecessor-version":[{"id":19049,"href":"https:\/\/ztsports.com\/fr\/wp-json\/wp\/v2\/product\/19048\/revisions\/19049"}],"wp:featuredmedia":[{"embeddable":true,"href":"https:\/\/ztsports.com\/fr\/wp-json\/wp\/v2\/media\/18440"}],"wp:attachment":[{"href":"https:\/\/ztsports.com\/fr\/wp-json\/wp\/v2\/media?parent=19048"}],"wp:term":[{"taxonomy":"product_brand","embeddable":true,"href":"https:\/\/ztsports.com\/fr\/wp-json\/wp\/v2\/product_brand?post=19048"},{"taxonomy":"product_cat","embeddable":true,"href":"https:\/\/ztsports.com\/fr\/wp-json\/wp\/v2\/product_cat?post=19048"},{"taxonomy":"product_tag","embeddable":true,"href":"https:\/\/ztsports.com\/fr\/wp-json\/wp\/v2\/product_tag?post=19048"}],"curies":[{"name":"wp","href":"https:\/\/api.w.org\/{rel}","templated":true}]}}