{"id":19046,"date":"2021-09-23T02:51:05","date_gmt":"2021-09-23T02:51:05","guid":{"rendered":"https:\/\/ztsports.com\/?post_type=product&#038;p=19046"},"modified":"2026-04-15T23:06:34","modified_gmt":"2026-04-15T23:06:34","slug":"casque-de-patinage-bont","status":"publish","type":"product","link":"https:\/\/ztsports.com\/fr\/store\/casque-de-patinage-bont\/","title":{"rendered":"CASQUE DE PATINAGE DE VITESSE BONT BLANC"},"content":{"rendered":"<h1 id=\"tw-target-text\" class=\"tw-data-text tw-text-large tw-ta\" dir=\"ltr\" data-placeholder=\"Translation\"><span class=\"Y2IQFc\" lang=\"en\">CASQUE DE PATINAGE DE VITESSE BONT BLANC<\/span><\/h1>\n<h5 class=\"serp-title\">CASQUE DE PATINAGE BONT<\/h5>\n<p>Le casque de patinage de vitesse Bont en blanc rencontre<span class=\"Y2IQFc\" lang=\"en\"> toutes les normes de s\u00e9curit\u00e9 du patinage de vitesse sur piste courte. Il adopte une forme arrondie pour une meilleure protection en cas d&#8217;impact. En outre, le casque est \u00e9galement adapt\u00e9 au patinage de vitesse sur glace longue piste. <\/span><\/p>\n<p><span class=\"Y2IQFc\" lang=\"en\">De plus, cette version du casque Bont est d&#8217;un blanc brillant et est disponible en 2 tailles Small\/Medium et Medium\/Large. Ce casque convient \u00e0 tous les niveaux de patinage de vitesse sur courte et longue piste, du niveau d\u00e9butant au niveau avanc\u00e9. L&#8217;arri\u00e8re du casque est \u00e9quip\u00e9 d&#8217;un bouton de r\u00e9glage permettant de serrer le casque sur la t\u00eate. <\/span><\/p>\n<p class=\"serp-title\">CASQUE DE PATINAGE BONT <span class=\"Y2IQFc\" lang=\"en\"><strong>Disponible en 2 tailles <\/strong><\/span><\/p>\n<p><span class=\"Y2IQFc\" lang=\"en\">54-58cm S\/M<\/span><\/p>\n<p>58-62cm L\/XL<\/p>\n<p><span class=\"Y2IQFc\" lang=\"en\">Lastly <a href=\"https:\/\/ztsports.com\/categorie-produit\/protection\/casques\/?lang=fr\"><strong>additional colors and styles of helmets<\/strong> here<\/a> .<br \/>\n<\/span><\/p>\n","protected":false},"excerpt":{"rendered":"<p>CASQUE DE PATINAGE DE VITESSE BONT BLANC CASQUE DE PATINAGE BONT Le casque de patinage de vitesse Bont en blanc rencontre toutes les normes de s\u00e9curit\u00e9 du patinage de vitesse sur piste courte. Il adopte une forme arrondie pour une meilleure protection en cas d&#8217;impact. En outre, le casque est \u00e9galement adapt\u00e9 au patinage de [&hellip;]<\/p>\n","protected":false},"featured_media":18437,"comment_status":"open","ping_status":"closed","template":"","meta":{"_acf_changed":false,"_monsterinsights_skip_tracking":false,"_monsterinsights_sitenote_active":false,"_monsterinsights_sitenote_note":"","_monsterinsights_sitenote_category":0,"_uf_show_specific_survey":0,"_uf_disable_surveys":false,"site-sidebar-layout":"default","site-content-layout":"","ast-site-content-layout":"default","site-content-style":"default","site-sidebar-style":"default","ast-global-header-display":"","ast-banner-title-visibility":"","ast-main-header-display":"","ast-hfb-above-header-display":"","ast-hfb-below-header-display":"","ast-hfb-mobile-header-display":"","site-post-title":"","ast-breadcrumbs-content":"","ast-featured-img":"","footer-sml-layout":"","ast-disable-related-posts":"","theme-transparent-header-meta":"default","adv-header-id-meta":"","stick-header-meta":"","header-above-stick-meta":"","header-main-stick-meta":"","header-below-stick-meta":"","astra-migrate-meta-layouts":"set","ast-page-background-enabled":"default","ast-page-background-meta":{"desktop":{"background-color":"","background-image":"","background-repeat":"repeat","background-position":"center center","background-size":"auto","background-attachment":"scroll","background-type":"","background-media":"","overlay-type":"","overlay-color":"","overlay-opacity":"","overlay-gradient":""},"tablet":{"background-color":"","background-image":"","background-repeat":"repeat","background-position":"center center","background-size":"auto","background-attachment":"scroll","background-type":"","background-media":"","overlay-type":"","overlay-color":"","overlay-opacity":"","overlay-gradient":""},"mobile":{"background-color":"","background-image":"","background-repeat":"repeat","background-position":"center center","background-size":"auto","background-attachment":"scroll","background-type":"","background-media":"","overlay-type":"","overlay-color":"","overlay-opacity":"","overlay-gradient":""}},"ast-content-background-meta":{"desktop":{"background-color":"var(--ast-global-color-5)","background-image":"","background-repeat":"repeat","background-position":"center center","background-size":"auto","background-attachment":"scroll","background-type":"","background-media":"","overlay-type":"","overlay-color":"","overlay-opacity":"","overlay-gradient":""},"tablet":{"background-color":"var(--ast-global-color-5)","background-image":"","background-repeat":"repeat","background-position":"center center","background-size":"auto","background-attachment":"scroll","background-type":"","background-media":"","overlay-type":"","overlay-color":"","overlay-opacity":"","overlay-gradient":""},"mobile":{"background-color":"var(--ast-global-color-5)","background-image":"","background-repeat":"repeat","background-position":"center center","background-size":"auto","background-attachment":"scroll","background-type":"","background-media":"","overlay-type":"","overlay-color":"","overlay-opacity":"","overlay-gradient":""}}},"product_brand":[],"product_cat":[3589,3395,3467],"product_tag":[3590,3591,3592,3593,1752],"class_list":{"0":"post-19046","1":"product","2":"type-product","3":"status-publish","4":"has-post-thumbnail","6":"product_cat-casques","7":"product_cat-courte-piste","8":"product_cat-patinage-de-vitesse","9":"product_tag-blanc-casque-de-skating-de-vitesse-blanc","10":"product_tag-casque-de-patinage-de-vitesse-bont","11":"product_tag-casque-de-skating-de-vitesse-blanc","12":"product_tag-casque-short-track","13":"product_tag-speed-skating-equipment","14":"desktop-align-left","15":"tablet-align-left","16":"mobile-align-left","18":"first","19":"instock","20":"featured","21":"taxable","22":"shipping-taxable","23":"purchasable","24":"product-type-simple"},"acf":[],"_links":{"self":[{"href":"https:\/\/ztsports.com\/fr\/wp-json\/wp\/v2\/product\/19046","targetHints":{"allow":["GET"]}}],"collection":[{"href":"https:\/\/ztsports.com\/fr\/wp-json\/wp\/v2\/product"}],"about":[{"href":"https:\/\/ztsports.com\/fr\/wp-json\/wp\/v2\/types\/product"}],"replies":[{"embeddable":true,"href":"https:\/\/ztsports.com\/fr\/wp-json\/wp\/v2\/comments?post=19046"}],"version-history":[{"count":3,"href":"https:\/\/ztsports.com\/fr\/wp-json\/wp\/v2\/product\/19046\/revisions"}],"predecessor-version":[{"id":25510,"href":"https:\/\/ztsports.com\/fr\/wp-json\/wp\/v2\/product\/19046\/revisions\/25510"}],"wp:featuredmedia":[{"embeddable":true,"href":"https:\/\/ztsports.com\/fr\/wp-json\/wp\/v2\/media\/18437"}],"wp:attachment":[{"href":"https:\/\/ztsports.com\/fr\/wp-json\/wp\/v2\/media?parent=19046"}],"wp:term":[{"taxonomy":"product_brand","embeddable":true,"href":"https:\/\/ztsports.com\/fr\/wp-json\/wp\/v2\/product_brand?post=19046"},{"taxonomy":"product_cat","embeddable":true,"href":"https:\/\/ztsports.com\/fr\/wp-json\/wp\/v2\/product_cat?post=19046"},{"taxonomy":"product_tag","embeddable":true,"href":"https:\/\/ztsports.com\/fr\/wp-json\/wp\/v2\/product_tag?post=19046"}],"curies":[{"name":"wp","href":"https:\/\/api.w.org\/{rel}","templated":true}]}}