{"id":19044,"date":"2021-09-23T02:51:54","date_gmt":"2021-09-23T02:51:54","guid":{"rendered":"https:\/\/ztsports.com\/?post_type=product&#038;p=19044"},"modified":"2026-04-14T21:12:41","modified_gmt":"2026-04-14T21:12:41","slug":"lunettes-de-patinage-de-vitesse","status":"publish","type":"product","link":"https:\/\/ztsports.com\/fr\/store\/lunettes-de-patinage-de-vitesse\/","title":{"rendered":"Lunettes de patinage de vitesse adulte 20\/20"},"content":{"rendered":"<p>les lunettes<strong> de patinage de vitesse\u00a0 adultes 20\/20<\/strong> <span class=\"Y2IQFc\" lang=\"en\">convient \u00e0 la plupart des adultes (largeur de cadre de 140 mm). Monture noire avec lentille 100% transparente. Il est tout aussi important que <strong>nos lunettes soient livr\u00e9es avec une sangle<\/strong>. Monture en r\u00e9sine haute densit\u00e9 avec r\u00e9sistance aux chocs et lentilles de s\u00e9curit\u00e9 UV400 tr\u00e8s r\u00e9sistantes. En outre, il ne peut \u00eatre ni cass\u00e9 ni fissur\u00e9, et comprend une protection contre la lumi\u00e8re ultraviolette. <strong>Une sangle est incluse avec les lunettes.<\/strong><\/span><\/p>\n<p><strong><span class=\"Y2IQFc\" lang=\"en\">FPVQ ET <a href=\"https:\/\/www.ontariospeedskating.ca\/safety-equipment\" target=\"_blank\" rel=\"noopener\">OSSA : Accessoire obligatoire<\/a> en comp\u00e9tition.<\/span><\/strong><\/p>\n<p><span class=\"Y2IQFc\" lang=\"en\"><strong>Enfin, vous pouvez consulter une large s\u00e9lection de <a href=\"https:\/\/ztsports.com\/product-category\/protection\/glasses\/\">lunettes de patinage de vitesse<\/a> ici.<\/strong><\/span><\/p>\n","protected":false},"excerpt":{"rendered":"<p>les lunettes de patinage de vitesse\u00a0 adultes 20\/20 convient \u00e0 la plupart des adultes (largeur de cadre de 140 mm). Monture noire avec lentille 100% transparente. Il est tout aussi important que nos lunettes soient livr\u00e9es avec une sangle. Monture en r\u00e9sine haute densit\u00e9 avec r\u00e9sistance aux chocs et lentilles de s\u00e9curit\u00e9 UV400 tr\u00e8s r\u00e9sistantes. [&hellip;]<\/p>\n","protected":false},"featured_media":18433,"comment_status":"open","ping_status":"closed","template":"","meta":{"_acf_changed":false,"_monsterinsights_skip_tracking":false,"_monsterinsights_sitenote_active":false,"_monsterinsights_sitenote_note":"","_monsterinsights_sitenote_category":0,"_uf_show_specific_survey":0,"_uf_disable_surveys":false,"site-sidebar-layout":"default","site-content-layout":"","ast-site-content-layout":"default","site-content-style":"default","site-sidebar-style":"default","ast-global-header-display":"","ast-banner-title-visibility":"","ast-main-header-display":"","ast-hfb-above-header-display":"","ast-hfb-below-header-display":"","ast-hfb-mobile-header-display":"","site-post-title":"","ast-breadcrumbs-content":"","ast-featured-img":"","footer-sml-layout":"","ast-disable-related-posts":"","theme-transparent-header-meta":"default","adv-header-id-meta":"","stick-header-meta":"","header-above-stick-meta":"","header-main-stick-meta":"","header-below-stick-meta":"","astra-migrate-meta-layouts":"set","ast-page-background-enabled":"default","ast-page-background-meta":{"desktop":{"background-color":"","background-image":"","background-repeat":"repeat","background-position":"center center","background-size":"auto","background-attachment":"scroll","background-type":"","background-media":"","overlay-type":"","overlay-color":"","overlay-opacity":"","overlay-gradient":""},"tablet":{"background-color":"","background-image":"","background-repeat":"repeat","background-position":"center center","background-size":"auto","background-attachment":"scroll","background-type":"","background-media":"","overlay-type":"","overlay-color":"","overlay-opacity":"","overlay-gradient":""},"mobile":{"background-color":"","background-image":"","background-repeat":"repeat","background-position":"center center","background-size":"auto","background-attachment":"scroll","background-type":"","background-media":"","overlay-type":"","overlay-color":"","overlay-opacity":"","overlay-gradient":""}},"ast-content-background-meta":{"desktop":{"background-color":"var(--ast-global-color-5)","background-image":"","background-repeat":"repeat","background-position":"center center","background-size":"auto","background-attachment":"scroll","background-type":"","background-media":"","overlay-type":"","overlay-color":"","overlay-opacity":"","overlay-gradient":""},"tablet":{"background-color":"var(--ast-global-color-5)","background-image":"","background-repeat":"repeat","background-position":"center center","background-size":"auto","background-attachment":"scroll","background-type":"","background-media":"","overlay-type":"","overlay-color":"","overlay-opacity":"","overlay-gradient":""},"mobile":{"background-color":"var(--ast-global-color-5)","background-image":"","background-repeat":"repeat","background-position":"center center","background-size":"auto","background-attachment":"scroll","background-type":"","background-media":"","overlay-type":"","overlay-color":"","overlay-opacity":"","overlay-gradient":""}}},"product_brand":[],"product_cat":[3587],"product_tag":[3588],"class_list":{"0":"post-19044","1":"product","2":"type-product","3":"status-publish","4":"has-post-thumbnail","6":"product_cat-lunettes","7":"product_tag-lunettes-de-patinage-de-vitesse-adulte","8":"desktop-align-left","9":"tablet-align-left","10":"mobile-align-left","12":"first","13":"instock","14":"sale","15":"taxable","16":"shipping-taxable","17":"purchasable","18":"product-type-simple"},"acf":[],"_links":{"self":[{"href":"https:\/\/ztsports.com\/fr\/wp-json\/wp\/v2\/product\/19044","targetHints":{"allow":["GET"]}}],"collection":[{"href":"https:\/\/ztsports.com\/fr\/wp-json\/wp\/v2\/product"}],"about":[{"href":"https:\/\/ztsports.com\/fr\/wp-json\/wp\/v2\/types\/product"}],"replies":[{"embeddable":true,"href":"https:\/\/ztsports.com\/fr\/wp-json\/wp\/v2\/comments?post=19044"}],"version-history":[{"count":2,"href":"https:\/\/ztsports.com\/fr\/wp-json\/wp\/v2\/product\/19044\/revisions"}],"predecessor-version":[{"id":25472,"href":"https:\/\/ztsports.com\/fr\/wp-json\/wp\/v2\/product\/19044\/revisions\/25472"}],"wp:featuredmedia":[{"embeddable":true,"href":"https:\/\/ztsports.com\/fr\/wp-json\/wp\/v2\/media\/18433"}],"wp:attachment":[{"href":"https:\/\/ztsports.com\/fr\/wp-json\/wp\/v2\/media?parent=19044"}],"wp:term":[{"taxonomy":"product_brand","embeddable":true,"href":"https:\/\/ztsports.com\/fr\/wp-json\/wp\/v2\/product_brand?post=19044"},{"taxonomy":"product_cat","embeddable":true,"href":"https:\/\/ztsports.com\/fr\/wp-json\/wp\/v2\/product_cat?post=19044"},{"taxonomy":"product_tag","embeddable":true,"href":"https:\/\/ztsports.com\/fr\/wp-json\/wp\/v2\/product_tag?post=19044"}],"curies":[{"name":"wp","href":"https:\/\/api.w.org\/{rel}","templated":true}]}}