{"id":19042,"date":"2021-09-23T02:51:55","date_gmt":"2021-09-23T02:51:55","guid":{"rendered":"https:\/\/ztsports.com\/?post_type=product&#038;p=19042"},"modified":"2026-04-11T18:47:11","modified_gmt":"2026-04-11T18:47:11","slug":"sac-a-dos-urbain-cadomotus","status":"publish","type":"product","link":"https:\/\/ztsports.com\/fr\/store\/sac-a-dos-urbain-cadomotus\/","title":{"rendered":"CADOMOTUS Sac \u00e0 dos urbain pour enfants"},"content":{"rendered":"<h1 class=\"tw-data-text tw-text-large tw-ta\" dir=\"ltr\" data-placeholder=\"Translation\"><span class=\"Y2IQFc\" lang=\"en\">CADOMOTUS Sac \u00e0 dos urbain pour enfants<\/span><\/h1>\n<h5 class=\"serp-title\">Sac \u00e0 dos urbain Cadomotus<\/h5>\n<p class=\"tw-data-text tw-text-large tw-ta\" dir=\"ltr\" data-placeholder=\"Translation\"><span class=\"Y2IQFc\" lang=\"en\">Le nouveau sac \u00e0 dos Cadomotus Urban a \u00e9t\u00e9 sp\u00e9cialement con\u00e7u pour les petits.<br \/>\nLes patins ont \u00e9t\u00e9 plac\u00e9s \u00e0 l&#8217;arri\u00e8re pour faire de la place \u00e0 d&#8217;autres \u00e9quipements dans le compartiment principal.<br \/>\nDe plus, il est con\u00e7u pour \u00eatre durable. et une taille id\u00e9ale pour un jeune patineur. <\/span><\/p>\n<p class=\"tw-data-text tw-text-large tw-ta\" dir=\"ltr\" data-placeholder=\"Translation\"><span class=\"Y2IQFc\" lang=\"en\">Couleurs du stock : <\/span>Noir, Cyan, Violet, Rouge<\/p>\n<p dir=\"ltr\" data-placeholder=\"Translation\">indiquez votre choix dans la section des commentaires lorsque vous passez votre commande.<\/p>\n<h2 id=\"tw-target-text\" class=\"tw-data-text tw-text-large tw-ta\" dir=\"ltr\" data-placeholder=\"Translation\"><span class=\"Y2IQFc\" lang=\"en\">DESCRIPTION du nouveau sac \u00e0 dos Cadomotus Urban<\/span><\/h2>\n<h5 class=\"serp-title\">Sac \u00e0 dos urbain Cadomotus<\/h5>\n<p class=\"tw-data-text tw-text-large tw-ta\" dir=\"ltr\" data-placeholder=\"Translation\"><span class=\"Y2IQFc\" lang=\"en\">Dimension : 40x30x10cm &#8220;<\/span><\/p>\n<p>Tout aussi important, un petit sac \u00e0 dos de patinage con\u00e7u pour les enfants et les patineurs juniors.<\/p>\n<p>Et puis, la suspension du pack : EVA avec canaux de ventilation<\/p>\n<p>Capacit\u00e9 du compartiment (Ltr) : 15<\/p>\n<p>Fabriqu\u00e9 en : Nylon durable<\/p>\n<p>Capacit\u00e9 totale de l&#8217;engrenage (Ltr) : 25<\/p>\n<p>S\u00e9paration humide &#8211; s\u00e8che : Non<\/p>\n<p>Magasin de patins de vitesse : Oui<\/p>\n<p>Plusieurs poches : 6<\/p>\n<p>Longueur de torse r\u00e9glable : Oui<\/p>\n<p>Dimensions de l&#8217;emballage : 40x30x10cm<\/p>\n<p dir=\"ltr\" data-placeholder=\"Translation\">Enfin, vous pouvez voir et comparer tous nos <a href=\"https:\/\/ztsports.com\/categorie-produit\/accessories\/sacs-a-dos-et-sacs\/?lang=fr\"><strong>sacs \u00e0 dos pour skate ici.<\/strong><\/a><\/p>\n","protected":false},"excerpt":{"rendered":"<p>CADOMOTUS Sac \u00e0 dos urbain pour enfants Sac \u00e0 dos urbain Cadomotus Le nouveau sac \u00e0 dos Cadomotus Urban a \u00e9t\u00e9 sp\u00e9cialement con\u00e7u pour les petits. Les patins ont \u00e9t\u00e9 plac\u00e9s \u00e0 l&#8217;arri\u00e8re pour faire de la place \u00e0 d&#8217;autres \u00e9quipements dans le compartiment principal. De plus, il est con\u00e7u pour \u00eatre durable. et une [&hellip;]<\/p>\n","protected":false},"featured_media":18425,"comment_status":"open","ping_status":"closed","template":"","meta":{"_acf_changed":false,"_monsterinsights_skip_tracking":false,"_monsterinsights_sitenote_active":false,"_monsterinsights_sitenote_note":"","_monsterinsights_sitenote_category":0,"_uf_show_specific_survey":0,"_uf_disable_surveys":false,"site-sidebar-layout":"default","site-content-layout":"","ast-site-content-layout":"default","site-content-style":"default","site-sidebar-style":"default","ast-global-header-display":"","ast-banner-title-visibility":"","ast-main-header-display":"","ast-hfb-above-header-display":"","ast-hfb-below-header-display":"","ast-hfb-mobile-header-display":"","site-post-title":"","ast-breadcrumbs-content":"","ast-featured-img":"","footer-sml-layout":"","ast-disable-related-posts":"","theme-transparent-header-meta":"default","adv-header-id-meta":"","stick-header-meta":"","header-above-stick-meta":"","header-main-stick-meta":"","header-below-stick-meta":"","astra-migrate-meta-layouts":"set","ast-page-background-enabled":"default","ast-page-background-meta":{"desktop":{"background-color":"","background-image":"","background-repeat":"repeat","background-position":"center center","background-size":"auto","background-attachment":"scroll","background-type":"","background-media":"","overlay-type":"","overlay-color":"","overlay-opacity":"","overlay-gradient":""},"tablet":{"background-color":"","background-image":"","background-repeat":"repeat","background-position":"center center","background-size":"auto","background-attachment":"scroll","background-type":"","background-media":"","overlay-type":"","overlay-color":"","overlay-opacity":"","overlay-gradient":""},"mobile":{"background-color":"","background-image":"","background-repeat":"repeat","background-position":"center center","background-size":"auto","background-attachment":"scroll","background-type":"","background-media":"","overlay-type":"","overlay-color":"","overlay-opacity":"","overlay-gradient":""}},"ast-content-background-meta":{"desktop":{"background-color":"var(--ast-global-color-5)","background-image":"","background-repeat":"repeat","background-position":"center center","background-size":"auto","background-attachment":"scroll","background-type":"","background-media":"","overlay-type":"","overlay-color":"","overlay-opacity":"","overlay-gradient":""},"tablet":{"background-color":"var(--ast-global-color-5)","background-image":"","background-repeat":"repeat","background-position":"center center","background-size":"auto","background-attachment":"scroll","background-type":"","background-media":"","overlay-type":"","overlay-color":"","overlay-opacity":"","overlay-gradient":""},"mobile":{"background-color":"var(--ast-global-color-5)","background-image":"","background-repeat":"repeat","background-position":"center center","background-size":"auto","background-attachment":"scroll","background-type":"","background-media":"","overlay-type":"","overlay-color":"","overlay-opacity":"","overlay-gradient":""}}},"product_brand":[3289],"product_cat":[3422,3389,3391,3392,3433,3396,3880],"product_tag":[2048,3583,3584,4642,3585,3586,4643],"class_list":{"0":"post-19042","1":"product","2":"type-product","3":"status-publish","4":"has-post-thumbnail","6":"product_brand-cadomotus","7":"product_cat-accessoires","8":"product_cat-accessoires-longue-piste","9":"product_cat-accessoires-pour-la-longue-piste","10":"product_cat-accessoires-short-track","11":"product_cat-accessories","13":"product_cat-sacs-a-dos-et-sacs","14":"product_tag-cado-motus","15":"product_tag-sac-a-dos-cado-motus","16":"product_tag-sac-a-dos-pour-enfants","17":"product_tag-sac-a-dos-urbain-cadomotus","18":"product_tag-sac-a-patins","19":"product_tag-sac-de-patinage-pour-enfants","20":"product_tag-urban-kids-sac","21":"desktop-align-left","22":"tablet-align-left","23":"mobile-align-left","25":"first","26":"instock","27":"taxable","28":"shipping-taxable","29":"purchasable","30":"product-type-simple"},"acf":[],"_links":{"self":[{"href":"https:\/\/ztsports.com\/fr\/wp-json\/wp\/v2\/product\/19042","targetHints":{"allow":["GET"]}}],"collection":[{"href":"https:\/\/ztsports.com\/fr\/wp-json\/wp\/v2\/product"}],"about":[{"href":"https:\/\/ztsports.com\/fr\/wp-json\/wp\/v2\/types\/product"}],"replies":[{"embeddable":true,"href":"https:\/\/ztsports.com\/fr\/wp-json\/wp\/v2\/comments?post=19042"}],"version-history":[{"count":3,"href":"https:\/\/ztsports.com\/fr\/wp-json\/wp\/v2\/product\/19042\/revisions"}],"predecessor-version":[{"id":25206,"href":"https:\/\/ztsports.com\/fr\/wp-json\/wp\/v2\/product\/19042\/revisions\/25206"}],"wp:featuredmedia":[{"embeddable":true,"href":"https:\/\/ztsports.com\/fr\/wp-json\/wp\/v2\/media\/18425"}],"wp:attachment":[{"href":"https:\/\/ztsports.com\/fr\/wp-json\/wp\/v2\/media?parent=19042"}],"wp:term":[{"taxonomy":"product_brand","embeddable":true,"href":"https:\/\/ztsports.com\/fr\/wp-json\/wp\/v2\/product_brand?post=19042"},{"taxonomy":"product_cat","embeddable":true,"href":"https:\/\/ztsports.com\/fr\/wp-json\/wp\/v2\/product_cat?post=19042"},{"taxonomy":"product_tag","embeddable":true,"href":"https:\/\/ztsports.com\/fr\/wp-json\/wp\/v2\/product_tag?post=19042"}],"curies":[{"name":"wp","href":"https:\/\/api.w.org\/{rel}","templated":true}]}}