{"id":19038,"date":"2021-09-23T02:53:11","date_gmt":"2021-09-23T02:53:11","guid":{"rendered":"https:\/\/ztsports.com\/?post_type=product&#038;p=19038"},"modified":"2026-04-14T16:08:30","modified_gmt":"2026-04-14T16:08:30","slug":"lacets-de-patins-cires","status":"publish","type":"product","link":"https:\/\/ztsports.com\/fr\/store\/lacets-de-patins-cires\/","title":{"rendered":"Lacets de patins cir\u00e9s, couleurs et longueurs assorties"},"content":{"rendered":"<h1 class=\"tw-data-text tw-text-large tw-ta\" dir=\"ltr\" data-placeholder=\"Translation\">Lacets de patins cir\u00e9s<\/h1>\n<p>Lacets de patins cir\u00e9s<span class=\"Y2IQFc\" lang=\"en\">\u00a0maintiennent mieux leur position serr\u00e9e que les lacets ordinaires. En outre, ils sont disponibles dans de nombreuses couleurs fra\u00eeches. Il est tout aussi important qu&#8217;ils soient fabriqu\u00e9s au Canada.<\/span><\/p>\n<p class=\"tw-data-text tw-text-large tw-ta\" dir=\"ltr\" data-placeholder=\"Translation\"><span class=\"Y2IQFc\" lang=\"en\">160cm, 63 &#8221; toutes les couleurs<\/span><\/p>\n<p dir=\"ltr\" data-placeholder=\"Translation\">183cm &#8211; 72&#8243; en noir uniquement<\/p>\n<h2 dir=\"ltr\" data-placeholder=\"Translation\">Pourquoi utiliser des lacets cir\u00e9s ?<\/h2>\n<p>La cire maintient les lacets en place et ces lacets en cire fournissent une friction suppl\u00e9mentaire afin qu&#8217;ils ne se desserrent pas.<\/p>\n<p>Ils permettent de resserrer une zone sp\u00e9cifique tout en laissant une autre partie plus souple, pour un confort accru.<\/p>\n<p>Si vous patinez sur de la glace naturelle ext\u00e9rieure, les lacets en cire sont le compl\u00e9ment id\u00e9al de votre kit de patinage. La cire permet aux lacets de ne pas \u00eatre mouill\u00e9s et donc de ne pas geler.<\/p>\n<h5>lacets de patins cir\u00e9s<\/h5>\n<p>160 cm Couleurs assorties : Bleu, vert, rose, orange, rouge<\/p>\n<p>182 cm Jaune<\/p>\n<h5 class=\"style-scope ytd-watch-metadata\">Finley un tutoriel vid\u00e9o sur les <a href=\"https:\/\/www.youtube.com\/watch?v=MM4uW1VqRUU\" target=\"_blank\" rel=\"noopener\"><strong>Avantages et inconv\u00e9nients des lacets cir\u00e9s et non cir\u00e9s<\/strong><\/a>Hockey sur glace et patins Lacets de patinage.<\/h5>\n<h4 class=\"style-scope ytd-watch-metadata\"><strong> Lacets de skate cir\u00e9s Bont<a href=\"https:\/\/ztsports.com\/product\/bont-waxed-laces\/\"> Ici<\/a><\/strong><\/h4>\n<pre id=\"tw-target-text\" class=\"tw-data-text tw-text-large tw-ta\" dir=\"ltr\" data-placeholder=\"Translation\"><span class=\"Y2IQFc\" lang=\"en\">Lastly <a href=\"https:\/\/ztsports.com\/product-category\/short-track\/club-deals\/\"><strong>Club Bulk Deals<\/strong><\/a> on laces and equipment here. <\/span><\/pre>\n","protected":false},"excerpt":{"rendered":"<p>Lacets de patins cir\u00e9s Lacets de patins cir\u00e9s\u00a0maintiennent mieux leur position serr\u00e9e que les lacets ordinaires. En outre, ils sont disponibles dans de nombreuses couleurs fra\u00eeches. Il est tout aussi important qu&#8217;ils soient fabriqu\u00e9s au Canada. 160cm, 63 &#8221; toutes les couleurs 183cm &#8211; 72&#8243; en noir uniquement Pourquoi utiliser des lacets cir\u00e9s ? La [&hellip;]<\/p>\n","protected":false},"featured_media":18417,"comment_status":"open","ping_status":"closed","template":"","meta":{"_acf_changed":false,"_monsterinsights_skip_tracking":false,"_monsterinsights_sitenote_active":false,"_monsterinsights_sitenote_note":"","_monsterinsights_sitenote_category":0,"_uf_show_specific_survey":0,"_uf_disable_surveys":false,"site-sidebar-layout":"default","site-content-layout":"","ast-site-content-layout":"default","site-content-style":"default","site-sidebar-style":"default","ast-global-header-display":"","ast-banner-title-visibility":"","ast-main-header-display":"","ast-hfb-above-header-display":"","ast-hfb-below-header-display":"","ast-hfb-mobile-header-display":"","site-post-title":"","ast-breadcrumbs-content":"","ast-featured-img":"","footer-sml-layout":"","ast-disable-related-posts":"","theme-transparent-header-meta":"default","adv-header-id-meta":"","stick-header-meta":"","header-above-stick-meta":"","header-main-stick-meta":"","header-below-stick-meta":"","astra-migrate-meta-layouts":"set","ast-page-background-enabled":"default","ast-page-background-meta":{"desktop":{"background-color":"","background-image":"","background-repeat":"repeat","background-position":"center center","background-size":"auto","background-attachment":"scroll","background-type":"","background-media":"","overlay-type":"","overlay-color":"","overlay-opacity":"","overlay-gradient":""},"tablet":{"background-color":"","background-image":"","background-repeat":"repeat","background-position":"center center","background-size":"auto","background-attachment":"scroll","background-type":"","background-media":"","overlay-type":"","overlay-color":"","overlay-opacity":"","overlay-gradient":""},"mobile":{"background-color":"","background-image":"","background-repeat":"repeat","background-position":"center center","background-size":"auto","background-attachment":"scroll","background-type":"","background-media":"","overlay-type":"","overlay-color":"","overlay-opacity":"","overlay-gradient":""}},"ast-content-background-meta":{"desktop":{"background-color":"var(--ast-global-color-5)","background-image":"","background-repeat":"repeat","background-position":"center center","background-size":"auto","background-attachment":"scroll","background-type":"","background-media":"","overlay-type":"","overlay-color":"","overlay-opacity":"","overlay-gradient":""},"tablet":{"background-color":"var(--ast-global-color-5)","background-image":"","background-repeat":"repeat","background-position":"center center","background-size":"auto","background-attachment":"scroll","background-type":"","background-media":"","overlay-type":"","overlay-color":"","overlay-opacity":"","overlay-gradient":""},"mobile":{"background-color":"var(--ast-global-color-5)","background-image":"","background-repeat":"repeat","background-position":"center center","background-size":"auto","background-attachment":"scroll","background-type":"","background-media":"","overlay-type":"","overlay-color":"","overlay-opacity":"","overlay-gradient":""}}},"product_brand":[],"product_cat":[3422,3389,3392,3433,3396,3495,3786,3489,3429,3875],"product_tag":[3492],"class_list":{"0":"post-19038","1":"product","2":"type-product","3":"status-publish","4":"has-post-thumbnail","6":"product_cat-accessoires","7":"product_cat-accessoires-longue-piste","8":"product_cat-accessoires-short-track","9":"product_cat-accessories","11":"product_cat-bottes","13":"product_cat-offres-de-club","14":"product_cat-pieces-et-outils","16":"product_tag-lacets-cires","17":"desktop-align-left","18":"tablet-align-left","19":"mobile-align-left","21":"first","22":"instock","23":"taxable","24":"shipping-taxable","25":"purchasable","26":"product-type-simple"},"acf":[],"_links":{"self":[{"href":"https:\/\/ztsports.com\/fr\/wp-json\/wp\/v2\/product\/19038","targetHints":{"allow":["GET"]}}],"collection":[{"href":"https:\/\/ztsports.com\/fr\/wp-json\/wp\/v2\/product"}],"about":[{"href":"https:\/\/ztsports.com\/fr\/wp-json\/wp\/v2\/types\/product"}],"replies":[{"embeddable":true,"href":"https:\/\/ztsports.com\/fr\/wp-json\/wp\/v2\/comments?post=19038"}],"version-history":[{"count":2,"href":"https:\/\/ztsports.com\/fr\/wp-json\/wp\/v2\/product\/19038\/revisions"}],"predecessor-version":[{"id":25446,"href":"https:\/\/ztsports.com\/fr\/wp-json\/wp\/v2\/product\/19038\/revisions\/25446"}],"wp:featuredmedia":[{"embeddable":true,"href":"https:\/\/ztsports.com\/fr\/wp-json\/wp\/v2\/media\/18417"}],"wp:attachment":[{"href":"https:\/\/ztsports.com\/fr\/wp-json\/wp\/v2\/media?parent=19038"}],"wp:term":[{"taxonomy":"product_brand","embeddable":true,"href":"https:\/\/ztsports.com\/fr\/wp-json\/wp\/v2\/product_brand?post=19038"},{"taxonomy":"product_cat","embeddable":true,"href":"https:\/\/ztsports.com\/fr\/wp-json\/wp\/v2\/product_cat?post=19038"},{"taxonomy":"product_tag","embeddable":true,"href":"https:\/\/ztsports.com\/fr\/wp-json\/wp\/v2\/product_tag?post=19038"}],"curies":[{"name":"wp","href":"https:\/\/api.w.org\/{rel}","templated":true}]}}