{"id":19036,"date":"2021-09-23T02:54:22","date_gmt":"2021-09-23T02:54:22","guid":{"rendered":"https:\/\/ztsports.com\/?post_type=product&#038;p=19036"},"modified":"2026-04-14T13:51:06","modified_gmt":"2026-04-14T13:51:06","slug":"stay-bent-blade-case","status":"publish","type":"product","link":"https:\/\/ztsports.com\/fr\/store\/stay-bent-blade-case\/","title":{"rendered":"STAY BENT BLADE CASE Hard Body"},"content":{"rendered":"<p data-rm-block-id=\"block-1\"><strong>Stay Bent Blade Case<\/strong> is a hard bodied zipper cases for speed skate blades. Whether you skate long or short track, this case will keep your blades protected while you travel. Great for storing your back up blades safely as well!<\/p>\n<p data-rm-block-id=\"block-2\">Nouveau dans la gamme StayBent : des \u00e9tuis \u00e0 fermeture \u00e9clair pour les lames de patins de vitesse. Whether you skate long or short track, this case will keep your blades protected while you travel. Great for storing your back up blades safely as well!<\/p>\n<p data-rm-block-id=\"block-3\">Enfin, vous pouvez voir tous les <a href=\"https:\/\/ztsports.com\/categorie-produit\/accessories\/protecteurs-de-lames-et-gardes\/?lang=fr\"><br \/>\n<strong>\u00e9tuis de protection Blade ici<\/strong><\/a><\/p>\n","protected":false},"excerpt":{"rendered":"<p>Stay Bent Blade Case is a hard bodied zipper cases for speed skate blades. Whether you skate long or short track, this case will keep your blades protected while you travel. Great for storing your back up blades safely as well! Nouveau dans la gamme StayBent : des \u00e9tuis \u00e0 fermeture \u00e9clair pour les lames [&hellip;]<\/p>\n","protected":false},"featured_media":18414,"comment_status":"open","ping_status":"closed","template":"","meta":{"_acf_changed":false,"_monsterinsights_skip_tracking":false,"_monsterinsights_sitenote_active":false,"_monsterinsights_sitenote_note":"","_monsterinsights_sitenote_category":0,"_uf_show_specific_survey":0,"_uf_disable_surveys":false,"site-sidebar-layout":"default","site-content-layout":"","ast-site-content-layout":"default","site-content-style":"default","site-sidebar-style":"default","ast-global-header-display":"","ast-banner-title-visibility":"","ast-main-header-display":"","ast-hfb-above-header-display":"","ast-hfb-below-header-display":"","ast-hfb-mobile-header-display":"","site-post-title":"","ast-breadcrumbs-content":"","ast-featured-img":"","footer-sml-layout":"","ast-disable-related-posts":"","theme-transparent-header-meta":"default","adv-header-id-meta":"","stick-header-meta":"","header-above-stick-meta":"","header-main-stick-meta":"","header-below-stick-meta":"","astra-migrate-meta-layouts":"set","ast-page-background-enabled":"default","ast-page-background-meta":{"desktop":{"background-color":"","background-image":"","background-repeat":"repeat","background-position":"center center","background-size":"auto","background-attachment":"scroll","background-type":"","background-media":"","overlay-type":"","overlay-color":"","overlay-opacity":"","overlay-gradient":""},"tablet":{"background-color":"","background-image":"","background-repeat":"repeat","background-position":"center center","background-size":"auto","background-attachment":"scroll","background-type":"","background-media":"","overlay-type":"","overlay-color":"","overlay-opacity":"","overlay-gradient":""},"mobile":{"background-color":"","background-image":"","background-repeat":"repeat","background-position":"center center","background-size":"auto","background-attachment":"scroll","background-type":"","background-media":"","overlay-type":"","overlay-color":"","overlay-opacity":"","overlay-gradient":""}},"ast-content-background-meta":{"desktop":{"background-color":"var(--ast-global-color-5)","background-image":"","background-repeat":"repeat","background-position":"center center","background-size":"auto","background-attachment":"scroll","background-type":"","background-media":"","overlay-type":"","overlay-color":"","overlay-opacity":"","overlay-gradient":""},"tablet":{"background-color":"var(--ast-global-color-5)","background-image":"","background-repeat":"repeat","background-position":"center center","background-size":"auto","background-attachment":"scroll","background-type":"","background-media":"","overlay-type":"","overlay-color":"","overlay-opacity":"","overlay-gradient":""},"mobile":{"background-color":"var(--ast-global-color-5)","background-image":"","background-repeat":"repeat","background-position":"center center","background-size":"auto","background-attachment":"scroll","background-type":"","background-media":"","overlay-type":"","overlay-color":"","overlay-opacity":"","overlay-gradient":""}}},"product_brand":[3338,3344],"product_cat":[3389,3392,3396,3455,3876,3502,3501,3877],"product_tag":[3578,3579],"class_list":{"0":"post-19036","1":"product","2":"type-product","3":"status-publish","4":"has-post-thumbnail","6":"product_brand-skate-tec","7":"product_brand-stay-bent","8":"product_cat-accessoires-longue-piste","9":"product_cat-accessoires-short-track","10":"product_cat-accessories","12":"product_cat-protecteurs-de-lames-et-gardes","13":"product_cat-protection-de-la-lame","16":"product_tag-etui-a-lames","17":"product_tag-restez-plie","18":"desktop-align-left","19":"tablet-align-left","20":"mobile-align-left","22":"first","23":"onbackorder","24":"taxable","25":"shipping-taxable","26":"purchasable","27":"product-type-simple"},"acf":[],"_links":{"self":[{"href":"https:\/\/ztsports.com\/fr\/wp-json\/wp\/v2\/product\/19036","targetHints":{"allow":["GET"]}}],"collection":[{"href":"https:\/\/ztsports.com\/fr\/wp-json\/wp\/v2\/product"}],"about":[{"href":"https:\/\/ztsports.com\/fr\/wp-json\/wp\/v2\/types\/product"}],"replies":[{"embeddable":true,"href":"https:\/\/ztsports.com\/fr\/wp-json\/wp\/v2\/comments?post=19036"}],"version-history":[{"count":3,"href":"https:\/\/ztsports.com\/fr\/wp-json\/wp\/v2\/product\/19036\/revisions"}],"predecessor-version":[{"id":25432,"href":"https:\/\/ztsports.com\/fr\/wp-json\/wp\/v2\/product\/19036\/revisions\/25432"}],"wp:featuredmedia":[{"embeddable":true,"href":"https:\/\/ztsports.com\/fr\/wp-json\/wp\/v2\/media\/18414"}],"wp:attachment":[{"href":"https:\/\/ztsports.com\/fr\/wp-json\/wp\/v2\/media?parent=19036"}],"wp:term":[{"taxonomy":"product_brand","embeddable":true,"href":"https:\/\/ztsports.com\/fr\/wp-json\/wp\/v2\/product_brand?post=19036"},{"taxonomy":"product_cat","embeddable":true,"href":"https:\/\/ztsports.com\/fr\/wp-json\/wp\/v2\/product_cat?post=19036"},{"taxonomy":"product_tag","embeddable":true,"href":"https:\/\/ztsports.com\/fr\/wp-json\/wp\/v2\/product_tag?post=19036"}],"curies":[{"name":"wp","href":"https:\/\/api.w.org\/{rel}","templated":true}]}}