{"id":19034,"date":"2021-09-23T02:54:22","date_gmt":"2021-09-23T02:54:22","guid":{"rendered":"https:\/\/ztsports.com\/?post_type=product&#038;p=19034"},"modified":"2026-04-07T02:16:43","modified_gmt":"2026-04-07T02:16:43","slug":"ceinture-de-coin-bont","status":"publish","type":"product","link":"https:\/\/ztsports.com\/fr\/store\/ceinture-de-coin-bont\/","title":{"rendered":"BONT CORNER BELT Pour l&#8217;entra\u00eenement \u00e0 sec"},"content":{"rendered":"<h1>BONT CORNER BELT Pour l&#8217;entra\u00eenement \u00e0 sec<\/h1>\n<h5 class=\"serp-title\"><mark>Ceinture de coin Bont<\/mark><\/h5>\n<p>Les <mark>Ceinture de coin Bont<\/mark> Corner Belt sont des ceintures robustes et solides de 5 m\u00e8tres. Utilisez-le pour vous entra\u00eener \u00e0 faire des pas crois\u00e9s ou des squats angulaires sur une jambe. Cette <em>ceinture<\/em> est suffisamment petite pour que votre sac de patinage de vitesse vous accompagne partout. Pour vous aider \u00e0 am\u00e9liorer vos performances,<\/p>\n<p>La ceinture d&#8217;entra\u00eenement BONT vous aidera \u00e0 am\u00e9liorer la position de votre corps afin d&#8217;am\u00e9liorer votre stabilit\u00e9 et votre puissance.<br \/>\nNotre ceinture est assez petite pour \u00eatre plac\u00e9e dans votre sac de patinage de vitesse et vous accompagner partout o\u00f9 vous allez. Pour vous aider \u00e0 am\u00e9liorer vos performances, faites confiance \u00e0 la ceinture BONT. Un outil indispensable pour l&#8217;entra\u00eenement en terrain sec.<\/p>\n<p>La ceinture de coin de patinage de vitesse sur glace de Bont est robuste et longue de 5 m\u00e8tres. Utilisez-le pour vous entra\u00eener aux marches crois\u00e9es ou aux squats unijambistes en angle.<\/p>\n<h1 class=\"h2 product-single__title\">Ceinture de coin pour patins de vitesse sur glace<\/h1>\n<ul>\n<li>Longueur : 5 m\u00e8tres<\/li>\n<li>Largeur : 50 mm<\/li>\n<li>Utilis\u00e9 pour les exercices de patinage de vitesse sur courte et longue piste<\/li>\n<\/ul>\n<p class=\"h2 product-single__title\">Utilis\u00e9 pour les exercices de patinage de vitesse sur courte et longue piste<\/p>\n<p>Les patineurs de vitesse courte piste et longue piste utilisent cette ceinture de virage pour s&#8217;entra\u00eener \u00e0 la terre afin de perfectionner leur technique de virage et de d\u00e9velopper les muscles utilis\u00e9s pendant le patinage de vitesse courte piste ou longue piste.<\/p>\n<p>L&#8217;outil d&#8217;entra\u00eenement ultime de <a href=\"https:\/\/olympic.ca\/team-canada\/charles-hamelin\/\" target=\"_blank\" rel=\"noopener\">Charles Hamelin<\/a>, champion du monde 2018.<\/p>\n<p>Vous recherchez une grande vari\u00e9t\u00e9 de couleurs ? D\u00e9couvrez ces ceintures d&#8217;entra\u00eenement fabriqu\u00e9es au Canada <a href=\"https:\/\/ztsports.com\/produit\/corner-belts-technicords-courroies\/?lang=fr\"><strong>Ceintures d&#8217;entra\u00eenement.<\/strong><\/a><\/p>\n<p><a href=\"https:\/\/www.youtube.com\/watch?v=de-O0NKXORA\" target=\"_blank\" rel=\"noopener\"><strong>Vid\u00e9o de formation de l&#8217;ISU utilisant la ceinture d&#8217;angle<\/strong><\/a><strong> et le c\u00e2ble \u00e9lastique.<\/strong><\/p>\n<p class=\"style-scope ytd-watch-metadata\"><span class=\"style-scope yt-formatted-string\" dir=\"auto\"><strong>Enfin, vous pouvez trouver tous nos <a href=\"https:\/\/ztsports.com\/categorie-produit\/accessories\/aides-a-la-formation\/?lang=fr\">outils de formation<\/a> ici.<\/strong><\/span><\/p>\n","protected":false},"excerpt":{"rendered":"<p>BONT CORNER BELT Pour l&#8217;entra\u00eenement \u00e0 sec Ceinture de coin Bont Les Ceinture de coin Bont Corner Belt sont des ceintures robustes et solides de 5 m\u00e8tres. Utilisez-le pour vous entra\u00eener \u00e0 faire des pas crois\u00e9s ou des squats angulaires sur une jambe. Cette ceinture est suffisamment petite pour que votre sac de patinage de [&hellip;]<\/p>\n","protected":false},"featured_media":18410,"comment_status":"open","ping_status":"closed","template":"","meta":{"_acf_changed":false,"_monsterinsights_skip_tracking":false,"_monsterinsights_sitenote_active":false,"_monsterinsights_sitenote_note":"","_monsterinsights_sitenote_category":0,"_uf_show_specific_survey":0,"_uf_disable_surveys":false,"site-sidebar-layout":"default","site-content-layout":"","ast-site-content-layout":"default","site-content-style":"default","site-sidebar-style":"default","ast-global-header-display":"","ast-banner-title-visibility":"","ast-main-header-display":"","ast-hfb-above-header-display":"","ast-hfb-below-header-display":"","ast-hfb-mobile-header-display":"","site-post-title":"","ast-breadcrumbs-content":"","ast-featured-img":"","footer-sml-layout":"","ast-disable-related-posts":"","theme-transparent-header-meta":"default","adv-header-id-meta":"","stick-header-meta":"","header-above-stick-meta":"","header-main-stick-meta":"","header-below-stick-meta":"","astra-migrate-meta-layouts":"set","ast-page-background-enabled":"default","ast-page-background-meta":{"desktop":{"background-color":"","background-image":"","background-repeat":"repeat","background-position":"center center","background-size":"auto","background-attachment":"scroll","background-type":"","background-media":"","overlay-type":"","overlay-color":"","overlay-opacity":"","overlay-gradient":""},"tablet":{"background-color":"","background-image":"","background-repeat":"repeat","background-position":"center center","background-size":"auto","background-attachment":"scroll","background-type":"","background-media":"","overlay-type":"","overlay-color":"","overlay-opacity":"","overlay-gradient":""},"mobile":{"background-color":"","background-image":"","background-repeat":"repeat","background-position":"center center","background-size":"auto","background-attachment":"scroll","background-type":"","background-media":"","overlay-type":"","overlay-color":"","overlay-opacity":"","overlay-gradient":""}},"ast-content-background-meta":{"desktop":{"background-color":"var(--ast-global-color-5)","background-image":"","background-repeat":"repeat","background-position":"center center","background-size":"auto","background-attachment":"scroll","background-type":"","background-media":"","overlay-type":"","overlay-color":"","overlay-opacity":"","overlay-gradient":""},"tablet":{"background-color":"var(--ast-global-color-5)","background-image":"","background-repeat":"repeat","background-position":"center center","background-size":"auto","background-attachment":"scroll","background-type":"","background-media":"","overlay-type":"","overlay-color":"","overlay-opacity":"","overlay-gradient":""},"mobile":{"background-color":"var(--ast-global-color-5)","background-image":"","background-repeat":"repeat","background-position":"center center","background-size":"auto","background-attachment":"scroll","background-type":"","background-media":"","overlay-type":"","overlay-color":"","overlay-opacity":"","overlay-gradient":""}}},"product_brand":[],"product_cat":[3422,3389,3392,3433,3553,3879,3878,3572,3838,3489,3467],"product_tag":[3573,3574,3575,3576,3577,1752],"class_list":{"0":"post-19034","1":"product","2":"type-product","3":"status-publish","4":"has-post-thumbnail","6":"product_cat-accessoires","7":"product_cat-accessoires-longue-piste","8":"product_cat-accessoires-short-track","9":"product_cat-accessories","10":"product_cat-aides-a-lentrainement-et-a-la-formation","11":"product_cat-aides-a-la-formation","12":"product_cat-cadeaux","13":"product_cat-cadeaux-pour-patineurs","14":"product_cat-offres-de-club","16":"product_cat-patinage-de-vitesse","17":"product_tag-ceinture-dangle-bont","18":"product_tag-ceinture-de-coin-pour-patins-de-vitesse-sur-glace","19":"product_tag-courroie-dangle","20":"product_tag-formation-en-milieu-sec","21":"product_tag-patinage-de-vitesse-sur-glace","22":"product_tag-speed-skating-equipment","23":"desktop-align-left","24":"tablet-align-left","25":"mobile-align-left","27":"first","28":"instock","29":"sale","30":"taxable","31":"shipping-taxable","32":"purchasable","33":"product-type-simple"},"acf":[],"_links":{"self":[{"href":"https:\/\/ztsports.com\/fr\/wp-json\/wp\/v2\/product\/19034","targetHints":{"allow":["GET"]}}],"collection":[{"href":"https:\/\/ztsports.com\/fr\/wp-json\/wp\/v2\/product"}],"about":[{"href":"https:\/\/ztsports.com\/fr\/wp-json\/wp\/v2\/types\/product"}],"replies":[{"embeddable":true,"href":"https:\/\/ztsports.com\/fr\/wp-json\/wp\/v2\/comments?post=19034"}],"version-history":[{"count":3,"href":"https:\/\/ztsports.com\/fr\/wp-json\/wp\/v2\/product\/19034\/revisions"}],"predecessor-version":[{"id":25143,"href":"https:\/\/ztsports.com\/fr\/wp-json\/wp\/v2\/product\/19034\/revisions\/25143"}],"wp:featuredmedia":[{"embeddable":true,"href":"https:\/\/ztsports.com\/fr\/wp-json\/wp\/v2\/media\/18410"}],"wp:attachment":[{"href":"https:\/\/ztsports.com\/fr\/wp-json\/wp\/v2\/media?parent=19034"}],"wp:term":[{"taxonomy":"product_brand","embeddable":true,"href":"https:\/\/ztsports.com\/fr\/wp-json\/wp\/v2\/product_brand?post=19034"},{"taxonomy":"product_cat","embeddable":true,"href":"https:\/\/ztsports.com\/fr\/wp-json\/wp\/v2\/product_cat?post=19034"},{"taxonomy":"product_tag","embeddable":true,"href":"https:\/\/ztsports.com\/fr\/wp-json\/wp\/v2\/product_tag?post=19034"}],"curies":[{"name":"wp","href":"https:\/\/api.w.org\/{rel}","templated":true}]}}