{"id":19030,"date":"2021-09-23T02:54:32","date_gmt":"2021-09-23T02:54:32","guid":{"rendered":"https:\/\/ztsports.com\/?post_type=product&#038;p=19030"},"modified":"2026-04-13T23:07:24","modified_gmt":"2026-04-13T23:07:24","slug":"protege-tibias-a-enfiler","status":"publish","type":"product","link":"https:\/\/ztsports.com\/fr\/store\/protege-tibias-a-enfiler\/","title":{"rendered":"Prot\u00e8ge-tibias \u00e0 enfiler pour la protection sur piste courte"},"content":{"rendered":"<pre id=\"tw-target-text\" class=\"tw-data-text tw-text-large tw-ta\" dir=\"ltr\" data-placeholder=\"Translation\" aria-label=\"Translated text\" data-ved=\"2ahUKEwjFw4bp8LSIAxUzv4kEHdPoMI0Q3ewLegQIBxAU\"><span class=\"Y2IQFc\" lang=\"fr\">Prot\u00e8ge-tibias \u00e0 enfiler<\/span><\/pre>\n<p>Les prot\u00e8ge-tibias \u00e0 enfiler pour le short track sont<span class=\"Y2IQFc\" lang=\"en\">id\u00e9aux pour \u00eatre ins\u00e9r\u00e9s dans votre combinaison de short track<\/span>.<\/p>\n<p>Prot\u00e8ge-tibias l\u00e9gers \u00e0 enfiler. Coque ventil\u00e9e \u00e0 profil bas pour une protection confortable.<\/p>\n<p>Conception anatomique gauche et droite. Contour pour un meilleur ajustement.<\/p>\n<p>Les protections \u00e0 enfiler sont con\u00e7ues pour s&#8217;ins\u00e9rer dans votre combinaison de short track.<\/p>\n<p><span class=\"Y2IQFc\" lang=\"en\">Disponibles en 3 tailles diff\u00e9rentes.<\/span><\/p>\n<p>PETIT = 14cm<\/p>\n<p>MOYEN = 16cm<\/p>\n<p>GRAND = 18cm<\/p>\n<p>D\u00e9couvrez tous les produits de la gamme <a href=\"https:\/\/ztsports.com\/product-category\/protection\/lower-body-protection\/\"><strong>protection du bas du corps<\/strong><\/a> ici.<\/p>\n","protected":false},"excerpt":{"rendered":"<p>Prot\u00e8ge-tibias \u00e0 enfiler Les prot\u00e8ge-tibias \u00e0 enfiler pour le short track sontid\u00e9aux pour \u00eatre ins\u00e9r\u00e9s dans votre combinaison de short track. Prot\u00e8ge-tibias l\u00e9gers \u00e0 enfiler. Coque ventil\u00e9e \u00e0 profil bas pour une protection confortable. Conception anatomique gauche et droite. Contour pour un meilleur ajustement. Les protections \u00e0 enfiler sont con\u00e7ues pour s&#8217;ins\u00e9rer dans votre combinaison [&hellip;]<\/p>\n","protected":false},"featured_media":18404,"comment_status":"open","ping_status":"closed","template":"","meta":{"_acf_changed":false,"_monsterinsights_skip_tracking":false,"_monsterinsights_sitenote_active":false,"_monsterinsights_sitenote_note":"","_monsterinsights_sitenote_category":0,"_uf_show_specific_survey":0,"_uf_disable_surveys":false,"site-sidebar-layout":"default","site-content-layout":"","ast-site-content-layout":"default","site-content-style":"default","site-sidebar-style":"default","ast-global-header-display":"","ast-banner-title-visibility":"","ast-main-header-display":"","ast-hfb-above-header-display":"","ast-hfb-below-header-display":"","ast-hfb-mobile-header-display":"","site-post-title":"","ast-breadcrumbs-content":"","ast-featured-img":"","footer-sml-layout":"","ast-disable-related-posts":"","theme-transparent-header-meta":"default","adv-header-id-meta":"","stick-header-meta":"","header-above-stick-meta":"","header-main-stick-meta":"","header-below-stick-meta":"","astra-migrate-meta-layouts":"set","ast-page-background-enabled":"default","ast-page-background-meta":{"desktop":{"background-color":"","background-image":"","background-repeat":"repeat","background-position":"center center","background-size":"auto","background-attachment":"scroll","background-type":"","background-media":"","overlay-type":"","overlay-color":"","overlay-opacity":"","overlay-gradient":""},"tablet":{"background-color":"","background-image":"","background-repeat":"repeat","background-position":"center center","background-size":"auto","background-attachment":"scroll","background-type":"","background-media":"","overlay-type":"","overlay-color":"","overlay-opacity":"","overlay-gradient":""},"mobile":{"background-color":"","background-image":"","background-repeat":"repeat","background-position":"center center","background-size":"auto","background-attachment":"scroll","background-type":"","background-media":"","overlay-type":"","overlay-color":"","overlay-opacity":"","overlay-gradient":""}},"ast-content-background-meta":{"desktop":{"background-color":"var(--ast-global-color-5)","background-image":"","background-repeat":"repeat","background-position":"center center","background-size":"auto","background-attachment":"scroll","background-type":"","background-media":"","overlay-type":"","overlay-color":"","overlay-opacity":"","overlay-gradient":""},"tablet":{"background-color":"var(--ast-global-color-5)","background-image":"","background-repeat":"repeat","background-position":"center center","background-size":"auto","background-attachment":"scroll","background-type":"","background-media":"","overlay-type":"","overlay-color":"","overlay-opacity":"","overlay-gradient":""},"mobile":{"background-color":"var(--ast-global-color-5)","background-image":"","background-repeat":"repeat","background-position":"center center","background-size":"auto","background-attachment":"scroll","background-type":"","background-media":"","overlay-type":"","overlay-color":"","overlay-opacity":"","overlay-gradient":""}}},"product_brand":[3358,3359,3360],"product_cat":[3421],"product_tag":[3569,3570,2393],"class_list":{"0":"post-19030","1":"product","2":"type-product","3":"status-publish","4":"has-post-thumbnail","6":"product_brand-x-series","7":"product_brand-x-tech","8":"product_brand-xact","9":"product_cat-protection-bebe-inferieure","10":"product_tag-protege-tibias","11":"product_tag-protege-tibias-a-enfiler","12":"product_tag-slip-in","13":"desktop-align-left","14":"tablet-align-left","15":"mobile-align-left","17":"first","18":"instock","19":"sale","20":"taxable","21":"shipping-taxable","22":"purchasable","23":"product-type-simple"},"acf":[],"_links":{"self":[{"href":"https:\/\/ztsports.com\/fr\/wp-json\/wp\/v2\/product\/19030","targetHints":{"allow":["GET"]}}],"collection":[{"href":"https:\/\/ztsports.com\/fr\/wp-json\/wp\/v2\/product"}],"about":[{"href":"https:\/\/ztsports.com\/fr\/wp-json\/wp\/v2\/types\/product"}],"replies":[{"embeddable":true,"href":"https:\/\/ztsports.com\/fr\/wp-json\/wp\/v2\/comments?post=19030"}],"version-history":[{"count":2,"href":"https:\/\/ztsports.com\/fr\/wp-json\/wp\/v2\/product\/19030\/revisions"}],"predecessor-version":[{"id":25428,"href":"https:\/\/ztsports.com\/fr\/wp-json\/wp\/v2\/product\/19030\/revisions\/25428"}],"wp:featuredmedia":[{"embeddable":true,"href":"https:\/\/ztsports.com\/fr\/wp-json\/wp\/v2\/media\/18404"}],"wp:attachment":[{"href":"https:\/\/ztsports.com\/fr\/wp-json\/wp\/v2\/media?parent=19030"}],"wp:term":[{"taxonomy":"product_brand","embeddable":true,"href":"https:\/\/ztsports.com\/fr\/wp-json\/wp\/v2\/product_brand?post=19030"},{"taxonomy":"product_cat","embeddable":true,"href":"https:\/\/ztsports.com\/fr\/wp-json\/wp\/v2\/product_cat?post=19030"},{"taxonomy":"product_tag","embeddable":true,"href":"https:\/\/ztsports.com\/fr\/wp-json\/wp\/v2\/product_tag?post=19030"}],"curies":[{"name":"wp","href":"https:\/\/api.w.org\/{rel}","templated":true}]}}