{"id":19028,"date":"2021-09-23T02:54:35","date_gmt":"2021-09-23T02:54:35","guid":{"rendered":"https:\/\/ztsports.com\/?post_type=product&#038;p=19028"},"modified":"2026-04-14T13:37:35","modified_gmt":"2026-04-14T13:37:35","slug":"maple-kit-de-remplacement","status":"publish","type":"product","link":"https:\/\/ztsports.com\/fr\/store\/maple-kit-de-remplacement\/","title":{"rendered":"Maple Kit de remplacement des roulements en \u00e9rable pour la lame de frappe"},"content":{"rendered":"<h1 id=\"tw-target-text\" class=\"tw-data-text tw-text-large tw-ta\" dir=\"ltr\" data-placeholder=\"Translation\"><span class=\"Y2IQFc\" lang=\"en\">Maple Kit de remplacement des roulements de l&#8217;\u00e9rable<\/span><\/h1>\n<p class=\"tw-data-text tw-text-large tw-ta\" dir=\"ltr\" data-placeholder=\"Translation\"><span class=\"Y2IQFc\" lang=\"en\">Maple Le kit de remplacement des roulements en \u00e9rable pour le pont Clap Blade comprend deux roulements et une entretoise.<\/span><\/p>\n<p class=\"tw-data-text tw-text-large tw-ta\" dir=\"ltr\" data-placeholder=\"Translation\"><span class=\"Y2IQFc\" lang=\"en\">En outre, ce kit est compatible avec tous les clap Bridges Maple et MapleZ \u00e0 longue piste.<\/span><\/p>\n<p dir=\"ltr\" data-placeholder=\"Translation\">Renouvelez le claquement de votre claque en rempla\u00e7ant les roulements de votre claque. Vendu en kit. (Chaque m\u00e9canisme de frappe n\u00e9cessite deux roulements et une entretoise).<\/p>\n<h4 dir=\"ltr\" data-placeholder=\"Translation\">Compatible with the following:<\/h4>\n<ul>\n<li>Blizzard<\/li>\n<li>Comet Aluminum<\/li>\n<li>Comet Laser<\/li>\n<li>Twin Laser<\/li>\n<li>Laser T-Bone<\/li>\n<li>Twin Laser T-Bone<\/li>\n<\/ul>\n<p>Enfin, vous pouvez trouver <a href=\"https:\/\/ztsports.com\/product-category\/long-track\/long-track-parts\/\"><strong>toutes les pi\u00e8ces Long Track<\/strong><\/a> ici.<\/p>\n","protected":false},"excerpt":{"rendered":"<p>Maple Kit de remplacement des roulements de l&#8217;\u00e9rable Maple Le kit de remplacement des roulements en \u00e9rable pour le pont Clap Blade comprend deux roulements et une entretoise. En outre, ce kit est compatible avec tous les clap Bridges Maple et MapleZ \u00e0 longue piste. Renouvelez le claquement de votre claque en rempla\u00e7ant les roulements [&hellip;]<\/p>\n","protected":false},"featured_media":18397,"comment_status":"open","ping_status":"closed","template":"","meta":{"_acf_changed":false,"_monsterinsights_skip_tracking":false,"_monsterinsights_sitenote_active":false,"_monsterinsights_sitenote_note":"","_monsterinsights_sitenote_category":0,"_uf_show_specific_survey":0,"_uf_disable_surveys":false,"site-sidebar-layout":"default","site-content-layout":"","ast-site-content-layout":"default","site-content-style":"default","site-sidebar-style":"default","ast-global-header-display":"","ast-banner-title-visibility":"","ast-main-header-display":"","ast-hfb-above-header-display":"","ast-hfb-below-header-display":"","ast-hfb-mobile-header-display":"","site-post-title":"","ast-breadcrumbs-content":"","ast-featured-img":"","footer-sml-layout":"","ast-disable-related-posts":"","theme-transparent-header-meta":"default","adv-header-id-meta":"","stick-header-meta":"","header-above-stick-meta":"","header-main-stick-meta":"","header-below-stick-meta":"","astra-migrate-meta-layouts":"set","ast-page-background-enabled":"default","ast-page-background-meta":{"desktop":{"background-color":"","background-image":"","background-repeat":"repeat","background-position":"center center","background-size":"auto","background-attachment":"scroll","background-type":"","background-media":"","overlay-type":"","overlay-color":"","overlay-opacity":"","overlay-gradient":""},"tablet":{"background-color":"","background-image":"","background-repeat":"repeat","background-position":"center center","background-size":"auto","background-attachment":"scroll","background-type":"","background-media":"","overlay-type":"","overlay-color":"","overlay-opacity":"","overlay-gradient":""},"mobile":{"background-color":"","background-image":"","background-repeat":"repeat","background-position":"center center","background-size":"auto","background-attachment":"scroll","background-type":"","background-media":"","overlay-type":"","overlay-color":"","overlay-opacity":"","overlay-gradient":""}},"ast-content-background-meta":{"desktop":{"background-color":"var(--ast-global-color-5)","background-image":"","background-repeat":"repeat","background-position":"center center","background-size":"auto","background-attachment":"scroll","background-type":"","background-media":"","overlay-type":"","overlay-color":"","overlay-opacity":"","overlay-gradient":""},"tablet":{"background-color":"var(--ast-global-color-5)","background-image":"","background-repeat":"repeat","background-position":"center center","background-size":"auto","background-attachment":"scroll","background-type":"","background-media":"","overlay-type":"","overlay-color":"","overlay-opacity":"","overlay-gradient":""},"mobile":{"background-color":"var(--ast-global-color-5)","background-image":"","background-repeat":"repeat","background-position":"center center","background-size":"auto","background-attachment":"scroll","background-type":"","background-media":"","overlay-type":"","overlay-color":"","overlay-opacity":"","overlay-gradient":""}}},"product_brand":[3318,3319],"product_cat":[3389,3391,3526,3523,3390,3559,3875],"product_tag":[3565,3566,3567,3563,3568],"class_list":{"0":"post-19028","1":"product","2":"type-product","3":"status-publish","4":"has-post-thumbnail","6":"product_brand-maple","7":"product_brand-maplez","8":"product_cat-accessoires-longue-piste","9":"product_cat-accessoires-pour-la-longue-piste","10":"product_cat-blades","11":"product_cat-lames-a-longue-voie","12":"product_cat-longue-piste","13":"product_cat-pieces-detachees-pour-voies-longues","14":"product_cat-pieces-et-outils","15":"product_tag-erablez","16":"product_tag-kit-de-remplacement","17":"product_tag-palier-derable","18":"product_tag-pieces-derable","19":"product_tag-pieces-de-clapet","20":"desktop-align-left","21":"tablet-align-left","22":"mobile-align-left","24":"first","25":"instock","26":"taxable","27":"shipping-taxable","28":"purchasable","29":"product-type-simple"},"acf":[],"_links":{"self":[{"href":"https:\/\/ztsports.com\/fr\/wp-json\/wp\/v2\/product\/19028","targetHints":{"allow":["GET"]}}],"collection":[{"href":"https:\/\/ztsports.com\/fr\/wp-json\/wp\/v2\/product"}],"about":[{"href":"https:\/\/ztsports.com\/fr\/wp-json\/wp\/v2\/types\/product"}],"replies":[{"embeddable":true,"href":"https:\/\/ztsports.com\/fr\/wp-json\/wp\/v2\/comments?post=19028"}],"version-history":[{"count":2,"href":"https:\/\/ztsports.com\/fr\/wp-json\/wp\/v2\/product\/19028\/revisions"}],"predecessor-version":[{"id":25429,"href":"https:\/\/ztsports.com\/fr\/wp-json\/wp\/v2\/product\/19028\/revisions\/25429"}],"wp:featuredmedia":[{"embeddable":true,"href":"https:\/\/ztsports.com\/fr\/wp-json\/wp\/v2\/media\/18397"}],"wp:attachment":[{"href":"https:\/\/ztsports.com\/fr\/wp-json\/wp\/v2\/media?parent=19028"}],"wp:term":[{"taxonomy":"product_brand","embeddable":true,"href":"https:\/\/ztsports.com\/fr\/wp-json\/wp\/v2\/product_brand?post=19028"},{"taxonomy":"product_cat","embeddable":true,"href":"https:\/\/ztsports.com\/fr\/wp-json\/wp\/v2\/product_cat?post=19028"},{"taxonomy":"product_tag","embeddable":true,"href":"https:\/\/ztsports.com\/fr\/wp-json\/wp\/v2\/product_tag?post=19028"}],"curies":[{"name":"wp","href":"https:\/\/api.w.org\/{rel}","templated":true}]}}