{"id":19026,"date":"2021-09-23T02:55:43","date_gmt":"2021-09-23T02:55:43","guid":{"rendered":"https:\/\/ztsports.com\/?post_type=product&#038;p=19026"},"modified":"2026-04-14T13:44:02","modified_gmt":"2026-04-14T13:44:02","slug":"axe-de-remplacement-maple","status":"publish","type":"product","link":"https:\/\/ztsports.com\/fr\/store\/axe-de-remplacement-maple\/","title":{"rendered":"AXE DE REMPLACEMENT MAPLE Long Track Claps"},"content":{"rendered":"<h1 id=\"tw-target-text\" class=\"tw-data-text tw-text-large tw-ta\" dir=\"ltr\" data-placeholder=\"Translation\"><span class=\"Y2IQFc\" lang=\"en\">ESSIEU DE REMPLACEMENT DE L&#8217;\u00c9RABLE<\/span><\/h1>\n<p class=\"tw-data-text tw-text-large tw-ta\" dir=\"ltr\" data-placeholder=\"Translation\"><span class=\"Y2IQFc\" lang=\"en\">Axe de remplacement Maple et MaplezZ Long Track Clap Blades .<\/span> De plus, les essieux de remplacement sont indispensables \u00e0 tout entra\u00eeneur ou patineur de vitesse sur longue piste dans son kit d&#8217;\u00e9quipement.<\/p>\n<p class=\"tw-data-text tw-text-large tw-ta\" dir=\"ltr\" data-placeholder=\"Translation\"><a href=\"https:\/\/ztsports.ca\/product-category\/long-track\/long-track-parts\/\" target=\"_blank\" rel=\"noopener\"><strong>Zt Sports<\/strong> stocke des pi\u00e8ces d&#8217;origine en \u00e9rable et en \u00e9rable mouchet\u00e9<\/a>.<\/p>\n<p class=\"tw-data-text tw-text-large tw-ta\" dir=\"ltr\" data-placeholder=\"Translation\">Sold as single units.<\/p>\n<p class=\"tw-data-text tw-text-large tw-ta\" dir=\"ltr\" data-placeholder=\"Translation\"><strong>En outre, l&#8217;axe est compatible avec les lames de clapet Maple et MapleZ suivantes :<\/strong><\/p>\n<ul>\n<li>Blizzard<\/li>\n<li>Comet Aluminum<\/li>\n<li>Comet Laser<\/li>\n<li>Twin Laser<\/li>\n<li>Laser T-Bone<\/li>\n<li>Le plus grand nombre d&#8217;applaudissements de l&#8217;OVE<\/li>\n<li>Le plus grand nombre d&#8217;applaudissements en mati\u00e8re d&#8217;ESS<\/li>\n<\/ul>\n<p>Enfin, retrouvez toutes nos <a href=\"https:\/\/ztsports.com\/product-category\/long-track\/long-track-parts\/\"><strong>pi\u00e8ces et outils pour les chenilles longues<\/strong><\/a> ici.<\/p>\n","protected":false},"excerpt":{"rendered":"<p>ESSIEU DE REMPLACEMENT DE L&#8217;\u00c9RABLE Axe de remplacement Maple et MaplezZ Long Track Clap Blades . De plus, les essieux de remplacement sont indispensables \u00e0 tout entra\u00eeneur ou patineur de vitesse sur longue piste dans son kit d&#8217;\u00e9quipement. Zt Sports stocke des pi\u00e8ces d&#8217;origine en \u00e9rable et en \u00e9rable mouchet\u00e9. Sold as single units. En [&hellip;]<\/p>\n","protected":false},"featured_media":18392,"comment_status":"open","ping_status":"closed","template":"","meta":{"_acf_changed":false,"_monsterinsights_skip_tracking":false,"_monsterinsights_sitenote_active":false,"_monsterinsights_sitenote_note":"","_monsterinsights_sitenote_category":0,"_uf_show_specific_survey":0,"_uf_disable_surveys":false,"site-sidebar-layout":"default","site-content-layout":"","ast-site-content-layout":"default","site-content-style":"default","site-sidebar-style":"default","ast-global-header-display":"","ast-banner-title-visibility":"","ast-main-header-display":"","ast-hfb-above-header-display":"","ast-hfb-below-header-display":"","ast-hfb-mobile-header-display":"","site-post-title":"","ast-breadcrumbs-content":"","ast-featured-img":"","footer-sml-layout":"","ast-disable-related-posts":"","theme-transparent-header-meta":"default","adv-header-id-meta":"","stick-header-meta":"","header-above-stick-meta":"","header-main-stick-meta":"","header-below-stick-meta":"","astra-migrate-meta-layouts":"set","ast-page-background-enabled":"default","ast-page-background-meta":{"desktop":{"background-color":"","background-image":"","background-repeat":"repeat","background-position":"center center","background-size":"auto","background-attachment":"scroll","background-type":"","background-media":"","overlay-type":"","overlay-color":"","overlay-opacity":"","overlay-gradient":""},"tablet":{"background-color":"","background-image":"","background-repeat":"repeat","background-position":"center center","background-size":"auto","background-attachment":"scroll","background-type":"","background-media":"","overlay-type":"","overlay-color":"","overlay-opacity":"","overlay-gradient":""},"mobile":{"background-color":"","background-image":"","background-repeat":"repeat","background-position":"center center","background-size":"auto","background-attachment":"scroll","background-type":"","background-media":"","overlay-type":"","overlay-color":"","overlay-opacity":"","overlay-gradient":""}},"ast-content-background-meta":{"desktop":{"background-color":"var(--ast-global-color-5)","background-image":"","background-repeat":"repeat","background-position":"center center","background-size":"auto","background-attachment":"scroll","background-type":"","background-media":"","overlay-type":"","overlay-color":"","overlay-opacity":"","overlay-gradient":""},"tablet":{"background-color":"var(--ast-global-color-5)","background-image":"","background-repeat":"repeat","background-position":"center center","background-size":"auto","background-attachment":"scroll","background-type":"","background-media":"","overlay-type":"","overlay-color":"","overlay-opacity":"","overlay-gradient":""},"mobile":{"background-color":"var(--ast-global-color-5)","background-image":"","background-repeat":"repeat","background-position":"center center","background-size":"auto","background-attachment":"scroll","background-type":"","background-media":"","overlay-type":"","overlay-color":"","overlay-opacity":"","overlay-gradient":""}}},"product_brand":[4343,3318,3319],"product_cat":[3389,3391,3526,3514,3390,3467,3559,3875],"product_tag":[3560,3427,3561,3562,3563,3564],"class_list":{"0":"post-19026","1":"product","2":"type-product","3":"status-publish","4":"has-post-thumbnail","6":"product_brand-accessoires-longue-piste","7":"product_brand-maple","8":"product_brand-maplez","9":"product_cat-accessoires-longue-piste","10":"product_cat-accessoires-pour-la-longue-piste","11":"product_cat-blades","12":"product_cat-entretien-des-lames","13":"product_cat-longue-piste","14":"product_cat-patinage-de-vitesse","15":"product_cat-pieces-detachees-pour-voies-longues","16":"product_cat-pieces-et-outils","17":"product_tag-clap-de-longue-piste","18":"product_tag-equipement-de-patinage-de-vitesse","19":"product_tag-essieu-de-remplacement","20":"product_tag-essieu-de-remplacement-de-lerable","21":"product_tag-pieces-derable","22":"product_tag-pieces-maplez","23":"desktop-align-left","24":"tablet-align-left","25":"mobile-align-left","27":"first","28":"instock","29":"taxable","30":"shipping-taxable","31":"purchasable","32":"product-type-simple"},"acf":[],"_links":{"self":[{"href":"https:\/\/ztsports.com\/fr\/wp-json\/wp\/v2\/product\/19026","targetHints":{"allow":["GET"]}}],"collection":[{"href":"https:\/\/ztsports.com\/fr\/wp-json\/wp\/v2\/product"}],"about":[{"href":"https:\/\/ztsports.com\/fr\/wp-json\/wp\/v2\/types\/product"}],"replies":[{"embeddable":true,"href":"https:\/\/ztsports.com\/fr\/wp-json\/wp\/v2\/comments?post=19026"}],"version-history":[{"count":2,"href":"https:\/\/ztsports.com\/fr\/wp-json\/wp\/v2\/product\/19026\/revisions"}],"predecessor-version":[{"id":25430,"href":"https:\/\/ztsports.com\/fr\/wp-json\/wp\/v2\/product\/19026\/revisions\/25430"}],"wp:featuredmedia":[{"embeddable":true,"href":"https:\/\/ztsports.com\/fr\/wp-json\/wp\/v2\/media\/18392"}],"wp:attachment":[{"href":"https:\/\/ztsports.com\/fr\/wp-json\/wp\/v2\/media?parent=19026"}],"wp:term":[{"taxonomy":"product_brand","embeddable":true,"href":"https:\/\/ztsports.com\/fr\/wp-json\/wp\/v2\/product_brand?post=19026"},{"taxonomy":"product_cat","embeddable":true,"href":"https:\/\/ztsports.com\/fr\/wp-json\/wp\/v2\/product_cat?post=19026"},{"taxonomy":"product_tag","embeddable":true,"href":"https:\/\/ztsports.com\/fr\/wp-json\/wp\/v2\/product_tag?post=19026"}],"curies":[{"name":"wp","href":"https:\/\/api.w.org\/{rel}","templated":true}]}}