{"id":19024,"date":"2021-09-23T02:55:45","date_gmt":"2021-09-23T02:55:45","guid":{"rendered":"https:\/\/ztsports.com\/?post_type=product&#038;p=19024"},"modified":"2026-04-13T22:17:43","modified_gmt":"2026-04-13T22:17:43","slug":"deluxe-wooden-wobble-board","status":"publish","type":"product","link":"https:\/\/ztsports.com\/fr\/store\/deluxe-wooden-wobble-board\/","title":{"rendered":"Planche d&#8217;\u00e9quilibre DELUXE WOODEN WOBBLE BOARD Balance Trainer"},"content":{"rendered":"<h1 id=\"tw-target-text\" class=\"tw-data-text tw-text-large tw-ta\" dir=\"ltr\" data-placeholder=\"Translation\"><span class=\"Y2IQFc\" lang=\"en\"><br \/>\nPLANCHE OSCILLANTE EN BOIS DE LUXE<\/span><\/h1>\n<p class=\"tw-data-text tw-text-large tw-ta\" dir=\"ltr\" data-placeholder=\"Translation\"><span class=\"Y2IQFc\" lang=\"en\">Avec la DELUXE WOODEN WOBBLE BOARD, rien ne rend un entra\u00eenement plus difficile et plus efficace pour votre syst\u00e8me neuromusculaire que de l&#8217;effectuer sur une surface instable. L&#8217;entra\u00eenement \u00e0 l&#8217;\u00e9quilibre et \u00e0 la stabilit\u00e9 est l&#8217;une des tendances les plus en vogue actuellement. <\/span><\/p>\n<p class=\"tw-data-text tw-text-large tw-ta\" dir=\"ltr\" data-placeholder=\"Translation\"><span class=\"Y2IQFc\" lang=\"en\">Importance d&#8217;un corps fonctionnel et d&#8217;une performance am\u00e9lior\u00e9e dans la vie de tous les jours et dans l&#8217;athl\u00e9tisme. Les personnes qui pratiquent le patinage de vitesse trouvent que cela leur permet d&#8217;am\u00e9liorer leur tronc et leur \u00e9quilibre.<\/span><\/p>\n<h4 dir=\"ltr\" data-placeholder=\"Translation\">deluxe wooden wobble board<\/h4>\n<p class=\"tw-data-text tw-text-large tw-ta\" dir=\"ltr\" data-placeholder=\"Translation\"><span class=\"Y2IQFc\" lang=\"en\">Les personnes \u00e2g\u00e9es, les enfants et les athl\u00e8tes professionnels b\u00e9n\u00e9ficieront tous d&#8217;un tronc solide et d&#8217;un excellent \u00e9quilibre. La surface antid\u00e9rapante et la conception en bois durable de la planche d&#8217;\u00e9quilibre de base sont durables et con\u00e7ues pour la s\u00e9curit\u00e9. La rotation \u00e0 360 degr\u00e9s vous permet de d\u00e9placer votre poids dans n&#8217;importe quelle direction et de renforcer tous vos principaux groupes musculaires. <\/span><\/p>\n<p class=\"tw-data-text tw-text-large tw-ta\" dir=\"ltr\" data-placeholder=\"Translation\"><span class=\"Y2IQFc\" lang=\"en\">Exercices tels que les \u00e9quilibres sur une jambe, les planches et les flexions. En outre, c&#8217;est un excellent moyen de renforcer les chevilles et les pieds pour am\u00e9liorer la mobilit\u00e9 et la stabilit\u00e9. La planche l\u00e9g\u00e8re de trois livres est un outil id\u00e9al \u00e0 garder \u00e0 la maison et peut facilement \u00eatre emmen\u00e9e \u00e0 l&#8217;ext\u00e9rieur ou \u00e0 la salle de sport. <\/span><\/p>\n<div class=\"cDcsmb\" aria-hidden=\"true\">\n<p class=\"WQWxe RES9jf gsrt\"><a href=\"http:\/\/TOP%2010%20Wobble%20Board%20Exercises%20for%20Balance%20&amp;%20Strength\"><strong>TOP 10 Exercices sur planche oscillante<\/strong><\/a>pour l&#8217;\u00e9quilibre et la force. deluxe wooden wobble board<\/p>\n<\/div>\n<p dir=\"ltr\" data-placeholder=\"Translation\">Enfin, consultez tous nos produits d&#8217;aide \u00e0 l&#8217;\u00e9quilibre et \u00e0 l&#8217;entra\u00eenement <a href=\"https:\/\/ztsports.com\/product-category\/accessories\/training-aids\/\"><strong>aides \u00e0 l&#8217;\u00e9quilibre et \u00e0 l&#8217;entra\u00eenement<\/strong><\/a> ici.<\/p>\n","protected":false},"excerpt":{"rendered":"<p>PLANCHE OSCILLANTE EN BOIS DE LUXE Avec la DELUXE WOODEN WOBBLE BOARD, rien ne rend un entra\u00eenement plus difficile et plus efficace pour votre syst\u00e8me neuromusculaire que de l&#8217;effectuer sur une surface instable. L&#8217;entra\u00eenement \u00e0 l&#8217;\u00e9quilibre et \u00e0 la stabilit\u00e9 est l&#8217;une des tendances les plus en vogue actuellement. Importance d&#8217;un corps fonctionnel et d&#8217;une [&hellip;]<\/p>\n","protected":false},"featured_media":18386,"comment_status":"open","ping_status":"closed","template":"","meta":{"_acf_changed":false,"_monsterinsights_skip_tracking":false,"_monsterinsights_sitenote_active":false,"_monsterinsights_sitenote_note":"","_monsterinsights_sitenote_category":0,"_uf_show_specific_survey":0,"_uf_disable_surveys":false,"site-sidebar-layout":"default","site-content-layout":"","ast-site-content-layout":"default","site-content-style":"default","site-sidebar-style":"default","ast-global-header-display":"","ast-banner-title-visibility":"","ast-main-header-display":"","ast-hfb-above-header-display":"","ast-hfb-below-header-display":"","ast-hfb-mobile-header-display":"","site-post-title":"","ast-breadcrumbs-content":"","ast-featured-img":"","footer-sml-layout":"","ast-disable-related-posts":"","theme-transparent-header-meta":"default","adv-header-id-meta":"","stick-header-meta":"","header-above-stick-meta":"","header-main-stick-meta":"","header-below-stick-meta":"","astra-migrate-meta-layouts":"set","ast-page-background-enabled":"default","ast-page-background-meta":{"desktop":{"background-color":"","background-image":"","background-repeat":"repeat","background-position":"center center","background-size":"auto","background-attachment":"scroll","background-type":"","background-media":"","overlay-type":"","overlay-color":"","overlay-opacity":"","overlay-gradient":""},"tablet":{"background-color":"","background-image":"","background-repeat":"repeat","background-position":"center center","background-size":"auto","background-attachment":"scroll","background-type":"","background-media":"","overlay-type":"","overlay-color":"","overlay-opacity":"","overlay-gradient":""},"mobile":{"background-color":"","background-image":"","background-repeat":"repeat","background-position":"center center","background-size":"auto","background-attachment":"scroll","background-type":"","background-media":"","overlay-type":"","overlay-color":"","overlay-opacity":"","overlay-gradient":""}},"ast-content-background-meta":{"desktop":{"background-color":"var(--ast-global-color-5)","background-image":"","background-repeat":"repeat","background-position":"center center","background-size":"auto","background-attachment":"scroll","background-type":"","background-media":"","overlay-type":"","overlay-color":"","overlay-opacity":"","overlay-gradient":""},"tablet":{"background-color":"var(--ast-global-color-5)","background-image":"","background-repeat":"repeat","background-position":"center center","background-size":"auto","background-attachment":"scroll","background-type":"","background-media":"","overlay-type":"","overlay-color":"","overlay-opacity":"","overlay-gradient":""},"mobile":{"background-color":"var(--ast-global-color-5)","background-image":"","background-repeat":"repeat","background-position":"center center","background-size":"auto","background-attachment":"scroll","background-type":"","background-media":"","overlay-type":"","overlay-color":"","overlay-opacity":"","overlay-gradient":""}}},"product_brand":[],"product_cat":[3389,3392,3553,3879],"product_tag":[3555,3556,2405,3557,3558,3497],"class_list":{"0":"post-19024","1":"product","2":"type-product","3":"status-publish","4":"has-post-thumbnail","6":"product_cat-accessoires-longue-piste","7":"product_cat-accessoires-short-track","8":"product_cat-aides-a-lentrainement-et-a-la-formation","9":"product_cat-aides-a-la-formation","10":"product_tag-coeur-de-metier","11":"product_tag-conseil-dequilibre","12":"product_tag-crossfit","13":"product_tag-entrainement-croise","14":"product_tag-entrainement-hors-saison","15":"product_tag-patinage-de-vitesse","16":"desktop-align-left","17":"tablet-align-left","18":"mobile-align-left","20":"first","21":"instock","22":"taxable","23":"shipping-taxable","24":"purchasable","25":"product-type-simple"},"acf":[],"_links":{"self":[{"href":"https:\/\/ztsports.com\/fr\/wp-json\/wp\/v2\/product\/19024","targetHints":{"allow":["GET"]}}],"collection":[{"href":"https:\/\/ztsports.com\/fr\/wp-json\/wp\/v2\/product"}],"about":[{"href":"https:\/\/ztsports.com\/fr\/wp-json\/wp\/v2\/types\/product"}],"replies":[{"embeddable":true,"href":"https:\/\/ztsports.com\/fr\/wp-json\/wp\/v2\/comments?post=19024"}],"version-history":[{"count":3,"href":"https:\/\/ztsports.com\/fr\/wp-json\/wp\/v2\/product\/19024\/revisions"}],"predecessor-version":[{"id":25426,"href":"https:\/\/ztsports.com\/fr\/wp-json\/wp\/v2\/product\/19024\/revisions\/25426"}],"wp:featuredmedia":[{"embeddable":true,"href":"https:\/\/ztsports.com\/fr\/wp-json\/wp\/v2\/media\/18386"}],"wp:attachment":[{"href":"https:\/\/ztsports.com\/fr\/wp-json\/wp\/v2\/media?parent=19024"}],"wp:term":[{"taxonomy":"product_brand","embeddable":true,"href":"https:\/\/ztsports.com\/fr\/wp-json\/wp\/v2\/product_brand?post=19024"},{"taxonomy":"product_cat","embeddable":true,"href":"https:\/\/ztsports.com\/fr\/wp-json\/wp\/v2\/product_cat?post=19024"},{"taxonomy":"product_tag","embeddable":true,"href":"https:\/\/ztsports.com\/fr\/wp-json\/wp\/v2\/product_tag?post=19024"}],"curies":[{"name":"wp","href":"https:\/\/api.w.org\/{rel}","templated":true}]}}