{"id":19022,"date":"2021-09-23T02:55:48","date_gmt":"2021-09-23T02:55:48","guid":{"rendered":"https:\/\/ztsports.com\/?post_type=product&#038;p=19022"},"modified":"2026-04-13T23:06:46","modified_gmt":"2026-04-13T23:06:46","slug":"front-boot-protection-bont","status":"publish","type":"product","link":"https:\/\/ztsports.com\/fr\/store\/front-boot-protection-bont\/","title":{"rendered":"FRONT BOOT PROTECTION BONT\/PROTECTION DE LA BOTTE AVANT Pare-pierres AVANT"},"content":{"rendered":"<h1 id=\"tw-target-text\" class=\"tw-data-text tw-text-large tw-ta\" dir=\"ltr\" data-placeholder=\"Translation\"><span class=\"Y2IQFc\" lang=\"en\">BONT DE PROTECTION DU COFFRE AVANT<\/span><\/h1>\n<p>Le FRONT BOOT PROTECTION BONT prot\u00e8ge l&#8217;avant de votre botte Bont et augmente sa dur\u00e9e de vie gr\u00e2ce \u00e0 la protection avant en plastique TPU. Inestimable pour les clubs qui souhaitent ajouter et prolonger la dur\u00e9e de vie de leurs locations.<\/p>\n<p><strong>Taille et disponibilit\u00e9<\/strong><\/p>\n<p>Trois tailles sont disponibles en fonction de la taille de vos bottes vendues par paire. Il est essentiel de choisir la bonne taille pour un ajustement parfait et une protection optimale.<\/p>\n<h5>FRONT BOOT PROTECTION BONT<\/h5>\n<p><strong>Petit (33-36.5)<\/strong><br \/>\n<strong>Moyen (37-40)<\/strong><br \/>\n<strong>Large (41-44) <\/strong><\/p>\n<p><strong>Protection de coffre avant Bont (Pare-chocs) <\/strong><\/p>\n<p>La protection frontale BONT est un accessoire indispensable pour tous les patineurs en ligne et les responsables de l&#8217;\u00e9quipement des clubs de patinage qui cherchent \u00e0 prot\u00e9ger leur \u00e9quipement et \u00e0 prolonger la dur\u00e9e de vie de leurs chaussures. Fabriqu\u00e9e en plastique TPU de haute qualit\u00e9, cette protection frontale est con\u00e7ue pour r\u00e9sister aux chocs et aux rayures tout en offrant suffisamment de souplesse pour des mouvements naturels et confortables.<\/p>\n<h4>Prolongez la dur\u00e9e de vie de vos bottes.<\/h4>\n<p>L&#8217;installation est facile ; il suffit de glisser la protection avant sur l&#8217;avant de votre botte BONT avec un peu de colle et de chaleur. Il est \u00e9galement facile \u00e0 retirer pour le nettoyer ou le remplacer.<\/p>\n<p><strong>Avantages of FRONT BOOT PROTECTION BONT<\/strong><\/p>\n<ul>\n<li><strong>Protection<\/strong>: Le Front Boot Protection Bont est un compl\u00e9ment essentiel pour tous les patineurs en ligne et les responsables de l&#8217;\u00e9quipement des clubs de patinage de vitesse. De plus, ils prot\u00e8gent l&#8217;\u00e9quipement et prolongent ainsi la dur\u00e9e de vie de leurs bottes. Les pare-chocs sont fabriqu\u00e9s \u00e0 partir de mat\u00e9riaux de haute qualit\u00e9 pour une meilleure r\u00e9sistance aux chocs et aux rayures, tout en offrant une flexibilit\u00e9 suffisante pour un mouvement naturel et confortable. De plus, gr\u00e2ce \u00e0 la protection frontale BONT, vous pouvez \u00eatre s\u00fbr que votre \u00e9quipement sera prot\u00e9g\u00e9 contre les dommages caus\u00e9s par l&#8217;utilisation quotidienne.<\/li>\n<\/ul>\n<ul>\n<li><strong>Prolonge la dur\u00e9e de vie de vos b<\/strong>ottes : En plus de prot\u00e9ger l&#8217;avant de votre botte, la protection frontale BONT contribue \u00e9galement \u00e0 prolonger la dur\u00e9e de vie de vos bottes. De m\u00eame, les bottes de roller et de short track peuvent \u00eatre co\u00fbteuses, et il est essentiel de les prot\u00e9ger pour \u00e9viter de les remplacer trop fr\u00e9quemment. La protection frontale BONT vous permet de conserver vos bottes en bon \u00e9tat plus longtemps, ce qui vous permet d&#8217;\u00e9conomiser de l&#8217;argent sur l&#8217;achat de nouvelles bottes.<\/li>\n<\/ul>\n<ul>\n<li><strong>El\u00e9gant et discret :<\/strong> La protection frontale BONT est un accessoire \u00e9l\u00e9gant et discret qui ne g\u00eanera pas votre apparence. Il s&#8217;harmonise parfaitement avec les bottes BONT et ne nuit pas \u00e0 l&#8217;aspect g\u00e9n\u00e9ral de votre \u00e9quipement.<\/li>\n<\/ul>\n<p><strong>Installation<\/strong><\/p>\n<ul>\n<li>Facile \u00e0 installer et \u00e0 retirer.<\/li>\n<\/ul>\n<p><strong>Pare-chocs Bont<\/strong><\/p>\n<p>La protection frontale BONT est un accessoire essentiel pour tous les patineurs en ligne et les clubs de patinage. Surtout si vous cherchez \u00e0 prot\u00e9ger leur \u00e9quipement et \u00e0 prolonger la dur\u00e9e de vie de leurs bottes.<\/p>\n<h4>Mat\u00e9riaux de haute qualit\u00e9<\/h4>\n<p>Fabriqu\u00e9 en mat\u00e9riaux de haute qualit\u00e9 pour une r\u00e9sistance accrue aux chocs et aux rayures, il offre suffisamment de flexibilit\u00e9 pour un mouvement naturel et confortable. Avec la protection frontale BONT, vous pouvez \u00eatre s\u00fbr que votre \u00e9quipement sera prot\u00e9g\u00e9 contre les dommages caus\u00e9s par l&#8217;utilisation quotidienne.<\/p>\n<p><b>Acheter Front Boot Protection Bont actuellement en stock chez<\/b> <a href=\"https:\/\/ztsports.com\/?lang=fr\"><strong>Zt Sports<\/strong><\/a>! Soyez assur\u00e9 de recevoir des produits de remplacement d&#8217;origine, avec une livraison sans souci.<\/p>\n<p>Le kit de pare-chocs avant d&#8217;origine est un \u00e9l\u00e9ment de remplacement adapt\u00e9 aux Vaypor originales et aux Vaypor T de Bont Cycling.<\/p>\n<p>Chaque kit contient des pare-chocs gauche et droit et peut \u00eatre install\u00e9 sur les mod\u00e8les ci-dessus \u00e0 l&#8217;aide de Loctite 401. Le retrait des pare-chocs existants doit \u00eatre effectu\u00e9 par un technicien form\u00e9 \u00e0 la r\u00e9paration de chaussures ou de bottes.<\/p>\n<p><strong>Tailles disponibles pour les pare-chocs de protection de la botte avant<\/strong><\/p>\n<ul>\n<li>Petit (taille 36 &#8211; 37)<\/li>\n<li>Moyen (taille 38 &#8211; 41)<\/li>\n<li>Grand (taille 42 &#8211; 45)<\/li>\n<li>XL (taille 46 &#8211; 50)<\/li>\n<\/ul>\n<p>Une courte vid\u00e9o sur la fa\u00e7on de <a href=\"https:\/\/www.youtube.com\/watch?v=zEMqLWZfZ9E\" target=\"_blank\" rel=\"noopener\"><strong>Comment remplacer votre butoir d&#8217;orteil en caoutchouc<\/strong><\/a> de vos patins Bont.<\/p>\n<p>Enfin, consultez notre section <a href=\"https:\/\/ztsports.com\/product-category\/short-track\/club-deals\/\"><strong>Offres de club<\/strong><\/a> pour d&#8217;autres articles cl\u00e9s de l&#8217;\u00e9quipement du club.<\/p>\n","protected":false},"excerpt":{"rendered":"<p>BONT DE PROTECTION DU COFFRE AVANT Le FRONT BOOT PROTECTION BONT prot\u00e8ge l&#8217;avant de votre botte Bont et augmente sa dur\u00e9e de vie gr\u00e2ce \u00e0 la protection avant en plastique TPU. Inestimable pour les clubs qui souhaitent ajouter et prolonger la dur\u00e9e de vie de leurs locations. Taille et disponibilit\u00e9 Trois tailles sont disponibles en [&hellip;]<\/p>\n","protected":false},"featured_media":18382,"comment_status":"open","ping_status":"closed","template":"","meta":{"_acf_changed":false,"_monsterinsights_skip_tracking":false,"_monsterinsights_sitenote_active":false,"_monsterinsights_sitenote_note":"","_monsterinsights_sitenote_category":0,"_uf_show_specific_survey":0,"_uf_disable_surveys":false,"site-sidebar-layout":"default","site-content-layout":"","ast-site-content-layout":"default","site-content-style":"default","site-sidebar-style":"default","ast-global-header-display":"","ast-banner-title-visibility":"","ast-main-header-display":"","ast-hfb-above-header-display":"","ast-hfb-below-header-display":"","ast-hfb-mobile-header-display":"","site-post-title":"","ast-breadcrumbs-content":"","ast-featured-img":"","footer-sml-layout":"","ast-disable-related-posts":"","theme-transparent-header-meta":"default","adv-header-id-meta":"","stick-header-meta":"","header-above-stick-meta":"","header-main-stick-meta":"","header-below-stick-meta":"","astra-migrate-meta-layouts":"set","ast-page-background-enabled":"default","ast-page-background-meta":{"desktop":{"background-color":"","background-image":"","background-repeat":"repeat","background-position":"center center","background-size":"auto","background-attachment":"scroll","background-type":"","background-media":"","overlay-type":"","overlay-color":"","overlay-opacity":"","overlay-gradient":""},"tablet":{"background-color":"","background-image":"","background-repeat":"repeat","background-position":"center center","background-size":"auto","background-attachment":"scroll","background-type":"","background-media":"","overlay-type":"","overlay-color":"","overlay-opacity":"","overlay-gradient":""},"mobile":{"background-color":"","background-image":"","background-repeat":"repeat","background-position":"center center","background-size":"auto","background-attachment":"scroll","background-type":"","background-media":"","overlay-type":"","overlay-color":"","overlay-opacity":"","overlay-gradient":""}},"ast-content-background-meta":{"desktop":{"background-color":"var(--ast-global-color-5)","background-image":"","background-repeat":"repeat","background-position":"center center","background-size":"auto","background-attachment":"scroll","background-type":"","background-media":"","overlay-type":"","overlay-color":"","overlay-opacity":"","overlay-gradient":""},"tablet":{"background-color":"var(--ast-global-color-5)","background-image":"","background-repeat":"repeat","background-position":"center center","background-size":"auto","background-attachment":"scroll","background-type":"","background-media":"","overlay-type":"","overlay-color":"","overlay-opacity":"","overlay-gradient":""},"mobile":{"background-color":"var(--ast-global-color-5)","background-image":"","background-repeat":"repeat","background-position":"center center","background-size":"auto","background-attachment":"scroll","background-type":"","background-media":"","overlay-type":"","overlay-color":"","overlay-opacity":"","overlay-gradient":""}}},"product_brand":[3285],"product_cat":[3422,3389,3392,3433,3489,3875],"product_tag":[3547,3548,3549,3550,3551,3552],"class_list":{"0":"post-19022","1":"product","2":"type-product","3":"status-publish","4":"has-post-thumbnail","6":"product_brand-bont","7":"product_cat-accessoires","8":"product_cat-accessoires-longue-piste","9":"product_cat-accessoires-short-track","10":"product_cat-accessories","11":"product_cat-offres-de-club","12":"product_cat-pieces-et-outils","13":"product_tag-bont-de-protection-du-coffre-avant","14":"product_tag-butoirs-de-pied","15":"product_tag-pare-chocs-bont","16":"product_tag-pare-chocs-de-remplacement-pour-les-orteils","17":"product_tag-pare-pierres-en-ligne","18":"product_tag-protection-tpu","19":"desktop-align-left","20":"tablet-align-left","21":"mobile-align-left","23":"first","24":"instock","25":"taxable","26":"shipping-taxable","27":"purchasable","28":"product-type-simple"},"acf":[],"_links":{"self":[{"href":"https:\/\/ztsports.com\/fr\/wp-json\/wp\/v2\/product\/19022","targetHints":{"allow":["GET"]}}],"collection":[{"href":"https:\/\/ztsports.com\/fr\/wp-json\/wp\/v2\/product"}],"about":[{"href":"https:\/\/ztsports.com\/fr\/wp-json\/wp\/v2\/types\/product"}],"replies":[{"embeddable":true,"href":"https:\/\/ztsports.com\/fr\/wp-json\/wp\/v2\/comments?post=19022"}],"version-history":[{"count":2,"href":"https:\/\/ztsports.com\/fr\/wp-json\/wp\/v2\/product\/19022\/revisions"}],"predecessor-version":[{"id":25427,"href":"https:\/\/ztsports.com\/fr\/wp-json\/wp\/v2\/product\/19022\/revisions\/25427"}],"wp:featuredmedia":[{"embeddable":true,"href":"https:\/\/ztsports.com\/fr\/wp-json\/wp\/v2\/media\/18382"}],"wp:attachment":[{"href":"https:\/\/ztsports.com\/fr\/wp-json\/wp\/v2\/media?parent=19022"}],"wp:term":[{"taxonomy":"product_brand","embeddable":true,"href":"https:\/\/ztsports.com\/fr\/wp-json\/wp\/v2\/product_brand?post=19022"},{"taxonomy":"product_cat","embeddable":true,"href":"https:\/\/ztsports.com\/fr\/wp-json\/wp\/v2\/product_cat?post=19022"},{"taxonomy":"product_tag","embeddable":true,"href":"https:\/\/ztsports.com\/fr\/wp-json\/wp\/v2\/product_tag?post=19022"}],"curies":[{"name":"wp","href":"https:\/\/api.w.org\/{rel}","templated":true}]}}