{"id":19020,"date":"2021-09-23T02:55:50","date_gmt":"2021-09-23T02:55:50","guid":{"rendered":"https:\/\/ztsports.com\/?post_type=product&#038;p=19020"},"modified":"2026-04-13T22:08:28","modified_gmt":"2026-04-13T22:08:28","slug":"arret-lame-jig-dor","status":"publish","type":"product","link":"https:\/\/ztsports.com\/fr\/store\/arret-lame-jig-dor\/","title":{"rendered":"arret lame jig dor LAME JIG EN OR STOP Nagano Riser"},"content":{"rendered":"<h1 id=\"tw-target-text\" class=\"tw-data-text tw-text-large tw-ta\" dir=\"ltr\" data-placeholder=\"Translation\"><span class=\"Y2IQFc\" lang=\"en\">ARR\u00caT DE LA LAME DU JIG D&#8217;OR<\/span><\/h1>\n<p>arret lame jig dor <span class=\"Y2IQFc\" lang=\"en\">Les \u00e9l\u00e9vateurs GOLD JIG BLADE STOP pour le Nagano Gold jig. Pour ceux qui aiment laisser tomber les lames dans le gabarit, ils auront plus de lames \u00e0 montrer et \u00e0 travailler pendant l&#8217;aff\u00fbtage. De plus, Nagano Gold Jigs est livr\u00e9 automatiquement avec le bouchon standard. <\/span><\/p>\n<p class=\"tw-data-text tw-text-large tw-ta\" dir=\"ltr\" data-placeholder=\"Translation\"><span class=\"Y2IQFc\" lang=\"en\"><strong>But\u00e9e de lame standard : 1\/4 \u2033. <\/strong><\/span><\/p>\n<p class=\"tw-data-text tw-text-large tw-ta\" dir=\"ltr\" data-placeholder=\"Translation\"><span class=\"Y2IQFc\" lang=\"en\"><strong>Bouchon de la grande lame : 1\/2 &#8220;<\/strong> <\/span><\/p>\n<p class=\"tw-data-text tw-text-large tw-ta\" dir=\"ltr\" data-placeholder=\"Translation\"><span class=\"Y2IQFc\" lang=\"en\">Arret lame jig dor Le bouchon vous est propos\u00e9 \u00e0 l&#8217;unit\u00e9 ($ 18.00) ou en pack de 4 ($ 49.99) <\/span><\/p>\n<p dir=\"ltr\" data-placeholder=\"Translation\">Enfin, toutes nos pi\u00e8ces <a href=\"https:\/\/ztsports.com\/product-category\/sharpening\/jigs\/\"><strong>pi\u00e8ces d&#8217;aff\u00fbtage et gabarits<\/strong><\/a> sont ici.<\/p>\n","protected":false},"excerpt":{"rendered":"<p>ARR\u00caT DE LA LAME DU JIG D&#8217;OR arret lame jig dor Les \u00e9l\u00e9vateurs GOLD JIG BLADE STOP pour le Nagano Gold jig. Pour ceux qui aiment laisser tomber les lames dans le gabarit, ils auront plus de lames \u00e0 montrer et \u00e0 travailler pendant l&#8217;aff\u00fbtage. De plus, Nagano Gold Jigs est livr\u00e9 automatiquement avec le [&hellip;]<\/p>\n","protected":false},"featured_media":18377,"comment_status":"open","ping_status":"closed","template":"","meta":{"_acf_changed":false,"_monsterinsights_skip_tracking":false,"_monsterinsights_sitenote_active":false,"_monsterinsights_sitenote_note":"","_monsterinsights_sitenote_category":0,"_uf_show_specific_survey":0,"_uf_disable_surveys":false,"site-sidebar-layout":"default","site-content-layout":"","ast-site-content-layout":"default","site-content-style":"default","site-sidebar-style":"default","ast-global-header-display":"","ast-banner-title-visibility":"","ast-main-header-display":"","ast-hfb-above-header-display":"","ast-hfb-below-header-display":"","ast-hfb-mobile-header-display":"","site-post-title":"","ast-breadcrumbs-content":"","ast-featured-img":"","footer-sml-layout":"","ast-disable-related-posts":"","theme-transparent-header-meta":"default","adv-header-id-meta":"","stick-header-meta":"","header-above-stick-meta":"","header-main-stick-meta":"","header-below-stick-meta":"","astra-migrate-meta-layouts":"set","ast-page-background-enabled":"default","ast-page-background-meta":{"desktop":{"background-color":"","background-image":"","background-repeat":"repeat","background-position":"center center","background-size":"auto","background-attachment":"scroll","background-type":"","background-media":"","overlay-type":"","overlay-color":"","overlay-opacity":"","overlay-gradient":""},"tablet":{"background-color":"","background-image":"","background-repeat":"repeat","background-position":"center center","background-size":"auto","background-attachment":"scroll","background-type":"","background-media":"","overlay-type":"","overlay-color":"","overlay-opacity":"","overlay-gradient":""},"mobile":{"background-color":"","background-image":"","background-repeat":"repeat","background-position":"center center","background-size":"auto","background-attachment":"scroll","background-type":"","background-media":"","overlay-type":"","overlay-color":"","overlay-opacity":"","overlay-gradient":""}},"ast-content-background-meta":{"desktop":{"background-color":"var(--ast-global-color-5)","background-image":"","background-repeat":"repeat","background-position":"center center","background-size":"auto","background-attachment":"scroll","background-type":"","background-media":"","overlay-type":"","overlay-color":"","overlay-opacity":"","overlay-gradient":""},"tablet":{"background-color":"var(--ast-global-color-5)","background-image":"","background-repeat":"repeat","background-position":"center center","background-size":"auto","background-attachment":"scroll","background-type":"","background-media":"","overlay-type":"","overlay-color":"","overlay-opacity":"","overlay-gradient":""},"mobile":{"background-color":"var(--ast-global-color-5)","background-image":"","background-repeat":"repeat","background-position":"center center","background-size":"auto","background-attachment":"scroll","background-type":"","background-media":"","overlay-type":"","overlay-color":"","overlay-opacity":"","overlay-gradient":""}}},"product_brand":[3326],"product_cat":[3542,3398,3875,3397],"product_tag":[3543,3544,3545,3546,3400],"class_list":{"0":"post-19020","1":"product","2":"type-product","3":"status-publish","4":"has-post-thumbnail","6":"product_brand-nagano","7":"product_cat-machine-a-bascule","8":"product_cat-parts-tools","9":"product_cat-pieces-et-outils","10":"product_cat-support","11":"product_tag-arret-de-la-lame-du-jig-dor","12":"product_tag-bouchon-de-gabarit-en-or","13":"product_tag-elevateur-de-gabarit-pour-lor","14":"product_tag-equipement-de-patinage-de-vitesse-en-ligne","15":"product_tag-pieces-detachees-nagano","16":"desktop-align-left","17":"tablet-align-left","18":"mobile-align-left","20":"first","21":"instock","22":"taxable","23":"shipping-taxable","24":"purchasable","25":"product-type-simple"},"acf":[],"_links":{"self":[{"href":"https:\/\/ztsports.com\/fr\/wp-json\/wp\/v2\/product\/19020","targetHints":{"allow":["GET"]}}],"collection":[{"href":"https:\/\/ztsports.com\/fr\/wp-json\/wp\/v2\/product"}],"about":[{"href":"https:\/\/ztsports.com\/fr\/wp-json\/wp\/v2\/types\/product"}],"replies":[{"embeddable":true,"href":"https:\/\/ztsports.com\/fr\/wp-json\/wp\/v2\/comments?post=19020"}],"version-history":[{"count":1,"href":"https:\/\/ztsports.com\/fr\/wp-json\/wp\/v2\/product\/19020\/revisions"}],"predecessor-version":[{"id":19021,"href":"https:\/\/ztsports.com\/fr\/wp-json\/wp\/v2\/product\/19020\/revisions\/19021"}],"wp:featuredmedia":[{"embeddable":true,"href":"https:\/\/ztsports.com\/fr\/wp-json\/wp\/v2\/media\/18377"}],"wp:attachment":[{"href":"https:\/\/ztsports.com\/fr\/wp-json\/wp\/v2\/media?parent=19020"}],"wp:term":[{"taxonomy":"product_brand","embeddable":true,"href":"https:\/\/ztsports.com\/fr\/wp-json\/wp\/v2\/product_brand?post=19020"},{"taxonomy":"product_cat","embeddable":true,"href":"https:\/\/ztsports.com\/fr\/wp-json\/wp\/v2\/product_cat?post=19020"},{"taxonomy":"product_tag","embeddable":true,"href":"https:\/\/ztsports.com\/fr\/wp-json\/wp\/v2\/product_tag?post=19020"}],"curies":[{"name":"wp","href":"https:\/\/api.w.org\/{rel}","templated":true}]}}