{"id":19018,"date":"2021-09-23T02:55:51","date_gmt":"2021-09-23T02:55:51","guid":{"rendered":"https:\/\/ztsports.com\/?post_type=product&#038;p=19018"},"modified":"2026-04-13T22:14:46","modified_gmt":"2026-04-13T22:14:46","slug":"gants-maple-protect-iii-gloves","status":"publish","type":"product","link":"https:\/\/ztsports.com\/fr\/store\/gants-maple-protect-iii-gloves\/","title":{"rendered":"MAPLE PROTECT III GLOVES Short Track"},"content":{"rendered":"<h1 class=\"tw-data-text tw-text-large tw-ta\" dir=\"ltr\" data-placeholder=\"Translation\"><span class=\"Y2IQFc\" lang=\"en\"><strong>Gants Maple Protect III<\/strong><\/span><\/h1>\n<p>MAPLE PROTECT III GLOVES<\/p>\n<p class=\"tw-data-text tw-text-large tw-ta\" dir=\"ltr\" data-placeholder=\"Translation\"><span class=\"Y2IQFc\" lang=\"en\">Les <strong>gants Maple Protect III<\/strong> sont fabriqu\u00e9s en Dyneema. Il s&#8217;agit avant tout du mat\u00e9riau r\u00e9sistant aux coupures le plus efficace du march\u00e9. Incroyablement l\u00e9ger et tr\u00e8s confortable. En outre, ils sont plac\u00e9s haut sur le poignet pour une protection accrue.<\/span><\/p>\n<p>Enfin, vous pouvez voir tous nos <a href=\"https:\/\/ztsports.com\/product-category\/protection\/gloves\/\"><strong>gants de piste ici<\/strong><\/a>.<\/p>\n<p>MAPLE PROTECT III GLOVES<\/p>\n<h2 class=\"text-center\">Le secret Dyneema\u00ae des gants <span class=\"Y2IQFc\" lang=\"en\"><strong>Gants Maple Protect III<\/strong><\/span><\/h2>\n<p>La fibre de poly\u00e9thyl\u00e8ne \u00e0 tr\u00e8s haut poids mol\u00e9culaire (UHMwPE) d&#8217;Avient, connue sous le nom de Dyneema\u00ae, offre une r\u00e9sistance maximale pour un poids minimal. Le nombre d&#8217;applications possibles est donc pratiquement illimit\u00e9. La fibre Dyneema\u00ae est produite par un proc\u00e9d\u00e9 brevet\u00e9 de filage en gel dans lequel les fibres sont \u00e9tir\u00e9es, chauff\u00e9es, allong\u00e9es et refroidies. L&#8217;\u00e9tirement et la rotation entra\u00eenent un alignement mol\u00e9culaire, une forte cristallisation et une faible densit\u00e9.<\/p>\n<p>Le Dyneema\u00ae poss\u00e8de des cha\u00eenes mol\u00e9culaires extr\u00eamement longues qui transf\u00e8rent plus efficacement la charge \u00e0 l&#8217;\u00e9pine dorsale du polym\u00e8re. Il est donc plus r\u00e9sistant, \u00e0 poids \u00e9gal, ou plus l\u00e9ger, \u00e0 poids \u00e9gal, que les autres solutions. La fibre Dyneema\u00ae est 15 fois plus r\u00e9sistante que l&#8217;acier \u00e0 poids \u00e9gal, avec une r\u00e9sistance \u00e0 la traction allant jusqu&#8217;\u00e0 43 cN\/dtex. Outre son extraordinaire solidit\u00e9, le Dyneema\u00ae excelle dans la r\u00e9sistance \u00e0 la coupure et \u00e0 l&#8217;abrasion et pr\u00e9sente une r\u00e9sistance \u00e9lev\u00e9e aux produits chimiques et aux UV. La fibre Dyneema\u00ae est si l\u00e9g\u00e8re qu&#8217;elle flotte sur l&#8217;eau et poss\u00e8de en outre un module tr\u00e8s \u00e9lev\u00e9 (r\u00e9sistance \u00e0 la d\u00e9formation).<\/p>\n<p>Dyneema\u00ae est disponible dans une large gamme de titres (\u00e9paisseur de la fibre), de 50 \u00e0 6600 dtex, ce qui rend la fibre adapt\u00e9e \u00e0 de nombreuses applications.<\/p>\n<p>MAPLE PROTECT III GLOVES<\/p>\n<div class=\"container aem-GridColumn aem-GridColumn--default--12\">\n<div>\n<div class=\"content-wrapper\">\n<div class=\"content\">\n<div class=\"responsivegrid\">\n<div class=\"aem-Grid aem-Grid--12 aem-Grid--default--12 \">\n<div class=\"text color-white aem-GridColumn aem-GridColumn--default--12\">\n<div class=\"cmp-text\">\n<h2 class=\"text-center\">3 raisons de choisir Dyneema<\/h2>\n<ol>\n<li><strong>l&#8217;ic\u00f4ne de la fibre la plus forte du monde<\/strong><\/li>\n<\/ol>\n<\/div>\n<\/div>\n<\/div>\n<\/div>\n<\/div>\n<\/div>\n<\/div>\n<\/div>\n<div class=\"container aem-GridColumn--default--none aem-GridColumn aem-GridColumn--offset--default--0 aem-GridColumn--default--4\">\n<div class=\"content-wrapper\">\n<div class=\"content\">\n<div class=\"responsivegrid\">\n<div class=\"aem-Grid aem-Grid--12 aem-Grid--default--12 \">\n<div class=\"text eq-height-box color-white aem-GridColumn aem-GridColumn--default--12\">\n<div class=\"cmp-text\">\n<h3 class=\"text-center\">Haute r\u00e9sistance<\/h3>\n<p class=\"text-center\">Jusqu&#8217;\u00e0 15 fois plus r\u00e9sistant que l&#8217;acier et jusqu&#8217;\u00e0 40 % plus r\u00e9sistant que les aramides (poids pour poids)<\/p>\n<\/div>\n<\/div>\n<div class=\"button cmp-button--color-mid-blue aem-GridColumn--default--none aem-GridColumn aem-GridColumn--default--12\">\n<div class=\"cmp-button align-center\"><strong> 2.<\/strong> <strong>la fibre la plus r\u00e9sistante au monde <\/strong><\/div>\n<\/div>\n<\/div>\n<\/div>\n<\/div>\n<\/div>\n<\/div>\n<div class=\"container aem-GridColumn--default--none aem-GridColumn aem-GridColumn--offset--default--0 aem-GridColumn--default--4\">\n<div class=\"content-wrapper\">\n<div class=\"content\">\n<div class=\"responsivegrid\">\n<div class=\"aem-Grid aem-Grid--12 aem-Grid--default--12 \">\n<div class=\"text eq-height-box color-white aem-GridColumn aem-GridColumn--default--12\">\n<div class=\"cmp-text\">\n<h3 class=\"text-center\">Lightweight<\/h3>\n<p class=\"text-center\">Si l\u00e9ger qu&#8217;il flotte sur l&#8217;eau<\/p>\n<p><strong>3. infini<\/strong> Plus durable<\/p>\n<\/div>\n<\/div>\n<\/div>\n<\/div>\n<\/div>\n<\/div>\n<\/div>\n<div class=\"container aem-GridColumn--default--none aem-GridColumn aem-GridColumn--offset--default--0 aem-GridColumn--default--4\">\n<div class=\"content-wrapper\">\n<div class=\"content\">\n<div class=\"responsivegrid\">\n<div class=\"aem-Grid aem-Grid--12 aem-Grid--default--12 \">\n<div class=\"text eq-height-box color-white aem-GridColumn aem-GridColumn--default--12\">\n<div class=\"cmp-text\">\n<p class=\"text-center\">R\u00e9sistant \u00e0 l&#8217;humidit\u00e9, aux UV et aux produits chimiques<\/p>\n<\/div>\n<\/div>\n<\/div>\n<\/div>\n<\/div>\n<\/div>\n<\/div>\n<p>Pour en savoir plus sur DSM Dyneema <a href=\"https:\/\/www.dyneema.com\/our-products\/dyneema-fiber\" target=\"_blank\" rel=\"noopener\">, cliquez ici !<\/a><\/p>\n","protected":false},"excerpt":{"rendered":"<p>Gants Maple Protect III MAPLE PROTECT III GLOVES Les gants Maple Protect III sont fabriqu\u00e9s en Dyneema. Il s&#8217;agit avant tout du mat\u00e9riau r\u00e9sistant aux coupures le plus efficace du march\u00e9. Incroyablement l\u00e9ger et tr\u00e8s confortable. En outre, ils sont plac\u00e9s haut sur le poignet pour une protection accrue. Enfin, vous pouvez voir tous nos [&hellip;]<\/p>\n","protected":false},"featured_media":18374,"comment_status":"open","ping_status":"closed","template":"","meta":{"_acf_changed":false,"_monsterinsights_skip_tracking":false,"_monsterinsights_sitenote_active":false,"_monsterinsights_sitenote_note":"","_monsterinsights_sitenote_category":0,"_uf_show_specific_survey":0,"_uf_disable_surveys":false,"site-sidebar-layout":"default","site-content-layout":"","ast-site-content-layout":"default","site-content-style":"default","site-sidebar-style":"default","ast-global-header-display":"","ast-banner-title-visibility":"","ast-main-header-display":"","ast-hfb-above-header-display":"","ast-hfb-below-header-display":"","ast-hfb-mobile-header-display":"","site-post-title":"","ast-breadcrumbs-content":"","ast-featured-img":"","footer-sml-layout":"","ast-disable-related-posts":"","theme-transparent-header-meta":"default","adv-header-id-meta":"","stick-header-meta":"","header-above-stick-meta":"","header-main-stick-meta":"","header-below-stick-meta":"","astra-migrate-meta-layouts":"set","ast-page-background-enabled":"default","ast-page-background-meta":{"desktop":{"background-color":"","background-image":"","background-repeat":"repeat","background-position":"center center","background-size":"auto","background-attachment":"scroll","background-type":"","background-media":"","overlay-type":"","overlay-color":"","overlay-opacity":"","overlay-gradient":""},"tablet":{"background-color":"","background-image":"","background-repeat":"repeat","background-position":"center center","background-size":"auto","background-attachment":"scroll","background-type":"","background-media":"","overlay-type":"","overlay-color":"","overlay-opacity":"","overlay-gradient":""},"mobile":{"background-color":"","background-image":"","background-repeat":"repeat","background-position":"center center","background-size":"auto","background-attachment":"scroll","background-type":"","background-media":"","overlay-type":"","overlay-color":"","overlay-opacity":"","overlay-gradient":""}},"ast-content-background-meta":{"desktop":{"background-color":"var(--ast-global-color-5)","background-image":"","background-repeat":"repeat","background-position":"center center","background-size":"auto","background-attachment":"scroll","background-type":"","background-media":"","overlay-type":"","overlay-color":"","overlay-opacity":"","overlay-gradient":""},"tablet":{"background-color":"var(--ast-global-color-5)","background-image":"","background-repeat":"repeat","background-position":"center center","background-size":"auto","background-attachment":"scroll","background-type":"","background-media":"","overlay-type":"","overlay-color":"","overlay-opacity":"","overlay-gradient":""},"mobile":{"background-color":"var(--ast-global-color-5)","background-image":"","background-repeat":"repeat","background-position":"center center","background-size":"auto","background-attachment":"scroll","background-type":"","background-media":"","overlay-type":"","overlay-color":"","overlay-opacity":"","overlay-gradient":""}}},"product_brand":[3318,3319],"product_cat":[3392,3483,3480,3536,3481,3467,3482],"product_tag":[2418,2419,3540,2420,3541,2425,3535,2426],"class_list":{"0":"post-19018","1":"product","2":"type-product","3":"status-publish","4":"has-post-thumbnail","6":"product_brand-maple","7":"product_brand-maplez","8":"product_cat-accessoires-short-track","9":"product_cat-gants","10":"product_cat-gants-blancs","11":"product_cat-gants-de-patinage-de-vitesse","12":"product_cat-gants-pour-short-track","13":"product_cat-patinage-de-vitesse","14":"product_cat-protection-contre-les-coupures","15":"product_tag-anti-coupure","16":"product_tag-courte-piste","17":"product_tag-engrenages","18":"product_tag-equipement","19":"product_tag-gants-maple-protect-iii","20":"product_tag-patin-de-vitesse","21":"product_tag-resistant-aux-coupures","22":"product_tag-zt-sports-skate-shop","23":"desktop-align-left","24":"tablet-align-left","25":"mobile-align-left","27":"first","28":"instock","29":"taxable","30":"shipping-taxable","31":"purchasable","32":"product-type-simple"},"acf":[],"_links":{"self":[{"href":"https:\/\/ztsports.com\/fr\/wp-json\/wp\/v2\/product\/19018","targetHints":{"allow":["GET"]}}],"collection":[{"href":"https:\/\/ztsports.com\/fr\/wp-json\/wp\/v2\/product"}],"about":[{"href":"https:\/\/ztsports.com\/fr\/wp-json\/wp\/v2\/types\/product"}],"replies":[{"embeddable":true,"href":"https:\/\/ztsports.com\/fr\/wp-json\/wp\/v2\/comments?post=19018"}],"version-history":[{"count":1,"href":"https:\/\/ztsports.com\/fr\/wp-json\/wp\/v2\/product\/19018\/revisions"}],"predecessor-version":[{"id":19019,"href":"https:\/\/ztsports.com\/fr\/wp-json\/wp\/v2\/product\/19018\/revisions\/19019"}],"wp:featuredmedia":[{"embeddable":true,"href":"https:\/\/ztsports.com\/fr\/wp-json\/wp\/v2\/media\/18374"}],"wp:attachment":[{"href":"https:\/\/ztsports.com\/fr\/wp-json\/wp\/v2\/media?parent=19018"}],"wp:term":[{"taxonomy":"product_brand","embeddable":true,"href":"https:\/\/ztsports.com\/fr\/wp-json\/wp\/v2\/product_brand?post=19018"},{"taxonomy":"product_cat","embeddable":true,"href":"https:\/\/ztsports.com\/fr\/wp-json\/wp\/v2\/product_cat?post=19018"},{"taxonomy":"product_tag","embeddable":true,"href":"https:\/\/ztsports.com\/fr\/wp-json\/wp\/v2\/product_tag?post=19018"}],"curies":[{"name":"wp","href":"https:\/\/api.w.org\/{rel}","templated":true}]}}