{"id":19016,"date":"2021-09-23T02:55:52","date_gmt":"2021-09-23T02:55:52","guid":{"rendered":"https:\/\/ztsports.com\/?post_type=product&#038;p=19016"},"modified":"2026-04-13T22:06:16","modified_gmt":"2026-04-13T22:06:16","slug":"sebra-protect-iv-glove","status":"publish","type":"product","link":"https:\/\/ztsports.com\/fr\/store\/sebra-protect-iv-glove\/","title":{"rendered":"SEBRA PROTECT IV GLOVE Short Track"},"content":{"rendered":"<h3 dir=\"ltr\" data-placeholder=\"Translation\">SEBRA PROTECT IV GLOVE<\/h3>\n<p id=\"tw-target-text\" class=\"tw-data-text tw-text-large tw-ta\" dir=\"ltr\" data-placeholder=\"Translation\"><span class=\"Y2IQFc\" lang=\"en\">Le SEBRA PROTECT IV GLOVE est un gant r\u00e9sistant aux coupures qui offre une protection totale de la main et du poignet contre les coupures. Montrez vos pattes blanches avec les gants Sebra Protect IV.<\/span><\/p>\n<h4 class=\"tw-data-text tw-text-large tw-ta\" dir=\"ltr\" data-placeholder=\"Translation\"><strong><span class=\"Y2IQFc\" lang=\"en\">Lightweight<\/span><\/strong><\/h4>\n<p class=\"tw-data-text tw-text-large tw-ta\" dir=\"ltr\" data-placeholder=\"Translation\"><span class=\"Y2IQFc\" lang=\"en\">Le meilleur de Sebra Sports et de DSM Dyneema (r). Gant fin parfaitement ajust\u00e9 : &#8211; R\u00e9sistant \u00e0 la coupure (niveau de coupure 3, indice EN388)<\/span><\/p>\n<p>Gants Sebra en dyneema Le meilleur de Sebra Sports et DSM Dyneema(r). Gant parfait avec un tr\u00e8s bon ajustement. &#8211; R\u00e9sistant \u00e0 la coupure ( Niveau de coupure 3 Index EN388 ) &#8211; Fabriqu\u00e9 en DSM DPE White Dyneema(r) &#8211; Paume enduite &#8211; Poignet allong\u00e9 &#8211; Disponible en taille XS &#8211; XL<\/p>\n<h3 dir=\"ltr\" data-placeholder=\"Translation\">SEBRA PROTECT IV GLOVE<\/h3>\n<p class=\"tw-data-text tw-text-large tw-ta\" dir=\"ltr\" data-placeholder=\"Translation\"><strong><span class=\"Y2IQFc\" lang=\"en\">XS =<\/span>white wrist <\/strong><\/p>\n<p class=\"tw-data-text tw-text-large tw-ta\" dir=\"ltr\" data-placeholder=\"Translation\"><strong>S = green wrist <\/strong><\/p>\n<p class=\"tw-data-text tw-text-large tw-ta\" dir=\"ltr\" data-placeholder=\"Translation\"><strong>M = brown wrist <\/strong><\/p>\n<p class=\"tw-data-text tw-text-large tw-ta\" dir=\"ltr\" data-placeholder=\"Translation\"><strong>L = manchette \u00e9crue <\/strong><\/p>\n<p class=\"tw-data-text tw-text-large tw-ta\" dir=\"ltr\" data-placeholder=\"Translation\"><strong>XL = blue wrist<\/strong><\/p>\n<p class=\"tw-data-text tw-text-large tw-ta\" dir=\"ltr\" data-placeholder=\"Translation\"><span class=\"Y2IQFc\" lang=\"en\">Enfin, regardez tous nos <a href=\"https:\/\/ztsports.com\/product-category\/protection\/gloves\/\"><strong>gants de patinage de vitesse<\/strong><\/a> ici.<\/span><\/p>\n<h2 class=\"text-center\">Le secret Dyneema\u00ae du gant SEBRA PROTECT IV Glove<\/h2>\n<p>La fibre de poly\u00e9thyl\u00e8ne \u00e0 tr\u00e8s haut poids mol\u00e9culaire (UHMwPE) d&#8217;Avient, connue sous le nom de Dyneema\u00ae, offre une r\u00e9sistance maximale pour un poids minimal. Le nombre d&#8217;applications possibles est donc pratiquement illimit\u00e9. La fibre Dyneema\u00ae est produite par un proc\u00e9d\u00e9 brevet\u00e9 de filage en gel dans lequel les fibres sont \u00e9tir\u00e9es, chauff\u00e9es, allong\u00e9es et refroidies.<\/p>\n<p>L&#8217;\u00e9tirement et le filage entra\u00eenent un alignement mol\u00e9culaire, une cristallisation \u00e9lev\u00e9e et une faible densit\u00e9. Le Dyneema\u00ae poss\u00e8de des cha\u00eenes mol\u00e9culaires extr\u00eamement longues qui transf\u00e8rent la charge plus efficacement \u00e0 l&#8217;\u00e9pine dorsale du polym\u00e8re.<\/p>\n<p>Il est donc plus r\u00e9sistant \u00e0 poids \u00e9gal ou plus l\u00e9ger \u00e0 r\u00e9sistance \u00e9gale que les autres fibres. La fibre Dyneema\u00ae est 15 fois plus r\u00e9sistante que l&#8217;acier \u00e0 poids \u00e9gal, avec une r\u00e9sistance \u00e0 la traction allant jusqu&#8217;\u00e0 43 cN\/dtex. Outre son extraordinaire solidit\u00e9, Dyneema\u00ae excelle dans la r\u00e9sistance \u00e0 la coupure et \u00e0 l&#8217;abrasion et pr\u00e9sente une r\u00e9sistance \u00e9lev\u00e9e aux produits chimiques et aux UV.<\/p>\n<p>La fibre Dyneema\u00ae est si l\u00e9g\u00e8re qu&#8217;elle flotte sur l&#8217;eau et poss\u00e8de en outre un module tr\u00e8s \u00e9lev\u00e9 (r\u00e9sistance \u00e0 la d\u00e9formation). Dyneema\u00ae est disponible dans une large gamme de titres (\u00e9paisseur de la fibre), allant de 50 \u00e0 6600 dtex, ce qui rend la fibre adapt\u00e9e \u00e0 de nombreuses applications.<\/p>\n<div class=\"container aem-GridColumn aem-GridColumn--default--12\">\n<div>\n<div class=\"content-wrapper\">\n<div class=\"content\">\n<div class=\"responsivegrid\">\n<div class=\"aem-Grid aem-Grid--12 aem-Grid--default--12 \">\n<div class=\"text color-white aem-GridColumn aem-GridColumn--default--12\">\n<div class=\"cmp-text\">\n<h2 class=\"text-center\">3 raisons de choisir Dyneema<\/h2>\n<ol>\n<li><strong>l&#8217;ic\u00f4ne de la fibre la plus forte du monde<\/strong><\/li>\n<\/ol>\n<\/div>\n<\/div>\n<\/div>\n<\/div>\n<\/div>\n<\/div>\n<\/div>\n<\/div>\n<div class=\"container aem-GridColumn--default--none aem-GridColumn aem-GridColumn--offset--default--0 aem-GridColumn--default--4\">\n<div class=\"content-wrapper\">\n<div class=\"content\">\n<div class=\"responsivegrid\">\n<div class=\"aem-Grid aem-Grid--12 aem-Grid--default--12 \">\n<div class=\"text eq-height-box color-white aem-GridColumn aem-GridColumn--default--12\">\n<div class=\"cmp-text\">\n<h3 class=\"text-center\">Haute r\u00e9sistance<\/h3>\n<p class=\"text-center\">Jusqu&#8217;\u00e0 15 fois plus r\u00e9sistant que l&#8217;acier et jusqu&#8217;\u00e0 40 % plus r\u00e9sistant que les aramides (poids pour poids)<\/p>\n<\/div>\n<\/div>\n<div class=\"button cmp-button--color-mid-blue aem-GridColumn--default--none aem-GridColumn aem-GridColumn--default--12\">\n<div class=\"cmp-button align-center\"><strong> 2.<\/strong> <strong>la fibre la plus r\u00e9sistante au monde <\/strong><\/div>\n<\/div>\n<\/div>\n<\/div>\n<\/div>\n<\/div>\n<\/div>\n<div class=\"container aem-GridColumn--default--none aem-GridColumn aem-GridColumn--offset--default--0 aem-GridColumn--default--4\">\n<div class=\"content-wrapper\">\n<div class=\"content\">\n<div class=\"responsivegrid\">\n<div class=\"aem-Grid aem-Grid--12 aem-Grid--default--12 \">\n<div class=\"text eq-height-box color-white aem-GridColumn aem-GridColumn--default--12\">\n<div class=\"cmp-text\">\n<h3 class=\"text-center\">Lightweight<\/h3>\n<p class=\"text-center\">Si l\u00e9ger qu&#8217;il flotte sur l&#8217;eau<\/p>\n<p><strong>3. infini<\/strong> Plus durable<\/p>\n<\/div>\n<\/div>\n<\/div>\n<\/div>\n<\/div>\n<\/div>\n<\/div>\n<div class=\"container aem-GridColumn--default--none aem-GridColumn aem-GridColumn--offset--default--0 aem-GridColumn--default--4\">\n<div class=\"content-wrapper\">\n<div class=\"content\">\n<div class=\"responsivegrid\">\n<div class=\"aem-Grid aem-Grid--12 aem-Grid--default--12 \">\n<div class=\"text eq-height-box color-white aem-GridColumn aem-GridColumn--default--12\">\n<div class=\"cmp-text\">\n<p class=\"text-center\">R\u00e9sistant \u00e0 l&#8217;humidit\u00e9, aux UV et aux produits chimiques<\/p>\n<\/div>\n<\/div>\n<\/div>\n<\/div>\n<\/div>\n<\/div>\n<\/div>\n<p>Pour en savoir plus sur DSM Dyneema <a href=\"https:\/\/www.dyneema.com\/our-products\/dyneema-fiber\" target=\"_blank\" rel=\"noopener\">, cliquez ici !<\/a><\/p>\n","protected":false},"excerpt":{"rendered":"<p>SEBRA PROTECT IV GLOVE Le SEBRA PROTECT IV GLOVE est un gant r\u00e9sistant aux coupures qui offre une protection totale de la main et du poignet contre les coupures. Montrez vos pattes blanches avec les gants Sebra Protect IV. Lightweight Le meilleur de Sebra Sports et de DSM Dyneema (r). Gant fin parfaitement ajust\u00e9 : [&hellip;]<\/p>\n","protected":false},"featured_media":18369,"comment_status":"open","ping_status":"closed","template":"","meta":{"_acf_changed":false,"_monsterinsights_skip_tracking":false,"_monsterinsights_sitenote_active":false,"_monsterinsights_sitenote_note":"","_monsterinsights_sitenote_category":0,"_uf_show_specific_survey":0,"_uf_disable_surveys":false,"site-sidebar-layout":"default","site-content-layout":"","ast-site-content-layout":"default","site-content-style":"default","site-sidebar-style":"default","ast-global-header-display":"","ast-banner-title-visibility":"","ast-main-header-display":"","ast-hfb-above-header-display":"","ast-hfb-below-header-display":"","ast-hfb-mobile-header-display":"","site-post-title":"","ast-breadcrumbs-content":"","ast-featured-img":"","footer-sml-layout":"","ast-disable-related-posts":"","theme-transparent-header-meta":"default","adv-header-id-meta":"","stick-header-meta":"","header-above-stick-meta":"","header-main-stick-meta":"","header-below-stick-meta":"","astra-migrate-meta-layouts":"set","ast-page-background-enabled":"default","ast-page-background-meta":{"desktop":{"background-color":"","background-image":"","background-repeat":"repeat","background-position":"center center","background-size":"auto","background-attachment":"scroll","background-type":"","background-media":"","overlay-type":"","overlay-color":"","overlay-opacity":"","overlay-gradient":""},"tablet":{"background-color":"","background-image":"","background-repeat":"repeat","background-position":"center center","background-size":"auto","background-attachment":"scroll","background-type":"","background-media":"","overlay-type":"","overlay-color":"","overlay-opacity":"","overlay-gradient":""},"mobile":{"background-color":"","background-image":"","background-repeat":"repeat","background-position":"center center","background-size":"auto","background-attachment":"scroll","background-type":"","background-media":"","overlay-type":"","overlay-color":"","overlay-opacity":"","overlay-gradient":""}},"ast-content-background-meta":{"desktop":{"background-color":"var(--ast-global-color-5)","background-image":"","background-repeat":"repeat","background-position":"center center","background-size":"auto","background-attachment":"scroll","background-type":"","background-media":"","overlay-type":"","overlay-color":"","overlay-opacity":"","overlay-gradient":""},"tablet":{"background-color":"var(--ast-global-color-5)","background-image":"","background-repeat":"repeat","background-position":"center center","background-size":"auto","background-attachment":"scroll","background-type":"","background-media":"","overlay-type":"","overlay-color":"","overlay-opacity":"","overlay-gradient":""},"mobile":{"background-color":"var(--ast-global-color-5)","background-image":"","background-repeat":"repeat","background-position":"center center","background-size":"auto","background-attachment":"scroll","background-type":"","background-media":"","overlay-type":"","overlay-color":"","overlay-opacity":"","overlay-gradient":""}}},"product_brand":[3335],"product_cat":[3395,3483,3536,3481,3467],"product_tag":[2419,3485,3533,3537,3538,3539,2425,3535,2430,3796,2426],"class_list":{"0":"post-19016","1":"product","2":"type-product","3":"status-publish","4":"has-post-thumbnail","6":"product_brand-sebra","7":"product_cat-courte-piste","8":"product_cat-gants","9":"product_cat-gants-de-patinage-de-vitesse","10":"product_cat-gants-pour-short-track","11":"product_cat-patinage-de-vitesse","12":"product_tag-courte-piste","13":"product_tag-gant-de-patinage-de-vitesse","14":"product_tag-gant-de-short-track","15":"product_tag-gant-protect-iv","16":"product_tag-gants-de-maintien-de-la-coupe","17":"product_tag-gants-de-protection-pour-piste-courte","18":"product_tag-patin-de-vitesse","19":"product_tag-resistant-aux-coupures","20":"product_tag-sebra","21":"product_tag-short-track","22":"product_tag-zt-sports-skate-shop","23":"desktop-align-left","24":"tablet-align-left","25":"mobile-align-left","27":"first","28":"instock","29":"sale","30":"taxable","31":"shipping-taxable","32":"purchasable","33":"product-type-simple"},"acf":[],"_links":{"self":[{"href":"https:\/\/ztsports.com\/fr\/wp-json\/wp\/v2\/product\/19016","targetHints":{"allow":["GET"]}}],"collection":[{"href":"https:\/\/ztsports.com\/fr\/wp-json\/wp\/v2\/product"}],"about":[{"href":"https:\/\/ztsports.com\/fr\/wp-json\/wp\/v2\/types\/product"}],"replies":[{"embeddable":true,"href":"https:\/\/ztsports.com\/fr\/wp-json\/wp\/v2\/comments?post=19016"}],"version-history":[{"count":2,"href":"https:\/\/ztsports.com\/fr\/wp-json\/wp\/v2\/product\/19016\/revisions"}],"predecessor-version":[{"id":25416,"href":"https:\/\/ztsports.com\/fr\/wp-json\/wp\/v2\/product\/19016\/revisions\/25416"}],"wp:featuredmedia":[{"embeddable":true,"href":"https:\/\/ztsports.com\/fr\/wp-json\/wp\/v2\/media\/18369"}],"wp:attachment":[{"href":"https:\/\/ztsports.com\/fr\/wp-json\/wp\/v2\/media?parent=19016"}],"wp:term":[{"taxonomy":"product_brand","embeddable":true,"href":"https:\/\/ztsports.com\/fr\/wp-json\/wp\/v2\/product_brand?post=19016"},{"taxonomy":"product_cat","embeddable":true,"href":"https:\/\/ztsports.com\/fr\/wp-json\/wp\/v2\/product_cat?post=19016"},{"taxonomy":"product_tag","embeddable":true,"href":"https:\/\/ztsports.com\/fr\/wp-json\/wp\/v2\/product_tag?post=19016"}],"curies":[{"name":"wp","href":"https:\/\/api.w.org\/{rel}","templated":true}]}}