{"id":19014,"date":"2021-09-23T02:57:06","date_gmt":"2021-09-23T02:57:06","guid":{"rendered":"https:\/\/ztsports.com\/?post_type=product&#038;p=19014"},"modified":"2026-04-16T21:19:41","modified_gmt":"2026-04-16T21:19:41","slug":"gants-apogee-dynamix","status":"publish","type":"product","link":"https:\/\/ztsports.com\/fr\/store\/gants-apogee-dynamix\/","title":{"rendered":"Gants Apogee Dynamix Short Track"},"content":{"rendered":"<h1>Gants Apogee Dynamix Gants pour la piste courte<\/h1>\n<p>Gants Apogee Dynamix Gloves Short Track <strong>cut level 5<\/strong> avec protection vinyle nitrile imperm\u00e9able. De plus, ils ont une conception ergonomique.<\/p>\n<h5 class=\"serp-title\">Gants Apogee Dynamix<\/h5>\n<p>Les gants class\u00e9s <b>EN 388<\/b> sont test\u00e9s par une tierce partie et class\u00e9s en fonction de leur r\u00e9sistance \u00e0 l&#8217;abrasion, \u00e0 la coupure, \u00e0 la d\u00e9chirure et \u00e0 la perforation. La r\u00e9sistance \u00e0 la coupure est \u00e9valu\u00e9e de 1 \u00e0 5, tandis que tous les autres facteurs de performance physique sont \u00e9valu\u00e9s de 1 \u00e0 4. Jusqu&#8217;\u00e0 pr\u00e9sent, la norme EN 388 n&#8217;utilisait que le &#8220;test de coupure&#8221; pour tester la r\u00e9sistance \u00e0 la coupure.<\/p>\n<p>Enfin, d\u00e9couvrez tous nos gants de patinage de vitesse <a href=\"https:\/\/ztsports.com\/product-category\/protection\/gloves\/\"><strong>gants de patinage de vitesse<\/strong><\/a>ici.<\/p>\n<div class=\"gmail_default\">\n<div class=\"gmail_default\">Les nombres en millim\u00e8tres indiqu\u00e9s correspondent \u00e0 la mesure du bout du doigt du majeur \u00e0 l&#8217;extr\u00e9mit\u00e9 du brassard.<\/div>\n<div class=\"gmail_default\">M &#8211; 240mm \u00e0 249mm<br \/>\nL &#8211; 250mm \u00e0 259mm<\/div>\n<div><\/div>\n<\/div>\n","protected":false},"excerpt":{"rendered":"<p>Gants Apogee Dynamix Gants pour la piste courte Gants Apogee Dynamix Gloves Short Track cut level 5 avec protection vinyle nitrile imperm\u00e9able. De plus, ils ont une conception ergonomique. Gants Apogee Dynamix Les gants class\u00e9s EN 388 sont test\u00e9s par une tierce partie et class\u00e9s en fonction de leur r\u00e9sistance \u00e0 l&#8217;abrasion, \u00e0 la coupure, [&hellip;]<\/p>\n","protected":false},"featured_media":18365,"comment_status":"open","ping_status":"closed","template":"","meta":{"_acf_changed":false,"_monsterinsights_skip_tracking":false,"_monsterinsights_sitenote_active":false,"_monsterinsights_sitenote_note":"","_monsterinsights_sitenote_category":0,"_uf_show_specific_survey":0,"_uf_disable_surveys":false,"site-sidebar-layout":"default","site-content-layout":"","ast-site-content-layout":"default","site-content-style":"default","site-sidebar-style":"default","ast-global-header-display":"","ast-banner-title-visibility":"","ast-main-header-display":"","ast-hfb-above-header-display":"","ast-hfb-below-header-display":"","ast-hfb-mobile-header-display":"","site-post-title":"","ast-breadcrumbs-content":"","ast-featured-img":"","footer-sml-layout":"","ast-disable-related-posts":"","theme-transparent-header-meta":"default","adv-header-id-meta":"","stick-header-meta":"","header-above-stick-meta":"","header-main-stick-meta":"","header-below-stick-meta":"","astra-migrate-meta-layouts":"set","ast-page-background-enabled":"default","ast-page-background-meta":{"desktop":{"background-color":"","background-image":"","background-repeat":"repeat","background-position":"center center","background-size":"auto","background-attachment":"scroll","background-type":"","background-media":"","overlay-type":"","overlay-color":"","overlay-opacity":"","overlay-gradient":""},"tablet":{"background-color":"","background-image":"","background-repeat":"repeat","background-position":"center center","background-size":"auto","background-attachment":"scroll","background-type":"","background-media":"","overlay-type":"","overlay-color":"","overlay-opacity":"","overlay-gradient":""},"mobile":{"background-color":"","background-image":"","background-repeat":"repeat","background-position":"center center","background-size":"auto","background-attachment":"scroll","background-type":"","background-media":"","overlay-type":"","overlay-color":"","overlay-opacity":"","overlay-gradient":""}},"ast-content-background-meta":{"desktop":{"background-color":"var(--ast-global-color-5)","background-image":"","background-repeat":"repeat","background-position":"center center","background-size":"auto","background-attachment":"scroll","background-type":"","background-media":"","overlay-type":"","overlay-color":"","overlay-opacity":"","overlay-gradient":""},"tablet":{"background-color":"var(--ast-global-color-5)","background-image":"","background-repeat":"repeat","background-position":"center center","background-size":"auto","background-attachment":"scroll","background-type":"","background-media":"","overlay-type":"","overlay-color":"","overlay-opacity":"","overlay-gradient":""},"mobile":{"background-color":"var(--ast-global-color-5)","background-image":"","background-repeat":"repeat","background-position":"center center","background-size":"auto","background-attachment":"scroll","background-type":"","background-media":"","overlay-type":"","overlay-color":"","overlay-opacity":"","overlay-gradient":""}}},"product_brand":[3275],"product_cat":[3395,3483,3480,3481,3467,3482],"product_tag":[2268,3531,3532,3533,3534,2425,3535,2426],"class_list":{"0":"post-19014","1":"product","2":"type-product","3":"status-publish","4":"has-post-thumbnail","6":"product_brand-apogee","7":"product_cat-courte-piste","8":"product_cat-gants","9":"product_cat-gants-blancs","10":"product_cat-gants-pour-short-track","11":"product_cat-patinage-de-vitesse","12":"product_cat-protection-contre-les-coupures","13":"product_tag-apogee","14":"product_tag-coupe-niveau-5","15":"product_tag-gant-de-patinage-anti-coupure","16":"product_tag-gant-de-short-track","17":"product_tag-gants-dynamix","18":"product_tag-patin-de-vitesse","19":"product_tag-resistant-aux-coupures","20":"product_tag-zt-sports-skate-shop","21":"desktop-align-left","22":"tablet-align-left","23":"mobile-align-left","25":"first","26":"instock","27":"sale","28":"taxable","29":"shipping-taxable","30":"purchasable","31":"product-type-simple"},"acf":[],"_links":{"self":[{"href":"https:\/\/ztsports.com\/fr\/wp-json\/wp\/v2\/product\/19014","targetHints":{"allow":["GET"]}}],"collection":[{"href":"https:\/\/ztsports.com\/fr\/wp-json\/wp\/v2\/product"}],"about":[{"href":"https:\/\/ztsports.com\/fr\/wp-json\/wp\/v2\/types\/product"}],"replies":[{"embeddable":true,"href":"https:\/\/ztsports.com\/fr\/wp-json\/wp\/v2\/comments?post=19014"}],"version-history":[{"count":3,"href":"https:\/\/ztsports.com\/fr\/wp-json\/wp\/v2\/product\/19014\/revisions"}],"predecessor-version":[{"id":25576,"href":"https:\/\/ztsports.com\/fr\/wp-json\/wp\/v2\/product\/19014\/revisions\/25576"}],"wp:featuredmedia":[{"embeddable":true,"href":"https:\/\/ztsports.com\/fr\/wp-json\/wp\/v2\/media\/18365"}],"wp:attachment":[{"href":"https:\/\/ztsports.com\/fr\/wp-json\/wp\/v2\/media?parent=19014"}],"wp:term":[{"taxonomy":"product_brand","embeddable":true,"href":"https:\/\/ztsports.com\/fr\/wp-json\/wp\/v2\/product_brand?post=19014"},{"taxonomy":"product_cat","embeddable":true,"href":"https:\/\/ztsports.com\/fr\/wp-json\/wp\/v2\/product_cat?post=19014"},{"taxonomy":"product_tag","embeddable":true,"href":"https:\/\/ztsports.com\/fr\/wp-json\/wp\/v2\/product_tag?post=19014"}],"curies":[{"name":"wp","href":"https:\/\/api.w.org\/{rel}","templated":true}]}}