{"id":19012,"date":"2021-09-23T02:59:45","date_gmt":"2021-09-23T02:59:45","guid":{"rendered":"https:\/\/ztsports.com\/?post_type=product&#038;p=19012"},"modified":"2026-02-02T19:53:12","modified_gmt":"2026-02-02T19:53:12","slug":"garneau-thermax-ii-boot-covers-2","status":"publish","type":"product","link":"https:\/\/ztsports.com\/fr\/store\/garneau-thermax-ii-boot-covers-2\/","title":{"rendered":"GARNEAU THERMAX II BOOT COVERS"},"content":{"rendered":"<h2 id=\"tw-target-text\" class=\"tw-data-text tw-text-large tw-ta\" dir=\"ltr\" data-placeholder=\"Translation\"><span class=\"Y2IQFc\" lang=\"en\">GARNEAU THERMAX II BOOT COVERS<\/span><\/h2>\n<p>Les couvre-bottes Garneau Thermax II sont<span class=\"Y2IQFc\" lang=\"en\"> aussi bien pour les chaussures de patinage de vitesse que pour les chaussures de cyclisme. Son n\u00e9opr\u00e8ne \u00e9lastique et sa bande velcro sous le pied permettent un ajustement parfait. En outre, il vous prot\u00e8ge contre le froid, le vent, l&#8217;eau et la neige. Gardez vos pieds et vos patins au chaud et au sec pour vous permettre de vous entra\u00eener et de courir pendant des heures. Il s&#8217;agit d&#8217;un couvre-bottes haut de gamme qui laisse les autres grelotter dans le froid.<\/span><\/p>\n<p>Vid\u00e9o : <strong><span style=\"font-size: 14px;\">Couvre-chaussures ou bottes d&#8217;hiver <span style=\"color: #0000ff; font-size: 15px;\"><a style=\"color: #0000ff;\" href=\"https:\/\/www.youtube.com\/watch?v=SvcaIPT9bSI\" target=\"_blank\" rel=\"noopener\">Comment habiller vos pieds pour l&#8217;hiver<\/a><\/span><\/span><\/strong><\/p>\n<p class=\"tw-data-text tw-text-large tw-ta\" dir=\"ltr\" data-placeholder=\"Translation\"><span class=\"Y2IQFc\" lang=\"en\">Enfin, vous pouvez trouver tous nos <a href=\"https:\/\/ztsports.com\/product-category\/boot-covers\/\"><strong>housses de bottes<\/strong><\/a> ici.<\/span><\/p>\n<p>Un examen complet du <strong>Garneau Thermax II<\/strong>&gt;<\/p>\n","protected":false},"excerpt":{"rendered":"<p>GARNEAU THERMAX II BOOT COVERS Les couvre-bottes Garneau Thermax II sont aussi bien pour les chaussures de patinage de vitesse que pour les chaussures de cyclisme. Son n\u00e9opr\u00e8ne \u00e9lastique et sa bande velcro sous le pied permettent un ajustement parfait. En outre, il vous prot\u00e8ge contre le froid, le vent, l&#8217;eau et la neige. Gardez [&hellip;]<\/p>\n","protected":false},"featured_media":18359,"comment_status":"open","ping_status":"closed","template":"","meta":{"_acf_changed":false,"_monsterinsights_skip_tracking":false,"_monsterinsights_sitenote_active":false,"_monsterinsights_sitenote_note":"","_monsterinsights_sitenote_category":0,"_uf_show_specific_survey":0,"_uf_disable_surveys":false,"site-sidebar-layout":"default","site-content-layout":"","ast-site-content-layout":"default","site-content-style":"default","site-sidebar-style":"default","ast-global-header-display":"","ast-banner-title-visibility":"","ast-main-header-display":"","ast-hfb-above-header-display":"","ast-hfb-below-header-display":"","ast-hfb-mobile-header-display":"","site-post-title":"","ast-breadcrumbs-content":"","ast-featured-img":"","footer-sml-layout":"","ast-disable-related-posts":"","theme-transparent-header-meta":"default","adv-header-id-meta":"","stick-header-meta":"","header-above-stick-meta":"","header-main-stick-meta":"","header-below-stick-meta":"","astra-migrate-meta-layouts":"set","ast-page-background-enabled":"default","ast-page-background-meta":{"desktop":{"background-color":"","background-image":"","background-repeat":"repeat","background-position":"center center","background-size":"auto","background-attachment":"scroll","background-type":"","background-media":"","overlay-type":"","overlay-color":"","overlay-opacity":"","overlay-gradient":""},"tablet":{"background-color":"","background-image":"","background-repeat":"repeat","background-position":"center center","background-size":"auto","background-attachment":"scroll","background-type":"","background-media":"","overlay-type":"","overlay-color":"","overlay-opacity":"","overlay-gradient":""},"mobile":{"background-color":"","background-image":"","background-repeat":"repeat","background-position":"center center","background-size":"auto","background-attachment":"scroll","background-type":"","background-media":"","overlay-type":"","overlay-color":"","overlay-opacity":"","overlay-gradient":""}},"ast-content-background-meta":{"desktop":{"background-color":"var(--ast-global-color-5)","background-image":"","background-repeat":"repeat","background-position":"center center","background-size":"auto","background-attachment":"scroll","background-type":"","background-media":"","overlay-type":"","overlay-color":"","overlay-opacity":"","overlay-gradient":""},"tablet":{"background-color":"var(--ast-global-color-5)","background-image":"","background-repeat":"repeat","background-position":"center center","background-size":"auto","background-attachment":"scroll","background-type":"","background-media":"","overlay-type":"","overlay-color":"","overlay-opacity":"","overlay-gradient":""},"mobile":{"background-color":"var(--ast-global-color-5)","background-image":"","background-repeat":"repeat","background-position":"center center","background-size":"auto","background-attachment":"scroll","background-type":"","background-media":"","overlay-type":"","overlay-color":"","overlay-opacity":"","overlay-gradient":""}}},"product_brand":[3302],"product_cat":[3391,3396,3526,3495,3494,3418,3522,3390,3467],"product_tag":[3527,3528,3529,3427,2460,3530],"class_list":{"0":"post-19012","1":"product","2":"type-product","3":"status-publish","4":"has-post-thumbnail","6":"product_brand-garneau","7":"product_cat-accessoires-pour-la-longue-piste","8":"product_cat-accessories","9":"product_cat-blades","10":"product_cat-bottes","11":"product_cat-bottes-de-piste-longues","12":"product_cat-couvre-bottes","14":"product_cat-longue-piste","15":"product_cat-patinage-de-vitesse","16":"product_tag-cache-botte-longtrack","17":"product_tag-cache-bottes","18":"product_tag-couvre-bottes-nordique","19":"product_tag-equipement-de-patinage-de-vitesse","20":"product_tag-garneau-thermax-ii","21":"product_tag-housse-de-botte-de-velo","22":"desktop-align-left","23":"tablet-align-left","24":"mobile-align-left","26":"first","27":"instock","28":"taxable","29":"shipping-taxable","30":"purchasable","31":"product-type-simple"},"acf":[],"_links":{"self":[{"href":"https:\/\/ztsports.com\/fr\/wp-json\/wp\/v2\/product\/19012","targetHints":{"allow":["GET"]}}],"collection":[{"href":"https:\/\/ztsports.com\/fr\/wp-json\/wp\/v2\/product"}],"about":[{"href":"https:\/\/ztsports.com\/fr\/wp-json\/wp\/v2\/types\/product"}],"replies":[{"embeddable":true,"href":"https:\/\/ztsports.com\/fr\/wp-json\/wp\/v2\/comments?post=19012"}],"version-history":[{"count":1,"href":"https:\/\/ztsports.com\/fr\/wp-json\/wp\/v2\/product\/19012\/revisions"}],"predecessor-version":[{"id":19013,"href":"https:\/\/ztsports.com\/fr\/wp-json\/wp\/v2\/product\/19012\/revisions\/19013"}],"wp:featuredmedia":[{"embeddable":true,"href":"https:\/\/ztsports.com\/fr\/wp-json\/wp\/v2\/media\/18359"}],"wp:attachment":[{"href":"https:\/\/ztsports.com\/fr\/wp-json\/wp\/v2\/media?parent=19012"}],"wp:term":[{"taxonomy":"product_brand","embeddable":true,"href":"https:\/\/ztsports.com\/fr\/wp-json\/wp\/v2\/product_brand?post=19012"},{"taxonomy":"product_cat","embeddable":true,"href":"https:\/\/ztsports.com\/fr\/wp-json\/wp\/v2\/product_cat?post=19012"},{"taxonomy":"product_tag","embeddable":true,"href":"https:\/\/ztsports.com\/fr\/wp-json\/wp\/v2\/product_tag?post=19012"}],"curies":[{"name":"wp","href":"https:\/\/api.w.org\/{rel}","templated":true}]}}