{"id":19010,"date":"2021-09-23T03:00:53","date_gmt":"2021-09-23T03:00:53","guid":{"rendered":"https:\/\/ztsports.com\/?post_type=product&#038;p=19010"},"modified":"2026-02-02T19:53:00","modified_gmt":"2026-02-02T19:53:00","slug":"viking-neoprene-boot-covers","status":"publish","type":"product","link":"https:\/\/ztsports.com\/fr\/store\/viking-neoprene-boot-covers\/","title":{"rendered":"VIKING NEOPRENE BOOT COVERERS Long Track"},"content":{"rendered":"<h1><span class=\"Y2IQFc\" lang=\"en\">VIKING NEOPRENE BOOT COVERS<\/span><\/h1>\n<p class=\"tw-data-text tw-text-large tw-ta\" dir=\"ltr\" data-placeholder=\"Translation\"><span class=\"Y2IQFc\" lang=\"en\">Les couvre-bottes en n\u00e9opr\u00e8ne Viking permettent de garder les pieds au chaud pour patiner plus longtemps. Un excellent outil d&#8217;entra\u00eenement pour les froides nuits d&#8217;hiver. Ces couvre-bottes complets sont en n\u00e9opr\u00e8ne thermique de poids moyen et chaud. gardent votre pied au chaud et au sec. La bande velcro du <em>couvre-botte<\/em> reste \u00e0 sa place.<\/span><\/p>\n<p class=\"tw-data-text tw-text-large tw-ta\" dir=\"ltr\" data-placeholder=\"Translation\"><span class=\"Y2IQFc\" lang=\"en\">\u00c9quipement de protection qui couvre la botte et les chevilles pour les conditions ext\u00e9rieures froides.<\/span><\/p>\n<p dir=\"ltr\" data-placeholder=\"Translation\">Restez au chaud avec les couvre-bottes en n\u00e9opr\u00e8ne de Viking ! Ils prot\u00e8gent vos pieds contre les temp\u00e9ratures les plus froides et vous permettent de patiner confortablement dans une taille allant de Small \u00e0 XL.<\/p>\n<p>Surchaussures en n\u00e9opr\u00e8ne avec couche hydrofuge. Pour des pieds chauds et secs lorsque vous patinez par temps froid ou mauvais.<\/p>\n<p><em>Couleur : noir<br \/>\n<\/em><\/p>\n<p><em>S = 35\/37 <\/em><\/p>\n<p><em>M = 37\/39 <\/em><\/p>\n<p><em>L = 40\/42 <\/em><\/p>\n<p><em>XL = 43\/45 <\/em><\/p>\n<p><em>XXL = 46\/48 <\/em><\/p>\n<p dir=\"ltr\" data-placeholder=\"Translation\">Enfin, consultez tous nos <a href=\"https:\/\/ztsports.com\/categorie-produit\/couvre-bottes\/?lang=fr\"><strong>couvre-bottes ici<\/strong><\/a>.<\/p>\n","protected":false},"excerpt":{"rendered":"<p>VIKING NEOPRENE BOOT COVERS Les couvre-bottes en n\u00e9opr\u00e8ne Viking permettent de garder les pieds au chaud pour patiner plus longtemps. Un excellent outil d&#8217;entra\u00eenement pour les froides nuits d&#8217;hiver. Ces couvre-bottes complets sont en n\u00e9opr\u00e8ne thermique de poids moyen et chaud. gardent votre pied au chaud et au sec. La bande velcro du couvre-botte reste [&hellip;]<\/p>\n","protected":false},"featured_media":18354,"comment_status":"open","ping_status":"closed","template":"","meta":{"_acf_changed":false,"_monsterinsights_skip_tracking":false,"_monsterinsights_sitenote_active":false,"_monsterinsights_sitenote_note":"","_monsterinsights_sitenote_category":0,"_uf_show_specific_survey":0,"_uf_disable_surveys":false,"site-sidebar-layout":"default","site-content-layout":"","ast-site-content-layout":"default","site-content-style":"default","site-sidebar-style":"default","ast-global-header-display":"","ast-banner-title-visibility":"","ast-main-header-display":"","ast-hfb-above-header-display":"","ast-hfb-below-header-display":"","ast-hfb-mobile-header-display":"","site-post-title":"","ast-breadcrumbs-content":"","ast-featured-img":"","footer-sml-layout":"","ast-disable-related-posts":"","theme-transparent-header-meta":"default","adv-header-id-meta":"","stick-header-meta":"","header-above-stick-meta":"","header-main-stick-meta":"","header-below-stick-meta":"","astra-migrate-meta-layouts":"set","ast-page-background-enabled":"default","ast-page-background-meta":{"desktop":{"background-color":"","background-image":"","background-repeat":"repeat","background-position":"center center","background-size":"auto","background-attachment":"scroll","background-type":"","background-media":"","overlay-type":"","overlay-color":"","overlay-opacity":"","overlay-gradient":""},"tablet":{"background-color":"","background-image":"","background-repeat":"repeat","background-position":"center center","background-size":"auto","background-attachment":"scroll","background-type":"","background-media":"","overlay-type":"","overlay-color":"","overlay-opacity":"","overlay-gradient":""},"mobile":{"background-color":"","background-image":"","background-repeat":"repeat","background-position":"center center","background-size":"auto","background-attachment":"scroll","background-type":"","background-media":"","overlay-type":"","overlay-color":"","overlay-opacity":"","overlay-gradient":""}},"ast-content-background-meta":{"desktop":{"background-color":"var(--ast-global-color-5)","background-image":"","background-repeat":"repeat","background-position":"center center","background-size":"auto","background-attachment":"scroll","background-type":"","background-media":"","overlay-type":"","overlay-color":"","overlay-opacity":"","overlay-gradient":""},"tablet":{"background-color":"var(--ast-global-color-5)","background-image":"","background-repeat":"repeat","background-position":"center center","background-size":"auto","background-attachment":"scroll","background-type":"","background-media":"","overlay-type":"","overlay-color":"","overlay-opacity":"","overlay-gradient":""},"mobile":{"background-color":"var(--ast-global-color-5)","background-image":"","background-repeat":"repeat","background-position":"center center","background-size":"auto","background-attachment":"scroll","background-type":"","background-media":"","overlay-type":"","overlay-color":"","overlay-opacity":"","overlay-gradient":""}}},"product_brand":[3356],"product_cat":[3389,3391,3392,3495,3786,3494,3522,3418,3523,3390],"product_tag":[3524,3525],"class_list":{"0":"post-19010","1":"product","2":"type-product","3":"status-publish","4":"has-post-thumbnail","6":"product_brand-viking","7":"product_cat-accessoires-longue-piste","8":"product_cat-accessoires-pour-la-longue-piste","9":"product_cat-accessoires-short-track","10":"product_cat-bottes","12":"product_cat-bottes-de-piste-longues","13":"product_cat-couvre-bottes","15":"product_cat-lames-a-longue-voie","16":"product_cat-longue-piste","17":"product_tag-couvre-bottes-en-neoprene","18":"product_tag-housses-de-bottes","19":"desktop-align-left","20":"tablet-align-left","21":"mobile-align-left","23":"first","24":"instock","25":"featured","26":"taxable","27":"shipping-taxable","28":"purchasable","29":"product-type-simple"},"acf":[],"_links":{"self":[{"href":"https:\/\/ztsports.com\/fr\/wp-json\/wp\/v2\/product\/19010","targetHints":{"allow":["GET"]}}],"collection":[{"href":"https:\/\/ztsports.com\/fr\/wp-json\/wp\/v2\/product"}],"about":[{"href":"https:\/\/ztsports.com\/fr\/wp-json\/wp\/v2\/types\/product"}],"replies":[{"embeddable":true,"href":"https:\/\/ztsports.com\/fr\/wp-json\/wp\/v2\/comments?post=19010"}],"version-history":[{"count":1,"href":"https:\/\/ztsports.com\/fr\/wp-json\/wp\/v2\/product\/19010\/revisions"}],"predecessor-version":[{"id":19011,"href":"https:\/\/ztsports.com\/fr\/wp-json\/wp\/v2\/product\/19010\/revisions\/19011"}],"wp:featuredmedia":[{"embeddable":true,"href":"https:\/\/ztsports.com\/fr\/wp-json\/wp\/v2\/media\/18354"}],"wp:attachment":[{"href":"https:\/\/ztsports.com\/fr\/wp-json\/wp\/v2\/media?parent=19010"}],"wp:term":[{"taxonomy":"product_brand","embeddable":true,"href":"https:\/\/ztsports.com\/fr\/wp-json\/wp\/v2\/product_brand?post=19010"},{"taxonomy":"product_cat","embeddable":true,"href":"https:\/\/ztsports.com\/fr\/wp-json\/wp\/v2\/product_cat?post=19010"},{"taxonomy":"product_tag","embeddable":true,"href":"https:\/\/ztsports.com\/fr\/wp-json\/wp\/v2\/product_tag?post=19010"}],"curies":[{"name":"wp","href":"https:\/\/api.w.org\/{rel}","templated":true}]}}