{"id":19008,"date":"2021-09-23T03:00:55","date_gmt":"2021-09-23T03:00:55","guid":{"rendered":"https:\/\/ztsports.com\/?post_type=product&#038;p=19008"},"modified":"2026-02-02T19:52:35","modified_gmt":"2026-02-02T19:52:35","slug":"burr-doctor-dmt","status":"publish","type":"product","link":"https:\/\/ztsports.com\/fr\/store\/burr-doctor-dmt\/","title":{"rendered":"BURR DOCTOR DMT MADE IN USA"},"content":{"rendered":"<h1 class=\"tw-data-text tw-text-large tw-ta\" dir=\"ltr\" data-placeholder=\"Translation\"><span class=\"Y2IQFc\" lang=\"en\">BURR DOCTOR DMT Fabriqu\u00e9 aux USA<\/span><\/h1>\n<p>Le Burr Doctor DMT est<span class=\"Y2IQFc\" lang=\"en\"> Parfaite pour les &#8221; retouches &#8221; sur les pistes, la Diamond Burr Stone \u2122 offre un r\u00e9glage de 0 \u00b0 \u00e0 5,5 \u00b0. Coarse diamond (45 micron \/ 325 mesh) quickly restores a neglected edge. En outre, aucune huile salissante n&#8217;est n\u00e9cessaire &#8211; \u00e0 utiliser \u00e0 sec ou \u00e0 l&#8217;\u00e9tat humide. Durable construction will provide years of consistent performance and reliable service. En outre, les menuisiers, les chefs cuisiniers et d&#8217;autres professionnels comptent sur la qualit\u00e9 sup\u00e9rieure et la polyvalence des produits DMT\u00ae pour entretenir correctement leurs outils. R\u00e9paration rapide des bords partout gr\u00e2ce au r\u00e9glage de l&#8217;angle. Diamant grossier pour transformer un bord \u00e9mouss\u00e9. Durable construction will provide years of consistent performance and reliable service. <\/span><\/p>\n<p><span class=\"Y2IQFc\" lang=\"en\">Fabriqu\u00e9 aux \u00c9tats-Unis.<\/span><\/p>\n<p>Enfin, vous pouvez trouver toutes nos <a href=\"https:\/\/ztsports.com\/product-category\/sharpening\/stones\/\"><strong>pierres \u00e0 aiguiser<\/strong><\/a> ici<\/p>\n<pre id=\"tw-target-text\" class=\"tw-data-text tw-text-large tw-ta\" dir=\"ltr\" data-placeholder=\"Translation\"><\/pre>\n","protected":false},"excerpt":{"rendered":"<p>BURR DOCTOR DMT Fabriqu\u00e9 aux USA Le Burr Doctor DMT est Parfaite pour les &#8221; retouches &#8221; sur les pistes, la Diamond Burr Stone \u2122 offre un r\u00e9glage de 0 \u00b0 \u00e0 5,5 \u00b0. Coarse diamond (45 micron \/ 325 mesh) quickly restores a neglected edge. En outre, aucune huile salissante n&#8217;est n\u00e9cessaire &#8211; \u00e0 [&hellip;]<\/p>\n","protected":false},"featured_media":18351,"comment_status":"open","ping_status":"closed","template":"","meta":{"_acf_changed":false,"_monsterinsights_skip_tracking":false,"_monsterinsights_sitenote_active":false,"_monsterinsights_sitenote_note":"","_monsterinsights_sitenote_category":0,"_uf_show_specific_survey":0,"_uf_disable_surveys":false,"site-sidebar-layout":"default","site-content-layout":"","ast-site-content-layout":"default","site-content-style":"default","site-sidebar-style":"default","ast-global-header-display":"","ast-banner-title-visibility":"","ast-main-header-display":"","ast-hfb-above-header-display":"","ast-hfb-below-header-display":"","ast-hfb-mobile-header-display":"","site-post-title":"","ast-breadcrumbs-content":"","ast-featured-img":"","footer-sml-layout":"","ast-disable-related-posts":"","theme-transparent-header-meta":"default","adv-header-id-meta":"","stick-header-meta":"","header-above-stick-meta":"","header-main-stick-meta":"","header-below-stick-meta":"","astra-migrate-meta-layouts":"set","ast-page-background-enabled":"default","ast-page-background-meta":{"desktop":{"background-color":"","background-image":"","background-repeat":"repeat","background-position":"center center","background-size":"auto","background-attachment":"scroll","background-type":"","background-media":"","overlay-type":"","overlay-color":"","overlay-opacity":"","overlay-gradient":""},"tablet":{"background-color":"","background-image":"","background-repeat":"repeat","background-position":"center center","background-size":"auto","background-attachment":"scroll","background-type":"","background-media":"","overlay-type":"","overlay-color":"","overlay-opacity":"","overlay-gradient":""},"mobile":{"background-color":"","background-image":"","background-repeat":"repeat","background-position":"center center","background-size":"auto","background-attachment":"scroll","background-type":"","background-media":"","overlay-type":"","overlay-color":"","overlay-opacity":"","overlay-gradient":""}},"ast-content-background-meta":{"desktop":{"background-color":"var(--ast-global-color-5)","background-image":"","background-repeat":"repeat","background-position":"center center","background-size":"auto","background-attachment":"scroll","background-type":"","background-media":"","overlay-type":"","overlay-color":"","overlay-opacity":"","overlay-gradient":""},"tablet":{"background-color":"var(--ast-global-color-5)","background-image":"","background-repeat":"repeat","background-position":"center center","background-size":"auto","background-attachment":"scroll","background-type":"","background-media":"","overlay-type":"","overlay-color":"","overlay-opacity":"","overlay-gradient":""},"mobile":{"background-color":"var(--ast-global-color-5)","background-image":"","background-repeat":"repeat","background-position":"center center","background-size":"auto","background-attachment":"scroll","background-type":"","background-media":"","overlay-type":"","overlay-color":"","overlay-opacity":"","overlay-gradient":""}}},"product_brand":[3295],"product_cat":[3470,3514,3873,3469,3515],"product_tag":[],"class_list":{"0":"post-19008","1":"product","2":"type-product","3":"status-publish","4":"has-post-thumbnail","6":"product_brand-dmt","7":"product_cat-des-pierres","8":"product_cat-entretien-des-lames","9":"product_cat-pierres-de-diamant","11":"product_cat-pierres-de-ronce","12":"desktop-align-left","13":"tablet-align-left","14":"mobile-align-left","16":"first","17":"instock","18":"taxable","19":"shipping-taxable","20":"purchasable","21":"product-type-simple"},"acf":[],"_links":{"self":[{"href":"https:\/\/ztsports.com\/fr\/wp-json\/wp\/v2\/product\/19008","targetHints":{"allow":["GET"]}}],"collection":[{"href":"https:\/\/ztsports.com\/fr\/wp-json\/wp\/v2\/product"}],"about":[{"href":"https:\/\/ztsports.com\/fr\/wp-json\/wp\/v2\/types\/product"}],"replies":[{"embeddable":true,"href":"https:\/\/ztsports.com\/fr\/wp-json\/wp\/v2\/comments?post=19008"}],"version-history":[{"count":1,"href":"https:\/\/ztsports.com\/fr\/wp-json\/wp\/v2\/product\/19008\/revisions"}],"predecessor-version":[{"id":19009,"href":"https:\/\/ztsports.com\/fr\/wp-json\/wp\/v2\/product\/19008\/revisions\/19009"}],"wp:featuredmedia":[{"embeddable":true,"href":"https:\/\/ztsports.com\/fr\/wp-json\/wp\/v2\/media\/18351"}],"wp:attachment":[{"href":"https:\/\/ztsports.com\/fr\/wp-json\/wp\/v2\/media?parent=19008"}],"wp:term":[{"taxonomy":"product_brand","embeddable":true,"href":"https:\/\/ztsports.com\/fr\/wp-json\/wp\/v2\/product_brand?post=19008"},{"taxonomy":"product_cat","embeddable":true,"href":"https:\/\/ztsports.com\/fr\/wp-json\/wp\/v2\/product_cat?post=19008"},{"taxonomy":"product_tag","embeddable":true,"href":"https:\/\/ztsports.com\/fr\/wp-json\/wp\/v2\/product_tag?post=19008"}],"curies":[{"name":"wp","href":"https:\/\/api.w.org\/{rel}","templated":true}]}}