{"id":19006,"date":"2021-09-23T03:00:57","date_gmt":"2021-09-23T03:00:57","guid":{"rendered":"https:\/\/ztsports.com\/?post_type=product&#038;p=19006"},"modified":"2026-02-02T19:52:22","modified_gmt":"2026-02-02T19:52:22","slug":"bont-pro-jig-sharpening-starter-kit","status":"publish","type":"product","link":"https:\/\/ztsports.com\/fr\/store\/bont-pro-jig-sharpening-starter-kit\/","title":{"rendered":"BONT PRO JIG STARTER KIT D&#8217;AFF\u00dbTAGE NOUVEAU"},"content":{"rendered":"<h3 class=\"tw-data-text tw-text-large tw-ta\" dir=\"ltr\" data-placeholder=\"Translation\"><span class=\"Y2IQFc\" lang=\"en\">BONT PRO JIG STARTER KIT <\/span><\/h3>\n<h3 class=\"tw-data-text tw-text-large tw-ta\" dir=\"ltr\" data-placeholder=\"Translation\"><span class=\"Y2IQFc\" lang=\"en\">Le kit de d\u00e9marrage BONT Pro Jig est tout ce dont vous aurez besoin. Bont Pro Jig est con\u00e7u pour s&#8217;adapter \u00e0 toutes les marques de lames sur le march\u00e9 et est le seul gabarit dont vous aurez besoin.<br \/>\nLe gabarit est con\u00e7u au Canada par Ga\u00ebl Doucet-Gagnon et fabriqu\u00e9 par BONT.<br \/>\nIl est l\u00e9ger, solide, compact et n&#8217;affectera pas la courbure de vos lames lors de l&#8217;aff\u00fbtage.<br \/>\nIl est facile \u00e0 monter et \u00e0 d\u00e9monter, ce qui est id\u00e9al si vous allez \u00e0 des comp\u00e9titions.<\/span><\/h3>\n<h2 class=\"tw-data-text tw-text-large tw-ta\" dir=\"ltr\" data-placeholder=\"Translation\"><span class=\"Y2IQFc\" lang=\"en\">Ce kit de d\u00e9marrage comprend <\/span><\/h2>\n<h3 class=\"tw-data-text tw-text-large tw-ta\" dir=\"ltr\" data-placeholder=\"Translation\"><span class=\"Y2IQFc\" lang=\"en\">Vous avez le choix entre <\/span><\/h3>\n<h3 class=\"tw-data-text tw-text-large tw-ta\" dir=\"ltr\" data-placeholder=\"Translation\"><span class=\"Y2IQFc\" lang=\"en\"><a href=\"https:\/\/ztsports.com\/produit\/norton-jum3-sharpening-stone\/?lang=fr\">1 NORTON JUM3<\/a> or <a href=\"https:\/\/ztsports.com\/produit\/norton-im2-pierre-aiguiser\/?lang=fr\">IM2 oil bench stone <\/a> <\/span><\/h3>\n<h3 class=\"tw-data-text tw-text-large tw-ta\" dir=\"ltr\" data-placeholder=\"Translation\"><span class=\"Y2IQFc\" lang=\"en\"><a href=\"https:\/\/ztsports.com\/product\/norto-sharpenning-stone-oil-xb1\/\"><strong>1 XB1 Norton 133ml Huile d&#8217;aff\u00fbtage <\/strong><\/a><br \/>\nL&#8217;huile Norton est une huile lubrifiante hautement raffin\u00e9e.<br \/>\nSp\u00e9cialement formul\u00e9e pour \u00eatre utilis\u00e9e avec la pierre \u00e0 aiguiser Norton, elle est id\u00e9ale pour tous les travaux de lubrification.<br \/>\nElle ne &#8220;gomme&#8221; pas les pierres \u00e0 aiguiser. En outre, elle est conforme aux normes de l&#8217;American Pharmacopoeia et peut \u00eatre utilis\u00e9e autour des op\u00e9rations de pr\u00e9paration des aliments en raison de la puret\u00e9 de l&#8217;huile min\u00e9rale.<\/span><\/h3>\n<pre class=\"tw-data-text tw-text-large tw-ta\" dir=\"ltr\" data-placeholder=\"Translation\"><span class=\"Y2IQFc\" lang=\"en\"><a href=\"https:\/\/ztsports.com\/product\/dmt-wf7-diamond-whetstone\/\"><strong>1 pierre d'aff\u00fbtage DMT (rouge)<\/strong><\/a>\r\nLa pierre Mini Diamond 70 mm, avec le motif \u00e0 points caract\u00e9ristique de DMT (\r\n), est un compl\u00e9ment portable \u00e0 toute trousse \u00e0 outils. R\u00e9paration rapide du tranchant n'importe o\u00f9. L'aff\u00fbtage avec des diamants est \r\nrapide et facile.   Use water to protect your stone when sharpening.\r\n\r\n<\/span><span class=\"Y2IQFc\" lang=\"en\"><a href=\"https:\/\/ztsports.com\/produit\/kill-burr-ebavureur\/?lang=fr\"><strong>1 Kill Burr <\/strong><\/a>\r\nLe secret hollandais dont vous ne pourrez plus vous passer ! Plus de glissade, plus besoin de pansements pour vos doigts !  \r\nCette invention super cool combine la magie des fraises en carbure de tungst\u00e8ne dans un \u00e9tui qui permet d'\u00e9conomiser les doigts. \r\nIt stays square to ensure a perfect edge every time. S'adapte automatiquement aux diff\u00e9rentes \u00e9paisseurs de lames. \r\nCreated and produced in the Netherlands by Goud-Sport. Celui-ci est indispensable \u00e0 tout kit d'aff\u00fbtage sh\r\n!<\/span><span class=\"Y2IQFc\" lang=\"en\"><strong> \r\n\r\nVous voulez savoir comment r\u00e9gler, aff\u00fbter et \u00e9barber avec votre nouveau kit ? \r\nConsultez notre <\/strong><\/span><strong><a href=\"https:\/\/www.youtube.com\/watch?v=6mu5w7rdrL0\" target=\"_blank\" rel=\"noopener\">Tutoriel d'aff\u00fbtage des patins. <\/a><\/strong><\/pre>\n<p><a href=\"https:\/\/ztsports.com\/categorie-produit\/aiguisage\/support\/?lang=fr\"><strong> Enfin, vous pouvez trouver tous nos gabarits et kits d&#8217;aff\u00fbtage ici.<\/strong><\/a><\/p>\n<h3 class=\"style-scope ytd-watch-metadata\"><\/h3>\n<pre class=\"tw-data-text tw-text-large tw-ta\" dir=\"ltr\" data-placeholder=\"Translation\"><span class=\"Y2IQFc\" lang=\"en\"><strong> <\/strong><\/span><\/pre>\n","protected":false},"excerpt":{"rendered":"<p>BONT PRO JIG STARTER KIT Le kit de d\u00e9marrage BONT Pro Jig est tout ce dont vous aurez besoin. Bont Pro Jig est con\u00e7u pour s&#8217;adapter \u00e0 toutes les marques de lames sur le march\u00e9 et est le seul gabarit dont vous aurez besoin. Le gabarit est con\u00e7u au Canada par Ga\u00ebl Doucet-Gagnon et fabriqu\u00e9 [&hellip;]<\/p>\n","protected":false},"featured_media":18342,"comment_status":"open","ping_status":"closed","template":"","meta":{"_acf_changed":false,"_monsterinsights_skip_tracking":false,"_monsterinsights_sitenote_active":false,"_monsterinsights_sitenote_note":"","_monsterinsights_sitenote_category":0,"_uf_show_specific_survey":0,"_uf_disable_surveys":false,"site-sidebar-layout":"default","site-content-layout":"","ast-site-content-layout":"default","site-content-style":"default","site-sidebar-style":"default","ast-global-header-display":"","ast-banner-title-visibility":"","ast-main-header-display":"","ast-hfb-above-header-display":"","ast-hfb-below-header-display":"","ast-hfb-mobile-header-display":"","site-post-title":"","ast-breadcrumbs-content":"","ast-featured-img":"","footer-sml-layout":"","ast-disable-related-posts":"","theme-transparent-header-meta":"default","adv-header-id-meta":"","stick-header-meta":"","header-above-stick-meta":"","header-main-stick-meta":"","header-below-stick-meta":"","astra-migrate-meta-layouts":"set","ast-page-background-enabled":"default","ast-page-background-meta":{"desktop":{"background-color":"","background-image":"","background-repeat":"repeat","background-position":"center center","background-size":"auto","background-attachment":"scroll","background-type":"","background-media":"","overlay-type":"","overlay-color":"","overlay-opacity":"","overlay-gradient":""},"tablet":{"background-color":"","background-image":"","background-repeat":"repeat","background-position":"center center","background-size":"auto","background-attachment":"scroll","background-type":"","background-media":"","overlay-type":"","overlay-color":"","overlay-opacity":"","overlay-gradient":""},"mobile":{"background-color":"","background-image":"","background-repeat":"repeat","background-position":"center center","background-size":"auto","background-attachment":"scroll","background-type":"","background-media":"","overlay-type":"","overlay-color":"","overlay-opacity":"","overlay-gradient":""}},"ast-content-background-meta":{"desktop":{"background-color":"var(--ast-global-color-5)","background-image":"","background-repeat":"repeat","background-position":"center center","background-size":"auto","background-attachment":"scroll","background-type":"","background-media":"","overlay-type":"","overlay-color":"","overlay-opacity":"","overlay-gradient":""},"tablet":{"background-color":"var(--ast-global-color-5)","background-image":"","background-repeat":"repeat","background-position":"center center","background-size":"auto","background-attachment":"scroll","background-type":"","background-media":"","overlay-type":"","overlay-color":"","overlay-opacity":"","overlay-gradient":""},"mobile":{"background-color":"var(--ast-global-color-5)","background-image":"","background-repeat":"repeat","background-position":"center center","background-size":"auto","background-attachment":"scroll","background-type":"","background-media":"","overlay-type":"","overlay-color":"","overlay-opacity":"","overlay-gradient":""}}},"product_brand":[3285],"product_cat":[3393,3394,3397],"product_tag":[2329,3516,3488,3517,3518,3519,3520,3521,2330,1752],"class_list":{"0":"post-19006","1":"product","2":"type-product","3":"status-publish","4":"has-post-thumbnail","6":"product_brand-bont","7":"product_cat-aiguisage","8":"product_cat-kits-de-gabarits","9":"product_cat-support","10":"product_tag-bont-pro-jig","11":"product_tag-entretien-des-lames","12":"product_tag-equipement-daffutage","13":"product_tag-kit-daffutage","14":"product_tag-kit-daffutage-long-track","15":"product_tag-kit-daffutage-short-track","16":"product_tag-kit-de-demarrage-de-gabarit","17":"product_tag-kit-de-demarrage-pour-laffutage-des-patins","18":"product_tag-pro-jig","19":"product_tag-speed-skating-equipment","20":"desktop-align-left","21":"tablet-align-left","22":"mobile-align-left","24":"first","25":"instock","26":"featured","27":"taxable","28":"shipping-taxable","29":"purchasable","30":"product-type-simple"},"acf":[],"_links":{"self":[{"href":"https:\/\/ztsports.com\/fr\/wp-json\/wp\/v2\/product\/19006","targetHints":{"allow":["GET"]}}],"collection":[{"href":"https:\/\/ztsports.com\/fr\/wp-json\/wp\/v2\/product"}],"about":[{"href":"https:\/\/ztsports.com\/fr\/wp-json\/wp\/v2\/types\/product"}],"replies":[{"embeddable":true,"href":"https:\/\/ztsports.com\/fr\/wp-json\/wp\/v2\/comments?post=19006"}],"version-history":[{"count":1,"href":"https:\/\/ztsports.com\/fr\/wp-json\/wp\/v2\/product\/19006\/revisions"}],"predecessor-version":[{"id":19007,"href":"https:\/\/ztsports.com\/fr\/wp-json\/wp\/v2\/product\/19006\/revisions\/19007"}],"wp:featuredmedia":[{"embeddable":true,"href":"https:\/\/ztsports.com\/fr\/wp-json\/wp\/v2\/media\/18342"}],"wp:attachment":[{"href":"https:\/\/ztsports.com\/fr\/wp-json\/wp\/v2\/media?parent=19006"}],"wp:term":[{"taxonomy":"product_brand","embeddable":true,"href":"https:\/\/ztsports.com\/fr\/wp-json\/wp\/v2\/product_brand?post=19006"},{"taxonomy":"product_cat","embeddable":true,"href":"https:\/\/ztsports.com\/fr\/wp-json\/wp\/v2\/product_cat?post=19006"},{"taxonomy":"product_tag","embeddable":true,"href":"https:\/\/ztsports.com\/fr\/wp-json\/wp\/v2\/product_tag?post=19006"}],"curies":[{"name":"wp","href":"https:\/\/api.w.org\/{rel}","templated":true}]}}