{"id":19002,"date":"2021-09-23T03:02:09","date_gmt":"2021-09-23T03:02:09","guid":{"rendered":"https:\/\/ztsports.com\/?post_type=product&#038;p=19002"},"modified":"2026-02-02T19:50:44","modified_gmt":"2026-02-02T19:50:44","slug":"bont-quilted-blade-soakers","status":"publish","type":"product","link":"https:\/\/ztsports.com\/fr\/store\/bont-quilted-blade-soakers\/","title":{"rendered":"BONT QUILTED BLADE SOAKERS Quality Soakers New"},"content":{"rendered":"<h2>BONT QUILTED BLADE SOAKERS Quality Soakers<\/h2>\n<p>Les BONT QUILTED BLADE SOAKERS sont de qualit\u00e9 sup\u00e9rieure.<\/p>\n<p>Doublure \u00e9paisse en \u00e9ponge noire avec un <strong>bout renforc\u00e9 et une cicatrisation<\/strong>.<\/p>\n<p>Ce qui leur conf\u00e8re une longue dur\u00e9e de vie dans la protection des lames.<\/p>\n<p>Soaker noir classique avec logo BONT brod\u00e9.<\/p>\n<p>Fits all blades lengths up to 17.5\u2033<\/p>\n<div data-hveid=\"CBMQAQ\" data-ved=\"2ahUKEwiOuJD0h-uHAxUEMtAFHdooInoQj7gIegQIExAB\">\n<div class=\"dnXCYb\" tabindex=\"0\" role=\"button\" aria-controls=\"_cLK3Zo7AGoTkwN4P2tGI0Qc_31\" aria-expanded=\"true\">\n<h3 class=\"JlqpRe\"><span class=\"JCzEY tNxQIb\"><span class=\"CSkcDe\">Est-il n\u00e9cessaire d&#8217;utiliser des trempes \u00e0 lame ?<\/span><\/span><\/h3>\n<\/div>\n<\/div>\n<div id=\"_cLK3Zo7AGoTkwN4P2tGI0Qc_31\" class=\"bCOlv\" data-ved=\"2ahUKEwiOuJD0h-uHAxUEMtAFHdooInoQ7NUEegQIExAE\">\n<div class=\"IZE3Td\">\n<div class=\"r2fjmd t0bRye\" data-hveid=\"CBMQBQ\" data-ved=\"2ahUKEwiOuJD0h-uHAxUEMtAFHdooInoQu04oAHoECBMQBQ\">\n<div id=\"cLK3Zo7AGoTkwN4P2tGI0Qc__17\">\n<div class=\"wDYxhc\" data-md=\"61\">\n<div class=\"LGOjhe\" role=\"heading\" data-attrid=\"wa:\/description\" aria-level=\"3\" data-hveid=\"CFkQAA\"><span class=\"BxUVEf ILfuVd\" lang=\"en\"><span class=\"hgKElc\">*Le m\u00e9tal de vos lames continuera \u00e0 cr\u00e9er de la condensation jusqu&#8217;\u00e0 6 heures apr\u00e8s que vous ayez quitt\u00e9 la glace, c&#8217;est pourquoi <g id=\"gid_0\">vous avez besoin d&#8217;<\/g> <g id=\"gid_1\">absorbeurs pour \u00e9vacuer l&#8217;humidit\u00e9<\/g> <g id=\"gid_0\">en continu<\/g>. -Si vous vivez dans un climat particuli\u00e8rement humide, il se peut que vous subissiez une rouille ponctuelle, m\u00eame si vous utilisez des brosses.  <\/span><\/span><\/div>\n<\/div>\n<\/div>\n<div role=\"heading\" data-attrid=\"wa:\/description\" aria-level=\"3\" data-hveid=\"CFkQAA\">Leur fonction principale est d&#8217;<em>absorber l&#8217;humidit\u00e9 des lames<\/em> apr\u00e8s votre s\u00e9ance de patinage. Il est essentiel d&#8217;essuyer vos lames apr\u00e8s chaque s\u00e9ance de patinage. <\/div>\n<div role=\"heading\" data-attrid=\"wa:\/description\" aria-level=\"3\" data-hveid=\"CFkQAA\"><\/div>\n<div role=\"heading\" data-attrid=\"wa:\/description\" aria-level=\"3\" data-hveid=\"CFkQAA\">Cependant, m\u00eame si vous essuyez soigneusement vos lames, le contraste entre la temp\u00e9rature ambiante et la temp\u00e9rature de la patinoire fera appara\u00eetre davantage de condensation sur vos patins une fois que vous les aurez rang\u00e9s dans le sac.<\/div>\n<div role=\"heading\" data-attrid=\"wa:\/description\" aria-level=\"3\" data-hveid=\"CFkQAA\"><\/div>\n<div role=\"heading\" data-attrid=\"wa:\/description\" aria-level=\"3\" data-hveid=\"CFkQAA\">L&#8217;humidit\u00e9 r\u00e9siduelle est un facteur n\u00e9gatif qui provoque la rouille et l&#8217;\u00e9moussement rapide de vos lames. Les soakers pour patins de vitesse sont con\u00e7us pour capturer l&#8217;humidit\u00e9 r\u00e9siduelle de vos lames, les gardant s\u00e8ches et correctement prot\u00e9g\u00e9es. <\/div>\n<\/div>\n<\/div>\n<\/div>\n<div role=\"heading\" data-attrid=\"wa:\/description\" aria-level=\"3\" data-hveid=\"CFkQAA\"><\/div>\n<div role=\"heading\" data-attrid=\"wa:\/description\" aria-level=\"3\" data-hveid=\"CFkQAA\">Nous vous recommandons \u00e9galement d&#8217;enlever les soies une fois rentr\u00e9 \u00e0 la maison et de laisser les soies et les lames s\u00e9cher \u00e0 l&#8217;air libre.<\/div>\n<p>Enfin, d\u00e9couvrez tous nos <a href=\"https:\/\/ztsports.com\/categorie-produit\/accessories\/protecteurs-de-lames-et-gardes\/?lang=fr\">produits de protection des lames <\/a>ici.<\/p>\n","protected":false},"excerpt":{"rendered":"<p>BONT QUILTED BLADE SOAKERS Quality Soakers Les BONT QUILTED BLADE SOAKERS sont de qualit\u00e9 sup\u00e9rieure. Doublure \u00e9paisse en \u00e9ponge noire avec un bout renforc\u00e9 et une cicatrisation. Ce qui leur conf\u00e8re une longue dur\u00e9e de vie dans la protection des lames. Soaker noir classique avec logo BONT brod\u00e9. Fits all blades lengths up to 17.5\u2033 [&hellip;]<\/p>\n","protected":false},"featured_media":18334,"comment_status":"open","ping_status":"closed","template":"","meta":{"_acf_changed":false,"_monsterinsights_skip_tracking":false,"_monsterinsights_sitenote_active":false,"_monsterinsights_sitenote_note":"","_monsterinsights_sitenote_category":0,"_uf_show_specific_survey":0,"_uf_disable_surveys":false,"site-sidebar-layout":"default","site-content-layout":"","ast-site-content-layout":"default","site-content-style":"default","site-sidebar-style":"default","ast-global-header-display":"","ast-banner-title-visibility":"","ast-main-header-display":"","ast-hfb-above-header-display":"","ast-hfb-below-header-display":"","ast-hfb-mobile-header-display":"","site-post-title":"","ast-breadcrumbs-content":"","ast-featured-img":"","footer-sml-layout":"","ast-disable-related-posts":"","theme-transparent-header-meta":"default","adv-header-id-meta":"","stick-header-meta":"","header-above-stick-meta":"","header-main-stick-meta":"","header-below-stick-meta":"","astra-migrate-meta-layouts":"set","ast-page-background-enabled":"default","ast-page-background-meta":{"desktop":{"background-color":"","background-image":"","background-repeat":"repeat","background-position":"center center","background-size":"auto","background-attachment":"scroll","background-type":"","background-media":"","overlay-type":"","overlay-color":"","overlay-opacity":"","overlay-gradient":""},"tablet":{"background-color":"","background-image":"","background-repeat":"repeat","background-position":"center center","background-size":"auto","background-attachment":"scroll","background-type":"","background-media":"","overlay-type":"","overlay-color":"","overlay-opacity":"","overlay-gradient":""},"mobile":{"background-color":"","background-image":"","background-repeat":"repeat","background-position":"center center","background-size":"auto","background-attachment":"scroll","background-type":"","background-media":"","overlay-type":"","overlay-color":"","overlay-opacity":"","overlay-gradient":""}},"ast-content-background-meta":{"desktop":{"background-color":"var(--ast-global-color-5)","background-image":"","background-repeat":"repeat","background-position":"center center","background-size":"auto","background-attachment":"scroll","background-type":"","background-media":"","overlay-type":"","overlay-color":"","overlay-opacity":"","overlay-gradient":""},"tablet":{"background-color":"var(--ast-global-color-5)","background-image":"","background-repeat":"repeat","background-position":"center center","background-size":"auto","background-attachment":"scroll","background-type":"","background-media":"","overlay-type":"","overlay-color":"","overlay-opacity":"","overlay-gradient":""},"mobile":{"background-color":"var(--ast-global-color-5)","background-image":"","background-repeat":"repeat","background-position":"center center","background-size":"auto","background-attachment":"scroll","background-type":"","background-media":"","overlay-type":"","overlay-color":"","overlay-opacity":"","overlay-gradient":""}}},"product_brand":[3285,3357],"product_cat":[3389,3392,3455,3878,3395,3508,3390,3467,3876,3501,3877,3502,3507,3504],"product_tag":[3510,3511,3512,3513,2384],"class_list":{"0":"post-19002","1":"product","2":"type-product","3":"status-publish","4":"has-post-thumbnail","6":"product_brand-bont","7":"product_brand-woofys-blade-soakers","8":"product_cat-accessoires-longue-piste","9":"product_cat-accessoires-short-track","10":"product_cat-accessories","11":"product_cat-cadeaux","12":"product_cat-courte-piste","13":"product_cat-lame","14":"product_cat-longue-piste","15":"product_cat-patinage-de-vitesse","16":"product_cat-protecteurs-de-lames-et-gardes","17":"product_cat-protection-de-la-lame","20":"product_cat-protections-et-trempeurs-pour-patins","21":"product_cat-soigneurs-de-lames","22":"product_tag-les-boucles-damarrage","23":"product_tag-softshells-deluxequilted","24":"product_tag-trempes-a-lames","25":"product_tag-trempeurs-de-lames-de-woofy","26":"product_tag-woofies","27":"desktop-align-left","28":"tablet-align-left","29":"mobile-align-left","31":"first","32":"instock","33":"taxable","34":"shipping-taxable","35":"purchasable","36":"product-type-simple"},"acf":[],"_links":{"self":[{"href":"https:\/\/ztsports.com\/fr\/wp-json\/wp\/v2\/product\/19002","targetHints":{"allow":["GET"]}}],"collection":[{"href":"https:\/\/ztsports.com\/fr\/wp-json\/wp\/v2\/product"}],"about":[{"href":"https:\/\/ztsports.com\/fr\/wp-json\/wp\/v2\/types\/product"}],"replies":[{"embeddable":true,"href":"https:\/\/ztsports.com\/fr\/wp-json\/wp\/v2\/comments?post=19002"}],"version-history":[{"count":1,"href":"https:\/\/ztsports.com\/fr\/wp-json\/wp\/v2\/product\/19002\/revisions"}],"predecessor-version":[{"id":19003,"href":"https:\/\/ztsports.com\/fr\/wp-json\/wp\/v2\/product\/19002\/revisions\/19003"}],"wp:featuredmedia":[{"embeddable":true,"href":"https:\/\/ztsports.com\/fr\/wp-json\/wp\/v2\/media\/18334"}],"wp:attachment":[{"href":"https:\/\/ztsports.com\/fr\/wp-json\/wp\/v2\/media?parent=19002"}],"wp:term":[{"taxonomy":"product_brand","embeddable":true,"href":"https:\/\/ztsports.com\/fr\/wp-json\/wp\/v2\/product_brand?post=19002"},{"taxonomy":"product_cat","embeddable":true,"href":"https:\/\/ztsports.com\/fr\/wp-json\/wp\/v2\/product_cat?post=19002"},{"taxonomy":"product_tag","embeddable":true,"href":"https:\/\/ztsports.com\/fr\/wp-json\/wp\/v2\/product_tag?post=19002"}],"curies":[{"name":"wp","href":"https:\/\/api.w.org\/{rel}","templated":true}]}}