{"id":19000,"date":"2021-09-23T03:02:11","date_gmt":"2021-09-23T03:02:11","guid":{"rendered":"https:\/\/ztsports.com\/?post_type=product&#038;p=19000"},"modified":"2026-02-02T19:50:28","modified_gmt":"2026-02-02T19:50:28","slug":"protecteurs-de-lames-en-vinyle-mysok","status":"publish","type":"product","link":"https:\/\/ztsports.com\/fr\/store\/protecteurs-de-lames-en-vinyle-mysok\/","title":{"rendered":"protecteurs de lames en vinyle MYSOK CDN Fabriqu\u00e9"},"content":{"rendered":"<h1>MYSOK VINYL BLADE PROTECTOR CDN Fabriqu\u00e9<\/h1>\n<p>protecteurs de lames en vinyle MYSOK<\/p>\n<p>Les protecteurs de lames en vinyle MYSOK sont fabriqu\u00e9s au Qu\u00e9bec par des patineurs canadiens.<\/p>\n<p>L&#8217;int\u00e9rieur est fait de tissus absorbants pour emp\u00eacher l&#8217;humidit\u00e9 de s&#8217;accumuler sur les lames.<\/p>\n<p>Des boutons de m\u00e9tal retiennent les protecteurs de lame \u00e0 la lame.<\/p>\n<p>De plus, ils sont disponibles en deux tailles et dans un large assortiment de couleurs.<\/p>\n<p>Les extr\u00e9mit\u00e9s sont renforc\u00e9es pour \u00e9viter l&#8217;exposition des lames, l&#8217;int\u00e9rieur est en tissu absorbant pour \u00e9viter que l&#8217;humidit\u00e9 ne s&#8217;accumule sur les lames.<\/p>\n<p>Des boutons m\u00e9talliques robustes maintiennent les prot\u00e8ge-lames sur la lame.<\/p>\n<p>Ils sont fabriqu\u00e9s \u00e0 la main au Qu\u00e9bec, Canada. Offerts en deux tailles, en rouge, noir ou blanc.<\/p>\n<p>protecteurs de lames en vinyle MYSOK<\/p>\n<p>Petit : 13&#8243;-16&#8243;<\/p>\n<p>Grand : 16&#8243; -17.5&#8243;<\/p>\n<p>REG $ 39.99 SALE $ 29.99 &#8221;<\/p>\n<p><strong>Enfin, vous pouvez voir tous les <a href=\"https:\/\/ztsports.com\/brand\/mysok\/\">produits MYSOK<\/a> ici.<\/strong><\/p>\n","protected":false},"excerpt":{"rendered":"<p>MYSOK VINYL BLADE PROTECTOR CDN Fabriqu\u00e9 protecteurs de lames en vinyle MYSOK Les protecteurs de lames en vinyle MYSOK sont fabriqu\u00e9s au Qu\u00e9bec par des patineurs canadiens. L&#8217;int\u00e9rieur est fait de tissus absorbants pour emp\u00eacher l&#8217;humidit\u00e9 de s&#8217;accumuler sur les lames. Des boutons de m\u00e9tal retiennent les protecteurs de lame \u00e0 la lame. De plus, [&hellip;]<\/p>\n","protected":false},"featured_media":18330,"comment_status":"open","ping_status":"closed","template":"","meta":{"_acf_changed":false,"_monsterinsights_skip_tracking":false,"_monsterinsights_sitenote_active":false,"_monsterinsights_sitenote_note":"","_monsterinsights_sitenote_category":0,"_uf_show_specific_survey":0,"_uf_disable_surveys":false,"site-sidebar-layout":"default","site-content-layout":"","ast-site-content-layout":"default","site-content-style":"default","site-sidebar-style":"default","ast-global-header-display":"","ast-banner-title-visibility":"","ast-main-header-display":"","ast-hfb-above-header-display":"","ast-hfb-below-header-display":"","ast-hfb-mobile-header-display":"","site-post-title":"","ast-breadcrumbs-content":"","ast-featured-img":"","footer-sml-layout":"","ast-disable-related-posts":"","theme-transparent-header-meta":"default","adv-header-id-meta":"","stick-header-meta":"","header-above-stick-meta":"","header-main-stick-meta":"","header-below-stick-meta":"","astra-migrate-meta-layouts":"set","ast-page-background-enabled":"default","ast-page-background-meta":{"desktop":{"background-color":"","background-image":"","background-repeat":"repeat","background-position":"center center","background-size":"auto","background-attachment":"scroll","background-type":"","background-media":"","overlay-type":"","overlay-color":"","overlay-opacity":"","overlay-gradient":""},"tablet":{"background-color":"","background-image":"","background-repeat":"repeat","background-position":"center center","background-size":"auto","background-attachment":"scroll","background-type":"","background-media":"","overlay-type":"","overlay-color":"","overlay-opacity":"","overlay-gradient":""},"mobile":{"background-color":"","background-image":"","background-repeat":"repeat","background-position":"center center","background-size":"auto","background-attachment":"scroll","background-type":"","background-media":"","overlay-type":"","overlay-color":"","overlay-opacity":"","overlay-gradient":""}},"ast-content-background-meta":{"desktop":{"background-color":"var(--ast-global-color-5)","background-image":"","background-repeat":"repeat","background-position":"center center","background-size":"auto","background-attachment":"scroll","background-type":"","background-media":"","overlay-type":"","overlay-color":"","overlay-opacity":"","overlay-gradient":""},"tablet":{"background-color":"var(--ast-global-color-5)","background-image":"","background-repeat":"repeat","background-position":"center center","background-size":"auto","background-attachment":"scroll","background-type":"","background-media":"","overlay-type":"","overlay-color":"","overlay-opacity":"","overlay-gradient":""},"mobile":{"background-color":"var(--ast-global-color-5)","background-image":"","background-repeat":"repeat","background-position":"center center","background-size":"auto","background-attachment":"scroll","background-type":"","background-media":"","overlay-type":"","overlay-color":"","overlay-opacity":"","overlay-gradient":""}}},"product_brand":[3366],"product_cat":[3389,3392,3395,3390,3876,3502,3877,3501,3503,3504],"product_tag":[2480,3505,3506],"class_list":{"0":"post-19000","1":"product","2":"type-product","3":"status-publish","4":"has-post-thumbnail","6":"product_brand-mysok","7":"product_cat-accessoires-longue-piste","8":"product_cat-accessoires-short-track","9":"product_cat-courte-piste","10":"product_cat-longue-piste","11":"product_cat-protecteurs-de-lames-et-gardes","12":"product_cat-protection-de-la-lame","15":"product_cat-protections-de-lames","16":"product_cat-soigneurs-de-lames","17":"product_tag-mysok","18":"product_tag-protecteur-de-lame","19":"product_tag-protecteur-de-lame-en-vinyle","20":"desktop-align-left","21":"tablet-align-left","22":"mobile-align-left","24":"first","25":"instock","26":"sale","27":"taxable","28":"shipping-taxable","29":"purchasable","30":"product-type-simple"},"acf":[],"_links":{"self":[{"href":"https:\/\/ztsports.com\/fr\/wp-json\/wp\/v2\/product\/19000","targetHints":{"allow":["GET"]}}],"collection":[{"href":"https:\/\/ztsports.com\/fr\/wp-json\/wp\/v2\/product"}],"about":[{"href":"https:\/\/ztsports.com\/fr\/wp-json\/wp\/v2\/types\/product"}],"replies":[{"embeddable":true,"href":"https:\/\/ztsports.com\/fr\/wp-json\/wp\/v2\/comments?post=19000"}],"version-history":[{"count":1,"href":"https:\/\/ztsports.com\/fr\/wp-json\/wp\/v2\/product\/19000\/revisions"}],"predecessor-version":[{"id":19001,"href":"https:\/\/ztsports.com\/fr\/wp-json\/wp\/v2\/product\/19000\/revisions\/19001"}],"wp:featuredmedia":[{"embeddable":true,"href":"https:\/\/ztsports.com\/fr\/wp-json\/wp\/v2\/media\/18330"}],"wp:attachment":[{"href":"https:\/\/ztsports.com\/fr\/wp-json\/wp\/v2\/media?parent=19000"}],"wp:term":[{"taxonomy":"product_brand","embeddable":true,"href":"https:\/\/ztsports.com\/fr\/wp-json\/wp\/v2\/product_brand?post=19000"},{"taxonomy":"product_cat","embeddable":true,"href":"https:\/\/ztsports.com\/fr\/wp-json\/wp\/v2\/product_cat?post=19000"},{"taxonomy":"product_tag","embeddable":true,"href":"https:\/\/ztsports.com\/fr\/wp-json\/wp\/v2\/product_tag?post=19000"}],"curies":[{"name":"wp","href":"https:\/\/api.w.org\/{rel}","templated":true}]}}