{"id":18998,"date":"2021-09-23T03:02:12","date_gmt":"2021-09-23T03:02:12","guid":{"rendered":"https:\/\/ztsports.com\/?post_type=product&#038;p=18998"},"modified":"2026-02-02T19:49:59","modified_gmt":"2026-02-02T19:49:59","slug":"cbc-element-long-track","status":"publish","type":"product","link":"https:\/\/ztsports.com\/fr\/store\/cbc-element-long-track\/","title":{"rendered":"CBC ELEMENT Long Track Speed Skates Boot"},"content":{"rendered":"<h1 class=\"tw-data-text tw-text-large tw-ta\" dir=\"ltr\" data-placeholder=\"Translation\"><span class=\"Y2IQFc\" lang=\"en\">CBC Element Long Track Boot <\/span><\/h1>\n<p><span class=\"color_15\">Avec la chaussure CBC ELEMENT Long Track, les patineurs de vitesse entrent dans le sport du patinage de vitesse sur longue piste avec la chaussure pour d\u00e9butants la plus compl\u00e8te disponible sur le march\u00e9 aujourd&#8217;hui. Bien que Zt Sports estime qu&#8217;il s&#8217;agit d&#8217;une chaussure d&#8217;entr\u00e9e de gamme, les patineurs appr\u00e9cieront la construction, la qualit\u00e9 et le confort de cette chaussure. <\/span><span class=\"color_15\">et<\/span><span class=\"color_15\"> d&#8217;un produit de milieu de gamme. Au c\u0153ur du double composite <\/span><span class=\"color_15\">soutien<\/span><span class=\"color_15\"> est notre innovant Thermo-CSC, un m\u00e9dium de moulage activ\u00e9 par la chaleur. Gr\u00e2ce \u00e0 des techniques d&#8217;ajustement appropri\u00e9es, les utilisateurs b\u00e9n\u00e9ficieront d&#8217;un outil de patinage sans douleur qui acc\u00e9l\u00e9rera leur progression dans le sport tout en leur offrant une exp\u00e9rience de patinage agr\u00e9able. <\/span><\/p>\n<h3 class=\"title\">CBC ELEMENT Long Track Boot Sp\u00e9cifications<\/h3>\n<ul>\n<li>2,5 % de lev\u00e9e de pied pour augmenter la stabilit\u00e9 lors des entr\u00e9es et sorties de virage<\/li>\n<li>Construction 50 % Thermo-CSC, id\u00e9ale pour obtenir un ajustement parfait<\/li>\n<li><em>CBC World&#8217;s Best Fitting Last<\/em><\/li>\n<li>Duel composite uni-body support shell<\/li>\n<li>High impact epoxy laminating system<\/li>\n<li>Orthopedic grade cushioning system<\/li>\n<li>Ballistic nylon supported closure system<\/li>\n<li>Improved in-step fastening system<\/li>\n<li>Double anneau en D nickel\u00e9<\/li>\n<\/ul>\n<p>Cr\u00e9ez votre propre forfait de patinage et commandez en ligne ! <a href=\"https:\/\/ztsports.com\/?lang=fr\">https\/\/ztsports.com <\/a>Choisissez parmi une vari\u00e9t\u00e9 d&#8217;options pour cr\u00e9er le forfait de patinage parfait pour vous. Profitez de notre expertise pour vous aider \u00e0 choisir un ensemble de patins sur mesure.<\/p>\n<h5><a title=\"Consultez notre tutoriel sur YouTube pour savoir comment d\u00e9terminer votre pointure de bottes CBC !\" href=\"https:\/\/youtu.be\/KuKIfMC9NSY\" target=\"_blank\" rel=\"noopener noreferrer\" aria-describedby=\"a11y-new-window-external-message\">Consultez d&#8217;abord notre tutoriel YouTube sur la fa\u00e7on de d\u00e9terminer votre pointure de bottes CBC ! <\/a><\/h5>\n<p>Deuxi\u00e8mement, cliquez sur le lien vers le <a href=\"https:\/\/www.carpenterbootcompany.com\/pages\/fit\" target=\"_blank\" rel=\"noopener\">Outil de dimensionnement des bottes CBC.<\/a><\/p>\n<p>Troisi\u00e8mement, pour vous aider \u00e0 mesurer votre pied, tracez une <a href=\"https:\/\/www.printablerulers.net\/preview\/Ruler_30-cm_by_mm\" target=\"_blank\" rel=\"noopener\"><strong>r\u00e8gle imprimable de 30 cm par mm<\/strong><\/a>.<\/p>\n<p>Enfin, voir tous nos produits Carpenter Boot Company <a href=\"https:\/\/ztsports.com\/brand\/cbc\/?lang=fr\"><strong>(CBC) Produits.<\/strong><\/a><\/p>\n<p>Finley, vous pouvez voir toutes nos <strong><a href=\"https:\/\/ztsports.com\/categorie-produit\/longue-piste\/bootes1\/?lang=fr\">bottes Long Track ici<\/a><\/strong>.<\/p>\n","protected":false},"excerpt":{"rendered":"<p>CBC Element Long Track Boot Avec la chaussure CBC ELEMENT Long Track, les patineurs de vitesse entrent dans le sport du patinage de vitesse sur longue piste avec la chaussure pour d\u00e9butants la plus compl\u00e8te disponible sur le march\u00e9 aujourd&#8217;hui. Bien que Zt Sports estime qu&#8217;il s&#8217;agit d&#8217;une chaussure d&#8217;entr\u00e9e de gamme, les patineurs appr\u00e9cieront [&hellip;]<\/p>\n","protected":false},"featured_media":18323,"comment_status":"open","ping_status":"closed","template":"","meta":{"_acf_changed":false,"_monsterinsights_skip_tracking":false,"_monsterinsights_sitenote_active":false,"_monsterinsights_sitenote_note":"","_monsterinsights_sitenote_category":0,"_uf_show_specific_survey":0,"_uf_disable_surveys":false,"site-sidebar-layout":"default","site-content-layout":"","ast-site-content-layout":"default","site-content-style":"default","site-sidebar-style":"default","ast-global-header-display":"","ast-banner-title-visibility":"","ast-main-header-display":"","ast-hfb-above-header-display":"","ast-hfb-below-header-display":"","ast-hfb-mobile-header-display":"","site-post-title":"","ast-breadcrumbs-content":"","ast-featured-img":"","footer-sml-layout":"","ast-disable-related-posts":"","theme-transparent-header-meta":"default","adv-header-id-meta":"","stick-header-meta":"","header-above-stick-meta":"","header-main-stick-meta":"","header-below-stick-meta":"","astra-migrate-meta-layouts":"set","ast-page-background-enabled":"default","ast-page-background-meta":{"desktop":{"background-color":"","background-image":"","background-repeat":"repeat","background-position":"center center","background-size":"auto","background-attachment":"scroll","background-type":"","background-media":"","overlay-type":"","overlay-color":"","overlay-opacity":"","overlay-gradient":""},"tablet":{"background-color":"","background-image":"","background-repeat":"repeat","background-position":"center center","background-size":"auto","background-attachment":"scroll","background-type":"","background-media":"","overlay-type":"","overlay-color":"","overlay-opacity":"","overlay-gradient":""},"mobile":{"background-color":"","background-image":"","background-repeat":"repeat","background-position":"center center","background-size":"auto","background-attachment":"scroll","background-type":"","background-media":"","overlay-type":"","overlay-color":"","overlay-opacity":"","overlay-gradient":""}},"ast-content-background-meta":{"desktop":{"background-color":"var(--ast-global-color-5)","background-image":"","background-repeat":"repeat","background-position":"center center","background-size":"auto","background-attachment":"scroll","background-type":"","background-media":"","overlay-type":"","overlay-color":"","overlay-opacity":"","overlay-gradient":""},"tablet":{"background-color":"var(--ast-global-color-5)","background-image":"","background-repeat":"repeat","background-position":"center center","background-size":"auto","background-attachment":"scroll","background-type":"","background-media":"","overlay-type":"","overlay-color":"","overlay-opacity":"","overlay-gradient":""},"mobile":{"background-color":"var(--ast-global-color-5)","background-image":"","background-repeat":"repeat","background-position":"center center","background-size":"auto","background-attachment":"scroll","background-type":"","background-media":"","overlay-type":"","overlay-color":"","overlay-opacity":"","overlay-gradient":""}}},"product_brand":[3290],"product_cat":[3495,3494,3390],"product_tag":[3498,3499,2123,2304,2484],"class_list":{"0":"post-18998","1":"product","2":"type-product","3":"status-publish","4":"has-post-thumbnail","6":"product_brand-cbc","7":"product_cat-bottes","8":"product_cat-bottes-de-piste-longues","9":"product_cat-longue-piste","10":"product_tag-bottes-a-elements","11":"product_tag-bottes-cbc","12":"product_tag-carpenter-boot-company","13":"product_tag-cbc-element","14":"product_tag-short-track-boots","15":"desktop-align-left","16":"tablet-align-left","17":"mobile-align-left","19":"first","20":"instock","21":"featured","22":"taxable","23":"shipping-taxable","24":"purchasable","25":"product-type-simple"},"acf":[],"_links":{"self":[{"href":"https:\/\/ztsports.com\/fr\/wp-json\/wp\/v2\/product\/18998","targetHints":{"allow":["GET"]}}],"collection":[{"href":"https:\/\/ztsports.com\/fr\/wp-json\/wp\/v2\/product"}],"about":[{"href":"https:\/\/ztsports.com\/fr\/wp-json\/wp\/v2\/types\/product"}],"replies":[{"embeddable":true,"href":"https:\/\/ztsports.com\/fr\/wp-json\/wp\/v2\/comments?post=18998"}],"version-history":[{"count":1,"href":"https:\/\/ztsports.com\/fr\/wp-json\/wp\/v2\/product\/18998\/revisions"}],"predecessor-version":[{"id":18999,"href":"https:\/\/ztsports.com\/fr\/wp-json\/wp\/v2\/product\/18998\/revisions\/18999"}],"wp:featuredmedia":[{"embeddable":true,"href":"https:\/\/ztsports.com\/fr\/wp-json\/wp\/v2\/media\/18323"}],"wp:attachment":[{"href":"https:\/\/ztsports.com\/fr\/wp-json\/wp\/v2\/media?parent=18998"}],"wp:term":[{"taxonomy":"product_brand","embeddable":true,"href":"https:\/\/ztsports.com\/fr\/wp-json\/wp\/v2\/product_brand?post=18998"},{"taxonomy":"product_cat","embeddable":true,"href":"https:\/\/ztsports.com\/fr\/wp-json\/wp\/v2\/product_cat?post=18998"},{"taxonomy":"product_tag","embeddable":true,"href":"https:\/\/ztsports.com\/fr\/wp-json\/wp\/v2\/product_tag?post=18998"}],"curies":[{"name":"wp","href":"https:\/\/api.w.org\/{rel}","templated":true}]}}