{"id":18996,"date":"2021-09-23T03:02:13","date_gmt":"2021-09-23T03:02:13","guid":{"rendered":"https:\/\/ztsports.com\/?post_type=product&#038;p=18996"},"modified":"2026-02-02T19:49:44","modified_gmt":"2026-02-02T19:49:44","slug":"cbc-genesis-long-track-boot-noir","status":"publish","type":"product","link":"https:\/\/ztsports.com\/fr\/store\/cbc-genesis-long-track-boot-noir\/","title":{"rendered":"CBC GENESIS LONG TRACK BOOT- BLACK"},"content":{"rendered":"<h1>CBC GENESIS LONG TRACK BOOT BLACK<\/h1>\n<p>La botte CBC GENESIS Long Track est con\u00e7ue pour soutenir la flexion dans la r\u00e9gion du m\u00e9tatarse ou de l&#8217;avant-pied de la botte tout en assurant la rigidit\u00e9 et le soutien de la cheville. Cet \u00e9quilibre a \u00e9t\u00e9 atteint gr\u00e2ce \u00e0 l&#8217;application d&#8217;une technique de recouvrement multicomposite et d&#8217;une forme de soutien dynamique de la vo\u00fbte plantaire.<\/p>\n<p>La flexion permet \u00e0 l&#8217;utilisateur de comprimer le premier m\u00e9tatarsien lors des forces de pouss\u00e9e, ce qui lui permet de tourner plus facilement le coussinet dans la direction souhait\u00e9e lors des man\u0153uvres imm\u00e9diates. Le support rigide au niveau de la cheville assure une &#8220;rupture&#8221; de la cheville minimale.<\/p>\n<p>De plus, cela favorise l&#8217;augmentation de la puissance verticale et de la pression de la glace dans les virages. Ce qui en fait l&#8217;une des bottes longue piste les plus vendues de Zt Sports.<\/p>\n<p>De plus, CBC Genesis LongTrackBoot s\u00e9lectionne du cuir de veau v\u00e9ritable pour l&#8217;int\u00e9rieur de la chaussure, puis l&#8217;ext\u00e9rieur utilise un P.U. caoutchout\u00e9 a\u00e9rodynamique. combine \u00e0 son tour extensibilit\u00e9, durabilit\u00e9 et \u00e9l\u00e9gance.<\/p>\n<p>La botte \u00e0 manches longues GENESIS est \u00e9quip\u00e9e d&#8217;une fermeture \u00e0 glissi\u00e8re r\u00e9sistante \u00e0 l&#8217;eau et d&#8217;une tirette de fermeture \u00e0 glissi\u00e8re pour maintenir la fermeture \u00e0 glissi\u00e8re en place pendant vos activit\u00e9s.<\/p>\n<p>Tout aussi important, la botte CBC GENESIS long track est 100% Thermo-CSC, ce qui donne un r\u00e9sultat de moulage presque parfait. CBC a con\u00e7u Genesis pour le patinage de vitesse et de longue distance.<\/p>\n<p><strong>CBC GENESIS LONG TRACK Sp\u00e9cifications du produit<\/strong><\/p>\n<p>1,75 % de lev\u00e9e de pied pour augmenter la stabilit\u00e9 \u00e0 l&#8217;entr\u00e9e et \u00e0 la sortie des virages<br \/>\n100% carbone Construction<br \/>\nConstruction 100% Thermo-CSC id\u00e9ale pour un ajustement parfait<br \/>\nHigh impact epoxy rolling system<br \/>\nOrthopedic padding system<br \/>\nCouche de renforcement CBC FX (technologie Flex)<br \/>\nSyst\u00e8me de fermeture soutenu par du nylon balistique<br \/>\nSyst\u00e8me d&#8217;attache am\u00e9lior\u00e9<br \/>\nSoutien bas de l&#8217;avant-pied<br \/>\nFermeture \u00e0 glissi\u00e8re robuste et r\u00e9sistante \u00e0 l&#8217;eau, coupl\u00e9e \u00e0 une fermeture \u00e0 glissi\u00e8re verrouillable<\/p>\n<p>Cr\u00e9ez votre propre forfait de patinage et commandez en ligne !<a href=\"http:\/\/https\/\/ztsports.com\"><strong> Zt Sports <\/strong><\/a>Choisissez parmi une vari\u00e9t\u00e9 d&#8217;options pour cr\u00e9er le forfait de patinage parfait pour vous. Profitez de notre expertise pour vous aider \u00e0 choisir un ensemble de patins sur mesure.<\/p>\n<h5><a title=\"Consultez notre tutoriel sur YouTube pour savoir comment d\u00e9terminer votre pointure de bottes CBC !\" href=\"https:\/\/youtu.be\/KuKIfMC9NSY\" target=\"_blank\" rel=\"noopener noreferrer\" aria-describedby=\"a11y-new-window-external-message\">Consultez d&#8217;abord notre tutoriel YouTube sur la fa\u00e7on de d\u00e9terminer votre pointure de bottes CBC ! <\/a><\/h5>\n<p>Deuxi\u00e8mement, cliquez sur le lien vers l&#8217;<a href=\"https:\/\/www.carpenterbootcompany.com\/pages\/fit\" target=\"_blank\" rel=\"noopener\">outil de dimensionnement des bottes CBC<\/a>.<\/p>\n<p>Troisi\u00e8mement, pour vous aider \u00e0 mesurer votre pied, tracez une <a href=\"https:\/\/www.printablerulers.net\/preview\/Ruler_30-cm_by_mm\" target=\"_blank\" rel=\"noopener\"><strong>r\u00e8gle imprimable de 30 cm par mm<\/strong><\/a>.<\/p>\n<p>Enfin, voir tous nos produits Carpenter Boot Company <a href=\"https:\/\/ztsports.com\/brand\/cbc\/?lang=fr\"><strong>(CBC) Produits.<\/strong><\/a><\/p>\n<p>Finley, vous pouvez voir toutes nos <strong><a href=\"https:\/\/ztsports.com\/product-category\/long-track\/boots1\/\">bottes Long Track ici<\/a><\/strong>.<\/p>\n","protected":false},"excerpt":{"rendered":"<p>CBC GENESIS LONG TRACK BOOT BLACK La botte CBC GENESIS Long Track est con\u00e7ue pour soutenir la flexion dans la r\u00e9gion du m\u00e9tatarse ou de l&#8217;avant-pied de la botte tout en assurant la rigidit\u00e9 et le soutien de la cheville. Cet \u00e9quilibre a \u00e9t\u00e9 atteint gr\u00e2ce \u00e0 l&#8217;application d&#8217;une technique de recouvrement multicomposite et d&#8217;une [&hellip;]<\/p>\n","protected":false},"featured_media":18316,"comment_status":"open","ping_status":"closed","template":"","meta":{"_acf_changed":false,"_monsterinsights_skip_tracking":false,"_monsterinsights_sitenote_active":false,"_monsterinsights_sitenote_note":"","_monsterinsights_sitenote_category":0,"_uf_show_specific_survey":0,"_uf_disable_surveys":false,"site-sidebar-layout":"default","site-content-layout":"","ast-site-content-layout":"default","site-content-style":"default","site-sidebar-style":"default","ast-global-header-display":"","ast-banner-title-visibility":"","ast-main-header-display":"","ast-hfb-above-header-display":"","ast-hfb-below-header-display":"","ast-hfb-mobile-header-display":"","site-post-title":"","ast-breadcrumbs-content":"","ast-featured-img":"","footer-sml-layout":"","ast-disable-related-posts":"","theme-transparent-header-meta":"default","adv-header-id-meta":"","stick-header-meta":"","header-above-stick-meta":"","header-main-stick-meta":"","header-below-stick-meta":"","astra-migrate-meta-layouts":"set","ast-page-background-enabled":"default","ast-page-background-meta":{"desktop":{"background-color":"","background-image":"","background-repeat":"repeat","background-position":"center center","background-size":"auto","background-attachment":"scroll","background-type":"","background-media":"","overlay-type":"","overlay-color":"","overlay-opacity":"","overlay-gradient":""},"tablet":{"background-color":"","background-image":"","background-repeat":"repeat","background-position":"center center","background-size":"auto","background-attachment":"scroll","background-type":"","background-media":"","overlay-type":"","overlay-color":"","overlay-opacity":"","overlay-gradient":""},"mobile":{"background-color":"","background-image":"","background-repeat":"repeat","background-position":"center center","background-size":"auto","background-attachment":"scroll","background-type":"","background-media":"","overlay-type":"","overlay-color":"","overlay-opacity":"","overlay-gradient":""}},"ast-content-background-meta":{"desktop":{"background-color":"var(--ast-global-color-5)","background-image":"","background-repeat":"repeat","background-position":"center center","background-size":"auto","background-attachment":"scroll","background-type":"","background-media":"","overlay-type":"","overlay-color":"","overlay-opacity":"","overlay-gradient":""},"tablet":{"background-color":"var(--ast-global-color-5)","background-image":"","background-repeat":"repeat","background-position":"center center","background-size":"auto","background-attachment":"scroll","background-type":"","background-media":"","overlay-type":"","overlay-color":"","overlay-opacity":"","overlay-gradient":""},"mobile":{"background-color":"var(--ast-global-color-5)","background-image":"","background-repeat":"repeat","background-position":"center center","background-size":"auto","background-attachment":"scroll","background-type":"","background-media":"","overlay-type":"","overlay-color":"","overlay-opacity":"","overlay-gradient":""}}},"product_brand":[3290],"product_cat":[3495,3494,3390,3467],"product_tag":[2123,2127,3427,3496,3497],"class_list":{"0":"post-18996","1":"product","2":"type-product","3":"status-publish","4":"has-post-thumbnail","6":"product_brand-cbc","7":"product_cat-bottes","8":"product_cat-bottes-de-piste-longues","9":"product_cat-longue-piste","10":"product_cat-patinage-de-vitesse","11":"product_tag-carpenter-boot-company","12":"product_tag-cbc-genesis","13":"product_tag-equipement-de-patinage-de-vitesse","14":"product_tag-longue-piste","15":"product_tag-patinage-de-vitesse","16":"desktop-align-left","17":"tablet-align-left","18":"mobile-align-left","20":"first","21":"instock","22":"featured","23":"taxable","24":"shipping-taxable","25":"purchasable","26":"product-type-simple"},"acf":[],"_links":{"self":[{"href":"https:\/\/ztsports.com\/fr\/wp-json\/wp\/v2\/product\/18996","targetHints":{"allow":["GET"]}}],"collection":[{"href":"https:\/\/ztsports.com\/fr\/wp-json\/wp\/v2\/product"}],"about":[{"href":"https:\/\/ztsports.com\/fr\/wp-json\/wp\/v2\/types\/product"}],"replies":[{"embeddable":true,"href":"https:\/\/ztsports.com\/fr\/wp-json\/wp\/v2\/comments?post=18996"}],"version-history":[{"count":1,"href":"https:\/\/ztsports.com\/fr\/wp-json\/wp\/v2\/product\/18996\/revisions"}],"predecessor-version":[{"id":18997,"href":"https:\/\/ztsports.com\/fr\/wp-json\/wp\/v2\/product\/18996\/revisions\/18997"}],"wp:featuredmedia":[{"embeddable":true,"href":"https:\/\/ztsports.com\/fr\/wp-json\/wp\/v2\/media\/18316"}],"wp:attachment":[{"href":"https:\/\/ztsports.com\/fr\/wp-json\/wp\/v2\/media?parent=18996"}],"wp:term":[{"taxonomy":"product_brand","embeddable":true,"href":"https:\/\/ztsports.com\/fr\/wp-json\/wp\/v2\/product_brand?post=18996"},{"taxonomy":"product_cat","embeddable":true,"href":"https:\/\/ztsports.com\/fr\/wp-json\/wp\/v2\/product_cat?post=18996"},{"taxonomy":"product_tag","embeddable":true,"href":"https:\/\/ztsports.com\/fr\/wp-json\/wp\/v2\/product_tag?post=18996"}],"curies":[{"name":"wp","href":"https:\/\/api.w.org\/{rel}","templated":true}]}}