{"id":18994,"date":"2021-09-23T03:02:15","date_gmt":"2021-09-23T03:02:15","guid":{"rendered":"https:\/\/ztsports.com\/?post_type=product&#038;p=18994"},"modified":"2026-02-02T19:49:03","modified_gmt":"2026-02-02T19:49:03","slug":"lacets-cires-bont","status":"publish","type":"product","link":"https:\/\/ztsports.com\/fr\/store\/lacets-cires-bont\/","title":{"rendered":"Lacets cir\u00e9s Bont pour patins de vitesse Colorfull"},"content":{"rendered":"<h1>Lacets cir\u00e9s Bont pour patins de vitesse<\/h1>\n<p>Les lacets cir\u00e9s Bont pour patins de vitesse tiennent mieux en place que les lacets ordinaires.<\/p>\n<p>Disponible dans les <strong>&#8220;couleurs classiques originales&#8221;<\/strong>: noir, rouge, jaune, rose, bleu, noir et gris.<\/p>\n<p><strong>Les lacets Bont 180 cm <\/strong> offrent une grande r\u00e9sistance aux frottements car ils sont fabriqu\u00e9s avec des mat\u00e9riaux de haute qualit\u00e9 et sont tr\u00e8s durables. Sp\u00e9cial pour toute chaussure de patinage dont la longueur des lacets correspond.<\/p>\n<p><strong>Caract\u00e9ristiques :<\/strong><\/p>\n<p>&#8211; Impressions du logo antid\u00e9rapant BONT<\/p>\n<p>&#8211; Longueur : 180 cm<\/p>\n<p>&#8211; Disponible en trois couleurs : Noir, gris et violet<\/p>\n<p>&#8211; Vendu par paire<\/p>\n<p>* L&#8217;image peut ne pas correspondre exactement.<\/p>\n<p><strong>Enfin, vous pouvez trouver tous nos <a href=\"https:\/\/ztsports.com\/product-category\/short-track\/accessories1\/\">lacets et accessoires ici<\/a>. <\/strong><\/p>\n","protected":false},"excerpt":{"rendered":"<p>Lacets cir\u00e9s Bont pour patins de vitesse Les lacets cir\u00e9s Bont pour patins de vitesse tiennent mieux en place que les lacets ordinaires. Disponible dans les &#8220;couleurs classiques originales&#8221;: noir, rouge, jaune, rose, bleu, noir et gris. Les lacets Bont 180 cm offrent une grande r\u00e9sistance aux frottements car ils sont fabriqu\u00e9s avec des mat\u00e9riaux [&hellip;]<\/p>\n","protected":false},"featured_media":18306,"comment_status":"open","ping_status":"closed","template":"","meta":{"_acf_changed":false,"_monsterinsights_skip_tracking":false,"_monsterinsights_sitenote_active":false,"_monsterinsights_sitenote_note":"","_monsterinsights_sitenote_category":0,"_uf_show_specific_survey":0,"_uf_disable_surveys":false,"site-sidebar-layout":"default","site-content-layout":"","ast-site-content-layout":"default","site-content-style":"default","site-sidebar-style":"default","ast-global-header-display":"","ast-banner-title-visibility":"","ast-main-header-display":"","ast-hfb-above-header-display":"","ast-hfb-below-header-display":"","ast-hfb-mobile-header-display":"","site-post-title":"","ast-breadcrumbs-content":"","ast-featured-img":"","footer-sml-layout":"","ast-disable-related-posts":"","theme-transparent-header-meta":"default","adv-header-id-meta":"","stick-header-meta":"","header-above-stick-meta":"","header-main-stick-meta":"","header-below-stick-meta":"","astra-migrate-meta-layouts":"set","ast-page-background-enabled":"default","ast-page-background-meta":{"desktop":{"background-color":"","background-image":"","background-repeat":"repeat","background-position":"center center","background-size":"auto","background-attachment":"scroll","background-type":"","background-media":"","overlay-type":"","overlay-color":"","overlay-opacity":"","overlay-gradient":""},"tablet":{"background-color":"","background-image":"","background-repeat":"repeat","background-position":"center center","background-size":"auto","background-attachment":"scroll","background-type":"","background-media":"","overlay-type":"","overlay-color":"","overlay-opacity":"","overlay-gradient":""},"mobile":{"background-color":"","background-image":"","background-repeat":"repeat","background-position":"center center","background-size":"auto","background-attachment":"scroll","background-type":"","background-media":"","overlay-type":"","overlay-color":"","overlay-opacity":"","overlay-gradient":""}},"ast-content-background-meta":{"desktop":{"background-color":"var(--ast-global-color-5)","background-image":"","background-repeat":"repeat","background-position":"center center","background-size":"auto","background-attachment":"scroll","background-type":"","background-media":"","overlay-type":"","overlay-color":"","overlay-opacity":"","overlay-gradient":""},"tablet":{"background-color":"var(--ast-global-color-5)","background-image":"","background-repeat":"repeat","background-position":"center center","background-size":"auto","background-attachment":"scroll","background-type":"","background-media":"","overlay-type":"","overlay-color":"","overlay-opacity":"","overlay-gradient":""},"mobile":{"background-color":"var(--ast-global-color-5)","background-image":"","background-repeat":"repeat","background-position":"center center","background-size":"auto","background-attachment":"scroll","background-type":"","background-media":"","overlay-type":"","overlay-color":"","overlay-opacity":"","overlay-gradient":""}}},"product_brand":[3285],"product_cat":[3422,3389,3392,3433,3875],"product_tag":[3491,3492,3493],"class_list":{"0":"post-18994","1":"product","2":"type-product","3":"status-publish","4":"has-post-thumbnail","6":"product_brand-bont","7":"product_cat-accessoires","8":"product_cat-accessoires-longue-piste","9":"product_cat-accessoires-short-track","10":"product_cat-accessories","11":"product_cat-pieces-et-outils","12":"product_tag-lacets-bont","13":"product_tag-lacets-cires","14":"product_tag-lacets-cires-bont","15":"desktop-align-left","16":"tablet-align-left","17":"mobile-align-left","19":"first","20":"instock","21":"taxable","22":"shipping-taxable","23":"purchasable","24":"product-type-simple"},"acf":[],"_links":{"self":[{"href":"https:\/\/ztsports.com\/fr\/wp-json\/wp\/v2\/product\/18994","targetHints":{"allow":["GET"]}}],"collection":[{"href":"https:\/\/ztsports.com\/fr\/wp-json\/wp\/v2\/product"}],"about":[{"href":"https:\/\/ztsports.com\/fr\/wp-json\/wp\/v2\/types\/product"}],"replies":[{"embeddable":true,"href":"https:\/\/ztsports.com\/fr\/wp-json\/wp\/v2\/comments?post=18994"}],"version-history":[{"count":1,"href":"https:\/\/ztsports.com\/fr\/wp-json\/wp\/v2\/product\/18994\/revisions"}],"predecessor-version":[{"id":18995,"href":"https:\/\/ztsports.com\/fr\/wp-json\/wp\/v2\/product\/18994\/revisions\/18995"}],"wp:featuredmedia":[{"embeddable":true,"href":"https:\/\/ztsports.com\/fr\/wp-json\/wp\/v2\/media\/18306"}],"wp:attachment":[{"href":"https:\/\/ztsports.com\/fr\/wp-json\/wp\/v2\/media?parent=18994"}],"wp:term":[{"taxonomy":"product_brand","embeddable":true,"href":"https:\/\/ztsports.com\/fr\/wp-json\/wp\/v2\/product_brand?post=18994"},{"taxonomy":"product_cat","embeddable":true,"href":"https:\/\/ztsports.com\/fr\/wp-json\/wp\/v2\/product_cat?post=18994"},{"taxonomy":"product_tag","embeddable":true,"href":"https:\/\/ztsports.com\/fr\/wp-json\/wp\/v2\/product_tag?post=18994"}],"curies":[{"name":"wp","href":"https:\/\/api.w.org\/{rel}","templated":true}]}}