{"id":18986,"date":"2021-09-23T03:05:01","date_gmt":"2021-09-23T03:05:01","guid":{"rendered":"https:\/\/ztsports.com\/?post_type=product&#038;p=18986"},"modified":"2026-02-02T19:47:07","modified_gmt":"2026-02-02T19:47:07","slug":"zandstra-high-jig-7130","status":"publish","type":"product","link":"https:\/\/ztsports.com\/fr\/store\/zandstra-high-jig-7130\/","title":{"rendered":"ZANDSTRA HIGH JIG 7130"},"content":{"rendered":"<h3 id=\"tw-target-text\" class=\"tw-data-text tw-text-large tw-ta\" dir=\"ltr\" data-placeholder=\"Translation\" aria-label=\"Translated text\" data-ved=\"2ahUKEwiN2Jak6eqHAxVKHNAFHazRKpMQ3ewLegQIBxAU\"><span class=\"Y2IQFc\" lang=\"fr\">GABARIT D&#8217;AFF\u00dbTAGE \u00c9LEV\u00c9 ZANDSTRA<\/span><\/h3>\n<p>Le ZANDSTRA HIGH JIG est fabriqu\u00e9 en une seule pi\u00e8ce de profil\u00e9 extrud\u00e9 sp\u00e9cial en aluminium anodis\u00e9. La stabilit\u00e9 de la table d&#8217;aff\u00fbtage la rend tr\u00e8s conviviale.<\/p>\n<p>Ce mod\u00e8le extra haut a \u00e9t\u00e9 d\u00e9velopp\u00e9 sp\u00e9cialemen pour les skateurs de confort avec une chaussure moul\u00e9, qui prend \u00e9galement en compte la largeur de la chaussure. Ce gabarit est 10 cm plus haut qu&#8217;un gabarit bas standard. Ce <em>gabarit<\/em> est livr\u00e9 avec les niveleurs de hauteur.<\/p>\n<p><strong>Remarque :<\/strong> pour les <strong>lames nordiques<\/strong>, vous aurez besoin du <strong>ZANDSTRA LOW JIG<\/strong> ou du <strong>ZANDSTRA SHARPENING TOOL \/NORDIC BLADE SHARPENING JIG <\/strong>, qui peuvent \u00eatre achet\u00e9s dans le <strong><a href=\"https:\/\/ztsports.com\/product-category\/sharpening\/jigs\/\">magasin de skate en ligne Zt Sports<\/a><\/strong>.<\/p>\n<p>Enfin un <a href=\"https:\/\/www.youtube.com\/watch?v=6mu5w7rdrL0\" target=\"_blank\" rel=\"noopener\">tutoriel d&#8217;aff\u00fbtage<\/a> pour vous guider.<\/p>\n","protected":false},"excerpt":{"rendered":"<p>GABARIT D&#8217;AFF\u00dbTAGE \u00c9LEV\u00c9 ZANDSTRA Le ZANDSTRA HIGH JIG est fabriqu\u00e9 en une seule pi\u00e8ce de profil\u00e9 extrud\u00e9 sp\u00e9cial en aluminium anodis\u00e9. La stabilit\u00e9 de la table d&#8217;aff\u00fbtage la rend tr\u00e8s conviviale. Ce mod\u00e8le extra haut a \u00e9t\u00e9 d\u00e9velopp\u00e9 sp\u00e9cialemen pour les skateurs de confort avec une chaussure moul\u00e9, qui prend \u00e9galement en compte la largeur [&hellip;]<\/p>\n","protected":false},"featured_media":18287,"comment_status":"open","ping_status":"closed","template":"","meta":{"_acf_changed":false,"_monsterinsights_skip_tracking":false,"_monsterinsights_sitenote_active":false,"_monsterinsights_sitenote_note":"","_monsterinsights_sitenote_category":0,"_uf_show_specific_survey":0,"_uf_disable_surveys":false,"site-sidebar-layout":"default","site-content-layout":"","ast-site-content-layout":"default","site-content-style":"default","site-sidebar-style":"default","ast-global-header-display":"","ast-banner-title-visibility":"","ast-main-header-display":"","ast-hfb-above-header-display":"","ast-hfb-below-header-display":"","ast-hfb-mobile-header-display":"","site-post-title":"","ast-breadcrumbs-content":"","ast-featured-img":"","footer-sml-layout":"","ast-disable-related-posts":"","theme-transparent-header-meta":"default","adv-header-id-meta":"","stick-header-meta":"","header-above-stick-meta":"","header-main-stick-meta":"","header-below-stick-meta":"","astra-migrate-meta-layouts":"set","ast-page-background-enabled":"default","ast-page-background-meta":{"desktop":{"background-color":"","background-image":"","background-repeat":"repeat","background-position":"center center","background-size":"auto","background-attachment":"scroll","background-type":"","background-media":"","overlay-type":"","overlay-color":"","overlay-opacity":"","overlay-gradient":""},"tablet":{"background-color":"","background-image":"","background-repeat":"repeat","background-position":"center center","background-size":"auto","background-attachment":"scroll","background-type":"","background-media":"","overlay-type":"","overlay-color":"","overlay-opacity":"","overlay-gradient":""},"mobile":{"background-color":"","background-image":"","background-repeat":"repeat","background-position":"center center","background-size":"auto","background-attachment":"scroll","background-type":"","background-media":"","overlay-type":"","overlay-color":"","overlay-opacity":"","overlay-gradient":""}},"ast-content-background-meta":{"desktop":{"background-color":"var(--ast-global-color-5)","background-image":"","background-repeat":"repeat","background-position":"center center","background-size":"auto","background-attachment":"scroll","background-type":"","background-media":"","overlay-type":"","overlay-color":"","overlay-opacity":"","overlay-gradient":""},"tablet":{"background-color":"var(--ast-global-color-5)","background-image":"","background-repeat":"repeat","background-position":"center center","background-size":"auto","background-attachment":"scroll","background-type":"","background-media":"","overlay-type":"","overlay-color":"","overlay-opacity":"","overlay-gradient":""},"mobile":{"background-color":"var(--ast-global-color-5)","background-image":"","background-repeat":"repeat","background-position":"center center","background-size":"auto","background-attachment":"scroll","background-type":"","background-media":"","overlay-type":"","overlay-color":"","overlay-opacity":"","overlay-gradient":""}}},"product_brand":[3363,3364],"product_cat":[3389,3391,3393,3390,3467,3397],"product_tag":[3478,1909],"class_list":{"0":"post-18986","1":"product","2":"type-product","3":"status-publish","4":"has-post-thumbnail","6":"product_brand-zandstra","7":"product_brand-zanstra","8":"product_cat-accessoires-longue-piste","9":"product_cat-accessoires-pour-la-longue-piste","10":"product_cat-aiguisage","11":"product_cat-longue-piste","12":"product_cat-patinage-de-vitesse","13":"product_cat-support","14":"product_tag-turlutte-pour-raie-de-canal","15":"product_tag-zandstra","16":"desktop-align-left","17":"tablet-align-left","18":"mobile-align-left","20":"first","21":"instock","22":"taxable","23":"shipping-taxable","24":"purchasable","25":"product-type-simple"},"acf":[],"_links":{"self":[{"href":"https:\/\/ztsports.com\/fr\/wp-json\/wp\/v2\/product\/18986","targetHints":{"allow":["GET"]}}],"collection":[{"href":"https:\/\/ztsports.com\/fr\/wp-json\/wp\/v2\/product"}],"about":[{"href":"https:\/\/ztsports.com\/fr\/wp-json\/wp\/v2\/types\/product"}],"replies":[{"embeddable":true,"href":"https:\/\/ztsports.com\/fr\/wp-json\/wp\/v2\/comments?post=18986"}],"version-history":[{"count":1,"href":"https:\/\/ztsports.com\/fr\/wp-json\/wp\/v2\/product\/18986\/revisions"}],"predecessor-version":[{"id":18987,"href":"https:\/\/ztsports.com\/fr\/wp-json\/wp\/v2\/product\/18986\/revisions\/18987"}],"wp:featuredmedia":[{"embeddable":true,"href":"https:\/\/ztsports.com\/fr\/wp-json\/wp\/v2\/media\/18287"}],"wp:attachment":[{"href":"https:\/\/ztsports.com\/fr\/wp-json\/wp\/v2\/media?parent=18986"}],"wp:term":[{"taxonomy":"product_brand","embeddable":true,"href":"https:\/\/ztsports.com\/fr\/wp-json\/wp\/v2\/product_brand?post=18986"},{"taxonomy":"product_cat","embeddable":true,"href":"https:\/\/ztsports.com\/fr\/wp-json\/wp\/v2\/product_cat?post=18986"},{"taxonomy":"product_tag","embeddable":true,"href":"https:\/\/ztsports.com\/fr\/wp-json\/wp\/v2\/product_tag?post=18986"}],"curies":[{"name":"wp","href":"https:\/\/api.w.org\/{rel}","templated":true}]}}