{"id":18984,"date":"2021-09-23T03:05:13","date_gmt":"2021-09-23T03:05:13","guid":{"rendered":"https:\/\/ztsports.com\/?post_type=product&#038;p=18984"},"modified":"2026-02-02T19:46:00","modified_gmt":"2026-02-02T19:46:00","slug":"plateau-daiguillage-diamant","status":"publish","type":"product","link":"https:\/\/ztsports.com\/fr\/store\/plateau-daiguillage-diamant\/","title":{"rendered":"PLATEAU D&#8217;AIGUILLAGE DIAMANT 2 faces Nagano"},"content":{"rendered":"<h3 class=\"tw-data-text tw-text-large tw-ta\" dir=\"ltr\" data-placeholder=\"Translation\"><span class=\"Y2IQFc\" lang=\"en\">PLATEAU D&#8217;AIGUILLAGE DIAMANT 2 faces Nagano<\/span><\/h3>\n<p class=\"tw-data-text tw-text-large tw-ta\" dir=\"ltr\" data-placeholder=\"Translation\"><span class=\"Y2IQFc\" lang=\"en\">Les NAGANO SKATE DIAMOND SHARPENING PLATE sont les plaques diamant\u00e9es Signature de Frank. De plus, elles constituent une r\u00e9volution dans le monde de l&#8217;aff\u00fbtage pour le patinage de vitesse. Fabriqu\u00e9es avec des feuilles de diamant exclusives, elles sont extr\u00eamement efficaces.  <\/span><\/p>\n<p>En outre, ils permettent un aff\u00fbtage de pr\u00e9cision de la plus haute qualit\u00e9 avec des r\u00e9sultats constants. Excellente durabilit\u00e9, ne n\u00e9cessite pas de lubrifiant ni d&#8217;entretien. Un simple coup de chiffon sec suffit ensuite \u00e0 le nettoyer.<\/p>\n<h5 class=\"tw-data-text tw-text-large tw-ta\" dir=\"ltr\" data-placeholder=\"Translation\"><span class=\"Y2IQFc\" lang=\"en\">PLATEAU D&#8217;AFFINAGE DIAMANT 2 faces Diamant Nagano<\/span><\/h5>\n<h5 class=\"tw-data-text tw-text-large tw-ta\" dir=\"ltr\" data-placeholder=\"Translation\"><span class=\"Y2IQFc\" lang=\"en\">Un simple coup de chiffon sec suffit pour la nettoyer au quotidien. Le noir est donc plus rugueux et l&#8217;or plus doux. <\/span><\/h5>\n<p><strong>Zt Sports vous remercie de nous soutenir, nous, votre revendeur ind\u00e9pendant local.<\/strong><\/p>\n<p dir=\"ltr\" data-placeholder=\"Traduction\">En outre, vous trouverez un lien vers une vid\u00e9o YouTube dans laquelle <a href=\"https:\/\/www.youtube.com\/watch?v=QBY-UJy_Uak\" target=\"_blank\" rel=\"noopener\"><strong>Frank explique en d\u00e9tail les plaques diamant\u00e9es Nagano<\/strong><\/a> .<\/p>\n<p>Enfin, vous trouverez toutes nos  <a href=\"https:\/\/ztsports.com\/categorie-produit\/pierres-de-diamant-fr\/?lang=fr\"><strong>Pierres \u00e0 aiguiser et \u00e0 fraiser en diamant<\/strong><\/a> ici.<\/p>\n","protected":false},"excerpt":{"rendered":"<p>PLATEAU D&#8217;AIGUILLAGE DIAMANT 2 faces Nagano Les NAGANO SKATE DIAMOND SHARPENING PLATE sont les plaques diamant\u00e9es Signature de Frank. De plus, elles constituent une r\u00e9volution dans le monde de l&#8217;aff\u00fbtage pour le patinage de vitesse. Fabriqu\u00e9es avec des feuilles de diamant exclusives, elles sont extr\u00eamement efficaces. En outre, ils permettent un aff\u00fbtage de pr\u00e9cision de [&hellip;]<\/p>\n","protected":false},"featured_media":18278,"comment_status":"open","ping_status":"closed","template":"","meta":{"_acf_changed":false,"_monsterinsights_skip_tracking":false,"_monsterinsights_sitenote_active":false,"_monsterinsights_sitenote_note":"","_monsterinsights_sitenote_category":0,"_uf_show_specific_survey":0,"_uf_disable_surveys":false,"site-sidebar-layout":"default","site-content-layout":"","ast-site-content-layout":"default","site-content-style":"default","site-sidebar-style":"default","ast-global-header-display":"","ast-banner-title-visibility":"","ast-main-header-display":"","ast-hfb-above-header-display":"","ast-hfb-below-header-display":"","ast-hfb-mobile-header-display":"","site-post-title":"","ast-breadcrumbs-content":"","ast-featured-img":"","footer-sml-layout":"","ast-disable-related-posts":"","theme-transparent-header-meta":"default","adv-header-id-meta":"","stick-header-meta":"","header-above-stick-meta":"","header-main-stick-meta":"","header-below-stick-meta":"","astra-migrate-meta-layouts":"set","ast-page-background-enabled":"default","ast-page-background-meta":{"desktop":{"background-color":"","background-image":"","background-repeat":"repeat","background-position":"center center","background-size":"auto","background-attachment":"scroll","background-type":"","background-media":"","overlay-type":"","overlay-color":"","overlay-opacity":"","overlay-gradient":""},"tablet":{"background-color":"","background-image":"","background-repeat":"repeat","background-position":"center center","background-size":"auto","background-attachment":"scroll","background-type":"","background-media":"","overlay-type":"","overlay-color":"","overlay-opacity":"","overlay-gradient":""},"mobile":{"background-color":"","background-image":"","background-repeat":"repeat","background-position":"center center","background-size":"auto","background-attachment":"scroll","background-type":"","background-media":"","overlay-type":"","overlay-color":"","overlay-opacity":"","overlay-gradient":""}},"ast-content-background-meta":{"desktop":{"background-color":"var(--ast-global-color-5)","background-image":"","background-repeat":"repeat","background-position":"center center","background-size":"auto","background-attachment":"scroll","background-type":"","background-media":"","overlay-type":"","overlay-color":"","overlay-opacity":"","overlay-gradient":""},"tablet":{"background-color":"var(--ast-global-color-5)","background-image":"","background-repeat":"repeat","background-position":"center center","background-size":"auto","background-attachment":"scroll","background-type":"","background-media":"","overlay-type":"","overlay-color":"","overlay-opacity":"","overlay-gradient":""},"mobile":{"background-color":"var(--ast-global-color-5)","background-image":"","background-repeat":"repeat","background-position":"center center","background-size":"auto","background-attachment":"scroll","background-type":"","background-media":"","overlay-type":"","overlay-color":"","overlay-opacity":"","overlay-gradient":""}}},"product_brand":[3318,3319],"product_cat":[3389,3392,3393,3470,3467,3469,3873],"product_tag":[1937,3471,2068,3474,3475,3476,3477],"class_list":{"0":"post-18984","1":"product","2":"type-product","3":"status-publish","4":"has-post-thumbnail","6":"product_brand-maple","7":"product_brand-maplez","8":"product_cat-accessoires-longue-piste","9":"product_cat-accessoires-short-track","10":"product_cat-aiguisage","11":"product_cat-des-pierres","12":"product_cat-patinage-de-vitesse","13":"product_cat-pierres-de-diamant","15":"product_tag-2-sided-diamond-stone","16":"product_tag-diamant-a-2-faces","17":"product_tag-nagano-skate","18":"product_tag-naganoplaque-daffutage","19":"product_tag-plaque-2-faces","20":"product_tag-plaque-daffutage-diamantee","21":"product_tag-plaque-diamantee-a-2-faces","22":"desktop-align-left","23":"tablet-align-left","24":"mobile-align-left","26":"first","27":"instock","28":"taxable","29":"shipping-taxable","30":"purchasable","31":"product-type-simple"},"acf":[],"_links":{"self":[{"href":"https:\/\/ztsports.com\/fr\/wp-json\/wp\/v2\/product\/18984","targetHints":{"allow":["GET"]}}],"collection":[{"href":"https:\/\/ztsports.com\/fr\/wp-json\/wp\/v2\/product"}],"about":[{"href":"https:\/\/ztsports.com\/fr\/wp-json\/wp\/v2\/types\/product"}],"replies":[{"embeddable":true,"href":"https:\/\/ztsports.com\/fr\/wp-json\/wp\/v2\/comments?post=18984"}],"version-history":[{"count":1,"href":"https:\/\/ztsports.com\/fr\/wp-json\/wp\/v2\/product\/18984\/revisions"}],"predecessor-version":[{"id":18985,"href":"https:\/\/ztsports.com\/fr\/wp-json\/wp\/v2\/product\/18984\/revisions\/18985"}],"wp:featuredmedia":[{"embeddable":true,"href":"https:\/\/ztsports.com\/fr\/wp-json\/wp\/v2\/media\/18278"}],"wp:attachment":[{"href":"https:\/\/ztsports.com\/fr\/wp-json\/wp\/v2\/media?parent=18984"}],"wp:term":[{"taxonomy":"product_brand","embeddable":true,"href":"https:\/\/ztsports.com\/fr\/wp-json\/wp\/v2\/product_brand?post=18984"},{"taxonomy":"product_cat","embeddable":true,"href":"https:\/\/ztsports.com\/fr\/wp-json\/wp\/v2\/product_cat?post=18984"},{"taxonomy":"product_tag","embeddable":true,"href":"https:\/\/ztsports.com\/fr\/wp-json\/wp\/v2\/product_tag?post=18984"}],"curies":[{"name":"wp","href":"https:\/\/api.w.org\/{rel}","templated":true}]}}