{"id":18982,"date":"2021-09-23T03:05:11","date_gmt":"2021-09-23T03:05:11","guid":{"rendered":"https:\/\/ztsports.com\/?post_type=product&#038;p=18982"},"modified":"2026-02-02T19:46:14","modified_gmt":"2026-02-02T19:46:14","slug":"nagano-skate-diamond-sharpening-plate","status":"publish","type":"product","link":"https:\/\/ztsports.com\/fr\/store\/nagano-skate-diamond-sharpening-plate\/","title":{"rendered":"Nagano Skate DIAMOND SHARPENING PLATE &#8211; 2 SIDES"},"content":{"rendered":"<h2 class=\"tw-data-text tw-text-large tw-ta\" dir=\"ltr\" data-placeholder=\"Translation\"><span class=\"Y2IQFc\" lang=\"en\">Nagano Skate DIAMOND SHARPENING PLATE &#8211; 2 SIDES<\/span><\/h2>\n<p class=\"tw-data-text tw-text-large tw-ta\" dir=\"ltr\" data-placeholder=\"Translation\"><span class=\"Y2IQFc\" lang=\"en\"><br \/>\n<\/span>Les plaques de diamant Frank\u2019s Signature sont une r\u00e9volution dans le monde du patinage de vitesse. Fabriqu\u00e9es avec des feuilles de diamant exclusives \u00e0 Nagano Skate, elles sont ultras efficaces. Elles permettent un aiguisage de pr\u00e9cision d\u2019une qualit\u00e9 optimale avec des r\u00e9sultats constants. Diamant d\u2019une excellente durabilit\u00e9 Ne n\u00e9cessitent aucun lubrifiant, aucun entretien. La plaque demeurera toujours droite.<br \/>\nUn simple coup de chiffon sec suffit pour la nettoyer au quotidien. Pour la nettoyer afin d\u2019enlever la poussi\u00e8re apr\u00e8s plusieurs aiguisages, du savon doux \u00e0 vaisselle est recommand\u00e9.<\/p>\n<p>Les plaques au diamant Frank\u2019s Signature sont tout simplement les meilleurs produits d\u2019aiguisage au diamant sur le march\u00e9 en plus d\u2019\u00eatr les plus durables. Le diamant de haute qualit\u00e9 est positionn\u00e9 sur des matrices afin d\u2019assurer une uniformit\u00e9 de la surface et par cons\u00e9quent des r\u00e9sultats optimaux et constants pour l\u2019aiguisage.<\/p>\n<p><strong>Zt Sports vous remercie de nous soutenir, nous, votre revendeur ind\u00e9pendant local.<\/strong><\/p>\n<p dir=\"ltr\" data-placeholder=\"Traduction\">En outre, un lien vers une vid\u00e9o YouTube o\u00f9 <a href=\"https:\/\/www.youtube.com\/watch?v=QBY-UJy_Uak\" target=\"_blank\" rel=\"noopener\"><strong>Frank explique en d\u00e9tail les plaques diamant\u00e9es Nagano<\/strong><\/a> .<\/p>\n<p>Enfin y Vous trouverez toutes nos <a href=\"https:\/\/ztsports.com\/product-category\/diamond-stones-2\/\"><strong>pierres \u00e0 aiguiser et \u00e0 \u00e9barber diamant\u00e9es<\/strong><\/a> ici.<\/p>\n","protected":false},"excerpt":{"rendered":"<p>Nagano Skate DIAMOND SHARPENING PLATE &#8211; 2 SIDES Les plaques de diamant Frank\u2019s Signature sont une r\u00e9volution dans le monde du patinage de vitesse. Fabriqu\u00e9es avec des feuilles de diamant exclusives \u00e0 Nagano Skate, elles sont ultras efficaces. Elles permettent un aiguisage de pr\u00e9cision d\u2019une qualit\u00e9 optimale avec des r\u00e9sultats constants. Diamant d\u2019une excellente durabilit\u00e9 [&hellip;]<\/p>\n","protected":false},"featured_media":18270,"comment_status":"open","ping_status":"closed","template":"","meta":{"_acf_changed":false,"_monsterinsights_skip_tracking":false,"_monsterinsights_sitenote_active":false,"_monsterinsights_sitenote_note":"","_monsterinsights_sitenote_category":0,"_uf_show_specific_survey":0,"_uf_disable_surveys":false,"site-sidebar-layout":"default","site-content-layout":"","ast-site-content-layout":"default","site-content-style":"default","site-sidebar-style":"default","ast-global-header-display":"","ast-banner-title-visibility":"","ast-main-header-display":"","ast-hfb-above-header-display":"","ast-hfb-below-header-display":"","ast-hfb-mobile-header-display":"","site-post-title":"","ast-breadcrumbs-content":"","ast-featured-img":"","footer-sml-layout":"","ast-disable-related-posts":"","theme-transparent-header-meta":"default","adv-header-id-meta":"","stick-header-meta":"","header-above-stick-meta":"","header-main-stick-meta":"","header-below-stick-meta":"","astra-migrate-meta-layouts":"set","ast-page-background-enabled":"default","ast-page-background-meta":{"desktop":{"background-color":"","background-image":"","background-repeat":"repeat","background-position":"center center","background-size":"auto","background-attachment":"scroll","background-type":"","background-media":"","overlay-type":"","overlay-color":"","overlay-opacity":"","overlay-gradient":""},"tablet":{"background-color":"","background-image":"","background-repeat":"repeat","background-position":"center center","background-size":"auto","background-attachment":"scroll","background-type":"","background-media":"","overlay-type":"","overlay-color":"","overlay-opacity":"","overlay-gradient":""},"mobile":{"background-color":"","background-image":"","background-repeat":"repeat","background-position":"center center","background-size":"auto","background-attachment":"scroll","background-type":"","background-media":"","overlay-type":"","overlay-color":"","overlay-opacity":"","overlay-gradient":""}},"ast-content-background-meta":{"desktop":{"background-color":"var(--ast-global-color-5)","background-image":"","background-repeat":"repeat","background-position":"center center","background-size":"auto","background-attachment":"scroll","background-type":"","background-media":"","overlay-type":"","overlay-color":"","overlay-opacity":"","overlay-gradient":""},"tablet":{"background-color":"var(--ast-global-color-5)","background-image":"","background-repeat":"repeat","background-position":"center center","background-size":"auto","background-attachment":"scroll","background-type":"","background-media":"","overlay-type":"","overlay-color":"","overlay-opacity":"","overlay-gradient":""},"mobile":{"background-color":"var(--ast-global-color-5)","background-image":"","background-repeat":"repeat","background-position":"center center","background-size":"auto","background-attachment":"scroll","background-type":"","background-media":"","overlay-type":"","overlay-color":"","overlay-opacity":"","overlay-gradient":""}}},"product_brand":[3326],"product_cat":[3455,3393,3470,3467,3468,3469,3873],"product_tag":[3471,3472,2501,3473],"class_list":{"0":"post-18982","1":"product","2":"type-product","3":"status-publish","4":"has-post-thumbnail","6":"product_brand-nagano","7":"product_cat-accessories","8":"product_cat-aiguisage","9":"product_cat-des-pierres","10":"product_cat-patinage-de-vitesse","11":"product_cat-pierres-a-aiguiser","12":"product_cat-pierres-de-diamant","14":"product_tag-diamant-a-2-faces","15":"product_tag-diamantspierre-a-aiguiser","16":"product_tag-nagano-skate-diamond","17":"product_tag-nagano-skate-plaque-de-polissage-diamantee-2-cotes","18":"desktop-align-left","19":"tablet-align-left","20":"mobile-align-left","22":"first","23":"instock","24":"taxable","25":"shipping-taxable","26":"purchasable","27":"product-type-simple"},"acf":[],"_links":{"self":[{"href":"https:\/\/ztsports.com\/fr\/wp-json\/wp\/v2\/product\/18982","targetHints":{"allow":["GET"]}}],"collection":[{"href":"https:\/\/ztsports.com\/fr\/wp-json\/wp\/v2\/product"}],"about":[{"href":"https:\/\/ztsports.com\/fr\/wp-json\/wp\/v2\/types\/product"}],"replies":[{"embeddable":true,"href":"https:\/\/ztsports.com\/fr\/wp-json\/wp\/v2\/comments?post=18982"}],"version-history":[{"count":1,"href":"https:\/\/ztsports.com\/fr\/wp-json\/wp\/v2\/product\/18982\/revisions"}],"predecessor-version":[{"id":18983,"href":"https:\/\/ztsports.com\/fr\/wp-json\/wp\/v2\/product\/18982\/revisions\/18983"}],"wp:featuredmedia":[{"embeddable":true,"href":"https:\/\/ztsports.com\/fr\/wp-json\/wp\/v2\/media\/18270"}],"wp:attachment":[{"href":"https:\/\/ztsports.com\/fr\/wp-json\/wp\/v2\/media?parent=18982"}],"wp:term":[{"taxonomy":"product_brand","embeddable":true,"href":"https:\/\/ztsports.com\/fr\/wp-json\/wp\/v2\/product_brand?post=18982"},{"taxonomy":"product_cat","embeddable":true,"href":"https:\/\/ztsports.com\/fr\/wp-json\/wp\/v2\/product_cat?post=18982"},{"taxonomy":"product_tag","embeddable":true,"href":"https:\/\/ztsports.com\/fr\/wp-json\/wp\/v2\/product_tag?post=18982"}],"curies":[{"name":"wp","href":"https:\/\/api.w.org\/{rel}","templated":true}]}}