{"id":18980,"date":"2021-09-23T03:06:20","date_gmt":"2021-09-23T03:06:20","guid":{"rendered":"https:\/\/ztsports.com\/?post_type=product&#038;p=18980"},"modified":"2026-02-02T19:45:40","modified_gmt":"2026-02-02T19:45:40","slug":"maple-nordic-clip-on","status":"publish","type":"product","link":"https:\/\/ztsports.com\/fr\/store\/maple-nordic-clip-on\/","title":{"rendered":"Lame \u00e0 clip en \u00e9rable nordique chrom\u00e9"},"content":{"rendered":"<h1>Lame \u00e0 clip en \u00e9rable nordique<\/h1>\n<p> La lame Maple Nordic Clip on Blade &#8211; CR a le m\u00eame patin chrom\u00e9 que la lame Maple Blizzards clap et a une duret\u00e9 de 56 \u00e0 58 HRC ainsi qu&#8217;une \u00e9paisseur de lame de 1,1 mm. De plus, l&#8217;aluminium est de la s\u00e9rie 7000. . Excellent clip sur patin pour les amateurs de glace naturelle. Le patin Multi Maple est la lame pour les longs patins sur la glace ext\u00e9rieure. Poids r\u00e9duit gr\u00e2ce \u00e0 la forme unique en T. De plus, sa pointe ronde permet de glisser facilement sur les fissures. En outre, la lame est livr\u00e9e avec les pointes arrondies, puis la lame est aff\u00fbt\u00e9e. Confortable, facile \u00e0 utiliser et rapide&#8230; Fixez les lames du Multi-Skate \u00e0 vos chaussures de ski de fond et allez sur la rivi\u00e8re ! Sans effort, vous parcourrez la distance en vous moquant des bosses, des crevasses et m\u00eame de la neige ! Pas besoin de s&#8217;asseoir pour attacher vos patins&#8230; Un clic et c&#8217;est parti ! Acier de la s\u00e9rie 7000 56 \u00e0 58 HRC 1,1 mm Le ch\u00e2ssis, hors liaison, a une hauteur de 41 mm. \u00e0 clip en \u00e9rable nordique Fixation vendue s\u00e9par\u00e9ment. Ensuite, finement une <a href=\"https:\/\/www.youtube.com\/watch?v=v3O9vNi-dkA\" target=\"_blank\" rel=\"noopener\"><strong>National Geographic d&#8217;un patineur nordique \u00e0 Stockholm, en Su\u00e8de.<\/strong><\/a> Enfin, vous pouvez voir toutes nos <a href=\"https:\/\/ztsports.com\/product-category\/buy-nordic-canal-skates-online-in-canada-ztsports-canal-skates\/bindings\/\"><strong>fixations nordiques<\/strong><\/a> ici.<\/p>\n","protected":false},"excerpt":{"rendered":"<p>Lame \u00e0 clip en \u00e9rable nordique La lame Maple Nordic Clip on Blade &#8211; CR a le m\u00eame patin chrom\u00e9 que la lame Maple Blizzards clap et a une duret\u00e9 de 56 \u00e0 58 HRC ainsi qu&#8217;une \u00e9paisseur de lame de 1,1 mm. De plus, l&#8217;aluminium est de la s\u00e9rie 7000. . Excellent clip sur [&hellip;]<\/p>\n","protected":false},"featured_media":18264,"comment_status":"open","ping_status":"closed","template":"","meta":{"_acf_changed":false,"_monsterinsights_skip_tracking":false,"_monsterinsights_sitenote_active":false,"_monsterinsights_sitenote_note":"","_monsterinsights_sitenote_category":0,"_uf_show_specific_survey":0,"_uf_disable_surveys":false,"site-sidebar-layout":"default","site-content-layout":"","ast-site-content-layout":"default","site-content-style":"default","site-sidebar-style":"default","ast-global-header-display":"","ast-banner-title-visibility":"","ast-main-header-display":"","ast-hfb-above-header-display":"","ast-hfb-below-header-display":"","ast-hfb-mobile-header-display":"","site-post-title":"","ast-breadcrumbs-content":"","ast-featured-img":"","footer-sml-layout":"","ast-disable-related-posts":"","theme-transparent-header-meta":"default","adv-header-id-meta":"","stick-header-meta":"","header-above-stick-meta":"","header-main-stick-meta":"","header-below-stick-meta":"","astra-migrate-meta-layouts":"set","ast-page-background-enabled":"default","ast-page-background-meta":{"desktop":{"background-color":"","background-image":"","background-repeat":"repeat","background-position":"center center","background-size":"auto","background-attachment":"scroll","background-type":"","background-media":"","overlay-type":"","overlay-color":"","overlay-opacity":"","overlay-gradient":""},"tablet":{"background-color":"","background-image":"","background-repeat":"repeat","background-position":"center center","background-size":"auto","background-attachment":"scroll","background-type":"","background-media":"","overlay-type":"","overlay-color":"","overlay-opacity":"","overlay-gradient":""},"mobile":{"background-color":"","background-image":"","background-repeat":"repeat","background-position":"center center","background-size":"auto","background-attachment":"scroll","background-type":"","background-media":"","overlay-type":"","overlay-color":"","overlay-opacity":"","overlay-gradient":""}},"ast-content-background-meta":{"desktop":{"background-color":"var(--ast-global-color-5)","background-image":"","background-repeat":"repeat","background-position":"center center","background-size":"auto","background-attachment":"scroll","background-type":"","background-media":"","overlay-type":"","overlay-color":"","overlay-opacity":"","overlay-gradient":""},"tablet":{"background-color":"var(--ast-global-color-5)","background-image":"","background-repeat":"repeat","background-position":"center center","background-size":"auto","background-attachment":"scroll","background-type":"","background-media":"","overlay-type":"","overlay-color":"","overlay-opacity":"","overlay-gradient":""},"mobile":{"background-color":"var(--ast-global-color-5)","background-image":"","background-repeat":"repeat","background-position":"center center","background-size":"auto","background-attachment":"scroll","background-type":"","background-media":"","overlay-type":"","overlay-color":"","overlay-opacity":"","overlay-gradient":""}}},"product_brand":[3334],"product_cat":[3454],"product_tag":[3462,3463,3464,3465,3466,1958],"class_list":{"0":"post-18980","1":"product","2":"type-product","3":"status-publish","4":"has-post-thumbnail","6":"product_brand-salomon","7":"product_cat-lames","8":"product_tag-lame-a-clipper","9":"product_tag-lame-de-canal","10":"product_tag-lame-de-patin-marathon","11":"product_tag-lame-de-riviere","12":"product_tag-lame-nordique","13":"product_tag-maple","14":"desktop-align-left","15":"tablet-align-left","16":"mobile-align-left","18":"first","19":"instock","20":"taxable","21":"shipping-taxable","22":"purchasable","23":"product-type-simple"},"acf":[],"_links":{"self":[{"href":"https:\/\/ztsports.com\/fr\/wp-json\/wp\/v2\/product\/18980","targetHints":{"allow":["GET"]}}],"collection":[{"href":"https:\/\/ztsports.com\/fr\/wp-json\/wp\/v2\/product"}],"about":[{"href":"https:\/\/ztsports.com\/fr\/wp-json\/wp\/v2\/types\/product"}],"replies":[{"embeddable":true,"href":"https:\/\/ztsports.com\/fr\/wp-json\/wp\/v2\/comments?post=18980"}],"version-history":[{"count":1,"href":"https:\/\/ztsports.com\/fr\/wp-json\/wp\/v2\/product\/18980\/revisions"}],"predecessor-version":[{"id":18981,"href":"https:\/\/ztsports.com\/fr\/wp-json\/wp\/v2\/product\/18980\/revisions\/18981"}],"wp:featuredmedia":[{"embeddable":true,"href":"https:\/\/ztsports.com\/fr\/wp-json\/wp\/v2\/media\/18264"}],"wp:attachment":[{"href":"https:\/\/ztsports.com\/fr\/wp-json\/wp\/v2\/media?parent=18980"}],"wp:term":[{"taxonomy":"product_brand","embeddable":true,"href":"https:\/\/ztsports.com\/fr\/wp-json\/wp\/v2\/product_brand?post=18980"},{"taxonomy":"product_cat","embeddable":true,"href":"https:\/\/ztsports.com\/fr\/wp-json\/wp\/v2\/product_cat?post=18980"},{"taxonomy":"product_tag","embeddable":true,"href":"https:\/\/ztsports.com\/fr\/wp-json\/wp\/v2\/product_tag?post=18980"}],"curies":[{"name":"wp","href":"https:\/\/api.w.org\/{rel}","templated":true}]}}