{"id":18978,"date":"2021-09-23T03:06:23","date_gmt":"2021-09-23T03:06:23","guid":{"rendered":"https:\/\/ztsports.com\/?post_type=product&#038;p=18978"},"modified":"2026-02-02T19:44:24","modified_gmt":"2026-02-02T19:44:24","slug":"fischer-control-step-in-ifp","status":"publish","type":"product","link":"https:\/\/ztsports.com\/fr\/store\/fischer-control-step-in-ifp\/","title":{"rendered":"Fixation Fischer Control Step-In IFP"},"content":{"rendered":"<p>Fischer Control Step-In IFP<\/p>\n<h4 class=\"product-section--headline\" role=\"button\" aria-label=\"3\">DESCRIPTION DU PRODUIT<\/h4>\n<div class=\"product-section--content\">La fixation Control Step-In IFP Touring de Fischer, avec son look sportif et \u00e9pur\u00e9, se caract\u00e9rise par la g\u00e9om\u00e9trie optimis\u00e9e de son m\u00e9canisme de r\u00e9glage, qui la rend particuli\u00e8rement conviviale. Les possibilit\u00e9s de r\u00e9glage individuel et sans outil en quelques secondes sont \u00e9galement au centre des pr\u00e9occupations, tout comme le confort de marche et la stabilit\u00e9.<\/div>\n<div class=\"product--description--additional\">\n<h4>EASY &#8211; utilisation facile<\/h4>\n<p>Les reliures se glissent rapidement sur la plaque sans l&#8217;aide d&#8217;outils. Lorsqu&#8217;il est temps de skier, le m\u00e9canisme Turn Lock peut \u00eatre actionn\u00e9 m\u00eame avec une main gant\u00e9e, ce qui rend l&#8217;entr\u00e9e et la sortie plus faciles que jamais.<\/p>\n<h4>TUNABLE &#8211; r\u00e9glage sans outil<\/h4>\n<p>La technique, la temp\u00e9rature et la composition de la neige ont une influence sur les performances du ski : Avec tous les mod\u00e8les TURNAMIC\u00ae, ce r\u00e9glage sans outil permet aux skieurs de mieux r\u00e9pondre \u00e0 leurs besoins individuels. En faisant glisser le syst\u00e8me vers l&#8217;avant, vous augmentez l&#8217;adh\u00e9rence, tandis qu&#8217;en le faisant glisser vers l&#8217;arri\u00e8re, vous am\u00e9liorez sensiblement la glisse.<\/p>\n<h4>DYNAMIC &#8211; la performance de ski parfaite de Fischer Control Step-In IFP<\/h4>\n<p>Gr\u00e2ce \u00e0 la configuration optimis\u00e9e des composants chaussure-fixation-plaque-ski, TURNAMIC\u00ae vous offre une performance de ski dynamique comme jamais auparavant. La technologie FLOWFLEX\u00ae permet au ski de fl\u00e9chir librement. Le skieur plus facile appr\u00e9cie un contr\u00f4le parfait.<\/p>\n<p>Voyez toutes nos fixations <a href=\"https:\/\/ztsports.com\/product-category\/buy-nordic-canal-skates-in-canada-zt-sports-clip-on-blades\/bindings\/\"><strong>Nordic Bindings ici.<\/strong><\/a><\/p>\n<\/div>\n","protected":false},"excerpt":{"rendered":"<p>Fischer Control Step-In IFP DESCRIPTION DU PRODUIT La fixation Control Step-In IFP Touring de Fischer, avec son look sportif et \u00e9pur\u00e9, se caract\u00e9rise par la g\u00e9om\u00e9trie optimis\u00e9e de son m\u00e9canisme de r\u00e9glage, qui la rend particuli\u00e8rement conviviale. Les possibilit\u00e9s de r\u00e9glage individuel et sans outil en quelques secondes sont \u00e9galement au centre des pr\u00e9occupations, tout [&hellip;]<\/p>\n","protected":false},"featured_media":18258,"comment_status":"open","ping_status":"closed","template":"","meta":{"_acf_changed":false,"_monsterinsights_skip_tracking":false,"_monsterinsights_sitenote_active":false,"_monsterinsights_sitenote_note":"","_monsterinsights_sitenote_category":0,"_uf_show_specific_survey":0,"_uf_disable_surveys":false,"site-sidebar-layout":"default","site-content-layout":"","ast-site-content-layout":"default","site-content-style":"default","site-sidebar-style":"default","ast-global-header-display":"","ast-banner-title-visibility":"","ast-main-header-display":"","ast-hfb-above-header-display":"","ast-hfb-below-header-display":"","ast-hfb-mobile-header-display":"","site-post-title":"","ast-breadcrumbs-content":"","ast-featured-img":"","footer-sml-layout":"","ast-disable-related-posts":"","theme-transparent-header-meta":"default","adv-header-id-meta":"","stick-header-meta":"","header-above-stick-meta":"","header-main-stick-meta":"","header-below-stick-meta":"","astra-migrate-meta-layouts":"set","ast-page-background-enabled":"default","ast-page-background-meta":{"desktop":{"background-color":"","background-image":"","background-repeat":"repeat","background-position":"center center","background-size":"auto","background-attachment":"scroll","background-type":"","background-media":"","overlay-type":"","overlay-color":"","overlay-opacity":"","overlay-gradient":""},"tablet":{"background-color":"","background-image":"","background-repeat":"repeat","background-position":"center center","background-size":"auto","background-attachment":"scroll","background-type":"","background-media":"","overlay-type":"","overlay-color":"","overlay-opacity":"","overlay-gradient":""},"mobile":{"background-color":"","background-image":"","background-repeat":"repeat","background-position":"center center","background-size":"auto","background-attachment":"scroll","background-type":"","background-media":"","overlay-type":"","overlay-color":"","overlay-opacity":"","overlay-gradient":""}},"ast-content-background-meta":{"desktop":{"background-color":"var(--ast-global-color-5)","background-image":"","background-repeat":"repeat","background-position":"center center","background-size":"auto","background-attachment":"scroll","background-type":"","background-media":"","overlay-type":"","overlay-color":"","overlay-opacity":"","overlay-gradient":""},"tablet":{"background-color":"var(--ast-global-color-5)","background-image":"","background-repeat":"repeat","background-position":"center center","background-size":"auto","background-attachment":"scroll","background-type":"","background-media":"","overlay-type":"","overlay-color":"","overlay-opacity":"","overlay-gradient":""},"mobile":{"background-color":"var(--ast-global-color-5)","background-image":"","background-repeat":"repeat","background-position":"center center","background-size":"auto","background-attachment":"scroll","background-type":"","background-media":"","overlay-type":"","overlay-color":"","overlay-opacity":"","overlay-gradient":""}}},"product_brand":[3299],"product_cat":[3455,3451,3454],"product_tag":[3459,2524,3460,3457,3461],"class_list":{"0":"post-18978","1":"product","2":"type-product","3":"status-publish","4":"has-post-thumbnail","6":"product_brand-fischer","7":"product_cat-accessories","8":"product_cat-fixations","9":"product_cat-lames","10":"product_tag-controle-step-in-ifp","11":"product_tag-fischer","12":"product_tag-fixation-pour-le-ski-de-fond","13":"product_tag-fixations-nordiques","14":"product_tag-liaisons","15":"desktop-align-left","16":"tablet-align-left","17":"mobile-align-left","19":"first","20":"instock","21":"taxable","22":"shipping-taxable","23":"purchasable","24":"product-type-simple"},"acf":[],"_links":{"self":[{"href":"https:\/\/ztsports.com\/fr\/wp-json\/wp\/v2\/product\/18978","targetHints":{"allow":["GET"]}}],"collection":[{"href":"https:\/\/ztsports.com\/fr\/wp-json\/wp\/v2\/product"}],"about":[{"href":"https:\/\/ztsports.com\/fr\/wp-json\/wp\/v2\/types\/product"}],"replies":[{"embeddable":true,"href":"https:\/\/ztsports.com\/fr\/wp-json\/wp\/v2\/comments?post=18978"}],"version-history":[{"count":1,"href":"https:\/\/ztsports.com\/fr\/wp-json\/wp\/v2\/product\/18978\/revisions"}],"predecessor-version":[{"id":18979,"href":"https:\/\/ztsports.com\/fr\/wp-json\/wp\/v2\/product\/18978\/revisions\/18979"}],"wp:featuredmedia":[{"embeddable":true,"href":"https:\/\/ztsports.com\/fr\/wp-json\/wp\/v2\/media\/18258"}],"wp:attachment":[{"href":"https:\/\/ztsports.com\/fr\/wp-json\/wp\/v2\/media?parent=18978"}],"wp:term":[{"taxonomy":"product_brand","embeddable":true,"href":"https:\/\/ztsports.com\/fr\/wp-json\/wp\/v2\/product_brand?post=18978"},{"taxonomy":"product_cat","embeddable":true,"href":"https:\/\/ztsports.com\/fr\/wp-json\/wp\/v2\/product_cat?post=18978"},{"taxonomy":"product_tag","embeddable":true,"href":"https:\/\/ztsports.com\/fr\/wp-json\/wp\/v2\/product_tag?post=18978"}],"curies":[{"name":"wp","href":"https:\/\/api.w.org\/{rel}","templated":true}]}}