{"id":18976,"date":"2021-09-23T03:06:21","date_gmt":"2021-09-23T03:06:21","guid":{"rendered":"https:\/\/ztsports.com\/?post_type=product&#038;p=18976"},"modified":"2026-02-02T19:44:36","modified_gmt":"2026-02-02T19:44:36","slug":"salomon-xc-bindings-prolink-auto","status":"publish","type":"product","link":"https:\/\/ztsports.com\/fr\/store\/salomon-xc-bindings-prolink-auto\/","title":{"rendered":"Salomon XC BINDINGS PROLINK AUTO"},"content":{"rendered":"<p>Salomon XC BINDINGS PROLINK AUTO<\/p>\n<p>Salomon XC BINDINGS PROLINK AUTO Fixations de ski de fond pour le ski classique. Il s&#8217;agit d&#8217;une fixation automatique qui vous permet de vous connecter et de vous d\u00e9connecter en utilisant le b\u00e2ton de ski pour pousser le bouton \u00e0 l&#8217;avant vers le bas pour le d\u00e9verrouillage.<\/p>\n<p>De cette fa\u00e7on, vous n&#8217;avez pas besoin de vous pencher pour la connexion et le d\u00e9verrouillage.<\/p>\n<p>Les fixations Salomon Prolink Auto Bindings sont parfaites pour le ski de loisir et s&#8217;adaptent aux chaussures Prolink, NNN et Turnamic (Fischer et Rossignol). Ne convient pas aux chaussures Salomon SNS.<\/p>\n<p>Enfin, voyez nos autres fixations pour les lames nordiques. <a href=\"https:\/\/ztsports.com\/product-category\/buy-nordic-canal-skates-online-in-canada-ztsports-canal-skates\/bindings\/\"><strong>fixations pour les lames nordiques<\/strong><\/a> ici.<\/p>\n","protected":false},"excerpt":{"rendered":"<p>Salomon XC BINDINGS PROLINK AUTO Salomon XC BINDINGS PROLINK AUTO Fixations de ski de fond pour le ski classique. Il s&#8217;agit d&#8217;une fixation automatique qui vous permet de vous connecter et de vous d\u00e9connecter en utilisant le b\u00e2ton de ski pour pousser le bouton \u00e0 l&#8217;avant vers le bas pour le d\u00e9verrouillage. De cette fa\u00e7on, [&hellip;]<\/p>\n","protected":false},"featured_media":18253,"comment_status":"open","ping_status":"closed","template":"","meta":{"_acf_changed":false,"_monsterinsights_skip_tracking":false,"_monsterinsights_sitenote_active":false,"_monsterinsights_sitenote_note":"","_monsterinsights_sitenote_category":0,"_uf_show_specific_survey":0,"_uf_disable_surveys":false,"site-sidebar-layout":"default","site-content-layout":"","ast-site-content-layout":"default","site-content-style":"default","site-sidebar-style":"default","ast-global-header-display":"","ast-banner-title-visibility":"","ast-main-header-display":"","ast-hfb-above-header-display":"","ast-hfb-below-header-display":"","ast-hfb-mobile-header-display":"","site-post-title":"","ast-breadcrumbs-content":"","ast-featured-img":"","footer-sml-layout":"","ast-disable-related-posts":"","theme-transparent-header-meta":"default","adv-header-id-meta":"","stick-header-meta":"","header-above-stick-meta":"","header-main-stick-meta":"","header-below-stick-meta":"","astra-migrate-meta-layouts":"set","ast-page-background-enabled":"default","ast-page-background-meta":{"desktop":{"background-color":"","background-image":"","background-repeat":"repeat","background-position":"center center","background-size":"auto","background-attachment":"scroll","background-type":"","background-media":"","overlay-type":"","overlay-color":"","overlay-opacity":"","overlay-gradient":""},"tablet":{"background-color":"","background-image":"","background-repeat":"repeat","background-position":"center center","background-size":"auto","background-attachment":"scroll","background-type":"","background-media":"","overlay-type":"","overlay-color":"","overlay-opacity":"","overlay-gradient":""},"mobile":{"background-color":"","background-image":"","background-repeat":"repeat","background-position":"center center","background-size":"auto","background-attachment":"scroll","background-type":"","background-media":"","overlay-type":"","overlay-color":"","overlay-opacity":"","overlay-gradient":""}},"ast-content-background-meta":{"desktop":{"background-color":"var(--ast-global-color-5)","background-image":"","background-repeat":"repeat","background-position":"center center","background-size":"auto","background-attachment":"scroll","background-type":"","background-media":"","overlay-type":"","overlay-color":"","overlay-opacity":"","overlay-gradient":""},"tablet":{"background-color":"var(--ast-global-color-5)","background-image":"","background-repeat":"repeat","background-position":"center center","background-size":"auto","background-attachment":"scroll","background-type":"","background-media":"","overlay-type":"","overlay-color":"","overlay-opacity":"","overlay-gradient":""},"mobile":{"background-color":"var(--ast-global-color-5)","background-image":"","background-repeat":"repeat","background-position":"center center","background-size":"auto","background-attachment":"scroll","background-type":"","background-media":"","overlay-type":"","overlay-color":"","overlay-opacity":"","overlay-gradient":""}}},"product_brand":[3334],"product_cat":[3455,3451,3454,3452,3453],"product_tag":[3456,3457,3458,2518,2519],"class_list":{"0":"post-18976","1":"product","2":"type-product","3":"status-publish","4":"has-post-thumbnail","6":"product_brand-salomon","7":"product_cat-accessories","8":"product_cat-fixations","9":"product_cat-lames","10":"product_cat-lames-a-clip","11":"product_cat-lames-de-canal","12":"product_tag-fixation-du-ski-de-fond","13":"product_tag-fixations-nordiques","14":"product_tag-fixations-salomon-xc","15":"product_tag-prolink-auto","16":"product_tag-salomon","17":"desktop-align-left","18":"tablet-align-left","19":"mobile-align-left","21":"first","22":"instock","23":"taxable","24":"shipping-taxable","25":"purchasable","26":"product-type-simple"},"acf":[],"_links":{"self":[{"href":"https:\/\/ztsports.com\/fr\/wp-json\/wp\/v2\/product\/18976","targetHints":{"allow":["GET"]}}],"collection":[{"href":"https:\/\/ztsports.com\/fr\/wp-json\/wp\/v2\/product"}],"about":[{"href":"https:\/\/ztsports.com\/fr\/wp-json\/wp\/v2\/types\/product"}],"replies":[{"embeddable":true,"href":"https:\/\/ztsports.com\/fr\/wp-json\/wp\/v2\/comments?post=18976"}],"version-history":[{"count":1,"href":"https:\/\/ztsports.com\/fr\/wp-json\/wp\/v2\/product\/18976\/revisions"}],"predecessor-version":[{"id":18977,"href":"https:\/\/ztsports.com\/fr\/wp-json\/wp\/v2\/product\/18976\/revisions\/18977"}],"wp:featuredmedia":[{"embeddable":true,"href":"https:\/\/ztsports.com\/fr\/wp-json\/wp\/v2\/media\/18253"}],"wp:attachment":[{"href":"https:\/\/ztsports.com\/fr\/wp-json\/wp\/v2\/media?parent=18976"}],"wp:term":[{"taxonomy":"product_brand","embeddable":true,"href":"https:\/\/ztsports.com\/fr\/wp-json\/wp\/v2\/product_brand?post=18976"},{"taxonomy":"product_cat","embeddable":true,"href":"https:\/\/ztsports.com\/fr\/wp-json\/wp\/v2\/product_cat?post=18976"},{"taxonomy":"product_tag","embeddable":true,"href":"https:\/\/ztsports.com\/fr\/wp-json\/wp\/v2\/product_tag?post=18976"}],"curies":[{"name":"wp","href":"https:\/\/api.w.org\/{rel}","templated":true}]}}