{"id":18974,"date":"2021-09-23T03:06:26","date_gmt":"2021-09-23T03:06:26","guid":{"rendered":"https:\/\/ztsports.com\/?post_type=product&#038;p=18974"},"modified":"2026-02-02T19:43:58","modified_gmt":"2026-02-02T19:43:58","slug":"125mm-inline-bearing-press","status":"publish","type":"product","link":"https:\/\/ztsports.com\/fr\/store\/125mm-inline-bearing-press\/","title":{"rendered":"125mm Inline Bearing Press"},"content":{"rendered":"<h1>125mm Inline Skate Wheel Bearing Press<\/h1>\n<p>125mm Inline Bearing Press,\u00a0Faire entrer et sortir des roulements de roues utilisant des moyeux en aluminium n&#8217;est pas facile, c&#8217;est pourquoi Bont a developp\u00ef\u00bf\u00bd une presse \u00ef\u00bf\u00bd roulements plus grande contue pour les roues de skate en ligne de 80 mm, 90 mm, 100 mm, 110 mm et 125 mm.<\/p>\n<p>Cette presse \u00ef\u00bf\u00bdroulement pour patins facilite l&#8217;insertion et le retrait des roulements 608 et 688 de votre roue de skate ou de scooter en ligne. Fabriqu\u00ef\u00bf\u00bde en aluminium 6061 et en acier, la presse \u00ef\u00bf\u00bd roulement de roue Bont 125 mm est robuste,\u00ef\u00bf\u00bdl\u00ef\u00bf\u00bdgante et portable.<\/p>\n<p>Cette presse \u00ef\u00bf\u00bd roulements peut \u00ef\u00bf\u00bdtre utilis\u00ef\u00bf\u00bde avec n&#8217;importe quelle marque de roues de skate en ligne, de roues de scooter ou de roues de quad roller skate, avec un diam\u00ef\u00bf\u00bdtre maximum de 125 mm.<\/p>\n<p>Le compagnon id\u00ef\u00bf\u00bdal pour toute configuration de maintenance de patins! Save time and effort by using this 125mm inline bearing press.<\/p>\n<p>Gagnez du temps et des efforts en utilisant cette presse \u00ef\u00bf\u00bd roulement de roue de patin en ligne de 125 mm. Si vous \u00ef\u00bf\u00bdtes un patineur en ligne qui change fr\u00ef\u00bf\u00bdquemment de roues en fonction d&#8217;une surface de patinage, des conditions m\u00ef\u00bf\u00bdt\u00ef\u00bf\u00bdorologiques, ou pr\u00ef\u00bf\u00bdf\u00ef\u00bf\u00bdrez simplement utiliser certaines roues pour diff\u00ef\u00bf\u00bdrentes situations? Ensuite, je recommande la presse \u00ef\u00bf\u00bdroulement de roue Bont 125mm Inline Bearing Press.<\/p>\n<p>Cette presse roulements en ligne peut pour les roues de scooter et les roues de patins roulettes. Une extr\u00e9mit\u00e9 sert \u00e0 presser les roulements dans les roues de <a href=\"https:\/\/ztsports.com\/produit\/bionic-abec-7-8mm-roulements-de-skate\/?lang=fr\">patins,<\/a> tandis que l&#8217;autre extr\u00e9mit\u00e9 permet de retirer facilement les roulements.<\/p>\n<p>Voir la <a href=\"https:\/\/www.youtube.com\/watch?v=p78vZmWWKVA&amp;list=TLGGDgLojD6oyUAyNzAzMjAyNA&amp;t=12s\" target=\"_blank\" rel=\"noopener\"><strong>presse \u00e0 palier de 125 mm en action<\/strong><\/a>.<\/p>\n","protected":false},"excerpt":{"rendered":"<p>125mm Inline Skate Wheel Bearing Press 125mm Inline Bearing Press,\u00a0Faire entrer et sortir des roulements de roues utilisant des moyeux en aluminium n&#8217;est pas facile, c&#8217;est pourquoi Bont a developp\u00ef\u00bf\u00bd une presse \u00ef\u00bf\u00bd roulements plus grande contue pour les roues de skate en ligne de 80 mm, 90 mm, 100 mm, 110 mm et 125 [&hellip;]<\/p>\n","protected":false},"featured_media":18246,"comment_status":"open","ping_status":"closed","template":"","meta":{"_acf_changed":false,"_monsterinsights_skip_tracking":false,"_monsterinsights_sitenote_active":false,"_monsterinsights_sitenote_note":"","_monsterinsights_sitenote_category":0,"_uf_show_specific_survey":0,"_uf_disable_surveys":false,"site-sidebar-layout":"default","site-content-layout":"","ast-site-content-layout":"default","site-content-style":"default","site-sidebar-style":"default","ast-global-header-display":"","ast-banner-title-visibility":"","ast-main-header-display":"","ast-hfb-above-header-display":"","ast-hfb-below-header-display":"","ast-hfb-mobile-header-display":"","site-post-title":"","ast-breadcrumbs-content":"","ast-featured-img":"","footer-sml-layout":"","ast-disable-related-posts":"","theme-transparent-header-meta":"default","adv-header-id-meta":"","stick-header-meta":"","header-above-stick-meta":"","header-main-stick-meta":"","header-below-stick-meta":"","astra-migrate-meta-layouts":"set","ast-page-background-enabled":"default","ast-page-background-meta":{"desktop":{"background-color":"","background-image":"","background-repeat":"repeat","background-position":"center center","background-size":"auto","background-attachment":"scroll","background-type":"","background-media":"","overlay-type":"","overlay-color":"","overlay-opacity":"","overlay-gradient":""},"tablet":{"background-color":"","background-image":"","background-repeat":"repeat","background-position":"center center","background-size":"auto","background-attachment":"scroll","background-type":"","background-media":"","overlay-type":"","overlay-color":"","overlay-opacity":"","overlay-gradient":""},"mobile":{"background-color":"","background-image":"","background-repeat":"repeat","background-position":"center center","background-size":"auto","background-attachment":"scroll","background-type":"","background-media":"","overlay-type":"","overlay-color":"","overlay-opacity":"","overlay-gradient":""}},"ast-content-background-meta":{"desktop":{"background-color":"var(--ast-global-color-5)","background-image":"","background-repeat":"repeat","background-position":"center center","background-size":"auto","background-attachment":"scroll","background-type":"","background-media":"","overlay-type":"","overlay-color":"","overlay-opacity":"","overlay-gradient":""},"tablet":{"background-color":"var(--ast-global-color-5)","background-image":"","background-repeat":"repeat","background-position":"center center","background-size":"auto","background-attachment":"scroll","background-type":"","background-media":"","overlay-type":"","overlay-color":"","overlay-opacity":"","overlay-gradient":""},"mobile":{"background-color":"var(--ast-global-color-5)","background-image":"","background-repeat":"repeat","background-position":"center center","background-size":"auto","background-attachment":"scroll","background-type":"","background-media":"","overlay-type":"","overlay-color":"","overlay-opacity":"","overlay-gradient":""}}},"product_brand":[3285],"product_cat":[3422,3433,3381,3429,3382,3407,3409],"product_tag":[2527,2530,3385,3446,3447,3448,3449],"class_list":{"0":"post-18974","1":"product","2":"type-product","3":"status-publish","4":"has-post-thumbnail","6":"product_brand-bont","7":"product_cat-accessoires","8":"product_cat-accessories","9":"product_cat-patinage-de-vitesse-en-ligne","10":"product_cat-pieces-et-outils","11":"product_cat-roues","12":"product_cat-roulements","13":"product_cat-roulements-et-outils","14":"product_tag-125mm-inline-skate-wheel-bearing-press","15":"product_tag-bont-bearing-press","16":"product_tag-en-ligne","17":"product_tag-presse-a-palier-125mm","18":"product_tag-presse-a-palier-quadruple","19":"product_tag-presse-a-roulements","20":"product_tag-presse-a-roulements-de-roue-en-ligne-125mm","21":"desktop-align-left","22":"tablet-align-left","23":"mobile-align-left","25":"first","26":"instock","27":"sale","28":"taxable","29":"shipping-taxable","30":"purchasable","31":"product-type-simple"},"acf":[],"_links":{"self":[{"href":"https:\/\/ztsports.com\/fr\/wp-json\/wp\/v2\/product\/18974","targetHints":{"allow":["GET"]}}],"collection":[{"href":"https:\/\/ztsports.com\/fr\/wp-json\/wp\/v2\/product"}],"about":[{"href":"https:\/\/ztsports.com\/fr\/wp-json\/wp\/v2\/types\/product"}],"replies":[{"embeddable":true,"href":"https:\/\/ztsports.com\/fr\/wp-json\/wp\/v2\/comments?post=18974"}],"version-history":[{"count":1,"href":"https:\/\/ztsports.com\/fr\/wp-json\/wp\/v2\/product\/18974\/revisions"}],"predecessor-version":[{"id":18975,"href":"https:\/\/ztsports.com\/fr\/wp-json\/wp\/v2\/product\/18974\/revisions\/18975"}],"wp:featuredmedia":[{"embeddable":true,"href":"https:\/\/ztsports.com\/fr\/wp-json\/wp\/v2\/media\/18246"}],"wp:attachment":[{"href":"https:\/\/ztsports.com\/fr\/wp-json\/wp\/v2\/media?parent=18974"}],"wp:term":[{"taxonomy":"product_brand","embeddable":true,"href":"https:\/\/ztsports.com\/fr\/wp-json\/wp\/v2\/product_brand?post=18974"},{"taxonomy":"product_cat","embeddable":true,"href":"https:\/\/ztsports.com\/fr\/wp-json\/wp\/v2\/product_cat?post=18974"},{"taxonomy":"product_tag","embeddable":true,"href":"https:\/\/ztsports.com\/fr\/wp-json\/wp\/v2\/product_tag?post=18974"}],"curies":[{"name":"wp","href":"https:\/\/api.w.org\/{rel}","templated":true}]}}