{"id":18972,"date":"2021-09-23T03:06:27","date_gmt":"2021-09-23T03:06:27","guid":{"rendered":"https:\/\/ztsports.com\/?post_type=product&#038;p=18972"},"modified":"2026-02-02T19:43:48","modified_gmt":"2026-02-02T19:43:48","slug":"blt-extracteur-de-roulements","status":"publish","type":"product","link":"https:\/\/ztsports.com\/fr\/store\/blt-extracteur-de-roulements\/","title":{"rendered":"BLT Extracteur de roulements Extracteur de roulements BLT fabriqu\u00e9 par MapleZ Nouveau"},"content":{"rendered":"<p>BLT Extracteur de roulements<\/p>\n<p>L&#8217;extracteur de roulements BLT fonctionne sur les moyeux \u00e0 roulements 608 compatibles avec les essieux \u00e0 entretoises flottantes. Le m\u00e9canisme permet un d\u00e9blocage rapide et facile sur le palier, sans probl\u00e8me et sans effort dans la vie quotidienne.<\/p>\n<p>L&#8217;outil de d\u00e9blocage des roulements BLT a \u00e9t\u00e9 con\u00e7u et mis au point par notre \u00e9quipe d&#8217;Amsterdam et fabriqu\u00e9 par notre expert en fabrication britannique. Il s&#8217;agit de s&#8217;assurer que le produit est parfait \u00e0 tous les \u00e9gards et qu&#8217;il constitue le meilleur outil de roulement sur le march\u00e9.<\/p>\n<p>PUIS EST APPARU UN OUTIL QUI A CHANG\u00c9 LA DONNE.<br \/>\nQUI VOUS APPORTERAIT UNE MEILLEURE VIE AUJOURD&#8217;HUI.<\/p>\n<p>Enfin, voyez l&#8217;<a href=\"https:\/\/www.youtube.com\/watch?v=c4O679etCto\" target=\"_blank\" rel=\"noopener\"><strong>extracteur de roulements MAPLEZ BLT en action<\/strong><\/a>.<\/p>\n<p>En outre, v\u00e9rifiez l&#8217;extracteur de roulements <a href=\"https:\/\/ztsports.com\/produit\/125mm-inline-bearing-press\/?lang=fr\"><strong>Bont Bearing puller and press<\/strong><\/a> ici.<\/p>\n","protected":false},"excerpt":{"rendered":"<p>BLT Extracteur de roulements L&#8217;extracteur de roulements BLT fonctionne sur les moyeux \u00e0 roulements 608 compatibles avec les essieux \u00e0 entretoises flottantes. Le m\u00e9canisme permet un d\u00e9blocage rapide et facile sur le palier, sans probl\u00e8me et sans effort dans la vie quotidienne. L&#8217;outil de d\u00e9blocage des roulements BLT a \u00e9t\u00e9 con\u00e7u et mis au point [&hellip;]<\/p>\n","protected":false},"featured_media":18238,"comment_status":"open","ping_status":"closed","template":"","meta":{"_acf_changed":false,"_monsterinsights_skip_tracking":false,"_monsterinsights_sitenote_active":false,"_monsterinsights_sitenote_note":"","_monsterinsights_sitenote_category":0,"_uf_show_specific_survey":0,"_uf_disable_surveys":false,"site-sidebar-layout":"default","site-content-layout":"","ast-site-content-layout":"default","site-content-style":"default","site-sidebar-style":"default","ast-global-header-display":"","ast-banner-title-visibility":"","ast-main-header-display":"","ast-hfb-above-header-display":"","ast-hfb-below-header-display":"","ast-hfb-mobile-header-display":"","site-post-title":"","ast-breadcrumbs-content":"","ast-featured-img":"","footer-sml-layout":"","ast-disable-related-posts":"","theme-transparent-header-meta":"default","adv-header-id-meta":"","stick-header-meta":"","header-above-stick-meta":"","header-main-stick-meta":"","header-below-stick-meta":"","astra-migrate-meta-layouts":"set","ast-page-background-enabled":"default","ast-page-background-meta":{"desktop":{"background-color":"","background-image":"","background-repeat":"repeat","background-position":"center center","background-size":"auto","background-attachment":"scroll","background-type":"","background-media":"","overlay-type":"","overlay-color":"","overlay-opacity":"","overlay-gradient":""},"tablet":{"background-color":"","background-image":"","background-repeat":"repeat","background-position":"center center","background-size":"auto","background-attachment":"scroll","background-type":"","background-media":"","overlay-type":"","overlay-color":"","overlay-opacity":"","overlay-gradient":""},"mobile":{"background-color":"","background-image":"","background-repeat":"repeat","background-position":"center center","background-size":"auto","background-attachment":"scroll","background-type":"","background-media":"","overlay-type":"","overlay-color":"","overlay-opacity":"","overlay-gradient":""}},"ast-content-background-meta":{"desktop":{"background-color":"var(--ast-global-color-5)","background-image":"","background-repeat":"repeat","background-position":"center center","background-size":"auto","background-attachment":"scroll","background-type":"","background-media":"","overlay-type":"","overlay-color":"","overlay-opacity":"","overlay-gradient":""},"tablet":{"background-color":"var(--ast-global-color-5)","background-image":"","background-repeat":"repeat","background-position":"center center","background-size":"auto","background-attachment":"scroll","background-type":"","background-media":"","overlay-type":"","overlay-color":"","overlay-opacity":"","overlay-gradient":""},"mobile":{"background-color":"var(--ast-global-color-5)","background-image":"","background-repeat":"repeat","background-position":"center center","background-size":"auto","background-attachment":"scroll","background-type":"","background-media":"","overlay-type":"","overlay-color":"","overlay-opacity":"","overlay-gradient":""}}},"product_brand":[3318,3319],"product_cat":[3422,3433,3402,3381,3408,3429,3409],"product_tag":[3441,3442,3443,3444,3445,2537],"class_list":{"0":"post-18972","1":"product","2":"type-product","3":"status-publish","4":"has-post-thumbnail","6":"product_brand-maple","7":"product_brand-maplez","8":"product_cat-accessoires","9":"product_cat-accessories","10":"product_cat-en-ligne","11":"product_cat-patinage-de-vitesse-en-ligne","12":"product_cat-patins-a-roulettes","13":"product_cat-pieces-et-outils","14":"product_cat-roulements-et-outils","15":"product_tag-blt-extracteur-de-roulements","16":"product_tag-extracteur-de-palier","17":"product_tag-extracteur-de-roulements","18":"product_tag-extracteur-de-roulements-en-ligne","19":"product_tag-outil-de-patinage-pour-quad-en-ligne","20":"product_tag-skatetool","21":"desktop-align-left","22":"tablet-align-left","23":"mobile-align-left","25":"first","26":"instock","27":"taxable","28":"shipping-taxable","29":"purchasable","30":"product-type-simple"},"acf":[],"_links":{"self":[{"href":"https:\/\/ztsports.com\/fr\/wp-json\/wp\/v2\/product\/18972","targetHints":{"allow":["GET"]}}],"collection":[{"href":"https:\/\/ztsports.com\/fr\/wp-json\/wp\/v2\/product"}],"about":[{"href":"https:\/\/ztsports.com\/fr\/wp-json\/wp\/v2\/types\/product"}],"replies":[{"embeddable":true,"href":"https:\/\/ztsports.com\/fr\/wp-json\/wp\/v2\/comments?post=18972"}],"version-history":[{"count":1,"href":"https:\/\/ztsports.com\/fr\/wp-json\/wp\/v2\/product\/18972\/revisions"}],"predecessor-version":[{"id":18973,"href":"https:\/\/ztsports.com\/fr\/wp-json\/wp\/v2\/product\/18972\/revisions\/18973"}],"wp:featuredmedia":[{"embeddable":true,"href":"https:\/\/ztsports.com\/fr\/wp-json\/wp\/v2\/media\/18238"}],"wp:attachment":[{"href":"https:\/\/ztsports.com\/fr\/wp-json\/wp\/v2\/media?parent=18972"}],"wp:term":[{"taxonomy":"product_brand","embeddable":true,"href":"https:\/\/ztsports.com\/fr\/wp-json\/wp\/v2\/product_brand?post=18972"},{"taxonomy":"product_cat","embeddable":true,"href":"https:\/\/ztsports.com\/fr\/wp-json\/wp\/v2\/product_cat?post=18972"},{"taxonomy":"product_tag","embeddable":true,"href":"https:\/\/ztsports.com\/fr\/wp-json\/wp\/v2\/product_tag?post=18972"}],"curies":[{"name":"wp","href":"https:\/\/api.w.org\/{rel}","templated":true}]}}