{"id":18970,"date":"2021-09-23T03:06:27","date_gmt":"2021-09-23T03:06:27","guid":{"rendered":"https:\/\/ztsports.com\/?post_type=product&#038;p=18970"},"modified":"2026-02-02T19:43:37","modified_gmt":"2026-02-02T19:43:37","slug":"bagues-bont-abec-5","status":"publish","type":"product","link":"https:\/\/ztsports.com\/fr\/store\/bagues-bont-abec-5\/","title":{"rendered":"BAGUES BONT ABEC 5 Paquet de 16"},"content":{"rendered":"<pre id=\"tw-target-text\" class=\"tw-data-text tw-text-large tw-ta\" dir=\"ltr\" data-placeholder=\"Translation\" aria-label=\"Translated text\" data-ved=\"2ahUKEwjxw4C85c2HAxWrg4kEHXyqKJoQ3ewLegQIBxAU\"><span class=\"Y2IQFc\" lang=\"fr\">BAGUES BONT ABEC 5\r\nCherchez-vous \u00e0 acheter les roulements de patins \u00e0 roues align\u00e9es les plus rapides ? Le roulement de patin \u00e0 roues align\u00e9es Bont ABEC 5 a \u00e9t\u00e9 con\u00e7u pour les patineurs de vitesse en ligne d'\u00e9lite. Les doubles boucliers aident certainement \u00e0 emp\u00eacher la poussi\u00e8re et la salet\u00e9 d\u2019entrer. Avec une r\u00e9sistance au roulement exceptionnellement faible et pr\u00e9-lubrifi\u00e9 avec une huile de course l\u00e9g\u00e8re, vous \u00eates pr\u00eat pour la course d\u00e8s la sortie de la bo\u00eete !\r\n\r\nType de roulement : 608 8 mm\r\nDimension : noyau de 8 mm, diam\u00e8tre ext\u00e9rieur de 22 mm, largeur de 7 mm\r\nProtection : ZZ\r\nCage : SPCC 08F\r\nQualit\u00e9 : Acier \u00e0 roulements GCr15\r\nCompl\u00e9ment de balle : 7 pi\u00e8ces\r\nMat\u00e9riau de la balle : acier\r\n\r\nROULEMENTS BONT ABEC 5 Pack de 16 pi\u00e8ces.\r\n\r\nTous les roulements de patins Bont sont test\u00e9s par notre \u00e9quipe professionnelle de patinage en ligne.\r\n\r\nQue signifie la notation ABEC ? Pas beaucoup. Ce n'est en r\u00e9alit\u00e9 qu'un moyen pour vous de d\u00e9terminer quel roulement d'un fabricant est meilleur qu'un autre. Il n\u2019existe pas de classification officielle pour les roulements de patins.\r\n\r\nTous les roulements 608 ne sont pas identiques. Lorsque vous patinez, vous exercez une pression sur le roulement et il se d\u00e9forme, surtout si le roulement est fabriqu\u00e9 avec un acier de mauvaise qualit\u00e9.\r\n\r\nC'est pourquoi tous les roulements de rollers Bont sont fabriqu\u00e9s en acier de haute qualit\u00e9. Si un roulement de patin est fabriqu\u00e9 avec de mauvaises tol\u00e9rances, il ne roulera pas tr\u00e8s bien. De plus, si un roulement est rempli de graisse, il ne roulera pratiquement pas.\r\n\r\nC'est pourquoi tous les roulements Bont sont pr\u00e9-lubrifi\u00e9s avec de l'huile de course. Vos roulements de skate Bont sont pr\u00eats \u00e0 courir, d\u00e8s la sortie de la bo\u00eete. Pr\u00eater attention aux d\u00e9tails est ce qui fait des roulements pour patins \u00e0 roues align\u00e9es Bont les roulements les plus rapides en vente aujourd'hui.\r\n\r\nBAGUES BONT ABEC 5 de 16 pi\u00e8ces.\r\n\r\nRoulements de qualit\u00e9 Bont Abec 5. pack de 16 seulement.<\/span><\/pre>\n<p>BONT BEARINGS ABEC 5 Bont quality Bearings Abec 5. paquet de 16 uniquement.<\/p>\n<h3 class=\"entry-title\">Diff\u00e9rence entre <a href=\"https:\/\/learnanydifference.com\/difference-between-abec-5-and-abec-7-with-table\/\" target=\"_blank\" rel=\"noopener\">ABEC 5 et ABEC 7<\/a><\/h3>\n<p>Enfin, vous pouvez trouver et comparer tous nos <a href=\"https:\/\/ztsports.com\/product-category\/inline-speed-skating\/bearings\/\"><strong>roulements ici<\/strong><\/a>.<\/p>\n","protected":false},"excerpt":{"rendered":"<p>BAGUES BONT ABEC 5 Cherchez-vous \u00e0 acheter les roulements de patins \u00e0 roues align\u00e9es les plus rapides ? Le roulement de patin \u00e0 roues align\u00e9es Bont ABEC 5 a \u00e9t\u00e9 con\u00e7u pour les patineurs de vitesse en ligne d&#8217;\u00e9lite. Les doubles boucliers aident certainement \u00e0 emp\u00eacher la poussi\u00e8re et la salet\u00e9 d\u2019entrer. Avec une r\u00e9sistance [&hellip;]<\/p>\n","protected":false},"featured_media":18231,"comment_status":"open","ping_status":"closed","template":"","meta":{"_acf_changed":false,"_monsterinsights_skip_tracking":false,"_monsterinsights_sitenote_active":false,"_monsterinsights_sitenote_note":"","_monsterinsights_sitenote_category":0,"_uf_show_specific_survey":0,"_uf_disable_surveys":false,"site-sidebar-layout":"default","site-content-layout":"","ast-site-content-layout":"default","site-content-style":"default","site-sidebar-style":"default","ast-global-header-display":"","ast-banner-title-visibility":"","ast-main-header-display":"","ast-hfb-above-header-display":"","ast-hfb-below-header-display":"","ast-hfb-mobile-header-display":"","site-post-title":"","ast-breadcrumbs-content":"","ast-featured-img":"","footer-sml-layout":"","ast-disable-related-posts":"","theme-transparent-header-meta":"default","adv-header-id-meta":"","stick-header-meta":"","header-above-stick-meta":"","header-main-stick-meta":"","header-below-stick-meta":"","astra-migrate-meta-layouts":"set","ast-page-background-enabled":"default","ast-page-background-meta":{"desktop":{"background-color":"","background-image":"","background-repeat":"repeat","background-position":"center center","background-size":"auto","background-attachment":"scroll","background-type":"","background-media":"","overlay-type":"","overlay-color":"","overlay-opacity":"","overlay-gradient":""},"tablet":{"background-color":"","background-image":"","background-repeat":"repeat","background-position":"center center","background-size":"auto","background-attachment":"scroll","background-type":"","background-media":"","overlay-type":"","overlay-color":"","overlay-opacity":"","overlay-gradient":""},"mobile":{"background-color":"","background-image":"","background-repeat":"repeat","background-position":"center center","background-size":"auto","background-attachment":"scroll","background-type":"","background-media":"","overlay-type":"","overlay-color":"","overlay-opacity":"","overlay-gradient":""}},"ast-content-background-meta":{"desktop":{"background-color":"var(--ast-global-color-5)","background-image":"","background-repeat":"repeat","background-position":"center center","background-size":"auto","background-attachment":"scroll","background-type":"","background-media":"","overlay-type":"","overlay-color":"","overlay-opacity":"","overlay-gradient":""},"tablet":{"background-color":"var(--ast-global-color-5)","background-image":"","background-repeat":"repeat","background-position":"center center","background-size":"auto","background-attachment":"scroll","background-type":"","background-media":"","overlay-type":"","overlay-color":"","overlay-opacity":"","overlay-gradient":""},"mobile":{"background-color":"var(--ast-global-color-5)","background-image":"","background-repeat":"repeat","background-position":"center center","background-size":"auto","background-attachment":"scroll","background-type":"","background-media":"","overlay-type":"","overlay-color":"","overlay-opacity":"","overlay-gradient":""}}},"product_brand":[3285],"product_cat":[3407,3409],"product_tag":[],"class_list":{"0":"post-18970","1":"product","2":"type-product","3":"status-publish","4":"has-post-thumbnail","6":"product_brand-bont","7":"product_cat-roulements","8":"product_cat-roulements-et-outils","9":"desktop-align-left","10":"tablet-align-left","11":"mobile-align-left","13":"first","14":"instock","15":"taxable","16":"shipping-taxable","17":"purchasable","18":"product-type-simple"},"acf":[],"_links":{"self":[{"href":"https:\/\/ztsports.com\/fr\/wp-json\/wp\/v2\/product\/18970","targetHints":{"allow":["GET"]}}],"collection":[{"href":"https:\/\/ztsports.com\/fr\/wp-json\/wp\/v2\/product"}],"about":[{"href":"https:\/\/ztsports.com\/fr\/wp-json\/wp\/v2\/types\/product"}],"replies":[{"embeddable":true,"href":"https:\/\/ztsports.com\/fr\/wp-json\/wp\/v2\/comments?post=18970"}],"version-history":[{"count":1,"href":"https:\/\/ztsports.com\/fr\/wp-json\/wp\/v2\/product\/18970\/revisions"}],"predecessor-version":[{"id":18971,"href":"https:\/\/ztsports.com\/fr\/wp-json\/wp\/v2\/product\/18970\/revisions\/18971"}],"wp:featuredmedia":[{"embeddable":true,"href":"https:\/\/ztsports.com\/fr\/wp-json\/wp\/v2\/media\/18231"}],"wp:attachment":[{"href":"https:\/\/ztsports.com\/fr\/wp-json\/wp\/v2\/media?parent=18970"}],"wp:term":[{"taxonomy":"product_brand","embeddable":true,"href":"https:\/\/ztsports.com\/fr\/wp-json\/wp\/v2\/product_brand?post=18970"},{"taxonomy":"product_cat","embeddable":true,"href":"https:\/\/ztsports.com\/fr\/wp-json\/wp\/v2\/product_cat?post=18970"},{"taxonomy":"product_tag","embeddable":true,"href":"https:\/\/ztsports.com\/fr\/wp-json\/wp\/v2\/product_tag?post=18970"}],"curies":[{"name":"wp","href":"https:\/\/api.w.org\/{rel}","templated":true}]}}