{"id":18968,"date":"2021-09-23T03:06:56","date_gmt":"2021-09-23T03:06:56","guid":{"rendered":"https:\/\/ztsports.com\/?post_type=product&#038;p=18968"},"modified":"2026-02-02T19:43:25","modified_gmt":"2026-02-02T19:43:25","slug":"bont-608-palier-en-ligne-abec-7","status":"publish","type":"product","link":"https:\/\/ztsports.com\/fr\/store\/bont-608-palier-en-ligne-abec-7\/","title":{"rendered":"BONT 608 Palier en ligne Abec 7"},"content":{"rendered":"<h1>BONT 608 Palier en ligne Abec 7<\/h1>\n<h5 class=\"serp-title\"><\/h5>\n<p>BONT 608 Palier en ligne Abec 7, qui vous donne de la vitesse \u00e0 un prix abordable. Que demander de plus ? Bienvenue aux roulements de patinage de vitesse en ligne Bont ABEC-7. Avec leur cote ABEC 7, ces roulements sont plus qu&#8217;assez rapides pour vous permettre de naviguer en douceur \u00ef\u00bf\u00bd des vitesses tr\u00ef\u00bf\u00bds \u00ef\u00bf\u00bdlev\u00ef\u00bf\u00bdes.<\/p>\n<p>Fabriqu\u00e9 avec des doubles \u00e9crans qui emp\u00eachent la poussi\u00e8re et la salet\u00e9 de p\u00e9n\u00e9trer dans l&#8217;appareil. Ces roulements sont pr\u00e9-lubrifi\u00e9s avec de l&#8217;huile de course l\u00e9g\u00e8re, ce qui r\u00e9duit la r\u00e9sistance au roulement et vous permet d&#8217;atteindre une vitesse maximale.<\/p>\n<p>Le roulement de patin ABEC 7 de Bont a \u00e9t\u00e9 largement test\u00e9 sur des patineurs d&#8217;\u00e9lite de roller derby. Lorsque vous patinez sur les roulements de votre patin, en particulier sur les roues \u00e0 moyeu en plastique, les roulements peuvent se d\u00e9former, ce qui les ralentit. Heureusement, le roulement de patin \u00e0 roulettes ABEC7<\/p>\n<p>de Bont est fabriqu\u00e9 en acier haute r\u00e9sistance, ce qui minimise cet effet et maintient la forme du roulement aussi ronde que possible, ce qui r\u00e9duit la r\u00e9sistance au roulement \u00e0 grande vitesse.<\/p>\n<p>Les doubles flasques emp\u00eachent la poussi\u00e8re et la salet\u00e9 de p\u00e9n\u00e9trer dans le roulement. Avec une r\u00e9sistance au roulement exceptionnellement faible et une lubrification pr\u00e9alable avec une huile de course l\u00e9g\u00e8re, vous \u00eates pr\u00eat pour la comp\u00e9tition d\u00e8s la sortie de la bo\u00eete !<\/p>\n<ul>\n<li><strong>Type de roulement<\/strong>: 608 8mm<\/li>\n<li><strong>Dimension<\/strong>: \u00e2me de 8 mm, diam\u00e8tre ext\u00e9rieur de 22 mm, largeur de 7 mm<\/li>\n<li><strong>Protection :<\/strong> ZZ<\/li>\n<li><strong>Cage :<\/strong> SPCC 08F<\/li>\n<li><strong>Qualit\u00e9 :<\/strong> Acier \u00e0 roulements GCr15<\/li>\n<li><strong>Compl\u00e9ment de bille :<\/strong> 7 pi\u00e8ces<\/li>\n<li><strong>Mat\u00e9riau de la bille :<\/strong> Acier<\/li>\n<\/ul>\n<h5 class=\"serp-title\"><mark>BONT 608 Palier en ligne Abec 7<\/mark><\/h5>\n<h4>BONT 608 Palier en ligne Abec 7 Emballage de 16 pi\u00e8ces.<\/h4>\n<p>Vous cherchez \u00e0 acheter les meilleurs roulements pour patins \u00e0 roulettes du march\u00e9 ? Le roulement Bont ABEC 7 a des tol\u00e9rances plus serr\u00e9es que le roulement ABEC 5, ce qui en fait un roulement de patin \u00e0 roulettes l\u00e9g\u00e8rement plus rapide.<\/p>\n<p>La rapidit\u00e9 d&#8217;un roulement d\u00e9pend d&#8217;un certain nombre de facteurs, dont le mat\u00e9riau utilis\u00e9, la tol\u00e9rance entre la bille et la bague ext\u00e9rieure, la rondeur des billes et le lubrifiant utilis\u00e9. Comme ces roulements de patins \u00e0 roulettes ont \u00e9t\u00e9 con\u00e7us sp\u00e9cifiquement pour le patinage, nous avons pris tous ces facteurs en consid\u00e9ration lors de la conception de nos roulements de patins \u00e0 roulettes ABEC 7.<\/p>\n<p>Est-il pr\u00e9f\u00e9rable d&#8217;avoir plus ou moins de billes dans un roulement de patin ? Nos tests n&#8217;ont r\u00e9v\u00e9l\u00e9 aucune diff\u00e9rence. Un plus grand nombre de billes r\u00e9partit la charge mais entra\u00eene \u00e9galement une plus grande r\u00e9sistance au roulement. Le fait d&#8217;avoir 7 ou 9 billes ne semble pas avoir d&#8217;impact sur la vitesse que vous pouvez atteindre en patinant sur les roulements.<\/p>\n<h3>BONT 608 Palier en ligne Abec 7<\/h3>\n<p>Double protection contre la poussi\u00e8re et la salet\u00e9 Pr\u00e9-lubrifi\u00e9s avec de l&#8217;huile de course l\u00e9g\u00e8re Enfin, ils sont disponibles en pack de 16<\/p>\n<h3 class=\"entry-title\">Diff\u00e9rence entre <a href=\"https:\/\/learnanydifference.com\/difference-between-abec-5-and-abec-7-with-table\/\" target=\"_blank\" rel=\"noopener\">ABEC 5 et ABEC 7<\/a><\/h3>\n<p>En outre, nous disposons d&#8217;<a href=\"https:\/\/ztsports.com\/product-category\/inline-speed-skating\/bearings\/\">autres roulements<\/a> pr\u00e9sent\u00e9s ici.<\/p>\n","protected":false},"excerpt":{"rendered":"<p>BONT 608 Palier en ligne Abec 7 BONT 608 Palier en ligne Abec 7, qui vous donne de la vitesse \u00e0 un prix abordable. Que demander de plus ? Bienvenue aux roulements de patinage de vitesse en ligne Bont ABEC-7. Avec leur cote ABEC 7, ces roulements sont plus qu&#8217;assez rapides pour vous permettre de [&hellip;]<\/p>\n","protected":false},"featured_media":18224,"comment_status":"open","ping_status":"closed","template":"","meta":{"_acf_changed":false,"_monsterinsights_skip_tracking":false,"_monsterinsights_sitenote_active":false,"_monsterinsights_sitenote_note":"","_monsterinsights_sitenote_category":0,"_uf_show_specific_survey":0,"_uf_disable_surveys":false,"site-sidebar-layout":"default","site-content-layout":"","ast-site-content-layout":"default","site-content-style":"default","site-sidebar-style":"default","ast-global-header-display":"","ast-banner-title-visibility":"","ast-main-header-display":"","ast-hfb-above-header-display":"","ast-hfb-below-header-display":"","ast-hfb-mobile-header-display":"","site-post-title":"","ast-breadcrumbs-content":"","ast-featured-img":"","footer-sml-layout":"","ast-disable-related-posts":"","theme-transparent-header-meta":"default","adv-header-id-meta":"","stick-header-meta":"","header-above-stick-meta":"","header-main-stick-meta":"","header-below-stick-meta":"","astra-migrate-meta-layouts":"set","ast-page-background-enabled":"default","ast-page-background-meta":{"desktop":{"background-color":"","background-image":"","background-repeat":"repeat","background-position":"center center","background-size":"auto","background-attachment":"scroll","background-type":"","background-media":"","overlay-type":"","overlay-color":"","overlay-opacity":"","overlay-gradient":""},"tablet":{"background-color":"","background-image":"","background-repeat":"repeat","background-position":"center center","background-size":"auto","background-attachment":"scroll","background-type":"","background-media":"","overlay-type":"","overlay-color":"","overlay-opacity":"","overlay-gradient":""},"mobile":{"background-color":"","background-image":"","background-repeat":"repeat","background-position":"center center","background-size":"auto","background-attachment":"scroll","background-type":"","background-media":"","overlay-type":"","overlay-color":"","overlay-opacity":"","overlay-gradient":""}},"ast-content-background-meta":{"desktop":{"background-color":"var(--ast-global-color-5)","background-image":"","background-repeat":"repeat","background-position":"center center","background-size":"auto","background-attachment":"scroll","background-type":"","background-media":"","overlay-type":"","overlay-color":"","overlay-opacity":"","overlay-gradient":""},"tablet":{"background-color":"var(--ast-global-color-5)","background-image":"","background-repeat":"repeat","background-position":"center center","background-size":"auto","background-attachment":"scroll","background-type":"","background-media":"","overlay-type":"","overlay-color":"","overlay-opacity":"","overlay-gradient":""},"mobile":{"background-color":"var(--ast-global-color-5)","background-image":"","background-repeat":"repeat","background-position":"center center","background-size":"auto","background-attachment":"scroll","background-type":"","background-media":"","overlay-type":"","overlay-color":"","overlay-opacity":"","overlay-gradient":""}}},"product_brand":[3285],"product_cat":[3381,3408,3407,3409],"product_tag":[2540,2541,3415,3439,3440],"class_list":{"0":"post-18968","1":"product","2":"type-product","3":"status-publish","4":"has-post-thumbnail","6":"product_brand-bont","7":"product_cat-patinage-de-vitesse-en-ligne","8":"product_cat-patins-a-roulettes","9":"product_cat-roulements","10":"product_cat-roulements-et-outils","11":"product_tag-608-abec-7","12":"product_tag-bont-inline","13":"product_tag-palier-en-ligne","14":"product_tag-roulement-a-rouleaux","15":"product_tag-roulements-a-billes-en-ligne","16":"desktop-align-left","17":"tablet-align-left","18":"mobile-align-left","20":"first","21":"instock","22":"sale","23":"taxable","24":"shipping-taxable","25":"purchasable","26":"product-type-simple"},"acf":[],"_links":{"self":[{"href":"https:\/\/ztsports.com\/fr\/wp-json\/wp\/v2\/product\/18968","targetHints":{"allow":["GET"]}}],"collection":[{"href":"https:\/\/ztsports.com\/fr\/wp-json\/wp\/v2\/product"}],"about":[{"href":"https:\/\/ztsports.com\/fr\/wp-json\/wp\/v2\/types\/product"}],"replies":[{"embeddable":true,"href":"https:\/\/ztsports.com\/fr\/wp-json\/wp\/v2\/comments?post=18968"}],"version-history":[{"count":1,"href":"https:\/\/ztsports.com\/fr\/wp-json\/wp\/v2\/product\/18968\/revisions"}],"predecessor-version":[{"id":18969,"href":"https:\/\/ztsports.com\/fr\/wp-json\/wp\/v2\/product\/18968\/revisions\/18969"}],"wp:featuredmedia":[{"embeddable":true,"href":"https:\/\/ztsports.com\/fr\/wp-json\/wp\/v2\/media\/18224"}],"wp:attachment":[{"href":"https:\/\/ztsports.com\/fr\/wp-json\/wp\/v2\/media?parent=18968"}],"wp:term":[{"taxonomy":"product_brand","embeddable":true,"href":"https:\/\/ztsports.com\/fr\/wp-json\/wp\/v2\/product_brand?post=18968"},{"taxonomy":"product_cat","embeddable":true,"href":"https:\/\/ztsports.com\/fr\/wp-json\/wp\/v2\/product_cat?post=18968"},{"taxonomy":"product_tag","embeddable":true,"href":"https:\/\/ztsports.com\/fr\/wp-json\/wp\/v2\/product_tag?post=18968"}],"curies":[{"name":"wp","href":"https:\/\/api.w.org\/{rel}","templated":true}]}}